{"id":16704,"date":"2026-02-09T09:22:20","date_gmt":"2026-02-09T12:22:20","guid":{"rendered":"https:\/\/www.ufasta.edu.ar\/webinars\/?page_id=16704"},"modified":"2026-02-10T12:18:47","modified_gmt":"2026-02-10T15:18:47","slug":"masterclass-educacion","status":"publish","type":"page","link":"https:\/\/www.ufasta.edu.ar\/webinars\/masterclass-educacion\/","title":{"rendered":"Masterclass &#8211; Educaci\u00f3n"},"content":{"rendered":"\t\t<div data-elementor-type=\"wp-page\" data-elementor-id=\"16704\" class=\"elementor elementor-16704\" data-elementor-settings=\"[]\">\n\t\t\t\t\t\t<div class=\"elementor-inner\">\n\t\t\t\t\t\t\t<div class=\"elementor-section-wrap\">\n\t\t\t\t\t\t\t<section class=\"has_ma_el_bg_slider elementor-section elementor-top-section elementor-element elementor-element-4be9f2f elementor-section-stretched elementor-section-boxed elementor-section-height-default elementor-section-height-default\" data-id=\"4be9f2f\" data-element_type=\"section\" data-settings=\"{&quot;stretch_section&quot;:&quot;section-stretched&quot;,&quot;background_background&quot;:&quot;classic&quot;}\">\n\t\t\t\t\t\t<div class=\"elementor-container elementor-column-gap-default\">\n\t\t\t\t\t\t\t<div class=\"elementor-row\">\n\t\t\t\t\t<div class=\"has_ma_el_bg_slider elementor-column elementor-col-33 elementor-top-column elementor-element elementor-element-b9a3ec3\" data-id=\"b9a3ec3\" data-element_type=\"column\">\n\t\t\t<div class=\"elementor-column-wrap elementor-element-populated\">\n\t\t\t\t\t\t\t<div class=\"elementor-widget-wrap\">\n\t\t\t\t\t\t<div class=\"elementor-element elementor-element-8fac17f elementor-widget elementor-widget-shortcode\" data-id=\"8fac17f\" data-element_type=\"widget\" data-widget_type=\"shortcode.default\">\n\t\t\t\t<div class=\"elementor-widget-container\">\n\t\t\t\t\t<div class=\"elementor-shortcode\"><script>\ndocument.addEventListener('wpcf7mailsent', function(event) {\n  if (event.detail.contactFormId == '16710') {\n      window.location.href = 'https:\/\/www.ufasta.edu.ar\/webinars\/gracias-masterclass-educacion\/';\n  }\n}, false);\n<\/script>\n<\/div>\n\t\t\t\t<\/div>\n\t\t\t\t<\/div>\n\t\t\t\t\t\t<\/div>\n\t\t\t\t\t<\/div>\n\t\t<\/div>\n\t\t\t\t<div class=\"has_ma_el_bg_slider elementor-column elementor-col-33 elementor-top-column elementor-element elementor-element-8c5e3ef\" data-id=\"8c5e3ef\" data-element_type=\"column\">\n\t\t\t<div class=\"elementor-column-wrap elementor-element-populated\">\n\t\t\t\t\t\t\t<div class=\"elementor-widget-wrap\">\n\t\t\t\t\t\t<div class=\"elementor-element elementor-element-2f61256 elementor-widget elementor-widget-ma-contact-form-7\" data-id=\"2f61256\" data-element_type=\"widget\" data-widget_type=\"ma-contact-form-7.default\">\n\t\t\t\t<div class=\"elementor-widget-container\">\n\t\t\t\t\t\t\t<div class=\"master-addons-cf7 ma-cf ma-cf-1 master-addons-cf7-2f61256\">\n\t\t\t\t\t<div role=\"form\" class=\"wpcf7\" id=\"wpcf7-f16710-o1\" lang=\"es-ES\" dir=\"ltr\">\n<div class=\"screen-reader-response\"><\/div>\n<form action=\"\/webinars\/wp-json\/wp\/v2\/pages\/16704#wpcf7-f16710-o1\" method=\"post\" class=\"wpcf7-form\" novalidate=\"novalidate\">\n<div style=\"display: none;\">\n<input type=\"hidden\" name=\"_wpcf7\" value=\"16710\" \/>\n<input type=\"hidden\" name=\"_wpcf7_version\" value=\"5.1.1\" \/>\n<input type=\"hidden\" name=\"_wpcf7_locale\" value=\"es_ES\" \/>\n<input type=\"hidden\" name=\"_wpcf7_unit_tag\" value=\"wpcf7-f16710-o1\" \/>\n<input type=\"hidden\" name=\"_wpcf7_container_post\" value=\"0\" \/>\n<input type=\"hidden\" name=\"g-recaptcha-response\" value=\"\" \/>\n<\/div>\n<div class=\"uf-form\">\n<div class=\"uf-header\">\n    <img class=\"uf-logo\" src=\"https:\/\/www.ufasta.edu.ar\/webinars\/files\/2024\/10\/Logo-Ufasta2-01.png\" alt=\"UFASTA\" \/><\/p>\n<h2 class=\"uf-title\">Masterclass | De la Transmisi\u00f3n a la Transformaci\u00f3n<\/h2>\n<p class=\"uf-subtitle\">Jueves 26 de febrero 19.00 hs. | V\u00eda Zoom con inscripci\u00f3n previa<\/p>\n<\/p><\/div>\n<div class=\"columnas\">\n<div class=\"column\">\n      <label>Nombre<br \/>\n        <span class=\"wpcf7-form-control-wrap NOMBRE\"><input type=\"text\" name=\"NOMBRE\" value=\"\" size=\"40\" class=\"wpcf7-form-control wpcf7-text wpcf7-validates-as-required\" autocomplete=\"name\" aria-required=\"true\" aria-invalid=\"false\" \/><\/span><br \/>\n      <\/label>\n    <\/div>\n<div class=\"column\">\n      <label>Apellido<br \/>\n        <span class=\"wpcf7-form-control-wrap APELLIDO\"><input type=\"text\" name=\"APELLIDO\" value=\"\" size=\"40\" class=\"wpcf7-form-control wpcf7-text wpcf7-validates-as-required\" aria-required=\"true\" aria-invalid=\"false\" \/><\/span><br \/>\n      <\/label>\n    <\/div>\n<\/p><\/div>\n<div class=\"columnas columnas-3\">\n<div class=\"column\">\n      <label>DNI<br \/>\n        <span class=\"wpcf7-form-control-wrap DNI\"><input type=\"text\" name=\"DNI\" value=\"\" size=\"40\" class=\"wpcf7-form-control wpcf7-text wpcf7-validates-as-required\" aria-required=\"true\" aria-invalid=\"false\" \/><\/span><br \/>\n      <\/label>\n    <\/div>\n<div class=\"column\">\n      <label>Provincia<br \/>\n        <span class=\"wpcf7-form-control-wrap PROVINCIA\"><input type=\"text\" name=\"PROVINCIA\" value=\"\" size=\"40\" class=\"wpcf7-form-control wpcf7-text wpcf7-validates-as-required\" aria-required=\"true\" aria-invalid=\"false\" \/><\/span><br \/>\n      <\/label>\n    <\/div>\n<div class=\"column\">\n      <label>Localidad<br \/>\n        <span class=\"wpcf7-form-control-wrap LOCALIDAD\"><input type=\"text\" name=\"LOCALIDAD\" value=\"\" size=\"40\" class=\"wpcf7-form-control wpcf7-text wpcf7-validates-as-required\" aria-required=\"true\" aria-invalid=\"false\" \/><\/span><br \/>\n      <\/label>\n    <\/div>\n<\/p><\/div>\n<div class=\"columnas\">\n<div class=\"column\">\n      <label>Tel\u00e9fono<br \/>\n        <span class=\"wpcf7-form-control-wrap TELEFONO\"><input type=\"tel\" name=\"TELEFONO\" value=\"\" size=\"40\" class=\"wpcf7-form-control wpcf7-text wpcf7-tel wpcf7-validates-as-required wpcf7-validates-as-tel\" autocomplete=\"tel\" aria-required=\"true\" aria-invalid=\"false\" \/><\/span><br \/>\n      <\/label>\n    <\/div>\n<div class=\"column\">\n      <label>Email<br \/>\n        <span class=\"wpcf7-form-control-wrap EMAIL\"><input type=\"email\" name=\"EMAIL\" value=\"\" size=\"40\" class=\"wpcf7-form-control wpcf7-text wpcf7-email wpcf7-validates-as-required wpcf7-validates-as-email\" autocomplete=\"email\" aria-required=\"true\" aria-invalid=\"false\" \/><\/span><br \/>\n      <\/label>\n    <\/div>\n<\/p><\/div>\n<div class=\"uf-full\">\n    <label>Carrera en la que est\u00e1s interesado<br \/>\n      <span class=\"wpcf7-form-control-wrap CARRERAS\"><select name=\"CARRERAS\" class=\"wpcf7-form-control wpcf7-select wpcf7-validates-as-required\" aria-required=\"true\" aria-invalid=\"false\"><option value=\"\">---<\/option><option value=\"Contador P\u00fablico\">Contador P\u00fablico<\/option><option value=\"Licenciatura En Recursos Humanos\">Licenciatura En Recursos Humanos<\/option><option value=\"Licenciatura En Turismo\">Licenciatura En Turismo<\/option><option value=\"Licenciatura En Marketing\">Licenciatura En Marketing<\/option><option value=\"Tecnicatura Universitaria En Administraci\u00f3n De Pymes\">Tecnicatura Universitaria En Administraci\u00f3n De Pymes<\/option><option value=\"Licenciatura En Administraci\u00f3n De Empresas\">Licenciatura En Administraci\u00f3n De Empresas<\/option><option value=\"Tecnicatura En Higiene Y Seguridad En El Trabajo\">Tecnicatura En Higiene Y Seguridad En El Trabajo<\/option><option value=\"Licenciatura En Higiene Y Seguridad En El Trabajo\">Licenciatura En Higiene Y Seguridad En El Trabajo<\/option><option value=\"Martillero Y Corredor P\u00fablico\">Martillero Y Corredor P\u00fablico<\/option><option value=\"Abogacia\">Abogacia<\/option><option value=\"Licenciatura En Archivolog\u00eda\">Licenciatura En Archivolog\u00eda<\/option><option value=\"Licenciatura En Seguridad Ciudadana\">Licenciatura En Seguridad Ciudadana<\/option><option value=\"Licenciatura En Educaci\u00f3n F\u00edsica\">Licenciatura En Educaci\u00f3n F\u00edsica<\/option><option value=\"Licenciatura En Ingl\u00e9s\">Licenciatura En Ingl\u00e9s<\/option><option value=\"Licenciatura En Educaci\u00f3n\">Licenciatura En Educaci\u00f3n<\/option><option value=\"Licenciatura En Periodismo\">Licenciatura En Periodismo<\/option><option value=\"Licenciatura En Educaci\u00f3n Religiosa\">Licenciatura En Educaci\u00f3n Religiosa<\/option><option value=\"Licenciatura en Gesti\u00f3n del Talento Humano - Ciclo Complementario\">Licenciatura en Gesti\u00f3n del Talento Humano - Ciclo Complementario<\/option><option value=\"Licenciatura en Corretaje Inmobiliario - Ciclo Complementaci\u00f3n Curricular\">Licenciatura en Corretaje Inmobiliario - Ciclo Complementaci\u00f3n Curricular<\/option><option value=\"Licenciatura en Dise\u00f1o y Comunicaci\u00f3n Transmedia - Ciclo Complementario\">Licenciatura en Dise\u00f1o y Comunicaci\u00f3n Transmedia - Ciclo Complementario<\/option><option value=\"Tecnicatura en Seguridad Ciudadana\">Tecnicatura en Seguridad Ciudadana<\/option><option value=\"Licenciatura en Psicopedagog\u00eda\">Licenciatura en Psicopedagog\u00eda<\/option><option value=\"Licenciatura en Ciberseguridad\">Licenciatura en Ciberseguridad<\/option><option value=\"Licenciatura en Tecnolog\u00eda Educativa\">Licenciatura en Tecnolog\u00eda Educativa<\/option><option value=\"Tecnicatura Universitaria en Gastronom\u00eda\">Tecnicatura Universitaria en Gastronom\u00eda<\/option><option value=\"Licenciatura en Desarrollo de Negocios Digitales\">Licenciatura en Desarrollo de Negocios Digitales<\/option><option value=\"Licenciatura en Comunicaci\u00f3n Social\">Licenciatura en Comunicaci\u00f3n Social<\/option><option value=\"Tecnicatura Universitaria en Turismo\">Tecnicatura Universitaria en Turismo<\/option><option value=\"Tecnicatura Universitaria en Hoteler\u00eda\">Tecnicatura Universitaria en Hoteler\u00eda<\/option><option value=\"Licenciatura en Ingl\u00e9s\">Licenciatura en Ingl\u00e9s<\/option><option value=\"Licenciatura en Pedagog\u00eda de la Educaci\u00f3n Religiosa\">Licenciatura en Pedagog\u00eda de la Educaci\u00f3n Religiosa<\/option><option value=\"Tec. en Acompa\u00f1ante Terapeutico\">Tec. en Acompa\u00f1ante Terapeutico<\/option><option value=\"Tec. Universitaria en Gastronom\u00eda\">Tec. Universitaria en Gastronom\u00eda<\/option><option value=\"Lic. en Publicidad y Narrativas Transmedia\">Lic. en Publicidad y Narrativas Transmedia<\/option><option value=\"Lic. en Gesti\u00f3n de la Comunicaci\u00f3n Estr\u00e9gica\">Lic. en Gesti\u00f3n de la Comunicaci\u00f3n Estr\u00e9gica<\/option><option value=\"Especializaci\u00f3n en Ciencias Aplicadas al Rendimiento Motriz\">Especializaci\u00f3n en Ciencias Aplicadas al Rendimiento Motriz<\/option><option value=\"Maestr\u00eda en Tecnolog\u00edas digitales para la innovaci\u00f3n educativa\">Maestr\u00eda en Tecnolog\u00edas digitales para la innovaci\u00f3n educativa<\/option><option value=\"Maestr\u00eda en ciberseguridad e Inform\u00e1tica Forense\">Maestr\u00eda en ciberseguridad e Inform\u00e1tica Forense<\/option><option value=\"Especializaci\u00f3n en Inform\u00e1tica Forense\">Especializaci\u00f3n en Inform\u00e1tica Forense<\/option><\/select><\/span><br \/>\n    <\/label>\n  <\/div>\n<div class=\"boton-enviar\">\n    <input type=\"submit\" value=\"Enviar\" class=\"wpcf7-form-control wpcf7-submit\" \/>\n  <\/div>\n<\/div>\n<div class=\"wpcf7-response-output wpcf7-display-none\"><\/div><\/form><\/div>\t\t\t\t<\/div>\n\t\t<\/div>\n\t\t\t\t<\/div>\n\t\t\t\t<div class=\"elementor-element elementor-element-bfb40d0 elementor-widget elementor-widget-html\" data-id=\"bfb40d0\" data-element_type=\"widget\" data-widget_type=\"html.default\">\n\t\t\t\t<div class=\"elementor-widget-container\">\n\t\t\t<style>\r\n    .columnas {\r\n        display: flex;\r\n        justify-content: space-around;\r\n    }\r\n    \r\n    .column {\r\n        flex: 1;\r\n        margin-right: 10px;\r\n    }    \r\n    \r\n    .page-wrap\r\n    {\r\n\t\t\tpadding-top: 0 !important;\t\r\n\t\t}\r\n\t.elementor-182 .elementor-element.elementor-element-6f5c86d .master-addons-cf7 .wpcf7-form input[type=\"submit\"]\r\n\t{\r\n\t    border-radius: 13px;\r\n    padding: 7px 31px;\r\n\t}\r\n\t.wpcf7-form-control \r\n\t{\r\n\t        border-radius: 6px;\r\n\t}\r\n\t\r\n\t.ma-cf label\r\n\t{\r\n\t    font-weight: bold;\r\n\t}\r\n\t\r\n\t#wpcf7-f16485-p16480-o1 > form > p > label > span > select{\r\n\t    width: 100%;\r\n\t}\r\n\t.boton-enviar {\r\n\t    text-align: center;\r\n\t}\r\n\r\n@media (max-width: 768px) {\r\n    .wpcf7-form-control \r\n\t\t{\r\n\t\t\t    width: 100%;\r\n\t\t}\r\n\t.columnas {\r\n        display: block;\r\n        justify-content: space-around;\r\n    }\r\n}\r\n\r\n<\/style>\t\t<\/div>\n\t\t\t\t<\/div>\n\t\t\t\t\t\t<\/div>\n\t\t\t\t\t<\/div>\n\t\t<\/div>\n\t\t\t\t<div class=\"has_ma_el_bg_slider elementor-column elementor-col-33 elementor-top-column elementor-element elementor-element-36374b4\" data-id=\"36374b4\" data-element_type=\"column\">\n\t\t\t<div class=\"elementor-column-wrap\">\n\t\t\t\t\t\t\t<div class=\"elementor-widget-wrap\">\n\t\t\t\t\t\t\t\t<\/div>\n\t\t\t\t\t<\/div>\n\t\t<\/div>\n\t\t\t\t\t\t\t\t<\/div>\n\t\t\t\t\t<\/div>\n\t\t<\/section>\n\t\t\t\t\t\t<\/div>\n\t\t\t\t\t\t<\/div>\n\t\t\t\t\t<\/div>\n\t\t","protected":false},"excerpt":{"rendered":"<p>Masterclass | De la Transmisi\u00f3n a la Transformaci\u00f3n Jueves 26 de febrero 19.00 hs. | V\u00eda Zoom con inscripci\u00f3n previa Nombre Apellido DNI Provincia Localidad Tel\u00e9fono Email Carrera en la que est\u00e1s interesado &#8212;Contador P\u00fablicoLicenciatura En Recursos HumanosLicenciatura En TurismoLicenciatura En MarketingTecnicatura Universitaria En Administraci\u00f3n De PymesLicenciatura En Administraci\u00f3n De EmpresasTecnicatura En Higiene Y Seguridad [&hellip;]<\/p>\n","protected":false},"author":787,"featured_media":0,"parent":0,"menu_order":0,"comment_status":"closed","ping_status":"closed","template":"","meta":[],"_links":{"self":[{"href":"https:\/\/www.ufasta.edu.ar\/webinars\/wp-json\/wp\/v2\/pages\/16704"}],"collection":[{"href":"https:\/\/www.ufasta.edu.ar\/webinars\/wp-json\/wp\/v2\/pages"}],"about":[{"href":"https:\/\/www.ufasta.edu.ar\/webinars\/wp-json\/wp\/v2\/types\/page"}],"author":[{"embeddable":true,"href":"https:\/\/www.ufasta.edu.ar\/webinars\/wp-json\/wp\/v2\/users\/787"}],"replies":[{"embeddable":true,"href":"https:\/\/www.ufasta.edu.ar\/webinars\/wp-json\/wp\/v2\/comments?post=16704"}],"version-history":[{"count":18,"href":"https:\/\/www.ufasta.edu.ar\/webinars\/wp-json\/wp\/v2\/pages\/16704\/revisions"}],"predecessor-version":[{"id":16761,"href":"https:\/\/www.ufasta.edu.ar\/webinars\/wp-json\/wp\/v2\/pages\/16704\/revisions\/16761"}],"wp:attachment":[{"href":"https:\/\/www.ufasta.edu.ar\/webinars\/wp-json\/wp\/v2\/media?parent=16704"}],"curies":[{"name":"wp","href":"https:\/\/api.w.org\/{rel}","templated":true}]}}