{"id":951,"date":"2016-11-10T01:24:49","date_gmt":"2016-11-10T01:24:49","guid":{"rendered":"http:\/\/www.ufasta.edu.ar\/observatorio\/?page_id=951"},"modified":"2016-11-14T18:45:56","modified_gmt":"2016-11-14T18:45:56","slug":"carta-del-rector","status":"publish","type":"page","link":"https:\/\/www.ufasta.edu.ar\/observatorio\/carta-del-rector\/","title":{"rendered":"Carta del Rector"},"content":{"rendered":"<blockquote>\n<p style=\"text-align: right\"><span style=\"color: #547feb\">\u201cLa misi\u00f3n fundamental de la<\/span><\/p>\n<p style=\"text-align: right\"><span style=\"color: #547feb\">Universidad es la constante b\u00fasqueda de<\/span><\/p>\n<p style=\"text-align: right\"><span style=\"color: #547feb\">La verdad mediante la investigaci\u00f3n, la<\/span><\/p>\n<p style=\"text-align: right\"><span style=\"color: #547feb\">Conservaci\u00f3n y la comunicaci\u00f3n del saber<\/span><\/p>\n<p style=\"text-align: right\"><span style=\"color: #547feb\">Para el bien de la sociedad\u201d<\/span><\/p>\n<p style=\"text-align: right\"><span style=\"color: #547feb\">Juan Pablo II<\/span><\/p>\n<p style=\"text-align: right\">\n<\/blockquote>\n<p>Una de las funciones sustantivas de la Universidad en la Investigaci\u00f3n, la cual tiende cada d\u00eda m\u00e1s a realizarse en el contexto de aplicaci\u00f3n, orientada a resolver los problemas y atender a las necesidades que el medio social requiere, aportando soluciones, innovaci\u00f3n e informaci\u00f3n para la toma de decisiones.<\/p>\n<p style=\"text-align: justify\">En este marco, la Universidad FASTA ha creado el OBSERVATORIO DE LA CIUDAD concebido como un espacio din\u00e1mico e interdisciplinario, que re\u00fane a un equipo destacado de investigadores dedicados a la obtenci\u00f3n de informaci\u00f3n relevante sobre distintos aspectos que hacen a la din\u00e1mica pol\u00edtica, social, econ\u00f3mica, cultural y, en general, a los diversos aspectos que hacen a la vida de la ciudad.<\/p>\n<p style=\"text-align: justify\">Dec\u00eda Leopoldo Marechal, que \u201cal recibir un nombre se recibe un destino\u201d. Por eso, al crear el Observatorio \u201cde la ciudad\u201d, se ha pensado especialmente en que preste servicios calificados a la ciudad de Mar del Plata y su \u00e1rea de influencia: al sector p\u00fablico, a las empresas de producci\u00f3n de bienes y servicios, al tercer sector, en fin, a todo demandante que requiera informaci\u00f3n calificada, objetiva y debidamente procesada como resultado del conjunto de saberes propios de las distintas disciplinas y profesiones que se cultivan y ense\u00f1an en la Universidad.<\/p>\n<p style=\"text-align: right\"><a href=\"https:\/\/www.ufasta.edu.ar\/observatorio\/files\/2016\/11\/Firma-Mena-en-blanco.jpg\"><img loading=\"lazy\" class=\"alignnone wp-image-1010 \" src=\"https:\/\/www.ufasta.edu.ar\/observatorio\/files\/2016\/11\/Firma-Mena-en-blanco-300x179.jpg\" alt=\"Firma Mena en blanco\" width=\"161\" height=\"96\" \/><\/a><\/p>\n<p style=\"text-align: right\">Juan Carlos Mena<\/p>\n<p style=\"text-align: right\">Rector<\/p>\n<p style=\"text-align: right\">Universidad FASTA<\/p>\n","protected":false},"excerpt":{"rendered":"<p>\n\u201cLa misi\u00f3n fundamental de la<br \/>\nUniversidad es la constante b\u00fasqueda de<br \/>\nLa verdad mediante <\/p>\n","protected":false},"author":91,"featured_media":0,"parent":0,"menu_order":0,"comment_status":"closed","ping_status":"closed","template":"","meta":{"wpupg_custom_link":[],"wpupg_custom_link_behaviour":[],"wpupg_custom_image":[],"wpupg_custom_image_id":[]},"rttpg_featured_image_url":null,"rttpg_author":{"display_name":"giselemorales","author_link":"https:\/\/www.ufasta.edu.ar\/observatorio\/author\/giselemorales\/"},"rttpg_comment":0,"rttpg_category":null,"rttpg_excerpt":"\u201cLa misi\u00f3n fundamental de la Universidad es la constante b\u00fasqueda de La verdad mediante","_links":{"self":[{"href":"https:\/\/www.ufasta.edu.ar\/observatorio\/wp-json\/wp\/v2\/pages\/951"}],"collection":[{"href":"https:\/\/www.ufasta.edu.ar\/observatorio\/wp-json\/wp\/v2\/pages"}],"about":[{"href":"https:\/\/www.ufasta.edu.ar\/observatorio\/wp-json\/wp\/v2\/types\/page"}],"author":[{"embeddable":true,"href":"https:\/\/www.ufasta.edu.ar\/observatorio\/wp-json\/wp\/v2\/users\/91"}],"replies":[{"embeddable":true,"href":"https:\/\/www.ufasta.edu.ar\/observatorio\/wp-json\/wp\/v2\/comments?post=951"}],"version-history":[{"count":7,"href":"https:\/\/www.ufasta.edu.ar\/observatorio\/wp-json\/wp\/v2\/pages\/951\/revisions"}],"predecessor-version":[{"id":1011,"href":"https:\/\/www.ufasta.edu.ar\/observatorio\/wp-json\/wp\/v2\/pages\/951\/revisions\/1011"}],"wp:attachment":[{"href":"https:\/\/www.ufasta.edu.ar\/observatorio\/wp-json\/wp\/v2\/media?parent=951"}],"curies":[{"name":"wp","href":"https:\/\/api.w.org\/{rel}","templated":true}]}}