{"id":899,"date":"2018-04-25T19:16:40","date_gmt":"2018-04-25T19:16:40","guid":{"rendered":"http:\/\/www.ufasta.edu.ar\/investigacion2\/?page_id=899"},"modified":"2019-12-19T13:52:35","modified_gmt":"2019-12-19T13:52:35","slug":"grupo-interdisciplinario-de-estudios-humanisticos-y-sociales","status":"publish","type":"page","link":"https:\/\/www.ufasta.edu.ar\/investigacion\/grupo-interdisciplinario-de-estudios-humanisticos-y-sociales\/","title":{"rendered":"Grupo Interdisciplinario de Estudios Human\u00edsticos y Sociales"},"content":{"rendered":"<p><img loading=\"lazy\" class=\"aligncenter\" src=\"https:\/\/www.ufasta.edu.ar\/investigacion2\/files\/2019\/07\/HUMANIDADES.png\" alt=\"\" width=\"400\" height=\"80\" \/><\/p>\n<blockquote><p><span style=\"font-family: tahoma, arial, helvetica, sans-serif\"><strong>Grupo Interdisciplinario de Estudios Human\u00edsticos y Sociales<\/strong><\/span><\/p><\/blockquote>\n<p><span style=\"font-family: tahoma, arial, helvetica, sans-serif\"><strong>Fecha de Inicio<\/strong>: Abril 2017<\/span><\/p>\n<blockquote><p><span style=\"font-family: tahoma, arial, helvetica, sans-serif\"><strong>Director<\/strong><\/span><\/p><\/blockquote>\n<p><span style=\"font-family: tahoma, arial, helvetica, sans-serif\">Pbro. Dr. RAMOS, Alejandro (<a href=\"mailto:aramos@ufasta.adu.ar\">aramos@ufasta.adu.ar)<\/a><\/span><\/p>\n<blockquote><p><span style=\"font-family: tahoma, arial, helvetica, sans-serif\"><strong>Listado de Investigadores<\/strong><\/span><\/p><\/blockquote>\n<ul>\n<li><span style=\"font-family: tahoma, arial, helvetica, sans-serif\">ANTOLIN, Juan Manuel<\/span><\/li>\n<li><span style=\"font-family: tahoma, arial, helvetica, sans-serif\">Esp. CALVO,\u00a0 Natalia<\/span><\/li>\n<li><span style=\"font-family: tahoma, arial, helvetica, sans-serif\">ZUCCONI, Yanina<\/span><\/li>\n<li><span style=\"font-family: tahoma, arial, helvetica, sans-serif\">LUCIFORA, Mar\u00eda Clara<\/span><\/li>\n<li><span style=\"font-family: tahoma, arial, helvetica, sans-serif\">MART\u00cdNEZ, Karina<\/span><\/li>\n<li><span style=\"font-family: tahoma, arial, helvetica, sans-serif\">Abog.\u00a0Prof. MAC NALLY, Ana Mar\u00eda<\/span><\/li>\n<li><span style=\"font-family: tahoma, arial, helvetica, sans-serif\">MARCANTONI, Mar\u00eda Beatriz (investigadora externa)<\/span><\/li>\n<li><span style=\"font-family: tahoma, arial, helvetica, sans-serif\">MURCIA, Mar\u00eda Laura (investigadora externa)<\/span><\/li>\n<li><span style=\"font-family: tahoma, arial, helvetica, sans-serif\">FEUILLADE, Milton (investigador externo)<\/span><\/li>\n<\/ul>\n<blockquote><p><span style=\"font-family: tahoma, arial, helvetica, sans-serif\"><strong>Objetivo<\/strong><\/span><\/p><\/blockquote>\n<p style=\"text-align: justify\"><span style=\"font-family: tahoma, arial, helvetica, sans-serif\">Analizar las ideas-fuerza de la cosmovisi\u00f3n posmoderna y sus fundamentos para poner de manifiesto los reduccionismos a los que ciertas ideolog\u00edas someten al hombre (y la consiguiente esclavitud espiritual, moral, psicol\u00f3gica y f\u00edsica), as\u00ed como las falsas verdades que pretenden imponer, reconociendo, a la vez, la parte de verdad con la que han contribuido al conocimiento. Por otro lado, es imprescindible analizar la compleja realidad humana y generar propuestas alternativas, desde una antropolog\u00eda cristiana integral, que satisfagan los profundos cuestionamientos existenciales de la posmodernidad y que enriquezcan la vida de nuestras sociedades y la vida de la Iglesia.<\/span><\/p>\n<blockquote><p><span style=\"font-family: tahoma, arial, helvetica, sans-serif\"><strong>Proyectos de investigaci\u00f3n actuales<\/strong><\/span><\/p><\/blockquote>\n<ul>\n<li><span style=\"font-family: tahoma, arial, helvetica, sans-serif\"><a href=\"https:\/\/www.ufasta.edu.ar\/investigacion2\/proyecto-la-construccion-de-saberes-pedagogicos-educacion-politicas-publicas-y-lenguaje-no-verbal\/\">Proyecto \u2013 La construcci\u00f3n de saberes pedag\u00f3gicos. Educaci\u00f3n, pol\u00edticas p\u00fablicas y lenguaje no verbal<\/a><\/span><\/li>\n<\/ul>\n","protected":false},"excerpt":{"rendered":"<p>Grupo Interdisciplinario de Estudios Human\u00edsticos y Sociales Fecha de Inicio: Abril 2017 Director Pbro. Dr. RAMOS, Alejandro (aramos@ufasta.adu.ar) Listado de Investigadores ANTOLIN, Juan Manuel Esp. CALVO,\u00a0 Natalia ZUCCONI, Yanina LUCIFORA, Mar\u00eda Clara MART\u00cdNEZ, Karina Abog.\u00a0Prof. MAC NALLY, Ana Mar\u00eda MARCANTONI, Mar\u00eda Beatriz (investigadora externa) MURCIA, Mar\u00eda Laura (investigadora externa) FEUILLADE, Milton (investigador externo) Objetivo Analizar [&hellip;]<\/p>\n","protected":false},"author":105,"featured_media":0,"parent":0,"menu_order":0,"comment_status":"closed","ping_status":"closed","template":"","meta":[],"_links":{"self":[{"href":"https:\/\/www.ufasta.edu.ar\/investigacion\/wp-json\/wp\/v2\/pages\/899"}],"collection":[{"href":"https:\/\/www.ufasta.edu.ar\/investigacion\/wp-json\/wp\/v2\/pages"}],"about":[{"href":"https:\/\/www.ufasta.edu.ar\/investigacion\/wp-json\/wp\/v2\/types\/page"}],"author":[{"embeddable":true,"href":"https:\/\/www.ufasta.edu.ar\/investigacion\/wp-json\/wp\/v2\/users\/105"}],"replies":[{"embeddable":true,"href":"https:\/\/www.ufasta.edu.ar\/investigacion\/wp-json\/wp\/v2\/comments?post=899"}],"version-history":[{"count":10,"href":"https:\/\/www.ufasta.edu.ar\/investigacion\/wp-json\/wp\/v2\/pages\/899\/revisions"}],"predecessor-version":[{"id":2611,"href":"https:\/\/www.ufasta.edu.ar\/investigacion\/wp-json\/wp\/v2\/pages\/899\/revisions\/2611"}],"wp:attachment":[{"href":"https:\/\/www.ufasta.edu.ar\/investigacion\/wp-json\/wp\/v2\/media?parent=899"}],"curies":[{"name":"wp","href":"https:\/\/api.w.org\/{rel}","templated":true}]}}