{"id":576,"date":"2017-12-06T21:02:49","date_gmt":"2017-12-06T21:02:49","guid":{"rendered":"http:\/\/www.ufasta.edu.ar\/investigacion2\/?page_id=576"},"modified":"2019-12-19T13:52:02","modified_gmt":"2019-12-19T13:52:02","slug":"ateneo-de-investigacion-2017-2","status":"publish","type":"page","link":"https:\/\/www.ufasta.edu.ar\/investigacion\/ateneo-de-investigacion-2017-2\/","title":{"rendered":"Ateneo de Investigaci\u00f3n 2017"},"content":{"rendered":"<p>[vc_row][vc_column][vc_column_text]El Ateneo es el espacio donde los investigadores de nuestra Universidad exponen los avances que han realizado en los diverso proyectos de investigaci\u00f3n que fueron seleccionados a partir del inter\u00e9s\u00a0para la comunidad acad\u00e9mica; es una actividad multidisciplinaria que fortalece v\u00ednculos\u00a0y proyecta nuevas l\u00edneas de investigaci\u00f3n.<\/p>\n<p>Es un espacio para la divulgaci\u00f3n cient\u00edfica de los Grupos y Proyectos de Investigaci\u00f3n que se realizan de manera sostenida en nuestra Universidad, donde investigadores, docentes y alumnos pueden intercambiar opiniones y vivencias<\/p>\n<ul>\n<li>Se realiz\u00f3 el d\u00eda viernes 1 de Diciembre en el Sal\u00f3n Malvinas Argentinas de nuestra Universidad, realizamos el Ateneo de Investigaci\u00f3n 2017. El evento fue organizado por nuestra Secretar\u00eda de Investigaci\u00f3n.<br \/>\nEn el evento contamos con la presentaci\u00f3n de 10 Proyectos de Investigaci\u00f3n, 4 Proyectos de Desarrollo tecnol\u00f3gico Social y\u00a01 Grupo de Estudio. (Ver\u00a0<a href=\"https:\/\/www.ufasta.edu.ar\/investigacion2\/files\/2017\/12\/Programa-para-Imprimir-ATENEO-de-INVESTIGACION-2017.pdf\">Programa<\/a>)<\/li>\n<li>Miembros de instituciones asociadas a los diversos grupos, quienes nos describieron su trabajo interinstitucional, Dr. Pablo Cistoldi, por la Fiscal\u00eda General, y la Dra. Norma Peralta, por el Instituto Nacional de Epidemiolog\u00eda<br \/>\nCompartimos experiencias de nuestros alumnos que participan en los proyectos de investigaci\u00f3n.<\/li>\n<li>Aproximadamente 70 investigadores compartieron de esta enriquecedora jornada.<br \/>\nComo cierre del evento de investigaci\u00f3n se realiz\u00f3 un Acto de Reconocimiento a investigadores que se han destacado en sus l\u00edneas de investigaci\u00f3n y su prolifera\u00a0producci\u00f3n y participaci\u00f3n en diversos proyectos, incentivando y promocionando esta actividad.<\/li>\n<\/ul>\n<p>&nbsp;[\/vc_column_text][\/vc_column][\/vc_row]<\/p>\n","protected":false},"excerpt":{"rendered":"<p>[vc_row][vc_column][vc_column_text]El Ateneo es el espacio donde los investigadores de nuestra Universidad exponen los avances que han realizado en los diverso proyectos de investigaci\u00f3n que fueron seleccionados a partir del inter\u00e9s\u00a0para la comunidad acad\u00e9mica; es una actividad multidisciplinaria que fortalece v\u00ednculos\u00a0y proyecta nuevas l\u00edneas de investigaci\u00f3n. Es un espacio para la divulgaci\u00f3n cient\u00edfica de los Grupos [&hellip;]<\/p>\n","protected":false},"author":105,"featured_media":0,"parent":0,"menu_order":0,"comment_status":"closed","ping_status":"closed","template":"","meta":[],"_links":{"self":[{"href":"https:\/\/www.ufasta.edu.ar\/investigacion\/wp-json\/wp\/v2\/pages\/576"}],"collection":[{"href":"https:\/\/www.ufasta.edu.ar\/investigacion\/wp-json\/wp\/v2\/pages"}],"about":[{"href":"https:\/\/www.ufasta.edu.ar\/investigacion\/wp-json\/wp\/v2\/types\/page"}],"author":[{"embeddable":true,"href":"https:\/\/www.ufasta.edu.ar\/investigacion\/wp-json\/wp\/v2\/users\/105"}],"replies":[{"embeddable":true,"href":"https:\/\/www.ufasta.edu.ar\/investigacion\/wp-json\/wp\/v2\/comments?post=576"}],"version-history":[{"count":4,"href":"https:\/\/www.ufasta.edu.ar\/investigacion\/wp-json\/wp\/v2\/pages\/576\/revisions"}],"predecessor-version":[{"id":619,"href":"https:\/\/www.ufasta.edu.ar\/investigacion\/wp-json\/wp\/v2\/pages\/576\/revisions\/619"}],"wp:attachment":[{"href":"https:\/\/www.ufasta.edu.ar\/investigacion\/wp-json\/wp\/v2\/media?parent=576"}],"curies":[{"name":"wp","href":"https:\/\/api.w.org\/{rel}","templated":true}]}}