{"id":5261,"date":"2022-09-29T10:37:28","date_gmt":"2022-09-29T10:37:28","guid":{"rendered":"https:\/\/www.ufasta.edu.ar\/investigacion2\/?page_id=5261"},"modified":"2024-04-16T13:33:01","modified_gmt":"2024-04-16T13:33:01","slug":"lineas-de-investigacion-2","status":"publish","type":"page","link":"https:\/\/www.ufasta.edu.ar\/investigacion\/lineas-de-investigacion-2\/","title":{"rendered":"L\u00edneas de Investigaci\u00f3n"},"content":{"rendered":"\t\t<div data-elementor-type=\"wp-page\" data-elementor-id=\"5261\" class=\"elementor elementor-5261\" data-elementor-settings=\"[]\">\n\t\t\t\t\t\t<div class=\"elementor-inner\">\n\t\t\t\t\t\t\t<div class=\"elementor-section-wrap\">\n\t\t\t\t\t\t\t<section class=\"has_ma_el_bg_slider elementor-section elementor-top-section elementor-element elementor-element-8f22b5f elementor-section-boxed elementor-section-height-default elementor-section-height-default wpr-particle-no wpr-jarallax-no wpr-parallax-no wpr-sticky-section-no\" data-id=\"8f22b5f\" data-element_type=\"section\">\n\t\t\t\t\t\t<div class=\"elementor-container elementor-column-gap-default\">\n\t\t\t\t\t\t\t<div class=\"elementor-row\">\n\t\t\t\t\t<div class=\"has_ma_el_bg_slider elementor-column elementor-col-100 elementor-top-column elementor-element elementor-element-34f8852\" data-id=\"34f8852\" data-element_type=\"column\">\n\t\t\t<div class=\"elementor-column-wrap elementor-element-populated\">\n\t\t\t\t\t\t\t<div class=\"elementor-widget-wrap\">\n\t\t\t\t\t\t<div class=\"elementor-element elementor-element-7b2ae78 elementor-widget elementor-widget-heading\" data-id=\"7b2ae78\" data-element_type=\"widget\" data-widget_type=\"heading.default\">\n\t\t\t\t<div class=\"elementor-widget-container\">\n\t\t\t<h3 class=\"elementor-heading-title elementor-size-default\">L\u00edneas de Investigaci\u00f3n<\/h3>\t\t<\/div>\n\t\t\t\t<\/div>\n\t\t\t\t<div class=\"elementor-element elementor-element-0aa0688 elementor-widget-divider--view-line elementor-widget elementor-widget-divider\" data-id=\"0aa0688\" data-element_type=\"widget\" data-widget_type=\"divider.default\">\n\t\t\t\t<div class=\"elementor-widget-container\">\n\t\t\t\t\t<div class=\"elementor-divider\">\n\t\t\t<span class=\"elementor-divider-separator\">\n\t\t\t\t\t\t<\/span>\n\t\t<\/div>\n\t\t\t\t<\/div>\n\t\t\t\t<\/div>\n\t\t\t\t\t\t<\/div>\n\t\t\t\t\t<\/div>\n\t\t<\/div>\n\t\t\t\t\t\t\t\t<\/div>\n\t\t\t\t\t<\/div>\n\t\t<\/section>\n\t\t\t\t<section class=\"has_ma_el_bg_slider elementor-section elementor-top-section elementor-element elementor-element-1f66e04 elementor-section-stretched elementor-section-boxed elementor-section-height-default elementor-section-height-default wpr-particle-no wpr-jarallax-no wpr-parallax-no wpr-sticky-section-no\" data-id=\"1f66e04\" data-element_type=\"section\" data-settings=\"{&quot;stretch_section&quot;:&quot;section-stretched&quot;}\">\n\t\t\t\t\t\t<div class=\"elementor-container elementor-column-gap-default\">\n\t\t\t\t\t\t\t<div class=\"elementor-row\">\n\t\t\t\t\t<div class=\"has_ma_el_bg_slider elementor-column elementor-col-100 elementor-top-column elementor-element elementor-element-a0b2171\" data-id=\"a0b2171\" data-element_type=\"column\">\n\t\t\t<div class=\"elementor-column-wrap elementor-element-populated\">\n\t\t\t\t\t\t\t<div class=\"elementor-widget-wrap\">\n\t\t\t\t\t\t<div class=\"elementor-element elementor-element-f117ba9 elementor-widget elementor-widget-text-editor\" data-id=\"f117ba9\" data-element_type=\"widget\" data-widget_type=\"text-editor.default\">\n\t\t\t\t<div class=\"elementor-widget-container\">\n\t\t\t\t\t\t\t\t<div class=\"elementor-text-editor elementor-clearfix\">\n\t\t\t\t<div id=\"1554409136369-1-uiGrid-000G-cell\" class=\"ui-grid-cell ng-scope ui-grid-coluiGrid-000G\" role=\"gridcell\"><p class=\"rtejustify\">Las\u00a0<strong>L\u00edneas de Investigaci\u00f3n\u00a0<\/strong>son enfoques intradisciplinarios que permiten englobar procesos, pr\u00e1cticas y perspectivas de an\u00e1lisis e investigaci\u00f3n en sus m\u00e1s amplias acepciones y potencialidades. Son el resultado de la vinculaci\u00f3n de \u00e1reas de inter\u00e9s que construyen a partir del trabajo de los investigadores en ejes tem\u00e1ticos y que poseen una perspectiva de trabajo unificada.<\/p><p>Las L\u00edneas de Investigaci\u00f3n son propuestas por las Unidades Acad\u00e9micas y aprobadas por el Consejo Superior de la Universidad FASTA, debiendo contemplar su mirada amplia del \u00e1rea y eje tem\u00e1tico, establecer la pertenencia a partir de la justificaci\u00f3n, viabilidad y factibilidad de aplicaci\u00f3n. Asimismo, son dirigidas por quien tenga mayor conocimiento en el \u00e1rea y desempe\u00f1e funciones de investigaci\u00f3n en alguna de las Unidades Acad\u00e9micas.\u00a0<\/p><\/div>\t\t\t\t\t<\/div>\n\t\t\t\t\t\t<\/div>\n\t\t\t\t<\/div>\n\t\t\t\t<section class=\"has_ma_el_bg_slider elementor-section elementor-inner-section elementor-element elementor-element-ef1af57 elementor-section-boxed elementor-section-height-default elementor-section-height-default wpr-particle-no wpr-jarallax-no wpr-parallax-no wpr-sticky-section-no\" data-id=\"ef1af57\" data-element_type=\"section\">\n\t\t\t\t\t\t<div class=\"elementor-container elementor-column-gap-default\">\n\t\t\t\t\t\t\t<div class=\"elementor-row\">\n\t\t\t\t\t<div class=\"has_ma_el_bg_slider elementor-column elementor-col-50 elementor-inner-column elementor-element elementor-element-98a8cb0\" data-id=\"98a8cb0\" data-element_type=\"column\">\n\t\t\t<div class=\"elementor-column-wrap elementor-element-populated\">\n\t\t\t\t\t\t\t<div class=\"elementor-widget-wrap\">\n\t\t\t\t\t\t<div class=\"elementor-element elementor-element-02b044e elementor-widget elementor-widget-text-editor\" data-id=\"02b044e\" data-element_type=\"widget\" data-widget_type=\"text-editor.default\">\n\t\t\t\t<div class=\"elementor-widget-container\">\n\t\t\t\t\t\t\t\t<div class=\"elementor-text-editor elementor-clearfix\">\n\t\t\t\t<ul><li><a href=\"https:\/\/www.ufasta.edu.ar\/investigacion\/linea-de-investigacion-bioetica\/\">L\u00ednea de Investigaci\u00f3n Bio\u00e9tica<\/a><\/li><li><a href=\"https:\/\/www.ufasta.edu.ar\/investigacion\/lineas-de-investigacion\/linea-de-investigacion-ciencias-forense\/\">L\u00ednea de Investigaci\u00f3n Ciencias Forenses <\/a><\/li><li><a href=\"https:\/\/www.ufasta.edu.ar\/investigacion\/linea-de-investigacion-comunicacion-de-la-ciencia-y-la-tecnologia\/\">L\u00ednea de Investigaci\u00f3n Comunicaci\u00f3n de la Ciencia y la Tecnolog\u00eda<\/a><\/li><li><a href=\"https:\/\/www.ufasta.edu.ar\/investigacion\/linea-de-investigacion-competencias-en-educacion-superior\/\">L\u00ednea de Investigaci\u00f3n Ciencias aplicadas a la Motricidad Humana y Rendimiento Motor<\/a><\/li><li><a href=\"https:\/\/www.ufasta.edu.ar\/investigacion\/linea-de-investigacion-derecho-al-consumidor\/\">L\u00ednea de Investigaci\u00f3n Derecho del Consumidor<\/a><\/li><li><a href=\"https:\/\/www.ufasta.edu.ar\/investigacion\/linea-de-investigacion-econosistemas\/\">L\u00ednea de Investigaci\u00f3n Ecosistemas<\/a><\/li><li><a href=\"https:\/\/www.ufasta.edu.ar\/investigacion\/linea-de-investigacion-educacion-y-convivencia-escolar\/\">L\u00ednea de Investigaci\u00f3n Educaci\u00f3n y Convivencia Escolar<\/a><\/li><li><a href=\"https:\/\/www.ufasta.edu.ar\/investigacion\/linea-de-investigacion-el-humanismo-cristiano-y-los-dilemas-de-la-sociedad-contemporanea\/\">L\u00ednea de Investigaci\u00f3n El Humanismo Cristiano y los Dilemas de la Sociedad Contempor\u00e1nea<\/a><\/li><\/ul><div id=\"tve_overlay_gnodhchlaaiappfkhkfgmplamlknomfo\" style=\"width: 100%;height: 100%;cursor: pointer\">\u00a0<\/div><div id=\"tve_overlay_gnodhchlaaiappfkhkfgmplamlknomfo\" style=\"width: 100%;height: 100%;cursor: pointer\">\u00a0<\/div>\t\t\t\t\t<\/div>\n\t\t\t\t\t\t<\/div>\n\t\t\t\t<\/div>\n\t\t\t\t\t\t<\/div>\n\t\t\t\t\t<\/div>\n\t\t<\/div>\n\t\t\t\t<div class=\"has_ma_el_bg_slider elementor-column elementor-col-50 elementor-inner-column elementor-element elementor-element-8bc1ba2\" data-id=\"8bc1ba2\" data-element_type=\"column\">\n\t\t\t<div class=\"elementor-column-wrap elementor-element-populated\">\n\t\t\t\t\t\t\t<div class=\"elementor-widget-wrap\">\n\t\t\t\t\t\t<div class=\"elementor-element elementor-element-a775605 elementor-widget elementor-widget-text-editor\" data-id=\"a775605\" data-element_type=\"widget\" data-widget_type=\"text-editor.default\">\n\t\t\t\t<div class=\"elementor-widget-container\">\n\t\t\t\t\t\t\t\t<div class=\"elementor-text-editor elementor-clearfix\">\n\t\t\t\t<ul><li><a href=\"https:\/\/www.ufasta.edu.ar\/investigacion\/linea-de-investigacion-gestion-y-desarrollo-organizacional\/\">L\u00ednea de Investigaci\u00f3n Gesti\u00f3n y Desarrollo Organizacional<\/a><\/li><li><a href=\"https:\/\/www.ufasta.edu.ar\/investigacion\/linea-de-investigacion-informatica-y-derecho\/\">L\u00ednea de Investigaci\u00f3n Inform\u00e1tica y Derecho <\/a><\/li><li><a href=\"https:\/\/www.ufasta.edu.ar\/investigacion\/linea-de-investigacion-integracion-de-los-saberes\/\">L\u00ednea de investigaci\u00f3n Integraci\u00f3n de los Saberes<\/a><\/li><li><a href=\"https:\/\/www.ufasta.edu.ar\/investigacion\/facultad-de-educaciones-y-facultad-de-ciencia-medicas\/\">L\u00ednea de Investigaci\u00f3n Innovaci\u00f3n Educativa<\/a><\/li><li><a href=\"https:\/\/www.ufasta.edu.ar\/investigacion\/linea-de-investigacion-organizacion-mercado-y-desarrollo-local\/\">L\u00ednea de Investigaci\u00f3n Organizaci\u00f3n, Mercado y Desarrollo Local<\/a><\/li><li><a href=\"https:\/\/www.ufasta.edu.ar\/investigacion\/linea-de-investigacion-promocion-de-la-salud\/\">L\u00ednea de Investigaci\u00f3n Promoci\u00f3n de la Salud<\/a><\/li><li><a href=\"https:\/\/www.ufasta.edu.ar\/investigacion\/linea-de-investigacion-recursos-hidricos\/\">L\u00ednea de Investigaci\u00f3n Recursos H\u00eddricos<\/a><\/li><li><a href=\"https:\/\/www.ufasta.edu.ar\/investigacion\/linea-de-investigacion-sistemas-embebido\/\">L\u00ednea de Investigaci\u00f3n Sistemas Embebidos<\/a><\/li><li><a href=\"https:\/\/www.ufasta.edu.ar\/investigacion\/2024\/04\/11\/ciudades-inteligentes\/?preview_id=10333&amp;preview_nonce=3da61a62b6&amp;preview=true\">L\u00ednea de investigaci\u00f3n Ciudades Inteligentes<\/a><\/li><\/ul><div id=\"tve_overlay_gnodhchlaaiappfkhkfgmplamlknomfo\" style=\"width: 100%;height: 100%;cursor: pointer\">\u00a0<\/div>\t\t\t\t\t<\/div>\n\t\t\t\t\t\t<\/div>\n\t\t\t\t<\/div>\n\t\t\t\t\t\t<\/div>\n\t\t\t\t\t<\/div>\n\t\t<\/div>\n\t\t\t\t\t\t\t\t<\/div>\n\t\t\t\t\t<\/div>\n\t\t<\/section>\n\t\t\t\t\t\t<\/div>\n\t\t\t\t\t<\/div>\n\t\t<\/div>\n\t\t\t\t\t\t\t\t<\/div>\n\t\t\t\t\t<\/div>\n\t\t<\/section>\n\t\t\t\t\t\t<\/div>\n\t\t\t\t\t\t<\/div>\n\t\t\t\t\t<\/div>\n\t\t","protected":false},"excerpt":{"rendered":"<p>L\u00edneas de Investigaci\u00f3n Las\u00a0L\u00edneas de Investigaci\u00f3n\u00a0son enfoques intradisciplinarios que permiten englobar procesos, pr\u00e1cticas y perspectivas de an\u00e1lisis e investigaci\u00f3n en sus m\u00e1s amplias acepciones y potencialidades. Son el resultado de la vinculaci\u00f3n de \u00e1reas de inter\u00e9s que construyen a partir del trabajo de los investigadores en ejes tem\u00e1ticos y que poseen una perspectiva de trabajo [&hellip;]<\/p>\n","protected":false},"author":114,"featured_media":0,"parent":0,"menu_order":0,"comment_status":"closed","ping_status":"closed","template":"","meta":[],"_links":{"self":[{"href":"https:\/\/www.ufasta.edu.ar\/investigacion\/wp-json\/wp\/v2\/pages\/5261"}],"collection":[{"href":"https:\/\/www.ufasta.edu.ar\/investigacion\/wp-json\/wp\/v2\/pages"}],"about":[{"href":"https:\/\/www.ufasta.edu.ar\/investigacion\/wp-json\/wp\/v2\/types\/page"}],"author":[{"embeddable":true,"href":"https:\/\/www.ufasta.edu.ar\/investigacion\/wp-json\/wp\/v2\/users\/114"}],"replies":[{"embeddable":true,"href":"https:\/\/www.ufasta.edu.ar\/investigacion\/wp-json\/wp\/v2\/comments?post=5261"}],"version-history":[{"count":25,"href":"https:\/\/www.ufasta.edu.ar\/investigacion\/wp-json\/wp\/v2\/pages\/5261\/revisions"}],"predecessor-version":[{"id":10366,"href":"https:\/\/www.ufasta.edu.ar\/investigacion\/wp-json\/wp\/v2\/pages\/5261\/revisions\/10366"}],"wp:attachment":[{"href":"https:\/\/www.ufasta.edu.ar\/investigacion\/wp-json\/wp\/v2\/media?parent=5261"}],"curies":[{"name":"wp","href":"https:\/\/api.w.org\/{rel}","templated":true}]}}