{"id":351,"date":"2017-11-06T19:38:40","date_gmt":"2017-11-06T19:38:40","guid":{"rendered":"http:\/\/www.ufasta.edu.ar\/investigacion2\/?page_id=351"},"modified":"2019-12-19T14:06:49","modified_gmt":"2019-12-19T14:06:49","slug":"proyecto-de-investigacion-la-reconfiguracion-del-estado-en-la-sociedad-en-red-acceso-a-la-informacion-en-argentina","status":"publish","type":"page","link":"https:\/\/www.ufasta.edu.ar\/investigacion\/proyecto-de-investigacion-la-reconfiguracion-del-estado-en-la-sociedad-en-red-acceso-a-la-informacion-en-argentina\/","title":{"rendered":"Proyecto de investigaci\u00f3n: &#8220;La reconfiguraci\u00f3n del Estado en la Sociedad en Red. Acceso a la Informaci\u00f3n en Argentina&#8221;"},"content":{"rendered":"<p><span style=\"font-family: tahoma, arial, helvetica, sans-serif\"><img loading=\"lazy\" src=\"https:\/\/www.ufasta.edu.ar\/investigacion2\/files\/2019\/07\/JURIDICAS.png\" alt=\"\" width=\"150\" height=\"37\" \/>\u00a0<img loading=\"lazy\" src=\"https:\/\/www.ufasta.edu.ar\/investigacion2\/files\/2019\/07\/INGENIERIA.png\" alt=\"\" width=\"150\" height=\"31\" \/><\/span><\/p>\n<blockquote><p><strong><span style=\"font-family: tahoma, arial, helvetica, sans-serif\">Proyecto<\/span><\/strong><\/p><\/blockquote>\n<p><strong><span style=\"font-family: tahoma, arial, helvetica, sans-serif\">La reconfiguraci\u00f3n del Estado en la Sociedad en Red. Acceso a la Informaci\u00f3n en Argentina<\/span><\/strong><\/p>\n<blockquote><p><strong><span style=\"font-family: tahoma, arial, helvetica, sans-serif\">\u00a0Director<\/span><\/strong><\/p><\/blockquote>\n<p><span style=\"font-family: tahoma, arial, helvetica, sans-serif\">Mg. Abog.\u00a0GIACCAGLIA, Mar\u00eda Fernanda<\/span><\/p>\n<blockquote><p><strong><span style=\"font-family: tahoma, arial, helvetica, sans-serif\">Investigadores<\/span><\/strong><\/p><\/blockquote>\n<ul>\n<li><span style=\"font-family: tahoma, arial, helvetica, sans-serif\">LUZ CLARA, Bibiana<\/span><\/li>\n<li><span style=\"font-family: tahoma, arial, helvetica, sans-serif\">RUFFA, Bel\u00e9n<\/span><\/li>\n<li><span style=\"font-family: tahoma, arial, helvetica, sans-serif\">D\u00b4ONOFRIO, Antonela<\/span><\/li>\n<li><span style=\"font-family: tahoma, arial, helvetica, sans-serif\">D\u00cdAZ, Romina<\/span><\/li>\n<li><span style=\"font-family: tahoma, arial, helvetica, sans-serif\">DI IORIO, Ana<\/span><\/li>\n<li><span style=\"font-family: tahoma, arial, helvetica, sans-serif\">URIARTE, Ver\u00f3nica<\/span><\/li>\n<\/ul>\n<blockquote><p><strong><span style=\"font-family: tahoma, arial, helvetica, sans-serif\">Objetivos<\/span><\/strong><\/p><\/blockquote>\n<p style=\"text-align: justify\"><span style=\"font-family: tahoma, arial, helvetica, sans-serif\">Analizar la influencia de las nuevas tecnolog\u00edas de la informaci\u00f3n y las comunicaciones en el acceso a la informaci\u00f3n p\u00fablica de los poderes del estado en la Argentina. Particularmente, en lo que hace al acceso a la informaci\u00f3n, analizando cu\u00e1les son los poderes m\u00e1s permeables al control social y la promoci\u00f3n de transparencia activa, en el \u00e1mbito nacional.<\/span><\/p>\n<blockquote><p><strong><span style=\"font-family: tahoma, arial, helvetica, sans-serif\">Objetivos Espec\u00edficos<\/span><\/strong><\/p><\/blockquote>\n<ul>\n<li style=\"margin: 0cm 0cm 0.0001pt;text-align: justify\"><span style=\"font-family: tahoma, arial, helvetica, sans-serif\">Estado del Arte: Revisar el material existente sobre el tema, con \u00e9nfasis en el papel desempe\u00f1ado por las Tecnolog\u00edas de la Informaci\u00f3n y las Comunicaciones en los procesos de democratizaci\u00f3n de los \u00f3rganos p\u00fablicos.<\/span><\/li>\n<li style=\"margin: 0cm 0cm 0.0001pt;text-align: justify\"><span style=\"font-family: tahoma, arial, helvetica, sans-serif\">Estudiar el marco normativo de Argentina para determinar las competencias y formas de organizaci\u00f3n de los poderes, estableciendo un cuadro comparativo.<\/span><\/li>\n<li style=\"margin: 0cm 0cm 0.0001pt;text-align: justify\"><span style=\"font-family: tahoma, arial, helvetica, sans-serif\">Investigar la existencia de Leyes de Acceso a la Informaci\u00f3n (o similares) en otros pa\u00edses y los proyectos de ley en Argentina para promover el acceso a la informaci\u00f3n y transparencia p\u00fablica.<\/span><\/li>\n<li style=\"margin: 0cm 0cm 0.0001pt;text-align: justify\"><span style=\"font-family: tahoma, arial, helvetica, sans-serif\">Analizar, en Argentina, los portales institucionales de los tres poderes para verificar si contemplan mecanismos que promuevan la transparencia p\u00fablica.<\/span><\/li>\n<li style=\"margin: 0cm 0cm 0.0001pt;text-align: justify\"><span style=\"font-family: tahoma, arial, helvetica, sans-serif\">Analizar comparativamente los datos obtenidos para determinar el \u201cmapa de transparencia\u201d en el Estado Nacional argentino.<\/span><\/li>\n<li style=\"margin: 0cm 0cm 0.0001pt;text-align: justify\"><span style=\"font-family: tahoma, arial, helvetica, sans-serif\">Producir conocimientos que contribuyan a la reflexi\u00f3n cr\u00edtica sobre la actuaci\u00f3n del Estado en la Sociedad en Red en la Argentina<\/span><\/li>\n<\/ul>\n<p style=\"text-align: justify\"><span style=\"font-family: tahoma, arial, helvetica, sans-serif\">Asimismo, en el plano institucional, este proyecto pretende estrechar v\u00ednculos cient\u00edfico-acad\u00e9micos entre la Universidad Federal de Santa Mar\u00eda y la Universidad FASTA y potenciar la capacidad investigativa del Grupo de Inform\u00e1tica y Derecho<\/span><\/p>\n<p><span style=\"font-family: tahoma, arial, helvetica, sans-serif\"><strong>Fecha de Inicio:<\/strong>\u00a001-09-16<\/span><\/p>\n<p><span style=\"font-family: tahoma, arial, helvetica, sans-serif\"><strong>Fecha de Finalizaci\u00f3n:<\/strong>\u00a031-01-18<\/span><\/p>\n","protected":false},"excerpt":{"rendered":"<p>\u00a0 Proyecto La reconfiguraci\u00f3n del Estado en la Sociedad en Red. Acceso a la Informaci\u00f3n en Argentina \u00a0Director Mg. Abog.\u00a0GIACCAGLIA, Mar\u00eda Fernanda Investigadores LUZ CLARA, Bibiana RUFFA, Bel\u00e9n D\u00b4ONOFRIO, Antonela D\u00cdAZ, Romina DI IORIO, Ana URIARTE, Ver\u00f3nica Objetivos Analizar la influencia de las nuevas tecnolog\u00edas de la informaci\u00f3n y las comunicaciones en el acceso a [&hellip;]<\/p>\n","protected":false},"author":105,"featured_media":0,"parent":0,"menu_order":0,"comment_status":"closed","ping_status":"closed","template":"","meta":[],"_links":{"self":[{"href":"https:\/\/www.ufasta.edu.ar\/investigacion\/wp-json\/wp\/v2\/pages\/351"}],"collection":[{"href":"https:\/\/www.ufasta.edu.ar\/investigacion\/wp-json\/wp\/v2\/pages"}],"about":[{"href":"https:\/\/www.ufasta.edu.ar\/investigacion\/wp-json\/wp\/v2\/types\/page"}],"author":[{"embeddable":true,"href":"https:\/\/www.ufasta.edu.ar\/investigacion\/wp-json\/wp\/v2\/users\/105"}],"replies":[{"embeddable":true,"href":"https:\/\/www.ufasta.edu.ar\/investigacion\/wp-json\/wp\/v2\/comments?post=351"}],"version-history":[{"count":7,"href":"https:\/\/www.ufasta.edu.ar\/investigacion\/wp-json\/wp\/v2\/pages\/351\/revisions"}],"predecessor-version":[{"id":2009,"href":"https:\/\/www.ufasta.edu.ar\/investigacion\/wp-json\/wp\/v2\/pages\/351\/revisions\/2009"}],"wp:attachment":[{"href":"https:\/\/www.ufasta.edu.ar\/investigacion\/wp-json\/wp\/v2\/media?parent=351"}],"curies":[{"name":"wp","href":"https:\/\/api.w.org\/{rel}","templated":true}]}}