{"id":242,"date":"2017-11-02T20:38:34","date_gmt":"2017-11-02T20:38:34","guid":{"rendered":"http:\/\/www.ufasta.edu.ar\/investigacion2\/?page_id=242"},"modified":"2019-12-19T14:06:49","modified_gmt":"2019-12-19T14:06:49","slug":"proyecto-de-investigacion-elaboracion-de-una-guia-integral-de-empleo-de-la-informatica-forense-en-el-proceso-penal-de-ecuador-y-desarrollo-del-software-de-soporte","status":"publish","type":"page","link":"https:\/\/www.ufasta.edu.ar\/investigacion\/proyecto-de-investigacion-elaboracion-de-una-guia-integral-de-empleo-de-la-informatica-forense-en-el-proceso-penal-de-ecuador-y-desarrollo-del-software-de-soporte\/","title":{"rendered":"Proyecto de investigaci\u00f3n: &#8220;Elaboraci\u00f3n de una Gu\u00eda Integral de Empleo de la Inform\u00e1tica Forense en el Proceso Penal de Ecuador y desarrollo del software de soporte&#8221;"},"content":{"rendered":"<p><span style=\"font-family: tahoma, arial, helvetica, sans-serif\"><img loading=\"lazy\" src=\"https:\/\/www.ufasta.edu.ar\/investigacion2\/files\/2019\/07\/JURIDICAS.png\" alt=\"\" width=\"150\" height=\"37\" \/>\u00a0<img loading=\"lazy\" src=\"https:\/\/www.ufasta.edu.ar\/investigacion2\/files\/2019\/07\/INGENIERIA.png\" alt=\"\" width=\"150\" height=\"31\" \/><\/span><\/p>\n<blockquote><p><strong><span style=\"font-family: tahoma, arial, helvetica, sans-serif\">Proyecto<\/span><\/strong><\/p><\/blockquote>\n<p style=\"text-align: justify\"><strong><span style=\"font-family: tahoma, arial, helvetica, sans-serif\">Elaboraci\u00f3n de una Gu\u00eda Integral de Empleo de la Inform\u00e1tica Forense en el Proceso Penal de Ecuador y desarrollo del software de soporte<\/span><\/strong><\/p>\n<p><span style=\"font-family: tahoma, arial, helvetica, sans-serif\">Se desarrolla en forma conjunta con la Universidad Aut\u00f3noma de los Andes de Ecuador \u2013 UNIANDES<\/span><\/p>\n<blockquote><p><strong><span style=\"font-family: tahoma, arial, helvetica, sans-serif\">Director<\/span><\/strong><\/p><\/blockquote>\n<p><span style=\"font-family: tahoma, arial, helvetica, sans-serif\">Esp. Ing. DI IORIO, Ana (<\/span><span style=\"font-family: tahoma, arial, helvetica, sans-serif\"><a href=\"mailto:diana@ufasta.edu.ar\">diana@ufasta.edu.ar)<\/a><\/span><\/p>\n<blockquote><p><strong><span style=\"font-family: tahoma, arial, helvetica, sans-serif\">Investigadores<\/span><\/strong><\/p><\/blockquote>\n<ul>\n<li><span style=\"font-family: tahoma, arial, helvetica, sans-serif\">CONSTANZO, Bruno<\/span><\/li>\n<li><span style=\"font-family: tahoma, arial, helvetica, sans-serif\">LAMPERTI, Sabrina<\/span><\/li>\n<\/ul>\n<blockquote><p><strong><span style=\"font-family: tahoma, arial, helvetica, sans-serif\">Objetivos<\/span><\/strong><\/p><\/blockquote>\n<p style=\"text-align: justify\"><span style=\"font-family: tahoma, arial, helvetica, sans-serif\">Desarrollo de una Gu\u00eda Integral de Empleo de la Inform\u00e1tica Forense en el Proceso Penal para ser adoptado y promovido por la Fiscal\u00eda General del Estado de Ecuador como est\u00e1ndar oficial de trabajo, en base a lo establecido por la Gu\u00eda Integral de Empleo de la Inform\u00e1tica Forense en el Proceso Penal (PAIF-PURI) desarrollada por el InFo-Lab, Laboratorio de Investigaci\u00f3n y Desarrollo de Tecnolog\u00eda en Inform\u00e1tica Forense de la UFASTA para la Provincia de Buenos Aires, Argentina.<\/span><\/p>\n<p><span style=\"font-family: tahoma, arial, helvetica, sans-serif\"><strong>Objetivos espec\u00edficos<\/strong>:<\/span><\/p>\n<ul>\n<li style=\"text-align: justify\"><span style=\"font-family: tahoma, arial, helvetica, sans-serif\">Estudio y An\u00e1lisis de la \u201cGu\u00eda Integral de Empleo de la Inform\u00e1tica Forense en el Proceso Penal\u201d (PAIF-PURI).<\/span><\/li>\n<li style=\"text-align: justify\"><span style=\"font-family: tahoma, arial, helvetica, sans-serif\">Desarrollo y adaptaci\u00f3n de PAIF-PURI al Proceso Penal de la Rep\u00fablica de Ecuador<\/span><\/li>\n<li style=\"text-align: justify\"><span style=\"font-family: tahoma, arial, helvetica, sans-serif\">Establecer los lineamientos para la creaci\u00f3n de un Laboratorio Pericial basado en el proyecto PAIFPURI en UNIANDES.<\/span><\/li>\n<li style=\"text-align: justify\"><span style=\"font-family: tahoma, arial, helvetica, sans-serif\">Desarrollo de un Software para la Gesti\u00f3n de PAIF-PURI en un Laboratorio Pericial en Inform\u00e1tica Forense que se ajuste a los requerimientos funcionales y t\u00e9cnicos del MP de la provincia de Bs. As. y de Ecuador.<\/span><\/li>\n<\/ul>\n<p><span style=\"font-family: tahoma, arial, helvetica, sans-serif\"><strong>Fecha de inicio:<\/strong> 2016<\/span><\/p>\n<p><span style=\"font-family: tahoma, arial, helvetica, sans-serif\"><strong>Fecha de finalizaci\u00f3n:<\/strong> 2018<\/span><\/p>\n","protected":false},"excerpt":{"rendered":"<p>\u00a0 Proyecto Elaboraci\u00f3n de una Gu\u00eda Integral de Empleo de la Inform\u00e1tica Forense en el Proceso Penal de Ecuador y desarrollo del software de soporte Se desarrolla en forma conjunta con la Universidad Aut\u00f3noma de los Andes de Ecuador \u2013 UNIANDES Director Esp. Ing. DI IORIO, Ana (diana@ufasta.edu.ar) Investigadores CONSTANZO, Bruno LAMPERTI, Sabrina Objetivos Desarrollo [&hellip;]<\/p>\n","protected":false},"author":105,"featured_media":0,"parent":0,"menu_order":0,"comment_status":"closed","ping_status":"closed","template":"","meta":[],"_links":{"self":[{"href":"https:\/\/www.ufasta.edu.ar\/investigacion\/wp-json\/wp\/v2\/pages\/242"}],"collection":[{"href":"https:\/\/www.ufasta.edu.ar\/investigacion\/wp-json\/wp\/v2\/pages"}],"about":[{"href":"https:\/\/www.ufasta.edu.ar\/investigacion\/wp-json\/wp\/v2\/types\/page"}],"author":[{"embeddable":true,"href":"https:\/\/www.ufasta.edu.ar\/investigacion\/wp-json\/wp\/v2\/users\/105"}],"replies":[{"embeddable":true,"href":"https:\/\/www.ufasta.edu.ar\/investigacion\/wp-json\/wp\/v2\/comments?post=242"}],"version-history":[{"count":7,"href":"https:\/\/www.ufasta.edu.ar\/investigacion\/wp-json\/wp\/v2\/pages\/242\/revisions"}],"predecessor-version":[{"id":2011,"href":"https:\/\/www.ufasta.edu.ar\/investigacion\/wp-json\/wp\/v2\/pages\/242\/revisions\/2011"}],"wp:attachment":[{"href":"https:\/\/www.ufasta.edu.ar\/investigacion\/wp-json\/wp\/v2\/media?parent=242"}],"curies":[{"name":"wp","href":"https:\/\/api.w.org\/{rel}","templated":true}]}}