{"id":2059,"date":"2019-08-06T19:52:18","date_gmt":"2019-08-06T19:52:18","guid":{"rendered":"https:\/\/www.ufasta.edu.ar\/investigacion2\/?page_id=2059"},"modified":"2019-12-19T14:06:17","modified_gmt":"2019-12-19T14:06:17","slug":"pdts-desarrollo-de-un-sistema-de-gestion-de-workflows-de-asistencia-a-la-investigacion-judicial-workflows-investiga-2","status":"publish","type":"page","link":"https:\/\/www.ufasta.edu.ar\/investigacion\/pdts-desarrollo-de-un-sistema-de-gestion-de-workflows-de-asistencia-a-la-investigacion-judicial-workflows-investiga-2\/","title":{"rendered":"PDTS &#8211; Desarrollo de un sistema de gesti\u00f3n de workflows de asistencia a la investigaci\u00f3n judicial &#8211; WORKFLOWS INVESTIGA"},"content":{"rendered":"<p><span style=\"font-family: tahoma, arial, helvetica, sans-serif\"><img loading=\"lazy\" class=\"aligncenter\" src=\"https:\/\/www.ufasta.edu.ar\/investigacion2\/files\/2019\/07\/INGENIERIA.png\" alt=\"\" width=\"300\" height=\"61\" \/><\/span><\/p>\n<blockquote><p><span style=\"font-family: tahoma, arial, helvetica, sans-serif\"><strong>Proyecto<\/strong><\/span><\/p><\/blockquote>\n<p style=\"text-align: justify;padding-left: 30px\"><span style=\"font-family: tahoma, arial, helvetica, sans-serif\"><strong>PDTS &#8211; Desarrollo de un sistema de gesti\u00f3n de workflows de asistencia a la investigaci\u00f3n judicial &#8211; WORKFLOWS INVESTIGA<\/strong><\/span><\/p>\n<blockquote><p><span style=\"font-family: tahoma, arial, helvetica, sans-serif\"><strong>Director<\/strong><\/span><\/p><\/blockquote>\n<p><span style=\"font-family: tahoma, arial, helvetica, sans-serif\">Ing. PODEST\u00c1, Ariel<\/span><\/p>\n<blockquote><p><span style=\"font-family: tahoma, arial, helvetica, sans-serif\"><strong>Co-Director<\/strong><\/span><\/p><\/blockquote>\n<p><span style=\"font-family: tahoma, arial, helvetica, sans-serif\">CISTOLDI, Pablo<\/span><\/p>\n<blockquote><p><span style=\"font-family: tahoma, arial, helvetica, sans-serif\"><strong>Listado de investigadores<\/strong><\/span><\/p><\/blockquote>\n<p><span style=\"font-family: tahoma, arial, helvetica, sans-serif\">WAIMANN, Juli\u00e1n<\/span><\/p>\n<p><span style=\"font-family: tahoma, arial, helvetica, sans-serif\">CONSTANZO, Bruno<\/span><\/p>\n<p><span style=\"font-family: tahoma, arial, helvetica, sans-serif\">DI IORIO, Ana<\/span><\/p>\n<p><span style=\"font-family: tahoma, arial, helvetica, sans-serif\">DELGADO, Mart\u00edn<\/span><\/p>\n<p><span style=\"font-family: tahoma, arial, helvetica, sans-serif\">LASIA, Sebasti\u00e1n<\/span><\/p>\n<p><span style=\"font-family: tahoma, arial, helvetica, sans-serif\">TRIGO, Santiago<\/span><\/p>\n<p><span style=\"font-family: tahoma, arial, helvetica, sans-serif\">LAMPERTI, Sabrina<\/span><\/p>\n<p><span style=\"font-family: tahoma, arial, helvetica, sans-serif\">CROTTO, Mat\u00edas<\/span><\/p>\n<p><span style=\"font-family: tahoma, arial, helvetica, sans-serif\">ALIENDE, Federico<\/span><\/p>\n<p><span style=\"font-family: tahoma, arial, helvetica, sans-serif\">RAM\u00cdREZ, Ezequiel<\/span><\/p>\n<p><span style=\"font-family: tahoma, arial, helvetica, sans-serif\">GAMALERO, Mart\u00edn<\/span><\/p>\n<blockquote><p><span style=\"font-family: tahoma, arial, helvetica, sans-serif\"><strong>Objetivo<\/strong><\/span><\/p><\/blockquote>\n<p style=\"text-align: justify\"><span style=\"font-family: tahoma, arial, helvetica, sans-serif\">Este PDTS implica el aporte de nuevos conocimientos sobre m\u00e9todos, t\u00e9cnicas y herramientas generadas para dar una soluci\u00f3n tecnol\u00f3gica a un problema de orden pr\u00e1ctico del cuerpo de fiscales de la Provincia de Buenos Aires. Su novedad local tiene que ver, fundamentalmente, con la posibilidad de elaborar, y almacenar Workflows de Investigaci\u00f3n que gu\u00eden y ordenen el actuar de las fiscal\u00edas y del futuro Cuerpo de Investigadores Judiciales, y colaboren en la ejecuci\u00f3n de dichas investigaciones. A trav\u00e9s del empleo de una herramienta inform\u00e1tica podr\u00e1n introducirse en el Ministerio P\u00fablico Fiscal procesos de gesti\u00f3n del conocimiento que optimizar\u00e1n su labora en el \u00e1rea investigativa.<\/span><\/p>\n<p><span style=\"font-family: tahoma, arial, helvetica, sans-serif\"><strong>Fecha de Inicio: <\/strong>12\/2016<\/span><\/p>\n<p><span style=\"font-family: tahoma, arial, helvetica, sans-serif\"><strong>Fecha de Fin: <\/strong>09\/2018<\/span><\/p>\n","protected":false},"excerpt":{"rendered":"<p>Proyecto PDTS &#8211; Desarrollo de un sistema de gesti\u00f3n de workflows de asistencia a la investigaci\u00f3n judicial &#8211; WORKFLOWS INVESTIGA Director Ing. PODEST\u00c1, Ariel Co-Director CISTOLDI, Pablo Listado de investigadores WAIMANN, Juli\u00e1n CONSTANZO, Bruno DI IORIO, Ana DELGADO, Mart\u00edn LASIA, Sebasti\u00e1n TRIGO, Santiago LAMPERTI, Sabrina CROTTO, Mat\u00edas ALIENDE, Federico RAM\u00cdREZ, Ezequiel GAMALERO, Mart\u00edn Objetivo Este [&hellip;]<\/p>\n","protected":false},"author":420,"featured_media":0,"parent":0,"menu_order":0,"comment_status":"closed","ping_status":"closed","template":"","meta":[],"_links":{"self":[{"href":"https:\/\/www.ufasta.edu.ar\/investigacion\/wp-json\/wp\/v2\/pages\/2059"}],"collection":[{"href":"https:\/\/www.ufasta.edu.ar\/investigacion\/wp-json\/wp\/v2\/pages"}],"about":[{"href":"https:\/\/www.ufasta.edu.ar\/investigacion\/wp-json\/wp\/v2\/types\/page"}],"author":[{"embeddable":true,"href":"https:\/\/www.ufasta.edu.ar\/investigacion\/wp-json\/wp\/v2\/users\/420"}],"replies":[{"embeddable":true,"href":"https:\/\/www.ufasta.edu.ar\/investigacion\/wp-json\/wp\/v2\/comments?post=2059"}],"version-history":[{"count":5,"href":"https:\/\/www.ufasta.edu.ar\/investigacion\/wp-json\/wp\/v2\/pages\/2059\/revisions"}],"predecessor-version":[{"id":2650,"href":"https:\/\/www.ufasta.edu.ar\/investigacion\/wp-json\/wp\/v2\/pages\/2059\/revisions\/2650"}],"wp:attachment":[{"href":"https:\/\/www.ufasta.edu.ar\/investigacion\/wp-json\/wp\/v2\/media?parent=2059"}],"curies":[{"name":"wp","href":"https:\/\/api.w.org\/{rel}","templated":true}]}}