{"id":2019,"date":"2019-08-06T19:24:21","date_gmt":"2019-08-06T19:24:21","guid":{"rendered":"https:\/\/www.ufasta.edu.ar\/investigacion2\/?page_id=2019"},"modified":"2019-12-19T14:06:17","modified_gmt":"2019-12-19T14:06:17","slug":"pdts-desarrollo-de-un-sistema-de-evaluacion-de-costos-de-infecciones-asociadas-al-cuidado-de-la-salud-en-argentina-costos-en-iacs","status":"publish","type":"page","link":"https:\/\/www.ufasta.edu.ar\/investigacion\/pdts-desarrollo-de-un-sistema-de-evaluacion-de-costos-de-infecciones-asociadas-al-cuidado-de-la-salud-en-argentina-costos-en-iacs\/","title":{"rendered":"PDTS &#8211; Desarrollo de un Sistema de Evaluaci\u00f3n de Costos de Infecciones Asociadas al Cuidado de la Salud en Argentina &#8211; COSTOS en IACS"},"content":{"rendered":"<p><span style=\"font-family: tahoma, arial, helvetica, sans-serif\"><img loading=\"lazy\" src=\"https:\/\/www.ufasta.edu.ar\/investigacion2\/files\/2019\/07\/MEDICAS.png\" alt=\"\" width=\"150\" height=\"29\" \/>\u00a0<img loading=\"lazy\" src=\"https:\/\/www.ufasta.edu.ar\/investigacion2\/files\/2019\/07\/INGENIERIA.png\" alt=\"\" width=\"150\" height=\"31\" \/><\/span><\/p>\n<blockquote><p><span style=\"font-family: tahoma, arial, helvetica, sans-serif\"><strong>Proyecto<\/strong><\/span><\/p><\/blockquote>\n<p style=\"text-align: justify\"><span style=\"font-family: tahoma, arial, helvetica, sans-serif\"><strong>PDTS &#8211; Desarrollo de un Sistema de Evaluaci\u00f3n de Costos de Infecciones Asociadas al Cuidado de la Salud en Argentina &#8211; COSTOS en IACS<\/strong><\/span><\/p>\n<blockquote><p><span style=\"font-family: tahoma, arial, helvetica, sans-serif\"><strong>Director<\/strong><\/span><\/p><\/blockquote>\n<p><span style=\"font-family: tahoma, arial, helvetica, sans-serif\">RENATI, Lautaro Alfredo<\/span><\/p>\n<blockquote><p><span style=\"font-family: tahoma, arial, helvetica, sans-serif\"><strong>Co-Director<\/strong><\/span><\/p><\/blockquote>\n<p><span style=\"font-family: tahoma, arial, helvetica, sans-serif\">PERALTA, Norma<\/span><\/p>\n<blockquote><p><span style=\"font-family: tahoma, arial, helvetica, sans-serif\"><strong>Listado de investigadores<\/strong><\/span><\/p><\/blockquote>\n<p><span style=\"font-family: tahoma, arial, helvetica, sans-serif\">CORRAL, Jorge<\/span><\/p>\n<p><span style=\"font-family: tahoma, arial, helvetica, sans-serif\">GIORDANO LERENA, Roberto<\/span><\/p>\n<p><span style=\"font-family: tahoma, arial, helvetica, sans-serif\">CARI\u00d1ANOS, Pablo Dar\u00edo<\/span><\/p>\n<p><span style=\"font-family: tahoma, arial, helvetica, sans-serif\">VARGAS MART\u00cdNEZ, Ralph<\/span><\/p>\n<p><span style=\"font-family: tahoma, arial, helvetica, sans-serif\">CORRAL, Gonzalo<\/span><\/p>\n<p><span style=\"font-family: tahoma, arial, helvetica, sans-serif\">M\u00c1SPERO, Claudia<\/span><\/p>\n<p><span style=\"font-family: tahoma, arial, helvetica, sans-serif\">PASCUAL, M\u00f3nica<\/span><\/p>\n<p><span style=\"font-family: tahoma, arial, helvetica, sans-serif\">PADILLA, Fernando Lucio<\/span><\/p>\n<p><span style=\"font-family: tahoma, arial, helvetica, sans-serif\">AUBERGE, Janice Mariel<\/span><\/p>\n<p><span style=\"font-family: tahoma, arial, helvetica, sans-serif\">EVANGELISTA, Mar\u00eda<\/span><\/p>\n<p><span style=\"font-family: tahoma, arial, helvetica, sans-serif\">S\u00c1ENZ, Benjam\u00edn<\/span><\/p>\n<p><span style=\"font-family: tahoma, arial, helvetica, sans-serif\">VARGAS MART\u00cdNEZ, Gabriel<\/span><\/p>\n<blockquote><p><span style=\"font-family: tahoma, arial, helvetica, sans-serif\"><strong>Objetivo<\/strong><\/span><\/p><\/blockquote>\n<p style=\"text-align: justify\"><span style=\"font-family: tahoma, arial, helvetica, sans-serif\">El proyecto pretende desarrollar in Sistema de Evaluaci\u00f3n de Costos de Infecciones Asociadas al Cuidado de la Salud. Esto es, el desarrollo de un instrumento (Protocolo+Sistema) que brinde a las autoridades epidemiol\u00f3gicas de la Rep\u00fablica Argentina y a las sociedades cient\u00edficas, la magnitud cierta del problema econ\u00f3mico que las IACs significan para el Sistema de Salud, y a partir de ello. definir correctas y adecuadas pol\u00edticas sanitarias tendientes a su disminuci\u00f3n.<\/span><\/p>\n<p><span style=\"font-family: tahoma, arial, helvetica, sans-serif\"><strong>Fecha de Inicio:\u00a0<\/strong>03\/2016<\/span><\/p>\n<p><span style=\"font-family: tahoma, arial, helvetica, sans-serif\"><strong>Fecha de Fin:\u00a0<\/strong>08\/2017<\/span><\/p>\n<p>&nbsp;<\/p>\n","protected":false},"excerpt":{"rendered":"<p>\u00a0 Proyecto PDTS &#8211; Desarrollo de un Sistema de Evaluaci\u00f3n de Costos de Infecciones Asociadas al Cuidado de la Salud en Argentina &#8211; COSTOS en IACS Director RENATI, Lautaro Alfredo Co-Director PERALTA, Norma Listado de investigadores CORRAL, Jorge GIORDANO LERENA, Roberto CARI\u00d1ANOS, Pablo Dar\u00edo VARGAS MART\u00cdNEZ, Ralph CORRAL, Gonzalo M\u00c1SPERO, Claudia PASCUAL, M\u00f3nica PADILLA, Fernando [&hellip;]<\/p>\n","protected":false},"author":420,"featured_media":0,"parent":0,"menu_order":0,"comment_status":"closed","ping_status":"closed","template":"","meta":[],"_links":{"self":[{"href":"https:\/\/www.ufasta.edu.ar\/investigacion\/wp-json\/wp\/v2\/pages\/2019"}],"collection":[{"href":"https:\/\/www.ufasta.edu.ar\/investigacion\/wp-json\/wp\/v2\/pages"}],"about":[{"href":"https:\/\/www.ufasta.edu.ar\/investigacion\/wp-json\/wp\/v2\/types\/page"}],"author":[{"embeddable":true,"href":"https:\/\/www.ufasta.edu.ar\/investigacion\/wp-json\/wp\/v2\/users\/420"}],"replies":[{"embeddable":true,"href":"https:\/\/www.ufasta.edu.ar\/investigacion\/wp-json\/wp\/v2\/comments?post=2019"}],"version-history":[{"count":3,"href":"https:\/\/www.ufasta.edu.ar\/investigacion\/wp-json\/wp\/v2\/pages\/2019\/revisions"}],"predecessor-version":[{"id":2226,"href":"https:\/\/www.ufasta.edu.ar\/investigacion\/wp-json\/wp\/v2\/pages\/2019\/revisions\/2226"}],"wp:attachment":[{"href":"https:\/\/www.ufasta.edu.ar\/investigacion\/wp-json\/wp\/v2\/media?parent=2019"}],"curies":[{"name":"wp","href":"https:\/\/api.w.org\/{rel}","templated":true}]}}