{"id":1964,"date":"2019-08-06T18:09:18","date_gmt":"2019-08-06T18:09:18","guid":{"rendered":"https:\/\/www.ufasta.edu.ar\/investigacion2\/?page_id=1964"},"modified":"2019-12-19T14:06:33","modified_gmt":"2019-12-19T14:06:33","slug":"pdts-desarrollo-de-una-guia-de-cuidado-de-ninos-ninas-y-adolescentes-en-el-mundo-digital-para-la-intervencion-en-el-aula-e-cuidados","status":"publish","type":"page","link":"https:\/\/www.ufasta.edu.ar\/investigacion\/pdts-desarrollo-de-una-guia-de-cuidado-de-ninos-ninas-y-adolescentes-en-el-mundo-digital-para-la-intervencion-en-el-aula-e-cuidados\/","title":{"rendered":"PDTS &#8211; Desarrollo de una Gu\u00eda de Cuidado de Ni\u00f1os, Ni\u00f1as y Adolescentes en el Mundo Digital para la Intervenci\u00f3n en el Aula E-Cuidados"},"content":{"rendered":"<p><span style=\"font-family: tahoma, arial, helvetica, sans-serif\"><img loading=\"lazy\" src=\"https:\/\/www.ufasta.edu.ar\/investigacion2\/files\/2019\/07\/JURIDICAS.png\" alt=\"\" width=\"150\" height=\"37\" \/>\u00a0<img loading=\"lazy\" src=\"https:\/\/www.ufasta.edu.ar\/investigacion2\/files\/2019\/07\/INGENIERIA.png\" alt=\"\" width=\"150\" height=\"31\" \/>\u00a0<img loading=\"lazy\" src=\"https:\/\/www.ufasta.edu.ar\/investigacion2\/files\/2019\/07\/COMUNICACION.png\" alt=\"\" width=\"150\" height=\"38\" \/><\/span><\/p>\n<blockquote><p><span style=\"font-family: tahoma, arial, helvetica, sans-serif\"><strong>Proyecto<\/strong><\/span><\/p><\/blockquote>\n<p style=\"text-align: justify\"><span style=\"font-family: tahoma, arial, helvetica, sans-serif\"><strong>PDTS &#8211; Desarrollo de una Gu\u00eda de Cuidado de Ni\u00f1os, Ni\u00f1as y Adolescentes en el Mundo Digital para la Intervenci\u00f3n en el Aula E-Cuidados<\/strong><\/span><\/p>\n<blockquote><p><span style=\"font-family: tahoma, arial, helvetica, sans-serif\"><strong>Director<\/strong><\/span><\/p><\/blockquote>\n<p><span style=\"font-family: tahoma, arial, helvetica, sans-serif\">Lic. Mar\u00eda Paula VEGA<\/span><\/p>\n<blockquote><p><span style=\"font-family: tahoma, arial, helvetica, sans-serif\"><strong>Listado de investigadores<\/strong><\/span><\/p><\/blockquote>\n<p><span style=\"font-family: tahoma, arial, helvetica, sans-serif\">ALVAREZ CESTONA Mar\u00eda Belen<\/span><br \/>\n<span style=\"font-family: tahoma, arial, helvetica, sans-serif\">DEGIAMPIETRO Mar\u00eda Gabriela<\/span><br \/>\n<span style=\"font-family: tahoma, arial, helvetica, sans-serif\">DI IORIO Ana Hayde\u00e9<\/span><br \/>\n<span style=\"font-family: tahoma, arial, helvetica, sans-serif\">FERNANDEZ Juli\u00e1n Rodrigo<\/span><br \/>\n<span style=\"font-family: tahoma, arial, helvetica, sans-serif\">LAMPERTI Sabrina Bibiana<\/span><br \/>\n<span style=\"font-family: tahoma, arial, helvetica, sans-serif\">LASIA Sebasti\u00e1n Ezequiel<\/span><br \/>\n<span style=\"font-family: tahoma, arial, helvetica, sans-serif\">PEREZ LALLI Mariela Silvina<\/span><br \/>\n<span style=\"font-family: tahoma, arial, helvetica, sans-serif\">TRIGO Santiago Jos\u00e9<\/span><br \/>\n<span style=\"font-family: tahoma, arial, helvetica, sans-serif\">VERA TAPIA Germ\u00e1n<\/span><\/p>\n<blockquote><p><span style=\"font-family: tahoma, arial, helvetica, sans-serif\"><strong>Auxiliares de Investigaci\u00f3n Alumnos<\/strong><\/span><\/p><\/blockquote>\n<p><span style=\"font-family: tahoma, arial, helvetica, sans-serif\">FORTUNY ALVARISQUETA Bautista<\/span><br \/>\n<span style=\"font-family: tahoma, arial, helvetica, sans-serif\">GOMEZ DELPIANO Mar\u00eda Luz Milagro<\/span><\/p>\n<p><span style=\"font-family: tahoma, arial, helvetica, sans-serif\">MARCOS Martina<\/span><br \/>\n<span style=\"font-family: tahoma, arial, helvetica, sans-serif\">MINEO Agust\u00edn Nicol\u00e1s<\/span><\/p>\n<blockquote><p><span style=\"font-family: tahoma, arial, helvetica, sans-serif\"><strong>Objetivo<\/strong><\/span><\/p><\/blockquote>\n<p style=\"text-align: justify\"><span style=\"font-family: tahoma, arial, helvetica, sans-serif\">El PDTS pretende elaborar una suite de recomendaciones, recursos y herramientas para el cuidado de ni\u00f1os, ni\u00f1as y adolescentes en el mundo virtual, compiladas en una Gu\u00eda, con el fin de ser utilizadas por educadores de los coledios dependientes de la Municipalidad de General Pueyrredon. Este proyecto hace uso de conocimientos cient\u00edficos y tecnol\u00f3gicos propios de la Inform\u00e1tica Forense y recurre a otras disciplinas como la Psicolog\u00eda, la Comunicaci\u00f3n Social y la Responsabilidad Social, organizado en una gu\u00eda que oriente a los educadores en la intervenci\u00f3n en el aula frente a los nuevos fen\u00f3menos que surgen del uso de las redes sociales entre ni\u00f1os, ni\u00f1as y j\u00f3venes ocasionando conflictos en la escuela y graves riesgos a la poblaci\u00f3n menor.<\/span><\/p>\n<p><span style=\"font-family: tahoma, arial, helvetica, sans-serif\"><strong>Fecha de Inicio: <\/strong>09\/2018<\/span><\/p>\n","protected":false},"excerpt":{"rendered":"<p>\u00a0\u00a0 Proyecto PDTS &#8211; Desarrollo de una Gu\u00eda de Cuidado de Ni\u00f1os, Ni\u00f1as y Adolescentes en el Mundo Digital para la Intervenci\u00f3n en el Aula E-Cuidados Director Lic. Mar\u00eda Paula VEGA Listado de investigadores ALVAREZ CESTONA Mar\u00eda Belen DEGIAMPIETRO Mar\u00eda Gabriela DI IORIO Ana Hayde\u00e9 FERNANDEZ Juli\u00e1n Rodrigo LAMPERTI Sabrina Bibiana LASIA Sebasti\u00e1n Ezequiel PEREZ [&hellip;]<\/p>\n","protected":false},"author":420,"featured_media":0,"parent":0,"menu_order":0,"comment_status":"closed","ping_status":"closed","template":"","meta":[],"_links":{"self":[{"href":"https:\/\/www.ufasta.edu.ar\/investigacion\/wp-json\/wp\/v2\/pages\/1964"}],"collection":[{"href":"https:\/\/www.ufasta.edu.ar\/investigacion\/wp-json\/wp\/v2\/pages"}],"about":[{"href":"https:\/\/www.ufasta.edu.ar\/investigacion\/wp-json\/wp\/v2\/types\/page"}],"author":[{"embeddable":true,"href":"https:\/\/www.ufasta.edu.ar\/investigacion\/wp-json\/wp\/v2\/users\/420"}],"replies":[{"embeddable":true,"href":"https:\/\/www.ufasta.edu.ar\/investigacion\/wp-json\/wp\/v2\/comments?post=1964"}],"version-history":[{"count":6,"href":"https:\/\/www.ufasta.edu.ar\/investigacion\/wp-json\/wp\/v2\/pages\/1964\/revisions"}],"predecessor-version":[{"id":2630,"href":"https:\/\/www.ufasta.edu.ar\/investigacion\/wp-json\/wp\/v2\/pages\/1964\/revisions\/2630"}],"wp:attachment":[{"href":"https:\/\/www.ufasta.edu.ar\/investigacion\/wp-json\/wp\/v2\/media?parent=1964"}],"curies":[{"name":"wp","href":"https:\/\/api.w.org\/{rel}","templated":true}]}}