{"id":1864,"date":"2019-08-05T21:19:09","date_gmt":"2019-08-05T21:19:09","guid":{"rendered":"https:\/\/www.ufasta.edu.ar\/investigacion2\/?page_id=1864"},"modified":"2019-12-19T14:06:33","modified_gmt":"2019-12-19T14:06:33","slug":"proyecto-antropologia-filosofica-y-medicina-iii-anfime-iii","status":"publish","type":"page","link":"https:\/\/www.ufasta.edu.ar\/investigacion\/proyecto-antropologia-filosofica-y-medicina-iii-anfime-iii\/","title":{"rendered":"Proyecto Antropolog\u00eda Filos\u00f3fica y Medicina III &#8211; ANFIME III"},"content":{"rendered":"<p><img loading=\"lazy\" class=\"aligncenter\" src=\"https:\/\/www.ufasta.edu.ar\/investigacion2\/files\/2019\/07\/MEDICAS.png\" alt=\"\" width=\"400\" height=\"78\" \/><\/p>\n<blockquote><p><strong><span style=\"font-family: tahoma, arial, helvetica, sans-serif\">Proyecto <\/span><\/strong><\/p><\/blockquote>\n<p><strong><span style=\"font-family: tahoma, arial, helvetica, sans-serif\">Antropolog\u00eda Filos\u00f3fica y Medicina III &#8211; ANFIME III<\/span><\/strong><\/p>\n<blockquote><p><strong><span style=\"font-family: tahoma, arial, helvetica, sans-serif\">Director<\/span><\/strong><\/p><\/blockquote>\n<p><span style=\"font-family: tahoma, arial, helvetica, sans-serif\">Dr. Mario CAPONNETTO (<a href=\"mailto:mcaponnetto@fibertel.com.ar\">mcaponnetto@fibertel.com.ar<\/a>)<\/span><\/p>\n<blockquote><p><span style=\"font-family: tahoma, arial, helvetica, sans-serif\"><strong>Listado de investigadores<\/strong><\/span><\/p><\/blockquote>\n<p><span style=\"font-family: tahoma, arial, helvetica, sans-serif\">RAZUL,\u00a0Jorge<\/span><\/p>\n<p><span style=\"font-family: tahoma, arial, helvetica, sans-serif\">MAZZONI, Mar\u00eda Cristina<\/span><\/p>\n<p><span style=\"font-family: tahoma, arial, helvetica, sans-serif\">VARGAS MART\u00cdNEZ, Gabriel<\/span><\/p>\n<blockquote><p><strong><span style=\"font-family: tahoma, arial, helvetica, sans-serif\">Objetivo<\/span><\/strong><\/p><\/blockquote>\n<p style=\"text-align: justify\"><span style=\"font-family: tahoma, arial, helvetica, sans-serif\">Este proyecto busca examinar de qu\u00e9 modo, a partir de la unidad entitativa y operativa del Hombre, es posible avanzar hacia una comprensi\u00f3n esencial e integral de la salud, de la enfermedad, del dolor, del sufrimiento, de la muerte y mortalidad del Hombre y del horizonte de la praxis m\u00e9dica. Este estudio antropol\u00f3gico con bases en la Filosof\u00eda de Santo Tom\u00e1s de Aquino, procura ser un aporte a la Medicina de nuestro tiempo y abrir en el campo espec\u00edfico de la Antropolog\u00eda M\u00e9dica una nueva l\u00ednea de pensamiento dispuesta al di\u00e1logo y a la integraci\u00f3n con las dem\u00e1s corrientes de dicha disciplina hoy vigentes en los \u00e1mbitos acad\u00e9micos dentro y fuera del pa\u00eds.<\/span><\/p>\n<p><strong><span style=\"font-family: tahoma, arial, helvetica, sans-serif\">Fecha de Inicio:\u00a0<\/span><\/strong><span style=\"font-family: tahoma, arial, helvetica, sans-serif\">10\/2018<\/span><\/p>\n","protected":false},"excerpt":{"rendered":"<p>Proyecto Antropolog\u00eda Filos\u00f3fica y Medicina III &#8211; ANFIME III Director Dr. Mario CAPONNETTO (mcaponnetto@fibertel.com.ar) Listado de investigadores RAZUL,\u00a0Jorge MAZZONI, Mar\u00eda Cristina VARGAS MART\u00cdNEZ, Gabriel Objetivo Este proyecto busca examinar de qu\u00e9 modo, a partir de la unidad entitativa y operativa del Hombre, es posible avanzar hacia una comprensi\u00f3n esencial e integral de la salud, de [&hellip;]<\/p>\n","protected":false},"author":420,"featured_media":0,"parent":0,"menu_order":0,"comment_status":"closed","ping_status":"closed","template":"","meta":[],"_links":{"self":[{"href":"https:\/\/www.ufasta.edu.ar\/investigacion\/wp-json\/wp\/v2\/pages\/1864"}],"collection":[{"href":"https:\/\/www.ufasta.edu.ar\/investigacion\/wp-json\/wp\/v2\/pages"}],"about":[{"href":"https:\/\/www.ufasta.edu.ar\/investigacion\/wp-json\/wp\/v2\/types\/page"}],"author":[{"embeddable":true,"href":"https:\/\/www.ufasta.edu.ar\/investigacion\/wp-json\/wp\/v2\/users\/420"}],"replies":[{"embeddable":true,"href":"https:\/\/www.ufasta.edu.ar\/investigacion\/wp-json\/wp\/v2\/comments?post=1864"}],"version-history":[{"count":6,"href":"https:\/\/www.ufasta.edu.ar\/investigacion\/wp-json\/wp\/v2\/pages\/1864\/revisions"}],"predecessor-version":[{"id":2642,"href":"https:\/\/www.ufasta.edu.ar\/investigacion\/wp-json\/wp\/v2\/pages\/1864\/revisions\/2642"}],"wp:attachment":[{"href":"https:\/\/www.ufasta.edu.ar\/investigacion\/wp-json\/wp\/v2\/media?parent=1864"}],"curies":[{"name":"wp","href":"https:\/\/api.w.org\/{rel}","templated":true}]}}