{"id":175,"date":"2017-11-02T19:21:46","date_gmt":"2017-11-02T19:21:46","guid":{"rendered":"http:\/\/www.ufasta.edu.ar\/investigacion2\/?page_id=175"},"modified":"2019-12-19T13:52:49","modified_gmt":"2019-12-19T13:52:49","slug":"proyecto-de-investigacion-la-importancia-y-ubicacion-de-los-comentarios-del-bhagavad-gita-en-la-historia-de-la-educacion-sus-aportes-axiologicos-y-filosoficos-universales","status":"publish","type":"page","link":"https:\/\/www.ufasta.edu.ar\/investigacion\/proyecto-de-investigacion-la-importancia-y-ubicacion-de-los-comentarios-del-bhagavad-gita-en-la-historia-de-la-educacion-sus-aportes-axiologicos-y-filosoficos-universales\/","title":{"rendered":"La importancia y ubicaci\u00f3n de los comentarios del Bhagavad Gita en la Historia de la Educaci\u00f3n &#8211; sus aportes axiol\u00f3gicos y filos\u00f3ficos universales"},"content":{"rendered":"<p><span style=\"font-family: tahoma, arial, helvetica, sans-serif\"><img loading=\"lazy\" class=\"aligncenter\" src=\"https:\/\/www.ufasta.edu.ar\/investigacion2\/files\/2019\/07\/EDUCACION.png\" alt=\"\" width=\"400\" height=\"104\" \/><\/span><\/p>\n<blockquote><p><span style=\"font-family: tahoma, arial, helvetica, sans-serif\"><strong>Proyecto<\/strong><\/span><\/p><\/blockquote>\n<p><span style=\"font-family: tahoma, arial, helvetica, sans-serif\">La importancia y ubicaci\u00f3n de los comentarios del Bhagavad Gita en la Historia de la Educaci\u00f3n &#8211; Sus aportes axiol\u00f3gicos y filos\u00f3ficos universales<\/span><\/p>\n<blockquote><p><span style=\"font-family: tahoma, arial, helvetica, sans-serif\"><strong>Directora<\/strong><\/span><\/p><\/blockquote>\n<p><span style=\"font-family: tahoma, arial, helvetica, sans-serif\">Dra. CATTEDRA, Olivia (<a href=\"mailto:ocattedra@gmail.com\">ocattedra@gmail.com<\/a>)<\/span><\/p>\n<blockquote><p><span style=\"font-family: tahoma, arial, helvetica, sans-serif\"><strong>Auxiliares de investigaci\u00f3n alumno<\/strong><\/span><\/p><\/blockquote>\n<p><span style=\"font-family: tahoma, arial, helvetica, sans-serif\">BACCARINI Paola Adriana<\/span><\/p>\n<blockquote><p><span style=\"font-family: tahoma, arial, helvetica, sans-serif\"><strong>Objetivo<\/strong><\/span><\/p><\/blockquote>\n<p style=\"text-align: justify\"><span style=\"font-family: tahoma, arial, helvetica, sans-serif\">An\u00e1lisis etimol\u00f3gico, hist\u00f3rico y filos\u00f3fico de la Bhagavad Gita y sus comentarios (Bhasya) principales, mostrando la vigencia actual de este texto en el marco de la India moderna y sus proyecciones pedag\u00f3gicas transculturales<\/span><\/p>\n<p><span style=\"font-family: tahoma, arial, helvetica, sans-serif\"><strong>Fecha de inicio<\/strong>: 01\/04\/2014<\/span><\/p>\n","protected":false},"excerpt":{"rendered":"<p>Proyecto La importancia y ubicaci\u00f3n de los comentarios del Bhagavad Gita en la Historia de la Educaci\u00f3n &#8211; Sus aportes axiol\u00f3gicos y filos\u00f3ficos universales Directora Dra. CATTEDRA, Olivia (ocattedra@gmail.com) Auxiliares de investigaci\u00f3n alumno BACCARINI Paola Adriana Objetivo An\u00e1lisis etimol\u00f3gico, hist\u00f3rico y filos\u00f3fico de la Bhagavad Gita y sus comentarios (Bhasya) principales, mostrando la vigencia actual [&hellip;]<\/p>\n","protected":false},"author":105,"featured_media":0,"parent":0,"menu_order":0,"comment_status":"closed","ping_status":"closed","template":"","meta":[],"_links":{"self":[{"href":"https:\/\/www.ufasta.edu.ar\/investigacion\/wp-json\/wp\/v2\/pages\/175"}],"collection":[{"href":"https:\/\/www.ufasta.edu.ar\/investigacion\/wp-json\/wp\/v2\/pages"}],"about":[{"href":"https:\/\/www.ufasta.edu.ar\/investigacion\/wp-json\/wp\/v2\/types\/page"}],"author":[{"embeddable":true,"href":"https:\/\/www.ufasta.edu.ar\/investigacion\/wp-json\/wp\/v2\/users\/105"}],"replies":[{"embeddable":true,"href":"https:\/\/www.ufasta.edu.ar\/investigacion\/wp-json\/wp\/v2\/comments?post=175"}],"version-history":[{"count":11,"href":"https:\/\/www.ufasta.edu.ar\/investigacion\/wp-json\/wp\/v2\/pages\/175\/revisions"}],"predecessor-version":[{"id":3098,"href":"https:\/\/www.ufasta.edu.ar\/investigacion\/wp-json\/wp\/v2\/pages\/175\/revisions\/3098"}],"wp:attachment":[{"href":"https:\/\/www.ufasta.edu.ar\/investigacion\/wp-json\/wp\/v2\/media?parent=175"}],"curies":[{"name":"wp","href":"https:\/\/api.w.org\/{rel}","templated":true}]}}