{"id":1430,"date":"2019-05-29T18:46:49","date_gmt":"2019-05-29T18:46:49","guid":{"rendered":"https:\/\/www.ufasta.edu.ar\/investigacion2\/?page_id=1430"},"modified":"2024-02-15T19:41:48","modified_gmt":"2024-02-15T19:41:48","slug":"linea-de-investigacion-gestion-y-desarrollo-organizacional","status":"publish","type":"page","link":"https:\/\/www.ufasta.edu.ar\/investigacion\/linea-de-investigacion-gestion-y-desarrollo-organizacional\/","title":{"rendered":"L\u00ednea de Investigaci\u00f3n Gesti\u00f3n y Desarrollo Organizacional"},"content":{"rendered":"\t\t<div data-elementor-type=\"wp-page\" data-elementor-id=\"1430\" class=\"elementor elementor-1430\" data-elementor-settings=\"[]\">\n\t\t\t\t\t\t<div class=\"elementor-inner\">\n\t\t\t\t\t\t\t<div class=\"elementor-section-wrap\">\n\t\t\t\t\t\t\t<section class=\"has_ma_el_bg_slider elementor-section elementor-top-section elementor-element elementor-element-108799e7 elementor-section-boxed elementor-section-height-default elementor-section-height-default wpr-particle-no wpr-jarallax-no wpr-parallax-no wpr-sticky-section-no\" data-id=\"108799e7\" data-element_type=\"section\">\n\t\t\t\t\t\t<div class=\"elementor-container elementor-column-gap-default\">\n\t\t\t\t\t\t\t<div class=\"elementor-row\">\n\t\t\t\t\t\t\t\t\t<\/div>\n\t\t\t\t\t<\/div>\n\t\t<\/section>\n\t\t\t\t<section class=\"has_ma_el_bg_slider elementor-section elementor-top-section elementor-element elementor-element-294e8ffb elementor-section-full_width elementor-section-height-default elementor-section-height-default wpr-particle-no wpr-jarallax-no wpr-parallax-no wpr-sticky-section-no\" data-id=\"294e8ffb\" data-element_type=\"section\">\n\t\t\t\t\t\t<div class=\"elementor-container elementor-column-gap-default\">\n\t\t\t\t\t\t\t<div class=\"elementor-row\">\n\t\t\t\t\t\t\t\t\t<\/div>\n\t\t\t\t\t<\/div>\n\t\t<\/section>\n\t\t\t\t<section class=\"has_ma_el_bg_slider elementor-section elementor-top-section elementor-element elementor-element-78fec82 elementor-section-boxed elementor-section-height-default elementor-section-height-default wpr-particle-no wpr-jarallax-no wpr-parallax-no wpr-sticky-section-no\" data-id=\"78fec82\" data-element_type=\"section\">\n\t\t\t\t\t\t<div class=\"elementor-container elementor-column-gap-default\">\n\t\t\t\t\t\t\t<div class=\"elementor-row\">\n\t\t\t\t\t<div class=\"has_ma_el_bg_slider elementor-column elementor-col-100 elementor-top-column elementor-element elementor-element-4937a00\" data-id=\"4937a00\" data-element_type=\"column\">\n\t\t\t<div class=\"elementor-column-wrap elementor-element-populated\">\n\t\t\t\t\t\t\t<div class=\"elementor-widget-wrap\">\n\t\t\t\t\t\t<div class=\"elementor-element elementor-element-ac12bb3 elementor-widget elementor-widget-heading\" data-id=\"ac12bb3\" data-element_type=\"widget\" data-widget_type=\"heading.default\">\n\t\t\t\t<div class=\"elementor-widget-container\">\n\t\t\t<h2 class=\"elementor-heading-title elementor-size-default\">L\u00ednea de Investigaci\u00f3n<\/h2>\t\t<\/div>\n\t\t\t\t<\/div>\n\t\t\t\t\t\t<\/div>\n\t\t\t\t\t<\/div>\n\t\t<\/div>\n\t\t\t\t\t\t\t\t<\/div>\n\t\t\t\t\t<\/div>\n\t\t<\/section>\n\t\t\t\t<section class=\"has_ma_el_bg_slider elementor-section elementor-top-section elementor-element elementor-element-7f9ba5cc elementor-section-boxed elementor-section-height-default elementor-section-height-default wpr-particle-no wpr-jarallax-no wpr-parallax-no wpr-sticky-section-no\" data-id=\"7f9ba5cc\" data-element_type=\"section\">\n\t\t\t\t\t\t<div class=\"elementor-container elementor-column-gap-default\">\n\t\t\t\t\t\t\t<div class=\"elementor-row\">\n\t\t\t\t\t<div class=\"has_ma_el_bg_slider elementor-column elementor-col-100 elementor-top-column elementor-element elementor-element-62fa3238\" data-id=\"62fa3238\" data-element_type=\"column\">\n\t\t\t<div class=\"elementor-column-wrap elementor-element-populated\">\n\t\t\t\t\t\t\t<div class=\"elementor-widget-wrap\">\n\t\t\t\t\t\t<div class=\"elementor-element elementor-element-640f04df elementor-widget elementor-widget-heading\" data-id=\"640f04df\" data-element_type=\"widget\" data-widget_type=\"heading.default\">\n\t\t\t\t<div class=\"elementor-widget-container\">\n\t\t\t<h3 class=\"elementor-heading-title elementor-size-default\">Gesti\u00f3n y Desarrollo Organizacional<\/span><\/h3>\t\t<\/div>\n\t\t\t\t<\/div>\n\t\t\t\t\t\t<\/div>\n\t\t\t\t\t<\/div>\n\t\t<\/div>\n\t\t\t\t\t\t\t\t<\/div>\n\t\t\t\t\t<\/div>\n\t\t<\/section>\n\t\t\t\t<section class=\"has_ma_el_bg_slider elementor-section elementor-top-section elementor-element elementor-element-355c5e5a elementor-section-boxed elementor-section-height-default elementor-section-height-default wpr-particle-no wpr-jarallax-no wpr-parallax-no wpr-sticky-section-no\" data-id=\"355c5e5a\" data-element_type=\"section\">\n\t\t\t\t\t\t<div class=\"elementor-container elementor-column-gap-default\">\n\t\t\t\t\t\t\t<div class=\"elementor-row\">\n\t\t\t\t\t<div class=\"has_ma_el_bg_slider elementor-column elementor-col-50 elementor-top-column elementor-element elementor-element-55ccaf0\" data-id=\"55ccaf0\" data-element_type=\"column\">\n\t\t\t<div class=\"elementor-column-wrap elementor-element-populated\">\n\t\t\t\t\t\t\t<div class=\"elementor-widget-wrap\">\n\t\t\t\t\t\t<div class=\"elementor-element elementor-element-59841534 elementor-widget elementor-widget-text-editor\" data-id=\"59841534\" data-element_type=\"widget\" data-widget_type=\"text-editor.default\">\n\t\t\t\t<div class=\"elementor-widget-container\">\n\t\t\t\t\t\t\t\t<div class=\"elementor-text-editor elementor-clearfix\">\n\t\t\t\t<p>Est\u00e1 l\u00ednea de Investigaci\u00f3n est\u00e1 dirigida por Mariana Arraigada, es Contadora P\u00fablica, Licenciada en Administraci\u00f3n y Magister en Administraci\u00f3n de Negocios por la Universidad Nacional de Mar del Plata.<\/p>\t\t\t\t\t<\/div>\n\t\t\t\t\t\t<\/div>\n\t\t\t\t<\/div>\n\t\t\t\t\t\t<\/div>\n\t\t\t\t\t<\/div>\n\t\t<\/div>\n\t\t\t\t<div class=\"has_ma_el_bg_slider elementor-column elementor-col-50 elementor-top-column elementor-element elementor-element-5906e809\" data-id=\"5906e809\" data-element_type=\"column\">\n\t\t\t<div class=\"elementor-column-wrap elementor-element-populated\">\n\t\t\t\t\t\t\t<div class=\"elementor-widget-wrap\">\n\t\t\t\t\t\t<div class=\"elementor-element elementor-element-221ecf44 elementor-widget elementor-widget-image\" data-id=\"221ecf44\" data-element_type=\"widget\" data-widget_type=\"image.default\">\n\t\t\t\t<div class=\"elementor-widget-container\">\n\t\t\t\t\t\t\t\t<div class=\"elementor-image\">\n\t\t\t\t\t\t\t\t\t\t\t\t<img width=\"150\" height=\"150\" src=\"https:\/\/www.ufasta.edu.ar\/investigacion\/files\/2022\/04\/8156583_connection_association_communication_network_organization_icon-150x150.png\" class=\"attachment-thumbnail size-thumbnail\" alt=\"\" loading=\"lazy\" srcset=\"https:\/\/www.ufasta.edu.ar\/investigacion\/files\/2022\/04\/8156583_connection_association_communication_network_organization_icon-150x150.png 150w, https:\/\/www.ufasta.edu.ar\/investigacion\/files\/2022\/04\/8156583_connection_association_communication_network_organization_icon-300x300.png 300w, https:\/\/www.ufasta.edu.ar\/investigacion\/files\/2022\/04\/8156583_connection_association_communication_network_organization_icon-230x230.png 230w, https:\/\/www.ufasta.edu.ar\/investigacion\/files\/2022\/04\/8156583_connection_association_communication_network_organization_icon-350x350.png 350w, https:\/\/www.ufasta.edu.ar\/investigacion\/files\/2022\/04\/8156583_connection_association_communication_network_organization_icon-480x480.png 480w, https:\/\/www.ufasta.edu.ar\/investigacion\/files\/2022\/04\/8156583_connection_association_communication_network_organization_icon.png 512w\" sizes=\"(max-width: 150px) 100vw, 150px\" \/>\t\t\t\t\t\t\t\t\t\t\t\t\t\t<\/div>\n\t\t\t\t\t\t<\/div>\n\t\t\t\t<\/div>\n\t\t\t\t\t\t<\/div>\n\t\t\t\t\t<\/div>\n\t\t<\/div>\n\t\t\t\t\t\t\t\t<\/div>\n\t\t\t\t\t<\/div>\n\t\t<\/section>\n\t\t\t\t<section class=\"has_ma_el_bg_slider elementor-section elementor-top-section elementor-element elementor-element-3a913443 elementor-section-boxed elementor-section-height-default elementor-section-height-default wpr-particle-no wpr-jarallax-no wpr-parallax-no wpr-sticky-section-no\" data-id=\"3a913443\" data-element_type=\"section\">\n\t\t\t\t\t\t<div class=\"elementor-container elementor-column-gap-default\">\n\t\t\t\t\t\t\t<div class=\"elementor-row\">\n\t\t\t\t\t<div class=\"has_ma_el_bg_slider elementor-column elementor-col-100 elementor-top-column elementor-element elementor-element-7668d9dd\" data-id=\"7668d9dd\" data-element_type=\"column\">\n\t\t\t<div class=\"elementor-column-wrap elementor-element-populated\">\n\t\t\t\t\t\t\t<div class=\"elementor-widget-wrap\">\n\t\t\t\t\t\t<div class=\"elementor-element elementor-element-309800ca elementor-widget elementor-widget-heading\" data-id=\"309800ca\" data-element_type=\"widget\" data-widget_type=\"heading.default\">\n\t\t\t\t<div class=\"elementor-widget-container\">\n\t\t\t<h3 class=\"elementor-heading-title elementor-size-default\">Fundamentaci\u00f3n <\/h3>\t\t<\/div>\n\t\t\t\t<\/div>\n\t\t\t\t<div class=\"elementor-element elementor-element-3c488d elementor-widget elementor-widget-text-editor\" data-id=\"3c488d\" data-element_type=\"widget\" data-widget_type=\"text-editor.default\">\n\t\t\t\t<div class=\"elementor-widget-container\">\n\t\t\t\t\t\t\t\t<div class=\"elementor-text-editor elementor-clearfix\">\n\t\t\t\t<p>Partiendo del hecho que todas las organizaciones tienen una finalidad, persiguen objetivos de supervivencia, transitan por ciclos de vida, enfrentan problemas y conviven dentro de un entorno cambiante; resulta imprescindible evaluar todos los aspectos que la conforman.<\/p><p>La \u201cGesti\u00f3n y el desarrollo organizacional\u201d comprende el estudio de todos los aspectos de la organizaci\u00f3n tales como: clima, cultura, capital humano, procesos. Estos estudios, permitir\u00e1n reconocer los cambios en la cultura, en la estructura, en las formas de trabajar\u00a0 y relacionarse de las personas que la integran para tomar las decisiones que permitan asegurar que la organizaci\u00f3n responda en forma eficiente a su entorno.<\/p><p>La l\u00ednea investigativa que se enuncia pretende no s\u00f3lo responder a las nuevas realidades sociales, sino reposicionar a la universidad frente a su responsabilidad social como generadora de conocimiento y como formadora de profesionales.La \u201cGesti\u00f3n y el desarrollo organizacional\u201d como eje ordenador de la tarea de investigaci\u00f3n permitir\u00e1 desarrollar proyectos de investigaci\u00f3n centrados en el an\u00e1lisis del conjunto de pr\u00e1cticas que procuran conducir intervenciones deliberadas y planeadas con el prop\u00f3sito de generar en las organizaciones mayores niveles de efectividad, salud, equilibrio y sustentabilidad a lo largo de su funcionamiento. Se incluyen los estudios organizacionales relacionados con teoria y politica economica, medio ambiente, TICS, desarrollo humano, desarrollo empresarial, competitividad, innovaci\u00f3n, creatividad y sustentabilidad llevados adelante en las organizaciones.<\/p><p>Los alcances de la l\u00ednea se hacen extensivos al an\u00e1lisis de cualquier tipo de organizaci\u00f3n tenga \u00e1nimos de lucro o no y sobre cualquier estudio que pretenda abordar diversos fen\u00f3menos de las organizaciones.<\/p><p>Asimismo, este eje supone el estudio desde una mirada interdisciplinaria, por lo que puede enriquecerse con la participaci\u00f3n de profesionales de diversa formaci\u00f3n interesados en el an\u00e1lisis de las din\u00e1micas institucionales.<\/p>\t\t\t\t\t<\/div>\n\t\t\t\t\t\t<\/div>\n\t\t\t\t<\/div>\n\t\t\t\t\t\t<\/div>\n\t\t\t\t\t<\/div>\n\t\t<\/div>\n\t\t\t\t\t\t\t\t<\/div>\n\t\t\t\t\t<\/div>\n\t\t<\/section>\n\t\t\t\t\t\t<\/div>\n\t\t\t\t\t\t<\/div>\n\t\t\t\t\t<\/div>\n\t\t","protected":false},"excerpt":{"rendered":"<p>L\u00ednea de Investigaci\u00f3n Gesti\u00f3n y Desarrollo Organizacional Est\u00e1 l\u00ednea de Investigaci\u00f3n est\u00e1 dirigida por Mariana Arraigada, es Contadora P\u00fablica, Licenciada en Administraci\u00f3n y Magister en Administraci\u00f3n de Negocios por la Universidad Nacional de Mar del Plata. Fundamentaci\u00f3n Partiendo del hecho que todas las organizaciones tienen una finalidad, persiguen objetivos de supervivencia, transitan por ciclos de [&hellip;]<\/p>\n","protected":false},"author":105,"featured_media":0,"parent":0,"menu_order":0,"comment_status":"closed","ping_status":"closed","template":"elementor_header_footer","meta":[],"_links":{"self":[{"href":"https:\/\/www.ufasta.edu.ar\/investigacion\/wp-json\/wp\/v2\/pages\/1430"}],"collection":[{"href":"https:\/\/www.ufasta.edu.ar\/investigacion\/wp-json\/wp\/v2\/pages"}],"about":[{"href":"https:\/\/www.ufasta.edu.ar\/investigacion\/wp-json\/wp\/v2\/types\/page"}],"author":[{"embeddable":true,"href":"https:\/\/www.ufasta.edu.ar\/investigacion\/wp-json\/wp\/v2\/users\/105"}],"replies":[{"embeddable":true,"href":"https:\/\/www.ufasta.edu.ar\/investigacion\/wp-json\/wp\/v2\/comments?post=1430"}],"version-history":[{"count":20,"href":"https:\/\/www.ufasta.edu.ar\/investigacion\/wp-json\/wp\/v2\/pages\/1430\/revisions"}],"predecessor-version":[{"id":10039,"href":"https:\/\/www.ufasta.edu.ar\/investigacion\/wp-json\/wp\/v2\/pages\/1430\/revisions\/10039"}],"wp:attachment":[{"href":"https:\/\/www.ufasta.edu.ar\/investigacion\/wp-json\/wp\/v2\/media?parent=1430"}],"curies":[{"name":"wp","href":"https:\/\/api.w.org\/{rel}","templated":true}]}}