{"id":1424,"date":"2019-05-29T18:34:20","date_gmt":"2019-05-29T18:34:20","guid":{"rendered":"https:\/\/www.ufasta.edu.ar\/investigacion2\/?page_id=1424"},"modified":"2022-11-03T19:40:14","modified_gmt":"2022-11-03T19:40:14","slug":"linea-de-investigacion-promocion-de-la-salud","status":"publish","type":"page","link":"https:\/\/www.ufasta.edu.ar\/investigacion\/linea-de-investigacion-promocion-de-la-salud\/","title":{"rendered":"L\u00ednea de Investigaci\u00f3n Promoci\u00f3n de la Salud"},"content":{"rendered":"\t\t<div data-elementor-type=\"wp-page\" data-elementor-id=\"1424\" class=\"elementor elementor-1424\" data-elementor-settings=\"[]\">\n\t\t\t\t\t\t<div class=\"elementor-inner\">\n\t\t\t\t\t\t\t<div class=\"elementor-section-wrap\">\n\t\t\t\t\t\t\t<section class=\"has_ma_el_bg_slider elementor-section elementor-top-section elementor-element elementor-element-733990db elementor-section-full_width elementor-section-height-default elementor-section-height-default wpr-particle-no wpr-jarallax-no wpr-parallax-no wpr-sticky-section-no\" data-id=\"733990db\" data-element_type=\"section\">\n\t\t\t\t\t\t<div class=\"elementor-container elementor-column-gap-default\">\n\t\t\t\t\t\t\t<div class=\"elementor-row\">\n\t\t\t\t\t\t\t\t\t<\/div>\n\t\t\t\t\t<\/div>\n\t\t<\/section>\n\t\t\t\t<section class=\"has_ma_el_bg_slider elementor-section elementor-top-section elementor-element elementor-element-dc999c3 elementor-section-boxed elementor-section-height-default elementor-section-height-default wpr-particle-no wpr-jarallax-no wpr-parallax-no wpr-sticky-section-no\" data-id=\"dc999c3\" data-element_type=\"section\">\n\t\t\t\t\t\t<div class=\"elementor-container elementor-column-gap-default\">\n\t\t\t\t\t\t\t<div class=\"elementor-row\">\n\t\t\t\t\t<div class=\"has_ma_el_bg_slider elementor-column elementor-col-100 elementor-top-column elementor-element elementor-element-ec75039\" data-id=\"ec75039\" data-element_type=\"column\">\n\t\t\t<div class=\"elementor-column-wrap elementor-element-populated\">\n\t\t\t\t\t\t\t<div class=\"elementor-widget-wrap\">\n\t\t\t\t\t\t<div class=\"elementor-element elementor-element-69b9a8b elementor-widget elementor-widget-heading\" data-id=\"69b9a8b\" data-element_type=\"widget\" data-widget_type=\"heading.default\">\n\t\t\t\t<div class=\"elementor-widget-container\">\n\t\t\t<h2 class=\"elementor-heading-title elementor-size-default\">L\u00ednea de Investigaci\u00f3n<\/h2>\t\t<\/div>\n\t\t\t\t<\/div>\n\t\t\t\t\t\t<\/div>\n\t\t\t\t\t<\/div>\n\t\t<\/div>\n\t\t\t\t\t\t\t\t<\/div>\n\t\t\t\t\t<\/div>\n\t\t<\/section>\n\t\t\t\t<section class=\"has_ma_el_bg_slider elementor-section elementor-top-section elementor-element elementor-element-3cf54895 elementor-section-boxed elementor-section-height-default elementor-section-height-default wpr-particle-no wpr-jarallax-no wpr-parallax-no wpr-sticky-section-no\" data-id=\"3cf54895\" data-element_type=\"section\">\n\t\t\t\t\t\t<div class=\"elementor-container elementor-column-gap-default\">\n\t\t\t\t\t\t\t<div class=\"elementor-row\">\n\t\t\t\t\t<div class=\"has_ma_el_bg_slider elementor-column elementor-col-100 elementor-top-column elementor-element elementor-element-37eb8ee1\" data-id=\"37eb8ee1\" data-element_type=\"column\">\n\t\t\t<div class=\"elementor-column-wrap elementor-element-populated\">\n\t\t\t\t\t\t\t<div class=\"elementor-widget-wrap\">\n\t\t\t\t\t\t<div class=\"elementor-element elementor-element-482a9182 elementor-widget elementor-widget-heading\" data-id=\"482a9182\" data-element_type=\"widget\" data-widget_type=\"heading.default\">\n\t\t\t\t<div class=\"elementor-widget-container\">\n\t\t\t<h3 class=\"elementor-heading-title elementor-size-default\">Promoci\u00f3n de la Salud<\/span><\/h3>\t\t<\/div>\n\t\t\t\t<\/div>\n\t\t\t\t\t\t<\/div>\n\t\t\t\t\t<\/div>\n\t\t<\/div>\n\t\t\t\t\t\t\t\t<\/div>\n\t\t\t\t\t<\/div>\n\t\t<\/section>\n\t\t\t\t<section class=\"has_ma_el_bg_slider elementor-section elementor-top-section elementor-element elementor-element-67a51b9a elementor-section-boxed elementor-section-height-default elementor-section-height-default wpr-particle-no wpr-jarallax-no wpr-parallax-no wpr-sticky-section-no\" data-id=\"67a51b9a\" data-element_type=\"section\">\n\t\t\t\t\t\t<div class=\"elementor-container elementor-column-gap-default\">\n\t\t\t\t\t\t\t<div class=\"elementor-row\">\n\t\t\t\t\t<div class=\"has_ma_el_bg_slider elementor-column elementor-col-50 elementor-top-column elementor-element elementor-element-4ba1ea1e\" data-id=\"4ba1ea1e\" data-element_type=\"column\">\n\t\t\t<div class=\"elementor-column-wrap elementor-element-populated\">\n\t\t\t\t\t\t\t<div class=\"elementor-widget-wrap\">\n\t\t\t\t\t\t<div class=\"elementor-element elementor-element-4ec2d8fb elementor-widget elementor-widget-text-editor\" data-id=\"4ec2d8fb\" data-element_type=\"widget\" data-widget_type=\"text-editor.default\">\n\t\t\t\t<div class=\"elementor-widget-container\">\n\t\t\t\t\t\t\t\t<div class=\"elementor-text-editor elementor-clearfix\">\n\t\t\t\t<p>Esta l\u00ednea de Investigaci\u00f3n est\u00e1 dirigida por Mart\u00edn Gast\u00f3n Esteban Zemel,\u00a0 es Odont\u00f3logo y Doctor en Odontolog\u00eda\u00a0 por la Universidad\u00a0Nacional de La Plata.<\/p>\t\t\t\t\t<\/div>\n\t\t\t\t\t\t<\/div>\n\t\t\t\t<\/div>\n\t\t\t\t\t\t<\/div>\n\t\t\t\t\t<\/div>\n\t\t<\/div>\n\t\t\t\t<div class=\"has_ma_el_bg_slider elementor-column elementor-col-50 elementor-top-column elementor-element elementor-element-34f7ff6d\" data-id=\"34f7ff6d\" data-element_type=\"column\">\n\t\t\t<div class=\"elementor-column-wrap elementor-element-populated\">\n\t\t\t\t\t\t\t<div class=\"elementor-widget-wrap\">\n\t\t\t\t\t\t<div class=\"elementor-element elementor-element-533c3758 elementor-widget elementor-widget-image\" data-id=\"533c3758\" data-element_type=\"widget\" data-widget_type=\"image.default\">\n\t\t\t\t<div class=\"elementor-widget-container\">\n\t\t\t\t\t\t\t\t<div class=\"elementor-image\">\n\t\t\t\t\t\t\t\t\t\t\t\t<img width=\"150\" height=\"150\" src=\"https:\/\/www.ufasta.edu.ar\/investigacion\/files\/2022\/04\/8168658_health_medical_healthcare_heart_icon-150x150.png\" class=\"attachment-thumbnail size-thumbnail\" alt=\"\" loading=\"lazy\" srcset=\"https:\/\/www.ufasta.edu.ar\/investigacion\/files\/2022\/04\/8168658_health_medical_healthcare_heart_icon-150x150.png 150w, https:\/\/www.ufasta.edu.ar\/investigacion\/files\/2022\/04\/8168658_health_medical_healthcare_heart_icon-300x300.png 300w, https:\/\/www.ufasta.edu.ar\/investigacion\/files\/2022\/04\/8168658_health_medical_healthcare_heart_icon-230x230.png 230w, https:\/\/www.ufasta.edu.ar\/investigacion\/files\/2022\/04\/8168658_health_medical_healthcare_heart_icon-350x350.png 350w, https:\/\/www.ufasta.edu.ar\/investigacion\/files\/2022\/04\/8168658_health_medical_healthcare_heart_icon-480x480.png 480w, https:\/\/www.ufasta.edu.ar\/investigacion\/files\/2022\/04\/8168658_health_medical_healthcare_heart_icon.png 512w\" sizes=\"(max-width: 150px) 100vw, 150px\" \/>\t\t\t\t\t\t\t\t\t\t\t\t\t\t<\/div>\n\t\t\t\t\t\t<\/div>\n\t\t\t\t<\/div>\n\t\t\t\t\t\t<\/div>\n\t\t\t\t\t<\/div>\n\t\t<\/div>\n\t\t\t\t\t\t\t\t<\/div>\n\t\t\t\t\t<\/div>\n\t\t<\/section>\n\t\t\t\t<section class=\"has_ma_el_bg_slider elementor-section elementor-top-section elementor-element elementor-element-3d9f1468 elementor-section-boxed elementor-section-height-default elementor-section-height-default wpr-particle-no wpr-jarallax-no wpr-parallax-no wpr-sticky-section-no\" data-id=\"3d9f1468\" data-element_type=\"section\">\n\t\t\t\t\t\t<div class=\"elementor-container elementor-column-gap-default\">\n\t\t\t\t\t\t\t<div class=\"elementor-row\">\n\t\t\t\t\t<div class=\"has_ma_el_bg_slider elementor-column elementor-col-100 elementor-top-column elementor-element elementor-element-26921ea\" data-id=\"26921ea\" data-element_type=\"column\">\n\t\t\t<div class=\"elementor-column-wrap elementor-element-populated\">\n\t\t\t\t\t\t\t<div class=\"elementor-widget-wrap\">\n\t\t\t\t\t\t<div class=\"elementor-element elementor-element-4efa2849 elementor-widget elementor-widget-heading\" data-id=\"4efa2849\" data-element_type=\"widget\" data-widget_type=\"heading.default\">\n\t\t\t\t<div class=\"elementor-widget-container\">\n\t\t\t<h3 class=\"elementor-heading-title elementor-size-default\">Fundamentaci\u00f3n <\/h3>\t\t<\/div>\n\t\t\t\t<\/div>\n\t\t\t\t<div class=\"elementor-element elementor-element-728d2532 elementor-widget elementor-widget-text-editor\" data-id=\"728d2532\" data-element_type=\"widget\" data-widget_type=\"text-editor.default\">\n\t\t\t\t<div class=\"elementor-widget-container\">\n\t\t\t\t\t\t\t\t<div class=\"elementor-text-editor elementor-clearfix\">\n\t\t\t\t<p>La promoci\u00f3n de la salud fomenta cambios en el ambiente social que ayudan proteger la salud de las comunidades. Incluye las acciones dirigidas a favorecer la incorporaci\u00f3n de pr\u00e1cticas individuales y comunitarias saludables, como tambi\u00e9n la modificaci\u00f3n de las condiciones sociales, ambientales y econ\u00f3micas, con el fin de reducir las desigualdades sanitarias.<\/p><p>La patolog\u00eda cardiovascular, la diabetes, el c\u00e1ncer, las neumopat\u00edas cr\u00f3nicas, y las lesiones son las enfermedades no transmisibles responsables, de m\u00e1s del 60% de las muertes y del 50% de los a\u00f1os de vida perdidos por muerte prematura en la Rep\u00fablica Argentina (MSRA, 2018). En este sentido, el tabaquismo, el sedentarismo, una dieta inadecuada y el consumo excesivo de alcohol son factores de riesgo reconocidos en la g\u00e9nesis de las enfermedades cr\u00f3nicas.<\/p><p>A nivel mundial, la Organizaci\u00f3n Mundial de la Salud (2014) estima que la hipertensi\u00f3n ha causado 9,4 millones de fallecimientos y el 7% de la carga de morbilidad en forma anual. La inactividad f\u00edsica causa 3,2 millones de defunciones y la p\u00e9rdida de 69,3 millones de a\u00f1os de vida ajustados por discapacidad (AVAD) en el mundo. Adem\u00e1s, se estima que anualmente mueren aproximadamente seis millones de personas debido al consumo de tabaco, incluidas m\u00e1s de 600 000 muertes a causa de la exposici\u00f3n al humo ajeno, de las cuales 170 000 son de ni\u00f1os.<\/p><p>A su vez, el consumo excesivo de alcohol causa 3,3% de las muertes y 5,1% de los AVAD perdidos en la poblaci\u00f3n mundial, y se relaciona con m\u00e1s de 60 enfermedades y traumatismos, aparte de sus efectos psicosociales en individuos, familias y comunidad. Por tanto, los pilares de la promoci\u00f3n de la salud comprenden el desarrollo de pol\u00edticas p\u00fablicas saludables, la promoci\u00f3n de ciudades saludables y el empoderamiento de la comunidad en relaci\u00f3n con los conocimientos en materia sanitaria.<\/p><p>El enfoque de entornos saludables, un enfoque de promoci\u00f3n de la salud, implica un m\u00e9todo multidisciplinario para promover la salud y prevenir enfermedades a trav\u00e9s de un \u201csistema completo\u201d en lugares o contextos sociales en los que las personas participan en actividades diarias, donde los factores ambientales, organizacionales y personales interact\u00faan para afectar salud y el bienestar.<\/p><p>En virtud del impacto que asumen las acciones de promoci\u00f3n de la salud se requiere \u201cactuar desde la evidencia\u201d a fin de reducir posibles desaciertos. La utilizaci\u00f3n de informaci\u00f3n actualizada, confiable y respaldada objetivamente, proporciona las bases sustentables para la implementaci\u00f3n de intervenciones efectivas. En este sentido, la Universidad se erige como un actor principal a partir de la producci\u00f3n de conocimientos cient\u00edficos que abonen a la gestaci\u00f3n de pol\u00edticas p\u00fablicas saludables.<\/p><p>Al considerarse el mismo sistema sanitario como un determinante de la salud, esta \u00a0l\u00ednea propuesta encuentra ella m\u00faltiples dimensiones del sistema de salud \u00edntimamente relacionadas tanto desde el nivel desarrollo te\u00f3rico-conceptual como en la implementaci\u00f3n de los procesos y estrategias de promoci\u00f3n de la salud.<\/p>\t\t\t\t\t<\/div>\n\t\t\t\t\t\t<\/div>\n\t\t\t\t<\/div>\n\t\t\t\t\t\t<\/div>\n\t\t\t\t\t<\/div>\n\t\t<\/div>\n\t\t\t\t\t\t\t\t<\/div>\n\t\t\t\t\t<\/div>\n\t\t<\/section>\n\t\t\t\t\t\t<\/div>\n\t\t\t\t\t\t<\/div>\n\t\t\t\t\t<\/div>\n\t\t","protected":false},"excerpt":{"rendered":"<p>L\u00ednea de Investigaci\u00f3n Promoci\u00f3n de la Salud Esta l\u00ednea de Investigaci\u00f3n est\u00e1 dirigida por Mart\u00edn Gast\u00f3n Esteban Zemel,\u00a0 es Odont\u00f3logo y Doctor en Odontolog\u00eda\u00a0 por la Universidad\u00a0Nacional de La Plata. Fundamentaci\u00f3n La promoci\u00f3n de la salud fomenta cambios en el ambiente social que ayudan proteger la salud de las comunidades. Incluye las acciones dirigidas a [&hellip;]<\/p>\n","protected":false},"author":105,"featured_media":0,"parent":0,"menu_order":0,"comment_status":"closed","ping_status":"closed","template":"elementor_header_footer","meta":[],"_links":{"self":[{"href":"https:\/\/www.ufasta.edu.ar\/investigacion\/wp-json\/wp\/v2\/pages\/1424"}],"collection":[{"href":"https:\/\/www.ufasta.edu.ar\/investigacion\/wp-json\/wp\/v2\/pages"}],"about":[{"href":"https:\/\/www.ufasta.edu.ar\/investigacion\/wp-json\/wp\/v2\/types\/page"}],"author":[{"embeddable":true,"href":"https:\/\/www.ufasta.edu.ar\/investigacion\/wp-json\/wp\/v2\/users\/105"}],"replies":[{"embeddable":true,"href":"https:\/\/www.ufasta.edu.ar\/investigacion\/wp-json\/wp\/v2\/comments?post=1424"}],"version-history":[{"count":16,"href":"https:\/\/www.ufasta.edu.ar\/investigacion\/wp-json\/wp\/v2\/pages\/1424\/revisions"}],"predecessor-version":[{"id":6434,"href":"https:\/\/www.ufasta.edu.ar\/investigacion\/wp-json\/wp\/v2\/pages\/1424\/revisions\/6434"}],"wp:attachment":[{"href":"https:\/\/www.ufasta.edu.ar\/investigacion\/wp-json\/wp\/v2\/media?parent=1424"}],"curies":[{"name":"wp","href":"https:\/\/api.w.org\/{rel}","templated":true}]}}