{"id":1417,"date":"2019-05-29T18:28:01","date_gmt":"2019-05-29T18:28:01","guid":{"rendered":"https:\/\/www.ufasta.edu.ar\/investigacion2\/?page_id=1417"},"modified":"2022-11-03T19:34:00","modified_gmt":"2022-11-03T19:34:00","slug":"linea-de-investigacion-bioetica","status":"publish","type":"page","link":"https:\/\/www.ufasta.edu.ar\/investigacion\/lineas-de-investigacion\/linea-de-investigacion-bioetica\/","title":{"rendered":"L\u00ednea de Investigaci\u00f3n &#8211; Bio\u00e9tica"},"content":{"rendered":"\t\t<div data-elementor-type=\"wp-page\" data-elementor-id=\"1417\" class=\"elementor elementor-1417\" data-elementor-settings=\"[]\">\n\t\t\t\t\t\t<div class=\"elementor-inner\">\n\t\t\t\t\t\t\t<div class=\"elementor-section-wrap\">\n\t\t\t\t\t\t\t<section class=\"has_ma_el_bg_slider elementor-section elementor-top-section elementor-element elementor-element-e894429 elementor-section-full_width elementor-section-height-default elementor-section-height-default wpr-particle-no wpr-jarallax-no wpr-parallax-no wpr-sticky-section-no\" data-id=\"e894429\" data-element_type=\"section\">\n\t\t\t\t\t\t<div class=\"elementor-container elementor-column-gap-default\">\n\t\t\t\t\t\t\t<div class=\"elementor-row\">\n\t\t\t\t\t\t\t\t\t<\/div>\n\t\t\t\t\t<\/div>\n\t\t<\/section>\n\t\t\t\t<section class=\"has_ma_el_bg_slider elementor-section elementor-top-section elementor-element elementor-element-04f6852 elementor-section-boxed elementor-section-height-default elementor-section-height-default wpr-particle-no wpr-jarallax-no wpr-parallax-no wpr-sticky-section-no\" data-id=\"04f6852\" data-element_type=\"section\">\n\t\t\t\t\t\t<div class=\"elementor-container elementor-column-gap-default\">\n\t\t\t\t\t\t\t<div class=\"elementor-row\">\n\t\t\t\t\t<div class=\"has_ma_el_bg_slider elementor-column elementor-col-100 elementor-top-column elementor-element elementor-element-eb514c1\" data-id=\"eb514c1\" data-element_type=\"column\">\n\t\t\t<div class=\"elementor-column-wrap\">\n\t\t\t\t\t\t\t<div class=\"elementor-widget-wrap\">\n\t\t\t\t\t\t\t\t<\/div>\n\t\t\t\t\t<\/div>\n\t\t<\/div>\n\t\t\t\t\t\t\t\t<\/div>\n\t\t\t\t\t<\/div>\n\t\t<\/section>\n\t\t\t\t<section class=\"has_ma_el_bg_slider elementor-section elementor-top-section elementor-element elementor-element-a7e0dee elementor-section-boxed elementor-section-height-default elementor-section-height-default wpr-particle-no wpr-jarallax-no wpr-parallax-no wpr-sticky-section-no\" data-id=\"a7e0dee\" data-element_type=\"section\">\n\t\t\t\t\t\t<div class=\"elementor-container elementor-column-gap-default\">\n\t\t\t\t\t\t\t<div class=\"elementor-row\">\n\t\t\t\t\t\t\t\t\t<\/div>\n\t\t\t\t\t<\/div>\n\t\t<\/section>\n\t\t\t\t<section class=\"has_ma_el_bg_slider elementor-section elementor-top-section elementor-element elementor-element-21446de elementor-section-boxed elementor-section-height-default elementor-section-height-default wpr-particle-no wpr-jarallax-no wpr-parallax-no wpr-sticky-section-no\" data-id=\"21446de\" data-element_type=\"section\">\n\t\t\t\t\t\t<div class=\"elementor-container elementor-column-gap-default\">\n\t\t\t\t\t\t\t<div class=\"elementor-row\">\n\t\t\t\t\t<div class=\"has_ma_el_bg_slider elementor-column elementor-col-100 elementor-top-column elementor-element elementor-element-99dcd90\" data-id=\"99dcd90\" data-element_type=\"column\">\n\t\t\t<div class=\"elementor-column-wrap elementor-element-populated\">\n\t\t\t\t\t\t\t<div class=\"elementor-widget-wrap\">\n\t\t\t\t\t\t<div class=\"elementor-element elementor-element-3726991 elementor-widget elementor-widget-heading\" data-id=\"3726991\" data-element_type=\"widget\" data-widget_type=\"heading.default\">\n\t\t\t\t<div class=\"elementor-widget-container\">\n\t\t\t<h2 class=\"elementor-heading-title elementor-size-default\">L\u00ednea de investigaci\u00f3n <\/h2>\t\t<\/div>\n\t\t\t\t<\/div>\n\t\t\t\t<div class=\"elementor-element elementor-element-1d3a0ee elementor-widget elementor-widget-heading\" data-id=\"1d3a0ee\" data-element_type=\"widget\" data-widget_type=\"heading.default\">\n\t\t\t\t<div class=\"elementor-widget-container\">\n\t\t\t<h2 class=\"elementor-heading-title elementor-size-default\">Bio\u00e9tica <\/h2>\t\t<\/div>\n\t\t\t\t<\/div>\n\t\t\t\t\t\t<\/div>\n\t\t\t\t\t<\/div>\n\t\t<\/div>\n\t\t\t\t\t\t\t\t<\/div>\n\t\t\t\t\t<\/div>\n\t\t<\/section>\n\t\t\t\t<section class=\"has_ma_el_bg_slider elementor-section elementor-top-section elementor-element elementor-element-602618d elementor-section-boxed elementor-section-height-default elementor-section-height-default wpr-particle-no wpr-jarallax-no wpr-parallax-no wpr-sticky-section-no\" data-id=\"602618d\" data-element_type=\"section\">\n\t\t\t\t\t\t<div class=\"elementor-container elementor-column-gap-default\">\n\t\t\t\t\t\t\t<div class=\"elementor-row\">\n\t\t\t\t\t<div class=\"has_ma_el_bg_slider elementor-column elementor-col-50 elementor-top-column elementor-element elementor-element-0e12a0a\" data-id=\"0e12a0a\" data-element_type=\"column\">\n\t\t\t<div class=\"elementor-column-wrap elementor-element-populated\">\n\t\t\t\t\t\t\t<div class=\"elementor-widget-wrap\">\n\t\t\t\t\t\t<div class=\"elementor-element elementor-element-2598a49 elementor-widget elementor-widget-text-editor\" data-id=\"2598a49\" data-element_type=\"widget\" data-widget_type=\"text-editor.default\">\n\t\t\t\t<div class=\"elementor-widget-container\">\n\t\t\t\t\t\t\t\t<div class=\"elementor-text-editor elementor-clearfix\">\n\t\t\t\t<p>Esta l\u00ednea de Investigaci\u00f3n est\u00e1 dirigida por Julia Elbaba. Es M\u00e9dica por la Universidad Nacional de Rosario,&nbsp; Magister en Bio\u00e9tica por&nbsp; la Universidad Cat\u00f3lica del Sacro Cuore y Universidad Lateranense Roma Italia. Actualmente es Decana de la Facultad de Ciencias M\u00e9dicas.<\/p>\t\t\t\t\t<\/div>\n\t\t\t\t\t\t<\/div>\n\t\t\t\t<\/div>\n\t\t\t\t\t\t<\/div>\n\t\t\t\t\t<\/div>\n\t\t<\/div>\n\t\t\t\t<div class=\"has_ma_el_bg_slider elementor-column elementor-col-50 elementor-top-column elementor-element elementor-element-9d248ad\" data-id=\"9d248ad\" data-element_type=\"column\">\n\t\t\t<div class=\"elementor-column-wrap elementor-element-populated\">\n\t\t\t\t\t\t\t<div class=\"elementor-widget-wrap\">\n\t\t\t\t\t\t<div class=\"elementor-element elementor-element-4e95957 elementor-widget elementor-widget-image\" data-id=\"4e95957\" data-element_type=\"widget\" data-widget_type=\"image.default\">\n\t\t\t\t<div class=\"elementor-widget-container\">\n\t\t\t\t\t\t\t\t<div class=\"elementor-image\">\n\t\t\t\t\t\t\t\t\t\t\t\t<img width=\"150\" height=\"150\" src=\"https:\/\/www.ufasta.edu.ar\/investigacion\/files\/2022\/03\/desktop_7551aa71-9c3c-4a60-ab87-6b3e098b5db1-150x150.png\" class=\"attachment-thumbnail size-thumbnail\" alt=\"\" loading=\"lazy\" \/>\t\t\t\t\t\t\t\t\t\t\t\t\t\t<\/div>\n\t\t\t\t\t\t<\/div>\n\t\t\t\t<\/div>\n\t\t\t\t\t\t<\/div>\n\t\t\t\t\t<\/div>\n\t\t<\/div>\n\t\t\t\t\t\t\t\t<\/div>\n\t\t\t\t\t<\/div>\n\t\t<\/section>\n\t\t\t\t<section class=\"has_ma_el_bg_slider elementor-section elementor-top-section elementor-element elementor-element-2e40dd3 elementor-section-boxed elementor-section-height-default elementor-section-height-default wpr-particle-no wpr-jarallax-no wpr-parallax-no wpr-sticky-section-no\" data-id=\"2e40dd3\" data-element_type=\"section\">\n\t\t\t\t\t\t<div class=\"elementor-container elementor-column-gap-default\">\n\t\t\t\t\t\t\t<div class=\"elementor-row\">\n\t\t\t\t\t<div class=\"has_ma_el_bg_slider elementor-column elementor-col-100 elementor-top-column elementor-element elementor-element-f2d9c59\" data-id=\"f2d9c59\" data-element_type=\"column\">\n\t\t\t<div class=\"elementor-column-wrap elementor-element-populated\">\n\t\t\t\t\t\t\t<div class=\"elementor-widget-wrap\">\n\t\t\t\t\t\t<div class=\"elementor-element elementor-element-3fa6d57 elementor-widget elementor-widget-heading\" data-id=\"3fa6d57\" data-element_type=\"widget\" data-widget_type=\"heading.default\">\n\t\t\t\t<div class=\"elementor-widget-container\">\n\t\t\t<h3 class=\"elementor-heading-title elementor-size-default\"> Fundamentaci\u00f3n<\/h3>\t\t<\/div>\n\t\t\t\t<\/div>\n\t\t\t\t<div class=\"elementor-element elementor-element-7b0d15e elementor-widget elementor-widget-text-editor\" data-id=\"7b0d15e\" data-element_type=\"widget\" data-widget_type=\"text-editor.default\">\n\t\t\t\t<div class=\"elementor-widget-container\">\n\t\t\t\t\t\t\t\t<div class=\"elementor-text-editor elementor-clearfix\">\n\t\t\t\t<p>La Bio\u00e9tica es la ciencia que con metodolog\u00eda interdisciplinaria, analiza la conducta humana en el campo de las ciencias de la vida y la salud, a la luz de valores\u00a0 y principios morales. Para la escuela de Bio\u00e9tica Personalista el valor de referencia es la persona\u00a0 humana, su dignidad personal y sus derechos.<\/p><p>La Bio\u00e9tica Personalista se centra en la persona y es un camino privilegiado \u00a0para alcanzar una Medicina\u00a0 humanitaria y centrada en el bien integral de la persona.<\/p><p>La investigaci\u00f3n en Bio\u00e9tica y esta l\u00ednea en particular, quiere ahondar en la persona y su vida, respet\u00e1ndola desde\u00a0 la concepci\u00f3n hasta la\u00a0 muerte natural, rescatando su valor inconmensurable y su sacralidad, la vida humana entendida como un don.<\/p><p>Al ser la Bio\u00e9tica una ciencia que trabaja con una metodolog\u00eda interdisciplinaria, podr\u00eda sumar a todas y cada una\u00a0 de las ciencias particulares que se expresan en la Universidad. De hecho la experiencia de Integraci\u00f3n de los Saberes, con su eje en la dignidad humana, evidencia la posibilidad de abrir una l\u00ednea de investigaci\u00f3n similar.<\/p><p>Los temas de investigaci\u00f3n en esta l\u00ednea son: En primer lugar la defensa de la vida de la persona, a la luz de la Bio\u00e9tica Personalista desde la concepci\u00f3n hasta la muerte natural, estudiando las amenazas y fortalezas a la que se expone la vida humana en la sociedad actual, y en el campo sanitario en particular. Por otra parte la \u00e9tica profesional, vista como un modo de ser \u00e9tico en el \u00e1mbito profesional a la luz del Magisterio de la Iglesia. Por \u00faltimo, esta l\u00ednea intentar\u00e1 el estudio, an\u00e1lisis y aplicaci\u00f3n a la vida universitaria del Magisterio de la Iglesia en temas bio\u00e9ticos:<\/p><ul><li>Humanae Vitae<\/li><li>Evangelium Vitae<\/li><li>Donum Vitae<\/li><li>Iura et Bona<\/li><li>Nueva carta a los agentes sanitarios<\/li><\/ul>\t\t\t\t\t<\/div>\n\t\t\t\t\t\t<\/div>\n\t\t\t\t<\/div>\n\t\t\t\t\t\t<\/div>\n\t\t\t\t\t<\/div>\n\t\t<\/div>\n\t\t\t\t\t\t\t\t<\/div>\n\t\t\t\t\t<\/div>\n\t\t<\/section>\n\t\t\t\t\t\t<\/div>\n\t\t\t\t\t\t<\/div>\n\t\t\t\t\t<\/div>\n\t\t","protected":false},"excerpt":{"rendered":"<p>L\u00ednea de investigaci\u00f3n Bio\u00e9tica Esta l\u00ednea de Investigaci\u00f3n est\u00e1 dirigida por Julia Elbaba. Es M\u00e9dica por la Universidad Nacional de Rosario,&nbsp; Magister en Bio\u00e9tica por&nbsp; la Universidad Cat\u00f3lica del Sacro Cuore y Universidad Lateranense Roma Italia. Actualmente es Decana de la Facultad de Ciencias M\u00e9dicas. Fundamentaci\u00f3n La Bio\u00e9tica es la ciencia que con metodolog\u00eda interdisciplinaria, [&hellip;]<\/p>\n","protected":false},"author":105,"featured_media":0,"parent":1597,"menu_order":0,"comment_status":"closed","ping_status":"closed","template":"elementor_header_footer","meta":[],"_links":{"self":[{"href":"https:\/\/www.ufasta.edu.ar\/investigacion\/wp-json\/wp\/v2\/pages\/1417"}],"collection":[{"href":"https:\/\/www.ufasta.edu.ar\/investigacion\/wp-json\/wp\/v2\/pages"}],"about":[{"href":"https:\/\/www.ufasta.edu.ar\/investigacion\/wp-json\/wp\/v2\/types\/page"}],"author":[{"embeddable":true,"href":"https:\/\/www.ufasta.edu.ar\/investigacion\/wp-json\/wp\/v2\/users\/105"}],"replies":[{"embeddable":true,"href":"https:\/\/www.ufasta.edu.ar\/investigacion\/wp-json\/wp\/v2\/comments?post=1417"}],"version-history":[{"count":34,"href":"https:\/\/www.ufasta.edu.ar\/investigacion\/wp-json\/wp\/v2\/pages\/1417\/revisions"}],"predecessor-version":[{"id":6398,"href":"https:\/\/www.ufasta.edu.ar\/investigacion\/wp-json\/wp\/v2\/pages\/1417\/revisions\/6398"}],"up":[{"embeddable":true,"href":"https:\/\/www.ufasta.edu.ar\/investigacion\/wp-json\/wp\/v2\/pages\/1597"}],"wp:attachment":[{"href":"https:\/\/www.ufasta.edu.ar\/investigacion\/wp-json\/wp\/v2\/media?parent=1417"}],"curies":[{"name":"wp","href":"https:\/\/api.w.org\/{rel}","templated":true}]}}