{"id":1408,"date":"2019-05-29T17:46:13","date_gmt":"2019-05-29T17:46:13","guid":{"rendered":"https:\/\/www.ufasta.edu.ar\/investigacion2\/?page_id=1408"},"modified":"2022-11-03T19:50:24","modified_gmt":"2022-11-03T19:50:24","slug":"linea-de-investigacion-recursos-hidricos","status":"publish","type":"page","link":"https:\/\/www.ufasta.edu.ar\/investigacion\/linea-de-investigacion-recursos-hidricos\/","title":{"rendered":"L\u00ednea de Investigaci\u00f3n Recursos H\u00eddricos\u00a0"},"content":{"rendered":"\t\t<div data-elementor-type=\"wp-page\" data-elementor-id=\"1408\" class=\"elementor elementor-1408\" data-elementor-settings=\"[]\">\n\t\t\t\t\t\t<div class=\"elementor-inner\">\n\t\t\t\t\t\t\t<div class=\"elementor-section-wrap\">\n\t\t\t\t\t\t\t<section class=\"has_ma_el_bg_slider elementor-section elementor-top-section elementor-element elementor-element-2d08dc0b elementor-section-full_width elementor-section-height-default elementor-section-height-default wpr-particle-no wpr-jarallax-no wpr-parallax-no wpr-sticky-section-no\" data-id=\"2d08dc0b\" data-element_type=\"section\">\n\t\t\t\t\t\t<div class=\"elementor-container elementor-column-gap-default\">\n\t\t\t\t\t\t\t<div class=\"elementor-row\">\n\t\t\t\t\t\t\t\t\t<\/div>\n\t\t\t\t\t<\/div>\n\t\t<\/section>\n\t\t\t\t<section class=\"has_ma_el_bg_slider elementor-section elementor-top-section elementor-element elementor-element-d51b077 elementor-section-boxed elementor-section-height-default elementor-section-height-default wpr-particle-no wpr-jarallax-no wpr-parallax-no wpr-sticky-section-no\" data-id=\"d51b077\" data-element_type=\"section\">\n\t\t\t\t\t\t<div class=\"elementor-container elementor-column-gap-default\">\n\t\t\t\t\t\t\t<div class=\"elementor-row\">\n\t\t\t\t\t<div class=\"has_ma_el_bg_slider elementor-column elementor-col-100 elementor-top-column elementor-element elementor-element-4d8d5ed\" data-id=\"4d8d5ed\" data-element_type=\"column\">\n\t\t\t<div class=\"elementor-column-wrap elementor-element-populated\">\n\t\t\t\t\t\t\t<div class=\"elementor-widget-wrap\">\n\t\t\t\t\t\t<div class=\"elementor-element elementor-element-9b2d5c0 elementor-widget elementor-widget-heading\" data-id=\"9b2d5c0\" data-element_type=\"widget\" data-widget_type=\"heading.default\">\n\t\t\t\t<div class=\"elementor-widget-container\">\n\t\t\t<h2 class=\"elementor-heading-title elementor-size-default\">L\u00ednea de Investigaci\u00f3n<\/h2>\t\t<\/div>\n\t\t\t\t<\/div>\n\t\t\t\t\t\t<\/div>\n\t\t\t\t\t<\/div>\n\t\t<\/div>\n\t\t\t\t\t\t\t\t<\/div>\n\t\t\t\t\t<\/div>\n\t\t<\/section>\n\t\t\t\t<section class=\"has_ma_el_bg_slider elementor-section elementor-top-section elementor-element elementor-element-3077e23a elementor-section-boxed elementor-section-height-default elementor-section-height-default wpr-particle-no wpr-jarallax-no wpr-parallax-no wpr-sticky-section-no\" data-id=\"3077e23a\" data-element_type=\"section\">\n\t\t\t\t\t\t<div class=\"elementor-container elementor-column-gap-default\">\n\t\t\t\t\t\t\t<div class=\"elementor-row\">\n\t\t\t\t\t<div class=\"has_ma_el_bg_slider elementor-column elementor-col-100 elementor-top-column elementor-element elementor-element-1b91baae\" data-id=\"1b91baae\" data-element_type=\"column\">\n\t\t\t<div class=\"elementor-column-wrap elementor-element-populated\">\n\t\t\t\t\t\t\t<div class=\"elementor-widget-wrap\">\n\t\t\t\t\t\t<div class=\"elementor-element elementor-element-48f7320a elementor-widget elementor-widget-heading\" data-id=\"48f7320a\" data-element_type=\"widget\" data-widget_type=\"heading.default\">\n\t\t\t\t<div class=\"elementor-widget-container\">\n\t\t\t<h3 class=\"elementor-heading-title elementor-size-default\">Recursos H\u00eddricos <\/span><\/h3>\t\t<\/div>\n\t\t\t\t<\/div>\n\t\t\t\t\t\t<\/div>\n\t\t\t\t\t<\/div>\n\t\t<\/div>\n\t\t\t\t\t\t\t\t<\/div>\n\t\t\t\t\t<\/div>\n\t\t<\/section>\n\t\t\t\t<section class=\"has_ma_el_bg_slider elementor-section elementor-top-section elementor-element elementor-element-1e360a1f elementor-section-boxed elementor-section-height-default elementor-section-height-default wpr-particle-no wpr-jarallax-no wpr-parallax-no wpr-sticky-section-no\" data-id=\"1e360a1f\" data-element_type=\"section\">\n\t\t\t\t\t\t<div class=\"elementor-container elementor-column-gap-default\">\n\t\t\t\t\t\t\t<div class=\"elementor-row\">\n\t\t\t\t\t<div class=\"has_ma_el_bg_slider elementor-column elementor-col-50 elementor-top-column elementor-element elementor-element-145e8b9b\" data-id=\"145e8b9b\" data-element_type=\"column\">\n\t\t\t<div class=\"elementor-column-wrap elementor-element-populated\">\n\t\t\t\t\t\t\t<div class=\"elementor-widget-wrap\">\n\t\t\t\t\t\t<div class=\"elementor-element elementor-element-4e79b523 elementor-widget elementor-widget-text-editor\" data-id=\"4e79b523\" data-element_type=\"widget\" data-widget_type=\"text-editor.default\">\n\t\t\t\t<div class=\"elementor-widget-container\">\n\t\t\t\t\t\t\t\t<div class=\"elementor-text-editor elementor-clearfix\">\n\t\t\t\t<p>Esta l\u00ednea de Investigaci\u00f3n est\u00e1 dirigida por Mar\u00eda Lourdes Lima, Es Ingeniera Ambiental, egresada de la Universidad FASTA. Investigadora asistente de CONICET. Es directora del grupo de investigaci\u00f3n Recursos H\u00eddricos de la Universidad FASTA.<\/p>\t\t\t\t\t<\/div>\n\t\t\t\t\t\t<\/div>\n\t\t\t\t<\/div>\n\t\t\t\t\t\t<\/div>\n\t\t\t\t\t<\/div>\n\t\t<\/div>\n\t\t\t\t<div class=\"has_ma_el_bg_slider elementor-column elementor-col-50 elementor-top-column elementor-element elementor-element-50014d72\" data-id=\"50014d72\" data-element_type=\"column\">\n\t\t\t<div class=\"elementor-column-wrap elementor-element-populated\">\n\t\t\t\t\t\t\t<div class=\"elementor-widget-wrap\">\n\t\t\t\t\t\t<div class=\"elementor-element elementor-element-788a6f5 elementor-widget elementor-widget-image\" data-id=\"788a6f5\" data-element_type=\"widget\" data-widget_type=\"image.default\">\n\t\t\t\t<div class=\"elementor-widget-container\">\n\t\t\t\t\t\t\t\t<div class=\"elementor-image\">\n\t\t\t\t\t\t\t\t\t\t\t\t<img width=\"128\" height=\"128\" src=\"https:\/\/www.ufasta.edu.ar\/investigacion\/files\/2022\/04\/rh.png\" class=\"attachment-thumbnail size-thumbnail\" alt=\"\" loading=\"lazy\" \/>\t\t\t\t\t\t\t\t\t\t\t\t\t\t<\/div>\n\t\t\t\t\t\t<\/div>\n\t\t\t\t<\/div>\n\t\t\t\t\t\t<\/div>\n\t\t\t\t\t<\/div>\n\t\t<\/div>\n\t\t\t\t\t\t\t\t<\/div>\n\t\t\t\t\t<\/div>\n\t\t<\/section>\n\t\t\t\t<section class=\"has_ma_el_bg_slider elementor-section elementor-top-section elementor-element elementor-element-20770bdc elementor-section-boxed elementor-section-height-default elementor-section-height-default wpr-particle-no wpr-jarallax-no wpr-parallax-no wpr-sticky-section-no\" data-id=\"20770bdc\" data-element_type=\"section\">\n\t\t\t\t\t\t<div class=\"elementor-container elementor-column-gap-default\">\n\t\t\t\t\t\t\t<div class=\"elementor-row\">\n\t\t\t\t\t<div class=\"has_ma_el_bg_slider elementor-column elementor-col-100 elementor-top-column elementor-element elementor-element-356c15f8\" data-id=\"356c15f8\" data-element_type=\"column\">\n\t\t\t<div class=\"elementor-column-wrap elementor-element-populated\">\n\t\t\t\t\t\t\t<div class=\"elementor-widget-wrap\">\n\t\t\t\t\t\t<div class=\"elementor-element elementor-element-67c1c3e1 elementor-widget elementor-widget-heading\" data-id=\"67c1c3e1\" data-element_type=\"widget\" data-widget_type=\"heading.default\">\n\t\t\t\t<div class=\"elementor-widget-container\">\n\t\t\t<h3 class=\"elementor-heading-title elementor-size-default\">Fundamentaci\u00f3n <\/h3>\t\t<\/div>\n\t\t\t\t<\/div>\n\t\t\t\t<div class=\"elementor-element elementor-element-10de7f8e elementor-widget elementor-widget-text-editor\" data-id=\"10de7f8e\" data-element_type=\"widget\" data-widget_type=\"text-editor.default\">\n\t\t\t\t<div class=\"elementor-widget-container\">\n\t\t\t\t\t\t\t\t<div class=\"elementor-text-editor elementor-clearfix\">\n\t\t\t\t<p>La gesti\u00f3n ambiental del territorio del Partido de General Pueyrred\u00f3n reconoce como uno de sus prop\u00f3sitos esenciales el procurar un uso sustentable de los recursos h\u00eddricos subterr\u00e1neos (\u00fanico recurso disponible en el sudeste bonaerense) y tambi\u00e9n el cuidado del mismo frente al peligro de contaminaci\u00f3n. El peligro de contaminaci\u00f3n del agua subterr\u00e1nea puede definirse como la probabilidad que un acu\u00edfero experimente impactos negativos a partir de una actividad antr\u00f3pica dada, hasta un nivel tal que su agua subterr\u00e1nea se torne inaceptable para el consumo humano.<\/p><p>Por esto el control de las fuentes terrestres (planificaci\u00f3n de uso del suelo) es dif\u00edcil pero vital para un desarrollo sustentable y protecci\u00f3n de recursos subterr\u00e1neos. Por lo tanto se necesita contar con m\u00e9todos que permitan discriminar el territorio en \u00e1reas con diferente potencialidad de contaminaci\u00f3n del agua subterr\u00e1nea, a trav\u00e9s de modelos que integren datos espaciales, y as\u00ed generar una herramienta que sea de apoyo a la toma de decisiones para la planificaci\u00f3n territorial.<\/p><p>Se pretende desarrollar una metodolog\u00eda basada en modelos espaciales y de evaluaci\u00f3n multicriterio\u00a0 que eval\u00fae el peligro de contaminaci\u00f3n de las subcuencas h\u00eddricas del Partido de General Pueyrred\u00f3n y que pueda ser utilizada f\u00e1cilmente como herramienta de prevenci\u00f3n en el manejo de los recursos h\u00eddricos. Mediante esta herramienta el Municipio podr\u00e1 hacer m\u00e1s eficaz el proceso de gesti\u00f3n ambiental. Si bien, existen normas aplicables a la valoraci\u00f3n, seguimiento y control de las actividades con potencial contaminaci\u00f3n, se necesita de una herramienta que integre todos estos atributos para contribuir con el ordenamiento territorial y brindar estrategias de prevenci\u00f3n de la contaminaci\u00f3n. El producto final ser\u00e1 un Sistema de Soporte a la toma de Decisiones (SSD) que brinda una base de datos espaciales en la cual se definen prioridades de gesti\u00f3n del recurso h\u00eddrico a partir de aspectos t\u00e9cnicos de la gesti\u00f3n del riesgo de contaminaci\u00f3n del agua subterr\u00e1nea (peligrosidad, carga contaminante potencial y vulnerabilidad del acu\u00edfero).<\/p>\t\t\t\t\t<\/div>\n\t\t\t\t\t\t<\/div>\n\t\t\t\t<\/div>\n\t\t\t\t<div class=\"elementor-element elementor-element-b1b1aa1 elementor-widget elementor-widget-ma-blog-post\" data-id=\"b1b1aa1\" data-element_type=\"widget\" data-settings=\"{&quot;ma_el_post_grid_layout&quot;:&quot;grid&quot;,&quot;ma_el_blog_carousel_effect&quot;:&quot;slide&quot;,&quot;ma_el_blog_carousel_speed&quot;:{&quot;unit&quot;:&quot;px&quot;,&quot;size&quot;:300,&quot;sizes&quot;:[]},&quot;resistance_ratio&quot;:{&quot;unit&quot;:&quot;px&quot;,&quot;size&quot;:0.25,&quot;sizes&quot;:[]},&quot;ma_el_blog_carousel_direction&quot;:&quot;horizontal&quot;,&quot;ma_el_blog_carousel_direction_tablet&quot;:&quot;horizontal&quot;,&quot;ma_el_blog_carousel_direction_mobile&quot;:&quot;horizontal&quot;,&quot;ma_el_blog_carousel_grid_columns_spacing&quot;:{&quot;unit&quot;:&quot;px&quot;,&quot;size&quot;:24,&quot;sizes&quot;:[]},&quot;ma_el_blog_carousel_grid_columns_spacing_tablet&quot;:{&quot;unit&quot;:&quot;px&quot;,&quot;size&quot;:12,&quot;sizes&quot;:[]},&quot;ma_el_blog_carousel_grid_columns_spacing_mobile&quot;:{&quot;unit&quot;:&quot;px&quot;,&quot;size&quot;:0,&quot;sizes&quot;:[]},&quot;ma_el_blog_carousel_arrows&quot;:&quot;yes&quot;,&quot;ma_el_blog_carousel_pagination&quot;:&quot;on&quot;,&quot;ma_el_blog_carousel_pagination_position&quot;:&quot;inside&quot;,&quot;ma_el_blog_carousel_pagination_type&quot;:&quot;bullets&quot;,&quot;ma_el_blog_carousel_pagination_clickable&quot;:&quot;yes&quot;}\" data-widget_type=\"ma-blog-post.default\">\n\t\t\t\t<div class=\"elementor-widget-container\">\n\t\t\t\t\t\t\t\t\t<div class=\"ma-el-blog\">\n\n\t\t\t\t\t\t\t\n\n\t\t\t\t\t\t\t<div class=\"ma-el-blog-wrapper jltma-swiper jltma-swiper__container swiper-container elementor-jltma-element-b1b1aa1-1408 elementor-swiper-slider\" data-jltma-template-widget-id=\"b1b1aa1-1408\">\n\n\t\t\t\t\t\t\t\t\t\t\t\t\t\t\t\t\t<div class=\"jltma-blog-carousel jltma-swiper__wrapper swiper-wrapper\">\n\t\t\t\t\t\t\t\t\t\t<div class=\"jltma-slider__item jltma-swiper__slide swiper-slide\">\n\t\t\t\t\t\t<div class=\"ma-el-post-outer-container \">\n\t\t\t\t\n\n\t\t\t\t<div class=\"ma-el-blog-post ma-el-default-post                classic\">\n\n\t\t\t\t\t\n\t\t\t\t\t\t\t\n\t\t\t\t\t\t\t\t\n\t\t\t\t\t\t\t\t\t\n\t\t\t\t\t\t\t\t\t\t\n\t\t\t\t\t\t\t\t\t\t\t\t\t<div >\n\t\t\t\t\t\t\t\t<div class=\"ma-el-post-thumbnail ma-el-img- ma-el-img-shape-none\">\n\t\t\t\t\t\t\t\t\t<a href=\"https:\/\/www.ufasta.edu.ar\/investigacion\/2022\/01\/20\/gestion-de-los-recursos-hidricos\/\" target=\"\">\n\t\t\t\t\t\t\t\t\t\t\t\t\t\t\t\t\t\t\t<\/a>\n\t\t\t\t\t\t\t\t\t\t\t\t\t\t\t\t\t<\/div>\n\t\t\t\t\t\t\t<\/div>\n\t\t\t\t\t\t\n\t\t\t\t\t\n\t\t\t\t\t\t\t\t\t\t<div class=\"ma-el-blog-effect-container ma-el-blog-none-effect\">\n\t\t\t\t\t\t\t\t\t\t\t<a class=\"ma-el-post-link\" href=\"https:\/\/www.ufasta.edu.ar\/investigacion\/2022\/01\/20\/gestion-de-los-recursos-hidricos\/\" target=\"_self\"><\/a>\n\t\t\t\t\t\t\t\t\t\t\t\t\t\t\t\t\t\t\t\t\t<\/div>\n\n\n\n\t\t\t\t\t\t\t\t\t\t\n\t\t\t\t\t\t\t\t\t\n\t\t\t\t\t\t\t\t\t\n\n\n\t\t\t\t\t\t\t\t\t\n\t\t\t\t\t\t\t\t\t\t\n\t\t\t\t\t\t\t\t\t\t\t\n\t\t\t\t\t\t\t\t\t\t\t\t\t\t\t\t\t\t\t\t\t\t\t\t<div class=\"ma-el-post-content empty-thumb\">\n\n\t\t\t\t\t\t\t\t\t\t\t\t\t<div class=\"ma-el-blog-inner-container\">\n\n\t\t\t\t\t\t\t\t\t\t\t\t\t\t\n\t\t\t\t\t\t\t\t\t\t\t\t\t\t<div class=\"ma-el-blog-entry-container\">\n\t\t\t\t\t\t\t\t\t\t\t\t\t\t\t\n\t\t\t<h2 class=\"ma-el-entry-title\">\n\t\t\t\t<a href=\"https:\/\/www.ufasta.edu.ar\/investigacion\/2022\/01\/20\/gestion-de-los-recursos-hidricos\/\" target=\"_self\">Desarrollo de una herramienta de soporte a la toma de decisiones en la gesti\u00f3n de los recursos h\u00eddricos en el partido de General Pueyrred\u00f3n<\/a>\n\t\t\t<\/h2>\n\n\t\t\n\t\t\t<div class=\"ma-el-post-entry-meta\" style=\"margin-left:0px\">\n\n\t\t\t\t\t\t\t\t\t<span class=\"ma-el-post-author\">\n\t\t\t\t\t\t\t\t\t\t\t\t\t<i class=\"fa fa-user fa-fw\"><\/i>\n\t\t\t\t\t\t\t\t\t\t\t\t<a href=\"https:\/\/www.ufasta.edu.ar\/investigacion\/author\/brenda-meglioli\/\" title=\"Entradas de brenda.meglioli\" rel=\"author\">brenda.meglioli<\/a>\t\t\t\t\t<\/span>\n\t\t\t\t\n\t\t\t\t\t\t\t\t\t<span class=\"ma-el-post-date\">\n\t\t\t\t\t\t\t\t\t\t\t\t\t<i class=\"fa fa-calendar fa-fw\"><\/i>\n\t\t\t\t\t\t\n\t\t\t\t\t\t\t\t\t\t\t\t\t<a href=\"https:\/\/www.ufasta.edu.ar\/investigacion\/2022\/01\/20\/gestion-de-los-recursos-hidricos\/\" target=\"_self\">20 enero, 2022<\/a>\n\t\t\t\t\t\t\t\t\t\t\t<\/span>\n\t\t\t\t\n\t\t\t\t\n\t\t\t\t\t\t\t\t\t<span class=\"ma-el-post-comments\">\n\t\t\t\t\t\t\t\t\t\t\t\t\t<i class=\"fa fa-comments-o fa-fw\"><\/i>\n\t\t\t\t\t\t\t\t\t\t\t\t<a href=\"https:\/\/www.ufasta.edu.ar\/investigacion\/2022\/01\/20\/gestion-de-los-recursos-hidricos\/\" target=\"_self\">\n\t\t\t\t\t\t\t0 Comment\t\t\t\t\t\t<\/a>\n\t\t\t\t\t<\/span>\n\t\t\t\t\n\t\t\t<\/div>\n\n\t\t\t\t\t\t\t\t\t\t\t\t\t\t\t\t<\/div>\n\t\t\t\t\t\t\t\t\t\t\t\t\t<\/div>\n\n\n\t\t\t\t\t\t\t\t\t\t\t\t\t\n\t\t\t\t\t\t\t\t\t\t\t\t\t\t\t<div class=\"ma-el-blog-post-content-wrap\" style=\"margin-left:0px;\">\n\t\t\t<p>Desarrollo de una herramienta de soporte a la toma de decisiones en la gesti\u00f3n de los recursos h\u00eddricos en el partido de General Pueyrred\u00f3n\r\nTipo de Investigaci\u00f3n\r\nInvestigaci\u00f3n de desarrollo\r\nEstado\r\nFinalizado\r\nObjetivo General\r\nEl objetivo general del proyecto es desarrollar una herramienta inform\u00e1tica de apoyo a la toma de decisiones basada en modelos de decisi\u00f3n multicriterio que permita identificar y <br> <a href=\"https:\/\/www.ufasta.edu.ar\/investigacion\/2022\/01\/20\/gestion-de-los-recursos-hidricos\/\" class=\"ma-el-post-btn\">Read More<\/a><\/p>\t\t<\/div>\n\t\t\n\t\t\t\t\t\t\t\t\t\t\t\t\t\t\t\t\t\t\t\t\t\t\t\t\t<\/div>\n\n\n\t\t\t\t\t\t\t\t\t\t\t\t\n\t\t\t\t\t\t\t\t\t\t\t\n\n\t\t\t\t\t\t\t\t\t\n\n\t\t\t\t\t\t\t<\/div>\n\t\t\t\t\t\t<\/div>\n\n\t\t\t\t\t<\/div>\t\t\t\t\t\t\t\t\t<\/div>\n\n\t\t\t\t\t\t\t\t\t\t\t\t\t\t\t<div class=\"jltma-arrows jltma-arrows--horizontal jltma-swiper__navigation jltma-swiper__navigation--inside jltma-swiper__navigation--middle jltma-swiper__navigation--\">\n\t\t\t\t\t\t\t<div class=\"jltma-swiper__button jltma-swiper__button--prev jltma-arrow jltma-arrow--prev jltma-swiper__button--prev-b1b1aa1\">\n\t\t\t\t\t\t\t<i class=\"eicon-chevron-left\"><\/i>\n\t\t\t\t\t\t<\/div>\n\t\t\t\t\t\t<div class=\"jltma-swiper__button jltma-swiper__button--next jltma-arrow jltma-arrow--next jltma-swiper__button--next-b1b1aa1\">\n\t\t\t\t\t\t\t<i class=\"eicon-chevron-right\"><\/i>\n\t\t\t\t\t\t<\/div>\t\t\t\t\t\t<\/div>\n\t\t\t\t\t\t\t\t\t\t\t<div class=\"jltma-swiper__pagination jltma-swiper__pagination--horizontal jltma-swiper__pagination--inside jltma-swiper__pagination-b1b1aa1 swiper-pagination\">\n\t\t\t\t\t\t<\/div>\n\t\t\t\t\t\n\t\t\t\t\t\t\t<\/div>\n\n\t\t\t\t\t\t\n\n\t\t\t\t\t\t<\/div>\n\n\t\t\t\t<\/div>\n\n\n\t\t\t\t\t\t<\/div>\n\t\t\t\t<\/div>\n\t\t\t\t\t\t<\/div>\n\t\t\t\t\t<\/div>\n\t\t<\/div>\n\t\t\t\t\t\t\t\t<\/div>\n\t\t\t\t\t<\/div>\n\t\t<\/section>\n\t\t\t\t\t\t<\/div>\n\t\t\t\t\t\t<\/div>\n\t\t\t\t\t<\/div>\n\t\t","protected":false},"excerpt":{"rendered":"<p>L\u00ednea de Investigaci\u00f3n Recursos H\u00eddricos Esta l\u00ednea de Investigaci\u00f3n est\u00e1 dirigida por Mar\u00eda Lourdes Lima, Es Ingeniera Ambiental, egresada de la Universidad FASTA. Investigadora asistente de CONICET. Es directora del grupo de investigaci\u00f3n Recursos H\u00eddricos de la Universidad FASTA. Fundamentaci\u00f3n La gesti\u00f3n ambiental del territorio del Partido de General Pueyrred\u00f3n reconoce como uno de sus [&hellip;]<\/p>\n","protected":false},"author":105,"featured_media":0,"parent":0,"menu_order":0,"comment_status":"closed","ping_status":"closed","template":"elementor_header_footer","meta":[],"_links":{"self":[{"href":"https:\/\/www.ufasta.edu.ar\/investigacion\/wp-json\/wp\/v2\/pages\/1408"}],"collection":[{"href":"https:\/\/www.ufasta.edu.ar\/investigacion\/wp-json\/wp\/v2\/pages"}],"about":[{"href":"https:\/\/www.ufasta.edu.ar\/investigacion\/wp-json\/wp\/v2\/types\/page"}],"author":[{"embeddable":true,"href":"https:\/\/www.ufasta.edu.ar\/investigacion\/wp-json\/wp\/v2\/users\/105"}],"replies":[{"embeddable":true,"href":"https:\/\/www.ufasta.edu.ar\/investigacion\/wp-json\/wp\/v2\/comments?post=1408"}],"version-history":[{"count":21,"href":"https:\/\/www.ufasta.edu.ar\/investigacion\/wp-json\/wp\/v2\/pages\/1408\/revisions"}],"predecessor-version":[{"id":6448,"href":"https:\/\/www.ufasta.edu.ar\/investigacion\/wp-json\/wp\/v2\/pages\/1408\/revisions\/6448"}],"wp:attachment":[{"href":"https:\/\/www.ufasta.edu.ar\/investigacion\/wp-json\/wp\/v2\/media?parent=1408"}],"curies":[{"name":"wp","href":"https:\/\/api.w.org\/{rel}","templated":true}]}}