{"id":1360,"date":"2019-04-11T19:59:56","date_gmt":"2019-04-11T19:59:56","guid":{"rendered":"https:\/\/www.ufasta.edu.ar\/investigacion2\/?page_id=1360"},"modified":"2022-11-03T19:38:44","modified_gmt":"2022-11-03T19:38:44","slug":"linea-de-investigacion-integracion-de-los-saberes","status":"publish","type":"page","link":"https:\/\/www.ufasta.edu.ar\/investigacion\/linea-de-investigacion-integracion-de-los-saberes\/","title":{"rendered":"L\u00ednea de investigaci\u00f3n Integraci\u00f3n de los Saberes\u00a0"},"content":{"rendered":"\t\t<div data-elementor-type=\"wp-page\" data-elementor-id=\"1360\" class=\"elementor elementor-1360\" data-elementor-settings=\"[]\">\n\t\t\t\t\t\t<div class=\"elementor-inner\">\n\t\t\t\t\t\t\t<div class=\"elementor-section-wrap\">\n\t\t\t\t\t\t\t<section class=\"has_ma_el_bg_slider elementor-section elementor-top-section elementor-element elementor-element-2f5384b4 elementor-section-full_width elementor-section-height-default elementor-section-height-default wpr-particle-no wpr-jarallax-no wpr-parallax-no wpr-sticky-section-no\" data-id=\"2f5384b4\" data-element_type=\"section\">\n\t\t\t\t\t\t<div class=\"elementor-container elementor-column-gap-default\">\n\t\t\t\t\t\t\t<div class=\"elementor-row\">\n\t\t\t\t\t\t\t\t\t<\/div>\n\t\t\t\t\t<\/div>\n\t\t<\/section>\n\t\t\t\t<section class=\"has_ma_el_bg_slider elementor-section elementor-top-section elementor-element elementor-element-2f16d5f elementor-section-boxed elementor-section-height-default elementor-section-height-default wpr-particle-no wpr-jarallax-no wpr-parallax-no wpr-sticky-section-no\" data-id=\"2f16d5f\" data-element_type=\"section\">\n\t\t\t\t\t\t<div class=\"elementor-container elementor-column-gap-default\">\n\t\t\t\t\t\t\t<div class=\"elementor-row\">\n\t\t\t\t\t<div class=\"has_ma_el_bg_slider elementor-column elementor-col-100 elementor-top-column elementor-element elementor-element-d3abc09\" data-id=\"d3abc09\" data-element_type=\"column\">\n\t\t\t<div class=\"elementor-column-wrap elementor-element-populated\">\n\t\t\t\t\t\t\t<div class=\"elementor-widget-wrap\">\n\t\t\t\t\t\t<div class=\"elementor-element elementor-element-6bc8652 elementor-widget elementor-widget-heading\" data-id=\"6bc8652\" data-element_type=\"widget\" data-widget_type=\"heading.default\">\n\t\t\t\t<div class=\"elementor-widget-container\">\n\t\t\t<h2 class=\"elementor-heading-title elementor-size-default\">L\u00ednea de investigaci\u00f3n<\/h2>\t\t<\/div>\n\t\t\t\t<\/div>\n\t\t\t\t\t\t<\/div>\n\t\t\t\t\t<\/div>\n\t\t<\/div>\n\t\t\t\t\t\t\t\t<\/div>\n\t\t\t\t\t<\/div>\n\t\t<\/section>\n\t\t\t\t<section class=\"has_ma_el_bg_slider elementor-section elementor-top-section elementor-element elementor-element-108884b9 elementor-section-boxed elementor-section-height-default elementor-section-height-default wpr-particle-no wpr-jarallax-no wpr-parallax-no wpr-sticky-section-no\" data-id=\"108884b9\" data-element_type=\"section\">\n\t\t\t\t\t\t<div class=\"elementor-container elementor-column-gap-default\">\n\t\t\t\t\t\t\t<div class=\"elementor-row\">\n\t\t\t\t\t<div class=\"has_ma_el_bg_slider elementor-column elementor-col-100 elementor-top-column elementor-element elementor-element-5b1dd2c0\" data-id=\"5b1dd2c0\" data-element_type=\"column\">\n\t\t\t<div class=\"elementor-column-wrap elementor-element-populated\">\n\t\t\t\t\t\t\t<div class=\"elementor-widget-wrap\">\n\t\t\t\t\t\t<div class=\"elementor-element elementor-element-2dca4e04 elementor-widget elementor-widget-heading\" data-id=\"2dca4e04\" data-element_type=\"widget\" data-widget_type=\"heading.default\">\n\t\t\t\t<div class=\"elementor-widget-container\">\n\t\t\t<h3 class=\"elementor-heading-title elementor-size-default\">Integraci\u00f3n de los Saberes <\/span><\/h3>\t\t<\/div>\n\t\t\t\t<\/div>\n\t\t\t\t\t\t<\/div>\n\t\t\t\t\t<\/div>\n\t\t<\/div>\n\t\t\t\t\t\t\t\t<\/div>\n\t\t\t\t\t<\/div>\n\t\t<\/section>\n\t\t\t\t<section class=\"has_ma_el_bg_slider elementor-section elementor-top-section elementor-element elementor-element-1bd0b331 elementor-section-boxed elementor-section-height-default elementor-section-height-default wpr-particle-no wpr-jarallax-no wpr-parallax-no wpr-sticky-section-no\" data-id=\"1bd0b331\" data-element_type=\"section\">\n\t\t\t\t\t\t<div class=\"elementor-container elementor-column-gap-default\">\n\t\t\t\t\t\t\t<div class=\"elementor-row\">\n\t\t\t\t\t<div class=\"has_ma_el_bg_slider elementor-column elementor-col-50 elementor-top-column elementor-element elementor-element-76776e2e\" data-id=\"76776e2e\" data-element_type=\"column\">\n\t\t\t<div class=\"elementor-column-wrap elementor-element-populated\">\n\t\t\t\t\t\t\t<div class=\"elementor-widget-wrap\">\n\t\t\t\t\t\t<div class=\"elementor-element elementor-element-3db91a9e elementor-widget elementor-widget-text-editor\" data-id=\"3db91a9e\" data-element_type=\"widget\" data-widget_type=\"text-editor.default\">\n\t\t\t\t<div class=\"elementor-widget-container\">\n\t\t\t\t\t\t\t\t<div class=\"elementor-text-editor elementor-clearfix\">\n\t\t\t\t<p>Esta l\u00ednea de Investigaci\u00f3n est\u00e1 dirigida por Jorge Razul, Licenciado en Filosof\u00eda\u00a0 por Facultad de Filosof\u00eda de la Universidad del\u00a0Norte Santo Tom\u00e1s de Aquino.<\/p>\t\t\t\t\t<\/div>\n\t\t\t\t\t\t<\/div>\n\t\t\t\t<\/div>\n\t\t\t\t\t\t<\/div>\n\t\t\t\t\t<\/div>\n\t\t<\/div>\n\t\t\t\t<div class=\"has_ma_el_bg_slider elementor-column elementor-col-50 elementor-top-column elementor-element elementor-element-20a3d72d\" data-id=\"20a3d72d\" data-element_type=\"column\">\n\t\t\t<div class=\"elementor-column-wrap elementor-element-populated\">\n\t\t\t\t\t\t\t<div class=\"elementor-widget-wrap\">\n\t\t\t\t\t\t<div class=\"elementor-element elementor-element-56cd27f5 elementor-widget elementor-widget-image\" data-id=\"56cd27f5\" data-element_type=\"widget\" data-widget_type=\"image.default\">\n\t\t\t\t<div class=\"elementor-widget-container\">\n\t\t\t\t\t\t\t\t<div class=\"elementor-image\">\n\t\t\t\t\t\t\t\t\t\t\t\t<img width=\"300\" height=\"167\" src=\"https:\/\/www.ufasta.edu.ar\/investigacion\/files\/2022\/03\/ESI-y-violencia-de-genero-300x167.jpeg\" class=\"attachment-medium size-medium\" alt=\"\" loading=\"lazy\" srcset=\"https:\/\/www.ufasta.edu.ar\/investigacion\/files\/2022\/03\/ESI-y-violencia-de-genero-300x167.jpeg 300w, https:\/\/www.ufasta.edu.ar\/investigacion\/files\/2022\/03\/ESI-y-violencia-de-genero-230x128.jpeg 230w, https:\/\/www.ufasta.edu.ar\/investigacion\/files\/2022\/03\/ESI-y-violencia-de-genero-350x194.jpeg 350w, https:\/\/www.ufasta.edu.ar\/investigacion\/files\/2022\/03\/ESI-y-violencia-de-genero-480x267.jpeg 480w, https:\/\/www.ufasta.edu.ar\/investigacion\/files\/2022\/03\/ESI-y-violencia-de-genero.jpeg 720w\" sizes=\"(max-width: 300px) 100vw, 300px\" \/>\t\t\t\t\t\t\t\t\t\t\t\t\t\t<\/div>\n\t\t\t\t\t\t<\/div>\n\t\t\t\t<\/div>\n\t\t\t\t\t\t<\/div>\n\t\t\t\t\t<\/div>\n\t\t<\/div>\n\t\t\t\t\t\t\t\t<\/div>\n\t\t\t\t\t<\/div>\n\t\t<\/section>\n\t\t\t\t<section class=\"has_ma_el_bg_slider elementor-section elementor-top-section elementor-element elementor-element-63e37365 elementor-section-boxed elementor-section-height-default elementor-section-height-default wpr-particle-no wpr-jarallax-no wpr-parallax-no wpr-sticky-section-no\" data-id=\"63e37365\" data-element_type=\"section\">\n\t\t\t\t\t\t<div class=\"elementor-container elementor-column-gap-default\">\n\t\t\t\t\t\t\t<div class=\"elementor-row\">\n\t\t\t\t\t<div class=\"has_ma_el_bg_slider elementor-column elementor-col-100 elementor-top-column elementor-element elementor-element-733f1343\" data-id=\"733f1343\" data-element_type=\"column\">\n\t\t\t<div class=\"elementor-column-wrap elementor-element-populated\">\n\t\t\t\t\t\t\t<div class=\"elementor-widget-wrap\">\n\t\t\t\t\t\t<div class=\"elementor-element elementor-element-717a2222 elementor-widget elementor-widget-heading\" data-id=\"717a2222\" data-element_type=\"widget\" data-widget_type=\"heading.default\">\n\t\t\t\t<div class=\"elementor-widget-container\">\n\t\t\t<h3 class=\"elementor-heading-title elementor-size-default\">Fundamentaci\u00f3n <\/h3>\t\t<\/div>\n\t\t\t\t<\/div>\n\t\t\t\t<div class=\"elementor-element elementor-element-927810c elementor-widget elementor-widget-text-editor\" data-id=\"927810c\" data-element_type=\"widget\" data-widget_type=\"text-editor.default\">\n\t\t\t\t<div class=\"elementor-widget-container\">\n\t\t\t\t\t\t\t\t<div class=\"elementor-text-editor elementor-clearfix\">\n\t\t\t\t<p>La investigaci\u00f3n tiene como fin principal la b\u00fasqueda constante de la verdad y ordenado a este fin aparece, como funci\u00f3n propia no s\u00f3lo de la investigaci\u00f3n sino tambi\u00e9n de la docencia, \u201cla consecuci\u00f3n de una integraci\u00f3n del saber\u201d.<\/p><p>Esto responde al concepto mismo de Universidad, instituci\u00f3n que, desde sus or\u00edgenes, busca la unidad en la diversidad. En ella propiamente se desarrolla la vida de la inteligencia. El objeto de la misma es la verdad. La verdad primeramente es predicada del ser de las cosas. Luego, surge la verdad como relaci\u00f3n entre el intelecto humano y las cosas. En ambos modos la inteligencia reclama la unidad que est\u00e1 dada por la realidad. Esta necesidad de unidad fundamenta la integraci\u00f3n del saber, integraci\u00f3n primordialmente metaf\u00edsica, y, a partir de \u00e9sta, gnoseol\u00f3gica o epistemol\u00f3gica.<\/p><p>En el plano real, el n\u00facleo desde el cual integrar las ciencias y artes, la persona humana y su dignidad cobran especial preponderancia. En efecto, si se pretende educar hombres que alcancen un alto grado de unidad y coherencia, se debe emprender la tarea de darle unidad a los distintos saberes y referirlos a la perfecci\u00f3n de cada individuo y de la comunidad. La noci\u00f3n del hombre-persona conforma un n\u00facleo conceptual desde el cual se debe irradiar hacia los diferentes objetos de estudio en cada Facultad que constituye la Universidad.<\/p><p>As\u00ed surge la necesidad de investigar acerca de este tema en las diferentes unidades como un modo de descubrir diferentes facetas que reviste este tema seg\u00fan los diferentes objetos de estudio que se presentan en cada una de las unidades acad\u00e9micas<\/p>\t\t\t\t\t<\/div>\n\t\t\t\t\t\t<\/div>\n\t\t\t\t<\/div>\n\t\t\t\t\t\t<\/div>\n\t\t\t\t\t<\/div>\n\t\t<\/div>\n\t\t\t\t\t\t\t\t<\/div>\n\t\t\t\t\t<\/div>\n\t\t<\/section>\n\t\t\t\t<section class=\"has_ma_el_bg_slider elementor-section elementor-top-section elementor-element elementor-element-24bf88f elementor-section-boxed elementor-section-height-default elementor-section-height-default wpr-particle-no wpr-jarallax-no wpr-parallax-no wpr-sticky-section-no\" data-id=\"24bf88f\" data-element_type=\"section\">\n\t\t\t\t\t\t<div class=\"elementor-container elementor-column-gap-default\">\n\t\t\t\t\t\t\t<div class=\"elementor-row\">\n\t\t\t\t\t<div class=\"has_ma_el_bg_slider elementor-column elementor-col-100 elementor-top-column elementor-element elementor-element-a9fb99f\" data-id=\"a9fb99f\" data-element_type=\"column\">\n\t\t\t<div class=\"elementor-column-wrap elementor-element-populated\">\n\t\t\t\t\t\t\t<div class=\"elementor-widget-wrap\">\n\t\t\t\t\t\t<div class=\"elementor-element elementor-element-0aa2a7f elementor-widget elementor-widget-heading\" data-id=\"0aa2a7f\" data-element_type=\"widget\" data-widget_type=\"heading.default\">\n\t\t\t\t<div class=\"elementor-widget-container\">\n\t\t\t<h3 class=\"elementor-heading-title elementor-size-default\">Expectativas de logro<\/h3>\t\t<\/div>\n\t\t\t\t<\/div>\n\t\t\t\t<div class=\"elementor-element elementor-element-65d1334 elementor-widget elementor-widget-text-editor\" data-id=\"65d1334\" data-element_type=\"widget\" data-widget_type=\"text-editor.default\">\n\t\t\t\t<div class=\"elementor-widget-container\">\n\t\t\t\t\t\t\t\t<div class=\"elementor-text-editor elementor-clearfix\">\n\t\t\t\t<p>Se pretende comenzar en cada una de las unidades acad\u00e9micas con proyectos en esta tem\u00e1tica acorde a los objetivos de estudio de cada una. A partir de all\u00ed se tender\u00e1 a incrementar los proyectos en vistas a un desarrollo mayor del tema conforme a su complejidad.<\/p>\t\t\t\t\t<\/div>\n\t\t\t\t\t\t<\/div>\n\t\t\t\t<\/div>\n\t\t\t\t\t\t<\/div>\n\t\t\t\t\t<\/div>\n\t\t<\/div>\n\t\t\t\t\t\t\t\t<\/div>\n\t\t\t\t\t<\/div>\n\t\t<\/section>\n\t\t\t\t\t\t<\/div>\n\t\t\t\t\t\t<\/div>\n\t\t\t\t\t<\/div>\n\t\t","protected":false},"excerpt":{"rendered":"<p>L\u00ednea de investigaci\u00f3n Integraci\u00f3n de los Saberes Esta l\u00ednea de Investigaci\u00f3n est\u00e1 dirigida por Jorge Razul, Licenciado en Filosof\u00eda\u00a0 por Facultad de Filosof\u00eda de la Universidad del\u00a0Norte Santo Tom\u00e1s de Aquino. Fundamentaci\u00f3n La investigaci\u00f3n tiene como fin principal la b\u00fasqueda constante de la verdad y ordenado a este fin aparece, como funci\u00f3n propia no s\u00f3lo [&hellip;]<\/p>\n","protected":false},"author":105,"featured_media":0,"parent":0,"menu_order":0,"comment_status":"closed","ping_status":"closed","template":"elementor_header_footer","meta":[],"_links":{"self":[{"href":"https:\/\/www.ufasta.edu.ar\/investigacion\/wp-json\/wp\/v2\/pages\/1360"}],"collection":[{"href":"https:\/\/www.ufasta.edu.ar\/investigacion\/wp-json\/wp\/v2\/pages"}],"about":[{"href":"https:\/\/www.ufasta.edu.ar\/investigacion\/wp-json\/wp\/v2\/types\/page"}],"author":[{"embeddable":true,"href":"https:\/\/www.ufasta.edu.ar\/investigacion\/wp-json\/wp\/v2\/users\/105"}],"replies":[{"embeddable":true,"href":"https:\/\/www.ufasta.edu.ar\/investigacion\/wp-json\/wp\/v2\/comments?post=1360"}],"version-history":[{"count":15,"href":"https:\/\/www.ufasta.edu.ar\/investigacion\/wp-json\/wp\/v2\/pages\/1360\/revisions"}],"predecessor-version":[{"id":6425,"href":"https:\/\/www.ufasta.edu.ar\/investigacion\/wp-json\/wp\/v2\/pages\/1360\/revisions\/6425"}],"wp:attachment":[{"href":"https:\/\/www.ufasta.edu.ar\/investigacion\/wp-json\/wp\/v2\/media?parent=1360"}],"curies":[{"name":"wp","href":"https:\/\/api.w.org\/{rel}","templated":true}]}}