{"id":1346,"date":"2019-04-10T21:42:01","date_gmt":"2019-04-10T21:42:01","guid":{"rendered":"https:\/\/www.ufasta.edu.ar\/investigacion2\/?page_id=1346"},"modified":"2022-11-03T19:37:28","modified_gmt":"2022-11-03T19:37:28","slug":"linea-de-investigacion-el-humanismo-cristiano-y-los-dilemas-de-la-sociedad-contemporanea","status":"publish","type":"page","link":"https:\/\/www.ufasta.edu.ar\/investigacion\/linea-de-investigacion-el-humanismo-cristiano-y-los-dilemas-de-la-sociedad-contemporanea\/","title":{"rendered":"L\u00ednea de Investigaci\u00f3n El Humanismo Cristiano y los Dilemas de la Sociedad Contempor\u00e1nea"},"content":{"rendered":"\t\t<div data-elementor-type=\"wp-page\" data-elementor-id=\"1346\" class=\"elementor elementor-1346\" data-elementor-settings=\"[]\">\n\t\t\t\t\t\t<div class=\"elementor-inner\">\n\t\t\t\t\t\t\t<div class=\"elementor-section-wrap\">\n\t\t\t\t\t\t\t<section class=\"has_ma_el_bg_slider elementor-section elementor-top-section elementor-element elementor-element-28f5b37e elementor-section-full_width elementor-section-height-default elementor-section-height-default wpr-particle-no wpr-jarallax-no wpr-parallax-no wpr-sticky-section-no\" data-id=\"28f5b37e\" data-element_type=\"section\">\n\t\t\t\t\t\t<div class=\"elementor-container elementor-column-gap-default\">\n\t\t\t\t\t\t\t<div class=\"elementor-row\">\n\t\t\t\t\t\t\t\t\t<\/div>\n\t\t\t\t\t<\/div>\n\t\t<\/section>\n\t\t\t\t<section class=\"has_ma_el_bg_slider elementor-section elementor-top-section elementor-element elementor-element-0b92f7c elementor-section-boxed elementor-section-height-default elementor-section-height-default wpr-particle-no wpr-jarallax-no wpr-parallax-no wpr-sticky-section-no\" data-id=\"0b92f7c\" data-element_type=\"section\">\n\t\t\t\t\t\t<div class=\"elementor-container elementor-column-gap-default\">\n\t\t\t\t\t\t\t<div class=\"elementor-row\">\n\t\t\t\t\t<div class=\"has_ma_el_bg_slider elementor-column elementor-col-100 elementor-top-column elementor-element elementor-element-8978684\" data-id=\"8978684\" data-element_type=\"column\">\n\t\t\t<div class=\"elementor-column-wrap elementor-element-populated\">\n\t\t\t\t\t\t\t<div class=\"elementor-widget-wrap\">\n\t\t\t\t\t\t<div class=\"elementor-element elementor-element-352c976 elementor-widget elementor-widget-heading\" data-id=\"352c976\" data-element_type=\"widget\" data-widget_type=\"heading.default\">\n\t\t\t\t<div class=\"elementor-widget-container\">\n\t\t\t<h2 class=\"elementor-heading-title elementor-size-default\">L\u00ednea de Investigaci\u00f3n<\/h2>\t\t<\/div>\n\t\t\t\t<\/div>\n\t\t\t\t\t\t<\/div>\n\t\t\t\t\t<\/div>\n\t\t<\/div>\n\t\t\t\t\t\t\t\t<\/div>\n\t\t\t\t\t<\/div>\n\t\t<\/section>\n\t\t\t\t<section class=\"has_ma_el_bg_slider elementor-section elementor-top-section elementor-element elementor-element-668d4a54 elementor-section-boxed elementor-section-height-default elementor-section-height-default wpr-particle-no wpr-jarallax-no wpr-parallax-no wpr-sticky-section-no\" data-id=\"668d4a54\" data-element_type=\"section\">\n\t\t\t\t\t\t<div class=\"elementor-container elementor-column-gap-default\">\n\t\t\t\t\t\t\t<div class=\"elementor-row\">\n\t\t\t\t\t<div class=\"has_ma_el_bg_slider elementor-column elementor-col-100 elementor-top-column elementor-element elementor-element-5b6f19bb\" data-id=\"5b6f19bb\" data-element_type=\"column\">\n\t\t\t<div class=\"elementor-column-wrap elementor-element-populated\">\n\t\t\t\t\t\t\t<div class=\"elementor-widget-wrap\">\n\t\t\t\t\t\t<div class=\"elementor-element elementor-element-3049a1ea elementor-widget elementor-widget-heading\" data-id=\"3049a1ea\" data-element_type=\"widget\" data-widget_type=\"heading.default\">\n\t\t\t\t<div class=\"elementor-widget-container\">\n\t\t\t<h3 class=\"elementor-heading-title elementor-size-default\">El Humanismo Cristiano y los Dilemas de la Sociedad Contempor\u00e1nea<\/span><\/h3>\t\t<\/div>\n\t\t\t\t<\/div>\n\t\t\t\t\t\t<\/div>\n\t\t\t\t\t<\/div>\n\t\t<\/div>\n\t\t\t\t\t\t\t\t<\/div>\n\t\t\t\t\t<\/div>\n\t\t<\/section>\n\t\t\t\t<section class=\"has_ma_el_bg_slider elementor-section elementor-top-section elementor-element elementor-element-5a5434bf elementor-section-boxed elementor-section-height-default elementor-section-height-default wpr-particle-no wpr-jarallax-no wpr-parallax-no wpr-sticky-section-no\" data-id=\"5a5434bf\" data-element_type=\"section\">\n\t\t\t\t\t\t<div class=\"elementor-container elementor-column-gap-default\">\n\t\t\t\t\t\t\t<div class=\"elementor-row\">\n\t\t\t\t\t<div class=\"has_ma_el_bg_slider elementor-column elementor-col-50 elementor-top-column elementor-element elementor-element-6d70903e\" data-id=\"6d70903e\" data-element_type=\"column\">\n\t\t\t<div class=\"elementor-column-wrap elementor-element-populated\">\n\t\t\t\t\t\t\t<div class=\"elementor-widget-wrap\">\n\t\t\t\t\t\t<div class=\"elementor-element elementor-element-48702357 elementor-widget elementor-widget-text-editor\" data-id=\"48702357\" data-element_type=\"widget\" data-widget_type=\"text-editor.default\">\n\t\t\t\t<div class=\"elementor-widget-container\">\n\t\t\t\t\t\t\t\t<div class=\"elementor-text-editor elementor-clearfix\">\n\t\t\t\t<p>Esta l\u00ednea de Investigaci\u00f3n est\u00e1 dirigida por Alejandro Ramos, Licenciado y Doctorado en Teolog\u00eda por la Universidad Santo Tom\u00e1s sede Roma, y Doctor en Filosof\u00eda por la Universidad Abad Oliva<\/p>\t\t\t\t\t<\/div>\n\t\t\t\t\t\t<\/div>\n\t\t\t\t<\/div>\n\t\t\t\t\t\t<\/div>\n\t\t\t\t\t<\/div>\n\t\t<\/div>\n\t\t\t\t<div class=\"has_ma_el_bg_slider elementor-column elementor-col-50 elementor-top-column elementor-element elementor-element-2ee3c93a\" data-id=\"2ee3c93a\" data-element_type=\"column\">\n\t\t\t<div class=\"elementor-column-wrap elementor-element-populated\">\n\t\t\t\t\t\t\t<div class=\"elementor-widget-wrap\">\n\t\t\t\t\t\t<div class=\"elementor-element elementor-element-612a3fc5 elementor-widget elementor-widget-image\" data-id=\"612a3fc5\" data-element_type=\"widget\" data-widget_type=\"image.default\">\n\t\t\t\t<div class=\"elementor-widget-container\">\n\t\t\t\t\t\t\t\t<div class=\"elementor-image\">\n\t\t\t\t\t\t\t\t\t\t\t\t<img width=\"150\" height=\"150\" src=\"https:\/\/www.ufasta.edu.ar\/investigacion\/files\/2022\/04\/5725010_communication_engagement_human_infection_transfer_icon-150x150.png\" class=\"attachment-thumbnail size-thumbnail\" alt=\"\" loading=\"lazy\" srcset=\"https:\/\/www.ufasta.edu.ar\/investigacion\/files\/2022\/04\/5725010_communication_engagement_human_infection_transfer_icon-150x150.png 150w, https:\/\/www.ufasta.edu.ar\/investigacion\/files\/2022\/04\/5725010_communication_engagement_human_infection_transfer_icon-300x300.png 300w, https:\/\/www.ufasta.edu.ar\/investigacion\/files\/2022\/04\/5725010_communication_engagement_human_infection_transfer_icon-230x230.png 230w, https:\/\/www.ufasta.edu.ar\/investigacion\/files\/2022\/04\/5725010_communication_engagement_human_infection_transfer_icon-350x350.png 350w, https:\/\/www.ufasta.edu.ar\/investigacion\/files\/2022\/04\/5725010_communication_engagement_human_infection_transfer_icon-480x480.png 480w, https:\/\/www.ufasta.edu.ar\/investigacion\/files\/2022\/04\/5725010_communication_engagement_human_infection_transfer_icon.png 512w\" sizes=\"(max-width: 150px) 100vw, 150px\" \/>\t\t\t\t\t\t\t\t\t\t\t\t\t\t<\/div>\n\t\t\t\t\t\t<\/div>\n\t\t\t\t<\/div>\n\t\t\t\t\t\t<\/div>\n\t\t\t\t\t<\/div>\n\t\t<\/div>\n\t\t\t\t\t\t\t\t<\/div>\n\t\t\t\t\t<\/div>\n\t\t<\/section>\n\t\t\t\t<section class=\"has_ma_el_bg_slider elementor-section elementor-top-section elementor-element elementor-element-44b1caf1 elementor-section-boxed elementor-section-height-default elementor-section-height-default wpr-particle-no wpr-jarallax-no wpr-parallax-no wpr-sticky-section-no\" data-id=\"44b1caf1\" data-element_type=\"section\">\n\t\t\t\t\t\t<div class=\"elementor-container elementor-column-gap-default\">\n\t\t\t\t\t\t\t<div class=\"elementor-row\">\n\t\t\t\t\t<div class=\"has_ma_el_bg_slider elementor-column elementor-col-100 elementor-top-column elementor-element elementor-element-5eafd754\" data-id=\"5eafd754\" data-element_type=\"column\">\n\t\t\t<div class=\"elementor-column-wrap elementor-element-populated\">\n\t\t\t\t\t\t\t<div class=\"elementor-widget-wrap\">\n\t\t\t\t\t\t<div class=\"elementor-element elementor-element-4cc3872e elementor-widget elementor-widget-heading\" data-id=\"4cc3872e\" data-element_type=\"widget\" data-widget_type=\"heading.default\">\n\t\t\t\t<div class=\"elementor-widget-container\">\n\t\t\t<h3 class=\"elementor-heading-title elementor-size-default\">Fundamentaci\u00f3n <\/h3>\t\t<\/div>\n\t\t\t\t<\/div>\n\t\t\t\t<div class=\"elementor-element elementor-element-5217fd94 elementor-widget elementor-widget-text-editor\" data-id=\"5217fd94\" data-element_type=\"widget\" data-widget_type=\"text-editor.default\">\n\t\t\t\t<div class=\"elementor-widget-container\">\n\t\t\t\t\t\t\t\t<div class=\"elementor-text-editor elementor-clearfix\">\n\t\t\t\t<p>De acuerdo con la descripci\u00f3n de los fil\u00f3sofos contempor\u00e1neos m\u00e1s importantes (Bauman, Berman, Lipovetsky, Hobsbaw, etc), la cosmovisi\u00f3n posmoderna est\u00e1 caracterizada por el individualismo, el hedonismo, un sistema capitalista que promueve la cultura del consumo y del descarte, la falta de valores duraderos y s\u00f3lidos, la fugacidad, la incertidumbre y la \u201cimpermanencia\u201d. Se suman a esto las grandes contradicciones que aquejan al hombre de hoy y para las cuales los sistemas del pensamiento moderno han perdido actualidad y vigencia (dejando al hombre sumergido en las \u201cprofundidades nihilistas\u201d). Por otro lado, las fuerzas que surgen desde los m\u00e1rgenes con discursos mesi\u00e1nicos en torno a la necesidad de \u201ccambiar el mundo\u201d, terminan siendo una amenaza de destrucci\u00f3n de los valores, de las comunidades, de la vida de los hombres. Para afrontar este parad\u00f3jico y ca\u00f3tico sistema de pensamiento que signa la posmodernidad, es necesario investigar y reflexionar, servirnos de los descubrimientos, de los grandes avances de la humanidad, de las diversas corrientes de pensamiento desarrolladas a lo largo del a historia para rescatar la parte de verdad que poseen y, con ello, enriquecer nuestras fundamentaciones, teniendo en cuenta que, a lo largo de la historia, el humanismo cristiano se presenta como la propuesta m\u00e1s consistente, con el mayor per\u00edodo de vigencia y proponiendo la visi\u00f3n m\u00e1s integral del hombre, que puede iluminar y renovar nuestra relaci\u00f3n con el mundo, con uno mismo y con el pr\u00f3jimo. Sin embargo, en el mundo de hoy, esta perspectiva est\u00e1 desprestigiada en el \u00e1mbito cient\u00edfico, aun cuando muchos de los conceptos y presupuestos nacidos en su seno se exploran en la filosof\u00eda contempor\u00e1nea laica para encontrar razones, que iluminen \u201cesta vida de paradojas y contrariedades\u201d (como la llama Berman). Por este motivo, es necesario, por un lado, adentrarnos en las ideolog\u00edas para poner de manifiesto los reduccionismos a los que someten al hombre (y la consiguiente esclavitud espiritual, moral, psicol\u00f3gica y f\u00edsica), as\u00ed como las falsas verdades que pretenden imponer, reconociendo, a la vez, la parte de verdad con la que han contribuido al conocimiento. Por otro lado, es imprescindible analizar la compleja realidad humana y generar respuestas que satisfagan los profundos cuestionamientos existenciales de la posmodernidad, desde una antropolog\u00eda cristiana integral.<\/p>\t\t\t\t\t<\/div>\n\t\t\t\t\t\t<\/div>\n\t\t\t\t<\/div>\n\t\t\t\t\t\t<\/div>\n\t\t\t\t\t<\/div>\n\t\t<\/div>\n\t\t\t\t\t\t\t\t<\/div>\n\t\t\t\t\t<\/div>\n\t\t<\/section>\n\t\t\t\t<section class=\"has_ma_el_bg_slider elementor-section elementor-top-section elementor-element elementor-element-365758d elementor-section-boxed elementor-section-height-default elementor-section-height-default wpr-particle-no wpr-jarallax-no wpr-parallax-no wpr-sticky-section-no\" data-id=\"365758d\" data-element_type=\"section\">\n\t\t\t\t\t\t<div class=\"elementor-container elementor-column-gap-default\">\n\t\t\t\t\t\t\t<div class=\"elementor-row\">\n\t\t\t\t\t<div class=\"has_ma_el_bg_slider elementor-column elementor-col-100 elementor-top-column elementor-element elementor-element-b41a404\" data-id=\"b41a404\" data-element_type=\"column\">\n\t\t\t<div class=\"elementor-column-wrap elementor-element-populated\">\n\t\t\t\t\t\t\t<div class=\"elementor-widget-wrap\">\n\t\t\t\t\t\t<div class=\"elementor-element elementor-element-f430e0c elementor-widget elementor-widget-heading\" data-id=\"f430e0c\" data-element_type=\"widget\" data-widget_type=\"heading.default\">\n\t\t\t\t<div class=\"elementor-widget-container\">\n\t\t\t<h3 class=\"elementor-heading-title elementor-size-default\">Expectativas de desarrollo<\/h3>\t\t<\/div>\n\t\t\t\t<\/div>\n\t\t\t\t<div class=\"elementor-element elementor-element-f8c5014 elementor-widget elementor-widget-text-editor\" data-id=\"f8c5014\" data-element_type=\"widget\" data-widget_type=\"text-editor.default\">\n\t\t\t\t<div class=\"elementor-widget-container\">\n\t\t\t\t\t\t\t\t<div class=\"elementor-text-editor elementor-clearfix\">\n\t\t\t\t<p>Abordar diversos fen\u00f3menos de las sociedades contempor\u00e1neas, con el fin de analizarlos y producir conocimiento nuevo en torno a ellos, desde una perspectiva que integre los saberes de las humanidades y de las ciencias sociales, con base en la antropolog\u00eda cristiana, sin que por ello deje de integrar cr\u00edticamente los aportes de otras corrientes y sistemas de pensamiento.<\/p>\t\t\t\t\t<\/div>\n\t\t\t\t\t\t<\/div>\n\t\t\t\t<\/div>\n\t\t\t\t\t\t<\/div>\n\t\t\t\t\t<\/div>\n\t\t<\/div>\n\t\t\t\t\t\t\t\t<\/div>\n\t\t\t\t\t<\/div>\n\t\t<\/section>\n\t\t\t\t\t\t<\/div>\n\t\t\t\t\t\t<\/div>\n\t\t\t\t\t<\/div>\n\t\t","protected":false},"excerpt":{"rendered":"<p>L\u00ednea de Investigaci\u00f3n El Humanismo Cristiano y los Dilemas de la Sociedad Contempor\u00e1nea Esta l\u00ednea de Investigaci\u00f3n est\u00e1 dirigida por Alejandro Ramos, Licenciado y Doctorado en Teolog\u00eda por la Universidad Santo Tom\u00e1s sede Roma, y Doctor en Filosof\u00eda por la Universidad Abad Oliva Fundamentaci\u00f3n De acuerdo con la descripci\u00f3n de los fil\u00f3sofos contempor\u00e1neos m\u00e1s importantes [&hellip;]<\/p>\n","protected":false},"author":105,"featured_media":0,"parent":0,"menu_order":0,"comment_status":"closed","ping_status":"closed","template":"elementor_header_footer","meta":[],"_links":{"self":[{"href":"https:\/\/www.ufasta.edu.ar\/investigacion\/wp-json\/wp\/v2\/pages\/1346"}],"collection":[{"href":"https:\/\/www.ufasta.edu.ar\/investigacion\/wp-json\/wp\/v2\/pages"}],"about":[{"href":"https:\/\/www.ufasta.edu.ar\/investigacion\/wp-json\/wp\/v2\/types\/page"}],"author":[{"embeddable":true,"href":"https:\/\/www.ufasta.edu.ar\/investigacion\/wp-json\/wp\/v2\/users\/105"}],"replies":[{"embeddable":true,"href":"https:\/\/www.ufasta.edu.ar\/investigacion\/wp-json\/wp\/v2\/comments?post=1346"}],"version-history":[{"count":19,"href":"https:\/\/www.ufasta.edu.ar\/investigacion\/wp-json\/wp\/v2\/pages\/1346\/revisions"}],"predecessor-version":[{"id":6416,"href":"https:\/\/www.ufasta.edu.ar\/investigacion\/wp-json\/wp\/v2\/pages\/1346\/revisions\/6416"}],"wp:attachment":[{"href":"https:\/\/www.ufasta.edu.ar\/investigacion\/wp-json\/wp\/v2\/media?parent=1346"}],"curies":[{"name":"wp","href":"https:\/\/api.w.org\/{rel}","templated":true}]}}