{"id":1340,"date":"2019-04-10T21:22:28","date_gmt":"2019-04-10T21:22:28","guid":{"rendered":"https:\/\/www.ufasta.edu.ar\/investigacion2\/?page_id=1340"},"modified":"2022-11-03T19:37:19","modified_gmt":"2022-11-03T19:37:19","slug":"linea-de-investigacion-educacion-y-convivencia-escolar","status":"publish","type":"page","link":"https:\/\/www.ufasta.edu.ar\/investigacion\/linea-de-investigacion-educacion-y-convivencia-escolar\/","title":{"rendered":"L\u00ednea de Investigaci\u00f3n Educaci\u00f3n y Convivencia Escolar"},"content":{"rendered":"\t\t<div data-elementor-type=\"wp-page\" data-elementor-id=\"1340\" class=\"elementor elementor-1340\" data-elementor-settings=\"[]\">\n\t\t\t\t\t\t<div class=\"elementor-inner\">\n\t\t\t\t\t\t\t<div class=\"elementor-section-wrap\">\n\t\t\t\t\t\t\t<section class=\"has_ma_el_bg_slider elementor-section elementor-top-section elementor-element elementor-element-1dd84cb8 elementor-section-full_width elementor-section-height-default elementor-section-height-default wpr-particle-no wpr-jarallax-no wpr-parallax-no wpr-sticky-section-no\" data-id=\"1dd84cb8\" data-element_type=\"section\">\n\t\t\t\t\t\t<div class=\"elementor-container elementor-column-gap-default\">\n\t\t\t\t\t\t\t<div class=\"elementor-row\">\n\t\t\t\t\t\t\t\t\t<\/div>\n\t\t\t\t\t<\/div>\n\t\t<\/section>\n\t\t\t\t<section class=\"has_ma_el_bg_slider elementor-section elementor-top-section elementor-element elementor-element-8f9ee83 elementor-section-boxed elementor-section-height-default elementor-section-height-default wpr-particle-no wpr-jarallax-no wpr-parallax-no wpr-sticky-section-no\" data-id=\"8f9ee83\" data-element_type=\"section\">\n\t\t\t\t\t\t<div class=\"elementor-container elementor-column-gap-default\">\n\t\t\t\t\t\t\t<div class=\"elementor-row\">\n\t\t\t\t\t<div class=\"has_ma_el_bg_slider elementor-column elementor-col-100 elementor-top-column elementor-element elementor-element-b184c6e\" data-id=\"b184c6e\" data-element_type=\"column\">\n\t\t\t<div class=\"elementor-column-wrap elementor-element-populated\">\n\t\t\t\t\t\t\t<div class=\"elementor-widget-wrap\">\n\t\t\t\t\t\t<div class=\"elementor-element elementor-element-effba9a elementor-widget elementor-widget-heading\" data-id=\"effba9a\" data-element_type=\"widget\" data-widget_type=\"heading.default\">\n\t\t\t\t<div class=\"elementor-widget-container\">\n\t\t\t<h2 class=\"elementor-heading-title elementor-size-default\">L\u00ednea de investigaci\u00f3n<\/h2>\t\t<\/div>\n\t\t\t\t<\/div>\n\t\t\t\t\t\t<\/div>\n\t\t\t\t\t<\/div>\n\t\t<\/div>\n\t\t\t\t\t\t\t\t<\/div>\n\t\t\t\t\t<\/div>\n\t\t<\/section>\n\t\t\t\t<section class=\"has_ma_el_bg_slider elementor-section elementor-top-section elementor-element elementor-element-6c00ceba elementor-section-boxed elementor-section-height-default elementor-section-height-default wpr-particle-no wpr-jarallax-no wpr-parallax-no wpr-sticky-section-no\" data-id=\"6c00ceba\" data-element_type=\"section\">\n\t\t\t\t\t\t<div class=\"elementor-container elementor-column-gap-default\">\n\t\t\t\t\t\t\t<div class=\"elementor-row\">\n\t\t\t\t\t<div class=\"has_ma_el_bg_slider elementor-column elementor-col-100 elementor-top-column elementor-element elementor-element-592ce91b\" data-id=\"592ce91b\" data-element_type=\"column\">\n\t\t\t<div class=\"elementor-column-wrap elementor-element-populated\">\n\t\t\t\t\t\t\t<div class=\"elementor-widget-wrap\">\n\t\t\t\t\t\t<div class=\"elementor-element elementor-element-4a723cd6 elementor-widget elementor-widget-heading\" data-id=\"4a723cd6\" data-element_type=\"widget\" data-widget_type=\"heading.default\">\n\t\t\t\t<div class=\"elementor-widget-container\">\n\t\t\t<h3 class=\"elementor-heading-title elementor-size-default\">Educaci\u00f3n y Convivencia Escolar<\/span><\/h3>\t\t<\/div>\n\t\t\t\t<\/div>\n\t\t\t\t\t\t<\/div>\n\t\t\t\t\t<\/div>\n\t\t<\/div>\n\t\t\t\t\t\t\t\t<\/div>\n\t\t\t\t\t<\/div>\n\t\t<\/section>\n\t\t\t\t<section class=\"has_ma_el_bg_slider elementor-section elementor-top-section elementor-element elementor-element-1af1c9a0 elementor-section-boxed elementor-section-height-default elementor-section-height-default wpr-particle-no wpr-jarallax-no wpr-parallax-no wpr-sticky-section-no\" data-id=\"1af1c9a0\" data-element_type=\"section\">\n\t\t\t\t\t\t<div class=\"elementor-container elementor-column-gap-default\">\n\t\t\t\t\t\t\t<div class=\"elementor-row\">\n\t\t\t\t\t<div class=\"has_ma_el_bg_slider elementor-column elementor-col-50 elementor-top-column elementor-element elementor-element-4521ed93\" data-id=\"4521ed93\" data-element_type=\"column\">\n\t\t\t<div class=\"elementor-column-wrap elementor-element-populated\">\n\t\t\t\t\t\t\t<div class=\"elementor-widget-wrap\">\n\t\t\t\t\t\t<div class=\"elementor-element elementor-element-7281d696 elementor-widget elementor-widget-text-editor\" data-id=\"7281d696\" data-element_type=\"widget\" data-widget_type=\"text-editor.default\">\n\t\t\t\t<div class=\"elementor-widget-container\">\n\t\t\t\t\t\t\t\t<div class=\"elementor-text-editor elementor-clearfix\">\n\t\t\t\t<p>Esta l\u00ednea de Investigaci\u00f3n est\u00e1 dirigida por Juan Mart\u00edn Molinari, Licenciado en Psicolog\u00eda por la Universidad Nacional de Mar del Plata, Maester en Psicolog\u00eda Social del Instituto Nacional de Epidemiolog\u00eda , actualmente\u00a0realizando el Doctorado en Humanidades y Artes de la Universidad Nacional de Rosario. Menci\u00f3n en Educaci\u00f3n.<\/p>\t\t\t\t\t<\/div>\n\t\t\t\t\t\t<\/div>\n\t\t\t\t<\/div>\n\t\t\t\t\t\t<\/div>\n\t\t\t\t\t<\/div>\n\t\t<\/div>\n\t\t\t\t<div class=\"has_ma_el_bg_slider elementor-column elementor-col-50 elementor-top-column elementor-element elementor-element-5c775ff0\" data-id=\"5c775ff0\" data-element_type=\"column\">\n\t\t\t<div class=\"elementor-column-wrap elementor-element-populated\">\n\t\t\t\t\t\t\t<div class=\"elementor-widget-wrap\">\n\t\t\t\t\t\t<div class=\"elementor-element elementor-element-5a1bdd73 elementor-widget elementor-widget-image\" data-id=\"5a1bdd73\" data-element_type=\"widget\" data-widget_type=\"image.default\">\n\t\t\t\t<div class=\"elementor-widget-container\">\n\t\t\t\t\t\t\t\t<div class=\"elementor-image\">\n\t\t\t\t\t\t\t\t\t\t\t\t<img width=\"150\" height=\"150\" src=\"https:\/\/www.ufasta.edu.ar\/investigacion\/files\/2022\/04\/6771587_diary_education_learning_pencil_school_icon-150x150.png\" class=\"attachment-thumbnail size-thumbnail\" alt=\"\" loading=\"lazy\" srcset=\"https:\/\/www.ufasta.edu.ar\/investigacion\/files\/2022\/04\/6771587_diary_education_learning_pencil_school_icon-150x150.png 150w, https:\/\/www.ufasta.edu.ar\/investigacion\/files\/2022\/04\/6771587_diary_education_learning_pencil_school_icon-300x300.png 300w, https:\/\/www.ufasta.edu.ar\/investigacion\/files\/2022\/04\/6771587_diary_education_learning_pencil_school_icon-230x230.png 230w, https:\/\/www.ufasta.edu.ar\/investigacion\/files\/2022\/04\/6771587_diary_education_learning_pencil_school_icon-350x350.png 350w, https:\/\/www.ufasta.edu.ar\/investigacion\/files\/2022\/04\/6771587_diary_education_learning_pencil_school_icon-480x480.png 480w, https:\/\/www.ufasta.edu.ar\/investigacion\/files\/2022\/04\/6771587_diary_education_learning_pencil_school_icon.png 512w\" sizes=\"(max-width: 150px) 100vw, 150px\" \/>\t\t\t\t\t\t\t\t\t\t\t\t\t\t<\/div>\n\t\t\t\t\t\t<\/div>\n\t\t\t\t<\/div>\n\t\t\t\t\t\t<\/div>\n\t\t\t\t\t<\/div>\n\t\t<\/div>\n\t\t\t\t\t\t\t\t<\/div>\n\t\t\t\t\t<\/div>\n\t\t<\/section>\n\t\t\t\t<section class=\"has_ma_el_bg_slider elementor-section elementor-top-section elementor-element elementor-element-4f73fb51 elementor-section-boxed elementor-section-height-default elementor-section-height-default wpr-particle-no wpr-jarallax-no wpr-parallax-no wpr-sticky-section-no\" data-id=\"4f73fb51\" data-element_type=\"section\">\n\t\t\t\t\t\t<div class=\"elementor-container elementor-column-gap-default\">\n\t\t\t\t\t\t\t<div class=\"elementor-row\">\n\t\t\t\t\t<div class=\"has_ma_el_bg_slider elementor-column elementor-col-100 elementor-top-column elementor-element elementor-element-52dd2369\" data-id=\"52dd2369\" data-element_type=\"column\">\n\t\t\t<div class=\"elementor-column-wrap elementor-element-populated\">\n\t\t\t\t\t\t\t<div class=\"elementor-widget-wrap\">\n\t\t\t\t\t\t<div class=\"elementor-element elementor-element-12fbaca8 elementor-widget elementor-widget-heading\" data-id=\"12fbaca8\" data-element_type=\"widget\" data-widget_type=\"heading.default\">\n\t\t\t\t<div class=\"elementor-widget-container\">\n\t\t\t<h3 class=\"elementor-heading-title elementor-size-default\">Fundamentaci\u00f3n <\/h3>\t\t<\/div>\n\t\t\t\t<\/div>\n\t\t\t\t<div class=\"elementor-element elementor-element-7d4f6fda elementor-widget elementor-widget-text-editor\" data-id=\"7d4f6fda\" data-element_type=\"widget\" data-widget_type=\"text-editor.default\">\n\t\t\t\t<div class=\"elementor-widget-container\">\n\t\t\t\t\t\t\t\t<div class=\"elementor-text-editor elementor-clearfix\">\n\t\t\t\t<p>El eje Educaci\u00f3n y convivencia escolar implica un an\u00e1lisis de profundidad respecto de problemas que surgen en la cotidianeidad, tanto en el sistema educativo como a nivel social, centrados en la importancia de una formaci\u00f3n en valores para el ejercicio de la ciudadan\u00eda.\u00a0 Esta tem\u00e1tica se torna central para el estudio de pr\u00e1cticas sociales en nuestro pa\u00eds, con m\u00faltiples miradas que permitan generar un vasto campo de conocimiento en distintos contextos socio-culturales.<\/p><p>Las labores realizadas hasta el momento pueden guiar los pasos de nuevos investigadores en temas afines, contribuir a la formaci\u00f3n de los docentes desde un replanteamiento de la propia pr\u00e1ctica, y crear capital humano respecto de los alumnos que pueden estar interesados en iniciarse en investigaci\u00f3n. Se puede dar una oportunidad a muchos docentes y estudiantes para que desarrollen propuestas cercanas a temas que consideren relevantes en esta disciplina.<\/p><p>El trabajo enmarcado en la l\u00ednea de investigaci\u00f3n \u201cEducaci\u00f3n y Convivencia Escolar\u201d permitir\u00e1 desarrollar proyectos de investigaci\u00f3n centrados en el an\u00e1lisis de la convivencia, comunicaci\u00f3n, gesti\u00f3n, ejercicio de la autoridad y liderazgo en instituciones pertenecientes a distintos niveles educativos, tanto de car\u00e1cter p\u00fablico como privado. Los alcances de la l\u00ednea tambi\u00e9n se hacen extensivos al an\u00e1lisis de la interacci\u00f3n de instituciones propias del nivel educativo con otras de diverso car\u00e1cter social. Este eje supone el estudio desde una mirada interdisciplinaria, por lo que puede enriquecerse con la participaci\u00f3n de profesionales de diversa formaci\u00f3n interesados en el an\u00e1lisis de las din\u00e1micas institucionales.<\/p>\t\t\t\t\t<\/div>\n\t\t\t\t\t\t<\/div>\n\t\t\t\t<\/div>\n\t\t\t\t\t\t<\/div>\n\t\t\t\t\t<\/div>\n\t\t<\/div>\n\t\t\t\t\t\t\t\t<\/div>\n\t\t\t\t\t<\/div>\n\t\t<\/section>\n\t\t\t\t<section class=\"has_ma_el_bg_slider elementor-section elementor-top-section elementor-element elementor-element-d5bec9c elementor-section-boxed elementor-section-height-default elementor-section-height-default wpr-particle-no wpr-jarallax-no wpr-parallax-no wpr-sticky-section-no\" data-id=\"d5bec9c\" data-element_type=\"section\">\n\t\t\t\t\t\t<div class=\"elementor-container elementor-column-gap-default\">\n\t\t\t\t\t\t\t<div class=\"elementor-row\">\n\t\t\t\t\t<div class=\"has_ma_el_bg_slider elementor-column elementor-col-100 elementor-top-column elementor-element elementor-element-a1d2df3\" data-id=\"a1d2df3\" data-element_type=\"column\">\n\t\t\t<div class=\"elementor-column-wrap elementor-element-populated\">\n\t\t\t\t\t\t\t<div class=\"elementor-widget-wrap\">\n\t\t\t\t\t\t<div class=\"elementor-element elementor-element-310a55d elementor-widget elementor-widget-heading\" data-id=\"310a55d\" data-element_type=\"widget\" data-widget_type=\"heading.default\">\n\t\t\t\t<div class=\"elementor-widget-container\">\n\t\t\t<h3 class=\"elementor-heading-title elementor-size-default\">Expectativas de desarrollo<\/h3>\t\t<\/div>\n\t\t\t\t<\/div>\n\t\t\t\t<div class=\"elementor-element elementor-element-1677670 elementor-widget elementor-widget-text-editor\" data-id=\"1677670\" data-element_type=\"widget\" data-widget_type=\"text-editor.default\">\n\t\t\t\t<div class=\"elementor-widget-container\">\n\t\t\t\t\t\t\t\t<div class=\"elementor-text-editor elementor-clearfix\">\n\t\t\t\t<p>Lograr que la Facultad de Ciencias de la Educaci\u00f3n de la Universidad FASTA se convierta en referente de estudios enfocados en Educaci\u00f3n y Convivencia Escolar a nivel nacional.\u00a0Se espera que a partir del desarrollo de esta l\u00ednea de investigaci\u00f3n se logre:<\/p><ul><li>Impulsar la conformaci\u00f3n, crecimiento y consolidaci\u00f3n de grupos de investigaci\u00f3n, a partir del desarrollo de la presente l\u00ednea de investigaci\u00f3n.<\/li><li>Fortalecer las propuestas curriculares de los diferentes programas acad\u00e9micos.<\/li><li>Consolidar y fortalecer la formaci\u00f3n propia de los integrantes de la l\u00ednea de investigaci\u00f3n.<\/li><li>La formaci\u00f3n de capital humano para la investigaci\u00f3n de los egresados de la Facultad de Ciencias de la Educaci\u00f3n de la Universidad FASTA, extensiva a otras Unidades Acad\u00e9micas.<\/li><li>Articular los trabajos de grado y las pr\u00e1cticas a las l\u00edneas de investigaci\u00f3n de la Instituci\u00f3n.<\/li><li>Fortalecer la publicaci\u00f3n de art\u00edculos en diferentes revistas.<\/li><li>Estimular la participaci\u00f3n en congresos e instancias de formaci\u00f3n y actualizaci\u00f3n permanente.<\/li><li>Generar interdisciplinariedad.<\/li><li>Fomentar la divulgaci\u00f3n, circulaci\u00f3n y transferencia de los trabajos realizados<\/li><\/ul>\t\t\t\t\t<\/div>\n\t\t\t\t\t\t<\/div>\n\t\t\t\t<\/div>\n\t\t\t\t\t\t<\/div>\n\t\t\t\t\t<\/div>\n\t\t<\/div>\n\t\t\t\t\t\t\t\t<\/div>\n\t\t\t\t\t<\/div>\n\t\t<\/section>\n\t\t\t\t\t\t<\/div>\n\t\t\t\t\t\t<\/div>\n\t\t\t\t\t<\/div>\n\t\t","protected":false},"excerpt":{"rendered":"<p>L\u00ednea de investigaci\u00f3n Educaci\u00f3n y Convivencia Escolar Esta l\u00ednea de Investigaci\u00f3n est\u00e1 dirigida por Juan Mart\u00edn Molinari, Licenciado en Psicolog\u00eda por la Universidad Nacional de Mar del Plata, Maester en Psicolog\u00eda Social del Instituto Nacional de Epidemiolog\u00eda , actualmente\u00a0realizando el Doctorado en Humanidades y Artes de la Universidad Nacional de Rosario. Menci\u00f3n en Educaci\u00f3n. Fundamentaci\u00f3n [&hellip;]<\/p>\n","protected":false},"author":105,"featured_media":0,"parent":0,"menu_order":0,"comment_status":"closed","ping_status":"closed","template":"elementor_header_footer","meta":[],"_links":{"self":[{"href":"https:\/\/www.ufasta.edu.ar\/investigacion\/wp-json\/wp\/v2\/pages\/1340"}],"collection":[{"href":"https:\/\/www.ufasta.edu.ar\/investigacion\/wp-json\/wp\/v2\/pages"}],"about":[{"href":"https:\/\/www.ufasta.edu.ar\/investigacion\/wp-json\/wp\/v2\/types\/page"}],"author":[{"embeddable":true,"href":"https:\/\/www.ufasta.edu.ar\/investigacion\/wp-json\/wp\/v2\/users\/105"}],"replies":[{"embeddable":true,"href":"https:\/\/www.ufasta.edu.ar\/investigacion\/wp-json\/wp\/v2\/comments?post=1340"}],"version-history":[{"count":18,"href":"https:\/\/www.ufasta.edu.ar\/investigacion\/wp-json\/wp\/v2\/pages\/1340\/revisions"}],"predecessor-version":[{"id":6413,"href":"https:\/\/www.ufasta.edu.ar\/investigacion\/wp-json\/wp\/v2\/pages\/1340\/revisions\/6413"}],"wp:attachment":[{"href":"https:\/\/www.ufasta.edu.ar\/investigacion\/wp-json\/wp\/v2\/media?parent=1340"}],"curies":[{"name":"wp","href":"https:\/\/api.w.org\/{rel}","templated":true}]}}