{"id":1324,"date":"2019-04-09T19:18:21","date_gmt":"2019-04-09T19:18:21","guid":{"rendered":"https:\/\/www.ufasta.edu.ar\/investigacion2\/?page_id=1324"},"modified":"2023-08-03T14:06:33","modified_gmt":"2023-08-03T14:06:33","slug":"linea-de-investigacion-econosistemas","status":"publish","type":"page","link":"https:\/\/www.ufasta.edu.ar\/investigacion\/linea-de-investigacion-econosistemas\/","title":{"rendered":"L\u00ednea de Investigaci\u00f3n Econosistemas"},"content":{"rendered":"\t\t<div data-elementor-type=\"wp-page\" data-elementor-id=\"1324\" class=\"elementor elementor-1324\" data-elementor-settings=\"[]\">\n\t\t\t\t\t\t<div class=\"elementor-inner\">\n\t\t\t\t\t\t\t<div class=\"elementor-section-wrap\">\n\t\t\t\t\t\t\t<section class=\"has_ma_el_bg_slider elementor-section elementor-top-section elementor-element elementor-element-faabe50 elementor-section-full_width elementor-section-height-default elementor-section-height-default wpr-particle-no wpr-jarallax-no wpr-parallax-no wpr-sticky-section-no\" data-id=\"faabe50\" data-element_type=\"section\">\n\t\t\t\t\t\t<div class=\"elementor-container elementor-column-gap-default\">\n\t\t\t\t\t\t\t<div class=\"elementor-row\">\n\t\t\t\t\t\t\t\t\t<\/div>\n\t\t\t\t\t<\/div>\n\t\t<\/section>\n\t\t\t\t<section class=\"has_ma_el_bg_slider elementor-section elementor-top-section elementor-element elementor-element-cd630a3 elementor-section-boxed elementor-section-height-default elementor-section-height-default wpr-particle-no wpr-jarallax-no wpr-parallax-no wpr-sticky-section-no\" data-id=\"cd630a3\" data-element_type=\"section\">\n\t\t\t\t\t\t<div class=\"elementor-container elementor-column-gap-default\">\n\t\t\t\t\t\t\t<div class=\"elementor-row\">\n\t\t\t\t\t<div class=\"has_ma_el_bg_slider elementor-column elementor-col-100 elementor-top-column elementor-element elementor-element-b8f15b7\" data-id=\"b8f15b7\" data-element_type=\"column\">\n\t\t\t<div class=\"elementor-column-wrap elementor-element-populated\">\n\t\t\t\t\t\t\t<div class=\"elementor-widget-wrap\">\n\t\t\t\t\t\t<div class=\"elementor-element elementor-element-bcd6159 elementor-widget elementor-widget-heading\" data-id=\"bcd6159\" data-element_type=\"widget\" data-widget_type=\"heading.default\">\n\t\t\t\t<div class=\"elementor-widget-container\">\n\t\t\t<h2 class=\"elementor-heading-title elementor-size-default\">L\u00ednea de investigaci\u00f3n<\/h2>\t\t<\/div>\n\t\t\t\t<\/div>\n\t\t\t\t\t\t<\/div>\n\t\t\t\t\t<\/div>\n\t\t<\/div>\n\t\t\t\t\t\t\t\t<\/div>\n\t\t\t\t\t<\/div>\n\t\t<\/section>\n\t\t\t\t<section class=\"has_ma_el_bg_slider elementor-section elementor-top-section elementor-element elementor-element-60b4cf46 elementor-section-boxed elementor-section-height-default elementor-section-height-default wpr-particle-no wpr-jarallax-no wpr-parallax-no wpr-sticky-section-no\" data-id=\"60b4cf46\" data-element_type=\"section\">\n\t\t\t\t\t\t<div class=\"elementor-container elementor-column-gap-default\">\n\t\t\t\t\t\t\t<div class=\"elementor-row\">\n\t\t\t\t\t<div class=\"has_ma_el_bg_slider elementor-column elementor-col-100 elementor-top-column elementor-element elementor-element-5e75639b\" data-id=\"5e75639b\" data-element_type=\"column\">\n\t\t\t<div class=\"elementor-column-wrap elementor-element-populated\">\n\t\t\t\t\t\t\t<div class=\"elementor-widget-wrap\">\n\t\t\t\t\t\t<div class=\"elementor-element elementor-element-52cf28b8 elementor-widget elementor-widget-heading\" data-id=\"52cf28b8\" data-element_type=\"widget\" data-widget_type=\"heading.default\">\n\t\t\t\t<div class=\"elementor-widget-container\">\n\t\t\t<h3 class=\"elementor-heading-title elementor-size-default\">Ecosistemas <\/h3>\t\t<\/div>\n\t\t\t\t<\/div>\n\t\t\t\t\t\t<\/div>\n\t\t\t\t\t<\/div>\n\t\t<\/div>\n\t\t\t\t\t\t\t\t<\/div>\n\t\t\t\t\t<\/div>\n\t\t<\/section>\n\t\t\t\t<section class=\"has_ma_el_bg_slider elementor-section elementor-top-section elementor-element elementor-element-23d208d1 elementor-section-boxed elementor-section-height-default elementor-section-height-default wpr-particle-no wpr-jarallax-no wpr-parallax-no wpr-sticky-section-no\" data-id=\"23d208d1\" data-element_type=\"section\">\n\t\t\t\t\t\t<div class=\"elementor-container elementor-column-gap-default\">\n\t\t\t\t\t\t\t<div class=\"elementor-row\">\n\t\t\t\t\t<div class=\"has_ma_el_bg_slider elementor-column elementor-col-50 elementor-top-column elementor-element elementor-element-4e326b4d\" data-id=\"4e326b4d\" data-element_type=\"column\">\n\t\t\t<div class=\"elementor-column-wrap elementor-element-populated\">\n\t\t\t\t\t\t\t<div class=\"elementor-widget-wrap\">\n\t\t\t\t\t\t<div class=\"elementor-element elementor-element-6b6c6894 elementor-widget elementor-widget-text-editor\" data-id=\"6b6c6894\" data-element_type=\"widget\" data-widget_type=\"text-editor.default\">\n\t\t\t\t<div class=\"elementor-widget-container\">\n\t\t\t\t\t\t\t\t<div class=\"elementor-text-editor elementor-clearfix\">\n\t\t\t\t<p>Est\u00e1 l\u00ednea de Investigaci\u00f3n est\u00e1 dirigida por la Dra. Mar\u00eda Paula Barral, es directora del grupo de investigaci\u00f3n Ecosistemas de la Universidad FASTA.<\/p>\t\t\t\t\t<\/div>\n\t\t\t\t\t\t<\/div>\n\t\t\t\t<\/div>\n\t\t\t\t\t\t<\/div>\n\t\t\t\t\t<\/div>\n\t\t<\/div>\n\t\t\t\t<div class=\"has_ma_el_bg_slider elementor-column elementor-col-50 elementor-top-column elementor-element elementor-element-3f6aa0e2\" data-id=\"3f6aa0e2\" data-element_type=\"column\">\n\t\t\t<div class=\"elementor-column-wrap elementor-element-populated\">\n\t\t\t\t\t\t\t<div class=\"elementor-widget-wrap\">\n\t\t\t\t\t\t<div class=\"elementor-element elementor-element-4960cbd6 elementor-widget elementor-widget-image\" data-id=\"4960cbd6\" data-element_type=\"widget\" data-widget_type=\"image.default\">\n\t\t\t\t<div class=\"elementor-widget-container\">\n\t\t\t\t\t\t\t\t<div class=\"elementor-image\">\n\t\t\t\t\t\t\t\t\t\t\t\t<img width=\"300\" height=\"197\" src=\"https:\/\/www.ufasta.edu.ar\/investigacion\/files\/2022\/03\/bosques-300x197.jpg\" class=\"attachment-medium size-medium\" alt=\"\" loading=\"lazy\" srcset=\"https:\/\/www.ufasta.edu.ar\/investigacion\/files\/2022\/03\/bosques-300x197.jpg 300w, https:\/\/www.ufasta.edu.ar\/investigacion\/files\/2022\/03\/bosques-1024x671.jpg 1024w, https:\/\/www.ufasta.edu.ar\/investigacion\/files\/2022\/03\/bosques-768x503.jpg 768w, https:\/\/www.ufasta.edu.ar\/investigacion\/files\/2022\/03\/bosques-830x544.jpg 830w, https:\/\/www.ufasta.edu.ar\/investigacion\/files\/2022\/03\/bosques-230x151.jpg 230w, https:\/\/www.ufasta.edu.ar\/investigacion\/files\/2022\/03\/bosques-350x229.jpg 350w, https:\/\/www.ufasta.edu.ar\/investigacion\/files\/2022\/03\/bosques-480x315.jpg 480w, https:\/\/www.ufasta.edu.ar\/investigacion\/files\/2022\/03\/bosques.jpg 1382w\" sizes=\"(max-width: 300px) 100vw, 300px\" \/>\t\t\t\t\t\t\t\t\t\t\t\t\t\t<\/div>\n\t\t\t\t\t\t<\/div>\n\t\t\t\t<\/div>\n\t\t\t\t\t\t<\/div>\n\t\t\t\t\t<\/div>\n\t\t<\/div>\n\t\t\t\t\t\t\t\t<\/div>\n\t\t\t\t\t<\/div>\n\t\t<\/section>\n\t\t\t\t<section class=\"has_ma_el_bg_slider elementor-section elementor-top-section elementor-element elementor-element-24e21c63 elementor-section-boxed elementor-section-height-default elementor-section-height-default wpr-particle-no wpr-jarallax-no wpr-parallax-no wpr-sticky-section-no\" data-id=\"24e21c63\" data-element_type=\"section\">\n\t\t\t\t\t\t<div class=\"elementor-container elementor-column-gap-default\">\n\t\t\t\t\t\t\t<div class=\"elementor-row\">\n\t\t\t\t\t<div class=\"has_ma_el_bg_slider elementor-column elementor-col-100 elementor-top-column elementor-element elementor-element-2310622\" data-id=\"2310622\" data-element_type=\"column\">\n\t\t\t<div class=\"elementor-column-wrap elementor-element-populated\">\n\t\t\t\t\t\t\t<div class=\"elementor-widget-wrap\">\n\t\t\t\t\t\t<div class=\"elementor-element elementor-element-7b13245e elementor-widget elementor-widget-heading\" data-id=\"7b13245e\" data-element_type=\"widget\" data-widget_type=\"heading.default\">\n\t\t\t\t<div class=\"elementor-widget-container\">\n\t\t\t<h3 class=\"elementor-heading-title elementor-size-default\">Fundamentaci\u00f3n <\/h3>\t\t<\/div>\n\t\t\t\t<\/div>\n\t\t\t\t<div class=\"elementor-element elementor-element-4b0060ff elementor-widget elementor-widget-text-editor\" data-id=\"4b0060ff\" data-element_type=\"widget\" data-widget_type=\"text-editor.default\">\n\t\t\t\t<div class=\"elementor-widget-container\">\n\t\t\t\t\t\t\t\t<div class=\"elementor-text-editor elementor-clearfix\">\n\t\t\t\t<p>El sudeste de la provincia de Buenos Aires es un \u00e1rea donde se desarrollan m\u00faltiples actividades, con predominio de la agricultura y la ganader\u00eda. Esta \u00e1rea incluye una gran cantidad de cursos de agua superficiales (naturales y artificiales) que forman una red de drenaje que transporta el agua dulce desde el Sistema de Tandilia (donde se origina) hasta la zona costera.<\/p><p>Existe una estrecha relaci\u00f3n entre estos ecosistemas acu\u00e1ticos superficiales y los acu\u00edferos subterr\u00e1neos, que tambi\u00e9n constituyen la \u00fanica fuente de recursos h\u00eddricos tanto para el riego como para el consumo humano y ganadero, entre otros. Por lo tanto, estudiar estos ecosistemas como una unidad integrada, en la que el agua es un componente m\u00e1s del sistema ecol\u00f3gico, junto con los factores ambientales (condiciones, recursos abi\u00f3ticos) y los componentes bi\u00f3ticos (organismos) es muy relevante para determinar c\u00f3mo diferentes actividades antr\u00f3picas que se llevan a cabo en las cuencas impactan sobre estos ecosistemas, su funcionamiento y, por lo tanto, en los servicios que proveen a la poblaci\u00f3n.<\/p><p>A trav\u00e9s de los distintos proyectos de investigaci\u00f3n se estudiaron tres sistemas de arroyos y sus cuencas (cuenca afluente de la laguna costera Mar Chiquita, arroyos que discurren a cielo abierto -no entubados- del partido de General Pueyrredon y del partido de General Alvarado) en los cuales se han desarrollado estudios focalizados en problem\u00e1ticas espec\u00edficas: la vulnerabilidad a ser contaminados, la calidad de sus aguas a trav\u00e9s de un sistema de indicadores, y su geomorfolog\u00eda para evaluar la probabilidad de inundaciones.<\/p>\t\t\t\t\t<\/div>\n\t\t\t\t\t\t<\/div>\n\t\t\t\t<\/div>\n\t\t\t\t\t\t<\/div>\n\t\t\t\t\t<\/div>\n\t\t<\/div>\n\t\t\t\t\t\t\t\t<\/div>\n\t\t\t\t\t<\/div>\n\t\t<\/section>\n\t\t\t\t<section class=\"has_ma_el_bg_slider elementor-section elementor-top-section elementor-element elementor-element-0d44615 elementor-section-boxed elementor-section-height-default elementor-section-height-default wpr-particle-no wpr-jarallax-no wpr-parallax-no wpr-sticky-section-no\" data-id=\"0d44615\" data-element_type=\"section\">\n\t\t\t\t\t\t<div class=\"elementor-container elementor-column-gap-default\">\n\t\t\t\t\t\t\t<div class=\"elementor-row\">\n\t\t\t\t\t<div class=\"has_ma_el_bg_slider elementor-column elementor-col-100 elementor-top-column elementor-element elementor-element-2d2568a\" data-id=\"2d2568a\" data-element_type=\"column\">\n\t\t\t<div class=\"elementor-column-wrap elementor-element-populated\">\n\t\t\t\t\t\t\t<div class=\"elementor-widget-wrap\">\n\t\t\t\t\t\t<div class=\"elementor-element elementor-element-cce4cd2 elementor-widget elementor-widget-heading\" data-id=\"cce4cd2\" data-element_type=\"widget\" data-widget_type=\"heading.default\">\n\t\t\t\t<div class=\"elementor-widget-container\">\n\t\t\t<h3 class=\"elementor-heading-title elementor-size-default\">Expectativas de logro<\/h3>\t\t<\/div>\n\t\t\t\t<\/div>\n\t\t\t\t<div class=\"elementor-element elementor-element-cff838d elementor-widget elementor-widget-text-editor\" data-id=\"cff838d\" data-element_type=\"widget\" data-widget_type=\"text-editor.default\">\n\t\t\t\t<div class=\"elementor-widget-container\">\n\t\t\t\t\t\t\t\t<div class=\"elementor-text-editor elementor-clearfix\">\n\t\t\t\t<p>Las expectativas de este grupo de investigaci\u00f3n est\u00e1n, por un lado, vinculadas a la generaci\u00f3n de conocimiento cient\u00edfico que contribuya a facilitar la toma de decisiones de las autoridades correspondientes en temas ligados, en principio, a inundaciones y sus potenciales consecuencias en la regi\u00f3n, a la evaluaci\u00f3n de la calidad ambiental, a la vulnerabilidad a la contaminaci\u00f3n, a la conservaci\u00f3n de la biodiversidad, al uso apropiado del territorio.<\/p>\t\t\t\t\t<\/div>\n\t\t\t\t\t\t<\/div>\n\t\t\t\t<\/div>\n\t\t\t\t\t\t<\/div>\n\t\t\t\t\t<\/div>\n\t\t<\/div>\n\t\t\t\t\t\t\t\t<\/div>\n\t\t\t\t\t<\/div>\n\t\t<\/section>\n\t\t\t\t\t\t<\/div>\n\t\t\t\t\t\t<\/div>\n\t\t\t\t\t<\/div>\n\t\t","protected":false},"excerpt":{"rendered":"<p>L\u00ednea de investigaci\u00f3n Ecosistemas Est\u00e1 l\u00ednea de Investigaci\u00f3n est\u00e1 dirigida por la Dra. Mar\u00eda Paula Barral, es directora del grupo de investigaci\u00f3n Ecosistemas de la Universidad FASTA. Fundamentaci\u00f3n El sudeste de la provincia de Buenos Aires es un \u00e1rea donde se desarrollan m\u00faltiples actividades, con predominio de la agricultura y la ganader\u00eda. Esta \u00e1rea incluye [&hellip;]<\/p>\n","protected":false},"author":105,"featured_media":0,"parent":0,"menu_order":0,"comment_status":"closed","ping_status":"closed","template":"elementor_header_footer","meta":[],"_links":{"self":[{"href":"https:\/\/www.ufasta.edu.ar\/investigacion\/wp-json\/wp\/v2\/pages\/1324"}],"collection":[{"href":"https:\/\/www.ufasta.edu.ar\/investigacion\/wp-json\/wp\/v2\/pages"}],"about":[{"href":"https:\/\/www.ufasta.edu.ar\/investigacion\/wp-json\/wp\/v2\/types\/page"}],"author":[{"embeddable":true,"href":"https:\/\/www.ufasta.edu.ar\/investigacion\/wp-json\/wp\/v2\/users\/105"}],"replies":[{"embeddable":true,"href":"https:\/\/www.ufasta.edu.ar\/investigacion\/wp-json\/wp\/v2\/comments?post=1324"}],"version-history":[{"count":21,"href":"https:\/\/www.ufasta.edu.ar\/investigacion\/wp-json\/wp\/v2\/pages\/1324\/revisions"}],"predecessor-version":[{"id":8507,"href":"https:\/\/www.ufasta.edu.ar\/investigacion\/wp-json\/wp\/v2\/pages\/1324\/revisions\/8507"}],"wp:attachment":[{"href":"https:\/\/www.ufasta.edu.ar\/investigacion\/wp-json\/wp\/v2\/media?parent=1324"}],"curies":[{"name":"wp","href":"https:\/\/api.w.org\/{rel}","templated":true}]}}