{"id":1316,"date":"2019-04-04T21:56:48","date_gmt":"2019-04-04T21:56:48","guid":{"rendered":"https:\/\/www.ufasta.edu.ar\/investigacion2\/?page_id=1316"},"modified":"2022-11-03T19:35:59","modified_gmt":"2022-11-03T19:35:59","slug":"linea-de-investigacion-derecho-al-consumidor","status":"publish","type":"page","link":"https:\/\/www.ufasta.edu.ar\/investigacion\/linea-de-investigacion-derecho-al-consumidor\/","title":{"rendered":"L\u00ednea de investigaci\u00f3n Derecho al Consumidor"},"content":{"rendered":"\t\t<div data-elementor-type=\"wp-page\" data-elementor-id=\"1316\" class=\"elementor elementor-1316\" data-elementor-settings=\"[]\">\n\t\t\t\t\t\t<div class=\"elementor-inner\">\n\t\t\t\t\t\t\t<div class=\"elementor-section-wrap\">\n\t\t\t\t\t\t\t<section class=\"has_ma_el_bg_slider elementor-section elementor-top-section elementor-element elementor-element-9bdc769 elementor-section-full_width elementor-section-height-default elementor-section-height-default wpr-particle-no wpr-jarallax-no wpr-parallax-no wpr-sticky-section-no\" data-id=\"9bdc769\" data-element_type=\"section\">\n\t\t\t\t\t\t<div class=\"elementor-container elementor-column-gap-default\">\n\t\t\t\t\t\t\t<div class=\"elementor-row\">\n\t\t\t\t\t\t\t\t\t<\/div>\n\t\t\t\t\t<\/div>\n\t\t<\/section>\n\t\t\t\t<section class=\"has_ma_el_bg_slider elementor-section elementor-top-section elementor-element elementor-element-415d64a elementor-section-boxed elementor-section-height-default elementor-section-height-default wpr-particle-no wpr-jarallax-no wpr-parallax-no wpr-sticky-section-no\" data-id=\"415d64a\" data-element_type=\"section\">\n\t\t\t\t\t\t<div class=\"elementor-container elementor-column-gap-default\">\n\t\t\t\t\t\t\t<div class=\"elementor-row\">\n\t\t\t\t\t<div class=\"has_ma_el_bg_slider elementor-column elementor-col-100 elementor-top-column elementor-element elementor-element-b71bd8e\" data-id=\"b71bd8e\" data-element_type=\"column\">\n\t\t\t<div class=\"elementor-column-wrap elementor-element-populated\">\n\t\t\t\t\t\t\t<div class=\"elementor-widget-wrap\">\n\t\t\t\t\t\t<div class=\"elementor-element elementor-element-4ea8657 elementor-widget elementor-widget-heading\" data-id=\"4ea8657\" data-element_type=\"widget\" data-widget_type=\"heading.default\">\n\t\t\t\t<div class=\"elementor-widget-container\">\n\t\t\t<h2 class=\"elementor-heading-title elementor-size-default\">L\u00ednea de investigaci\u00f3n<\/h2>\t\t<\/div>\n\t\t\t\t<\/div>\n\t\t\t\t\t\t<\/div>\n\t\t\t\t\t<\/div>\n\t\t<\/div>\n\t\t\t\t\t\t\t\t<\/div>\n\t\t\t\t\t<\/div>\n\t\t<\/section>\n\t\t\t\t<section class=\"has_ma_el_bg_slider elementor-section elementor-top-section elementor-element elementor-element-1af79455 elementor-section-boxed elementor-section-height-default elementor-section-height-default wpr-particle-no wpr-jarallax-no wpr-parallax-no wpr-sticky-section-no\" data-id=\"1af79455\" data-element_type=\"section\">\n\t\t\t\t\t\t<div class=\"elementor-container elementor-column-gap-default\">\n\t\t\t\t\t\t\t<div class=\"elementor-row\">\n\t\t\t\t\t<div class=\"has_ma_el_bg_slider elementor-column elementor-col-100 elementor-top-column elementor-element elementor-element-2d2a2aea\" data-id=\"2d2a2aea\" data-element_type=\"column\">\n\t\t\t<div class=\"elementor-column-wrap elementor-element-populated\">\n\t\t\t\t\t\t\t<div class=\"elementor-widget-wrap\">\n\t\t\t\t\t\t<div class=\"elementor-element elementor-element-a842f4a elementor-widget elementor-widget-heading\" data-id=\"a842f4a\" data-element_type=\"widget\" data-widget_type=\"heading.default\">\n\t\t\t\t<div class=\"elementor-widget-container\">\n\t\t\t<h3 class=\"elementor-heading-title elementor-size-default\">Derecho al Consumidor<\/h3>\t\t<\/div>\n\t\t\t\t<\/div>\n\t\t\t\t\t\t<\/div>\n\t\t\t\t\t<\/div>\n\t\t<\/div>\n\t\t\t\t\t\t\t\t<\/div>\n\t\t\t\t\t<\/div>\n\t\t<\/section>\n\t\t\t\t<section class=\"has_ma_el_bg_slider elementor-section elementor-top-section elementor-element elementor-element-70a932af elementor-section-boxed elementor-section-height-default elementor-section-height-default wpr-particle-no wpr-jarallax-no wpr-parallax-no wpr-sticky-section-no\" data-id=\"70a932af\" data-element_type=\"section\">\n\t\t\t\t\t\t<div class=\"elementor-container elementor-column-gap-default\">\n\t\t\t\t\t\t\t<div class=\"elementor-row\">\n\t\t\t\t\t<div class=\"has_ma_el_bg_slider elementor-column elementor-col-50 elementor-top-column elementor-element elementor-element-2f2bca19\" data-id=\"2f2bca19\" data-element_type=\"column\">\n\t\t\t<div class=\"elementor-column-wrap elementor-element-populated\">\n\t\t\t\t\t\t\t<div class=\"elementor-widget-wrap\">\n\t\t\t\t\t\t<div class=\"elementor-element elementor-element-349ea4e0 elementor-widget elementor-widget-text-editor\" data-id=\"349ea4e0\" data-element_type=\"widget\" data-widget_type=\"text-editor.default\">\n\t\t\t\t<div class=\"elementor-widget-container\">\n\t\t\t\t\t\t\t\t<div class=\"elementor-text-editor elementor-clearfix\">\n\t\t\t\t<p>Est\u00e1 l\u00ednea de Investigaci\u00f3n est\u00e1 dirigida por Carlos Brun, Abogado y Doctor en Derecho por la Universidad Nacional de Mar del Plata<\/p>\t\t\t\t\t<\/div>\n\t\t\t\t\t\t<\/div>\n\t\t\t\t<\/div>\n\t\t\t\t\t\t<\/div>\n\t\t\t\t\t<\/div>\n\t\t<\/div>\n\t\t\t\t<div class=\"has_ma_el_bg_slider elementor-column elementor-col-50 elementor-top-column elementor-element elementor-element-46096e8a\" data-id=\"46096e8a\" data-element_type=\"column\">\n\t\t\t<div class=\"elementor-column-wrap elementor-element-populated\">\n\t\t\t\t\t\t\t<div class=\"elementor-widget-wrap\">\n\t\t\t\t\t\t<div class=\"elementor-element elementor-element-3eb8da0b elementor-widget elementor-widget-image\" data-id=\"3eb8da0b\" data-element_type=\"widget\" data-widget_type=\"image.default\">\n\t\t\t\t<div class=\"elementor-widget-container\">\n\t\t\t\t\t\t\t\t<div class=\"elementor-image\">\n\t\t\t\t\t\t\t\t\t\t\t\t<img width=\"150\" height=\"150\" src=\"https:\/\/www.ufasta.edu.ar\/investigacion\/files\/2022\/03\/concepto-abstracto-derecho-consumidor_335657-2996-150x150.jpg\" class=\"attachment-thumbnail size-thumbnail\" alt=\"\" loading=\"lazy\" srcset=\"https:\/\/www.ufasta.edu.ar\/investigacion\/files\/2022\/03\/concepto-abstracto-derecho-consumidor_335657-2996-150x150.jpg 150w, https:\/\/www.ufasta.edu.ar\/investigacion\/files\/2022\/03\/concepto-abstracto-derecho-consumidor_335657-2996-300x300.jpg 300w, https:\/\/www.ufasta.edu.ar\/investigacion\/files\/2022\/03\/concepto-abstracto-derecho-consumidor_335657-2996-230x230.jpg 230w, https:\/\/www.ufasta.edu.ar\/investigacion\/files\/2022\/03\/concepto-abstracto-derecho-consumidor_335657-2996-350x350.jpg 350w, https:\/\/www.ufasta.edu.ar\/investigacion\/files\/2022\/03\/concepto-abstracto-derecho-consumidor_335657-2996-480x480.jpg 480w, https:\/\/www.ufasta.edu.ar\/investigacion\/files\/2022\/03\/concepto-abstracto-derecho-consumidor_335657-2996.jpg 626w\" sizes=\"(max-width: 150px) 100vw, 150px\" \/>\t\t\t\t\t\t\t\t\t\t\t\t\t\t<\/div>\n\t\t\t\t\t\t<\/div>\n\t\t\t\t<\/div>\n\t\t\t\t\t\t<\/div>\n\t\t\t\t\t<\/div>\n\t\t<\/div>\n\t\t\t\t\t\t\t\t<\/div>\n\t\t\t\t\t<\/div>\n\t\t<\/section>\n\t\t\t\t<section class=\"has_ma_el_bg_slider elementor-section elementor-top-section elementor-element elementor-element-4631bfef elementor-section-boxed elementor-section-height-default elementor-section-height-default wpr-particle-no wpr-jarallax-no wpr-parallax-no wpr-sticky-section-no\" data-id=\"4631bfef\" data-element_type=\"section\">\n\t\t\t\t\t\t<div class=\"elementor-container elementor-column-gap-default\">\n\t\t\t\t\t\t\t<div class=\"elementor-row\">\n\t\t\t\t\t<div class=\"has_ma_el_bg_slider elementor-column elementor-col-100 elementor-top-column elementor-element elementor-element-5fabcdc4\" data-id=\"5fabcdc4\" data-element_type=\"column\">\n\t\t\t<div class=\"elementor-column-wrap elementor-element-populated\">\n\t\t\t\t\t\t\t<div class=\"elementor-widget-wrap\">\n\t\t\t\t\t\t<div class=\"elementor-element elementor-element-74909249 elementor-widget elementor-widget-heading\" data-id=\"74909249\" data-element_type=\"widget\" data-widget_type=\"heading.default\">\n\t\t\t\t<div class=\"elementor-widget-container\">\n\t\t\t<h3 class=\"elementor-heading-title elementor-size-default\">Fundamentaci\u00f3n <\/h3>\t\t<\/div>\n\t\t\t\t<\/div>\n\t\t\t\t<div class=\"elementor-element elementor-element-71057d7e elementor-widget elementor-widget-text-editor\" data-id=\"71057d7e\" data-element_type=\"widget\" data-widget_type=\"text-editor.default\">\n\t\t\t\t<div class=\"elementor-widget-container\">\n\t\t\t\t\t\t\t\t<div class=\"elementor-text-editor elementor-clearfix\">\n\t\t\t\t<p>El derecho de los consumidores como objeto de estudio y regulaci\u00f3n normativa especial, empez\u00f3 a desarrollarse alrededor de la d\u00e9cada de 196. La masividad en la producci\u00f3n y en el consumo, sumada a la circulaci\u00f3n masiva de bienes y servicios, trajo aparejado un cambio en las modalidades de formulaci\u00f3n de la oferta y contrataci\u00f3n de los mismos.<\/p><p>En Argentina, la protecci\u00f3n del consumidor se desarroll\u00f3, de manera indirecta, a trav\u00e9s de diversas disposiciones legales, la primera y m\u00e1s importante, la ley 24.240 de defensa del consumidor del a\u00f1o 1993, y sus sucesivas reformas. En el a\u00f1o 1994,se incluye en la Constituci\u00f3n Nacional el art\u00edculo 42, referido a los derechos del consumidor y usuarios. En el a\u00f1o 2015 comienza la vigencia del c\u00f3digo civil y comercial que incorpora en el Libro III, Titulo III, Los Contratos de Consumo.\u00a0De a poco la doctrina y la jurisprudencia fueron tomando conciencia de la magnitud del Art\u00edculo 42 de nuestra \u201cCarta Magna\u201d.<\/p><p>En definitiva, puede decrise que hoy la Argentina cuenta con una adecuada base jur\u00eddica de protecci\u00f3n, con connatural y progresiva vocaci\u00f3n progresista, cuyo eje est\u00e1 constituido en la defensa de la dignidad de los consumidores y del bien com\u00fan.<\/p>\t\t\t\t\t<\/div>\n\t\t\t\t\t\t<\/div>\n\t\t\t\t<\/div>\n\t\t\t\t\t\t<\/div>\n\t\t\t\t\t<\/div>\n\t\t<\/div>\n\t\t\t\t\t\t\t\t<\/div>\n\t\t\t\t\t<\/div>\n\t\t<\/section>\n\t\t\t\t<section class=\"has_ma_el_bg_slider elementor-section elementor-top-section elementor-element elementor-element-f437e2c elementor-section-boxed elementor-section-height-default elementor-section-height-default wpr-particle-no wpr-jarallax-no wpr-parallax-no wpr-sticky-section-no\" data-id=\"f437e2c\" data-element_type=\"section\">\n\t\t\t\t\t\t<div class=\"elementor-container elementor-column-gap-default\">\n\t\t\t\t\t\t\t<div class=\"elementor-row\">\n\t\t\t\t\t<div class=\"has_ma_el_bg_slider elementor-column elementor-col-100 elementor-top-column elementor-element elementor-element-623c693\" data-id=\"623c693\" data-element_type=\"column\">\n\t\t\t<div class=\"elementor-column-wrap elementor-element-populated\">\n\t\t\t\t\t\t\t<div class=\"elementor-widget-wrap\">\n\t\t\t\t\t\t<div class=\"elementor-element elementor-element-d2af2af elementor-widget elementor-widget-heading\" data-id=\"d2af2af\" data-element_type=\"widget\" data-widget_type=\"heading.default\">\n\t\t\t\t<div class=\"elementor-widget-container\">\n\t\t\t<h3 class=\"elementor-heading-title elementor-size-default\">Expectativas de Desarrollo <\/h3>\t\t<\/div>\n\t\t\t\t<\/div>\n\t\t\t\t<div class=\"elementor-element elementor-element-9d3b5da elementor-widget elementor-widget-text-editor\" data-id=\"9d3b5da\" data-element_type=\"widget\" data-widget_type=\"text-editor.default\">\n\t\t\t\t<div class=\"elementor-widget-container\">\n\t\t\t\t\t\t\t\t<div class=\"elementor-text-editor elementor-clearfix\">\n\t\t\t\t<ol><li>Coadyuvar a la protecci\u00f3n de los consumidores desde la investigaci\u00f3n de aquellos aspectos que requieran mejoras<\/li><li>Lograr que la Universidad FASTA desarrolle un Observatorio de la realidad del sistema consumerista argentino en el que se detecten ineficacias e injusticias en el sistema proponiendo las modificaciones necesarias y tambi\u00e9n aciertos que merezcan ser destacados.<\/li><\/ol>\t\t\t\t\t<\/div>\n\t\t\t\t\t\t<\/div>\n\t\t\t\t<\/div>\n\t\t\t\t\t\t<\/div>\n\t\t\t\t\t<\/div>\n\t\t<\/div>\n\t\t\t\t\t\t\t\t<\/div>\n\t\t\t\t\t<\/div>\n\t\t<\/section>\n\t\t\t\t\t\t<\/div>\n\t\t\t\t\t\t<\/div>\n\t\t\t\t\t<\/div>\n\t\t","protected":false},"excerpt":{"rendered":"<p>L\u00ednea de investigaci\u00f3n Derecho al Consumidor Est\u00e1 l\u00ednea de Investigaci\u00f3n est\u00e1 dirigida por Carlos Brun, Abogado y Doctor en Derecho por la Universidad Nacional de Mar del Plata Fundamentaci\u00f3n El derecho de los consumidores como objeto de estudio y regulaci\u00f3n normativa especial, empez\u00f3 a desarrollarse alrededor de la d\u00e9cada de 196. La masividad en la [&hellip;]<\/p>\n","protected":false},"author":105,"featured_media":0,"parent":0,"menu_order":0,"comment_status":"closed","ping_status":"closed","template":"elementor_header_footer","meta":[],"_links":{"self":[{"href":"https:\/\/www.ufasta.edu.ar\/investigacion\/wp-json\/wp\/v2\/pages\/1316"}],"collection":[{"href":"https:\/\/www.ufasta.edu.ar\/investigacion\/wp-json\/wp\/v2\/pages"}],"about":[{"href":"https:\/\/www.ufasta.edu.ar\/investigacion\/wp-json\/wp\/v2\/types\/page"}],"author":[{"embeddable":true,"href":"https:\/\/www.ufasta.edu.ar\/investigacion\/wp-json\/wp\/v2\/users\/105"}],"replies":[{"embeddable":true,"href":"https:\/\/www.ufasta.edu.ar\/investigacion\/wp-json\/wp\/v2\/comments?post=1316"}],"version-history":[{"count":20,"href":"https:\/\/www.ufasta.edu.ar\/investigacion\/wp-json\/wp\/v2\/pages\/1316\/revisions"}],"predecessor-version":[{"id":6407,"href":"https:\/\/www.ufasta.edu.ar\/investigacion\/wp-json\/wp\/v2\/pages\/1316\/revisions\/6407"}],"wp:attachment":[{"href":"https:\/\/www.ufasta.edu.ar\/investigacion\/wp-json\/wp\/v2\/media?parent=1316"}],"curies":[{"name":"wp","href":"https:\/\/api.w.org\/{rel}","templated":true}]}}