{"id":1302,"date":"2019-04-04T21:00:08","date_gmt":"2019-04-04T21:00:08","guid":{"rendered":"https:\/\/www.ufasta.edu.ar\/investigacion2\/?page_id=1302"},"modified":"2022-11-03T19:34:24","modified_gmt":"2022-11-03T19:34:24","slug":"linea-de-investigacion-ciencias-forenses","status":"publish","type":"page","link":"https:\/\/www.ufasta.edu.ar\/investigacion\/linea-de-investigacion-ciencias-forenses\/","title":{"rendered":"L\u00ednea de Investigaci\u00f3n Ciencias Forenses"},"content":{"rendered":"\t\t<div data-elementor-type=\"wp-page\" data-elementor-id=\"1302\" class=\"elementor elementor-1302\" data-elementor-settings=\"[]\">\n\t\t\t\t\t\t<div class=\"elementor-inner\">\n\t\t\t\t\t\t\t<div class=\"elementor-section-wrap\">\n\t\t\t\t\t\t\t<section class=\"has_ma_el_bg_slider elementor-section elementor-top-section elementor-element elementor-element-7d75344b elementor-section-full_width elementor-section-height-default elementor-section-height-default wpr-particle-no wpr-jarallax-no wpr-parallax-no wpr-sticky-section-no\" data-id=\"7d75344b\" data-element_type=\"section\">\n\t\t\t\t\t\t<div class=\"elementor-container elementor-column-gap-default\">\n\t\t\t\t\t\t\t<div class=\"elementor-row\">\n\t\t\t\t\t\t\t\t\t<\/div>\n\t\t\t\t\t<\/div>\n\t\t<\/section>\n\t\t\t\t<section class=\"has_ma_el_bg_slider elementor-section elementor-top-section elementor-element elementor-element-e9a98fe elementor-section-boxed elementor-section-height-default elementor-section-height-default wpr-particle-no wpr-jarallax-no wpr-parallax-no wpr-sticky-section-no\" data-id=\"e9a98fe\" data-element_type=\"section\">\n\t\t\t\t\t\t<div class=\"elementor-container elementor-column-gap-default\">\n\t\t\t\t\t\t\t<div class=\"elementor-row\">\n\t\t\t\t\t<div class=\"has_ma_el_bg_slider elementor-column elementor-col-100 elementor-top-column elementor-element elementor-element-99e2ce3\" data-id=\"99e2ce3\" data-element_type=\"column\">\n\t\t\t<div class=\"elementor-column-wrap elementor-element-populated\">\n\t\t\t\t\t\t\t<div class=\"elementor-widget-wrap\">\n\t\t\t\t\t\t<div class=\"elementor-element elementor-element-c504bf6 elementor-widget elementor-widget-heading\" data-id=\"c504bf6\" data-element_type=\"widget\" data-widget_type=\"heading.default\">\n\t\t\t\t<div class=\"elementor-widget-container\">\n\t\t\t<h2 class=\"elementor-heading-title elementor-size-default\">L\u00ednea de investigaci\u00f3n<\/h2>\t\t<\/div>\n\t\t\t\t<\/div>\n\t\t\t\t\t\t<\/div>\n\t\t\t\t\t<\/div>\n\t\t<\/div>\n\t\t\t\t\t\t\t\t<\/div>\n\t\t\t\t\t<\/div>\n\t\t<\/section>\n\t\t\t\t<section class=\"has_ma_el_bg_slider elementor-section elementor-top-section elementor-element elementor-element-6b24115c elementor-section-boxed elementor-section-height-default elementor-section-height-default wpr-particle-no wpr-jarallax-no wpr-parallax-no wpr-sticky-section-no\" data-id=\"6b24115c\" data-element_type=\"section\">\n\t\t\t\t\t\t<div class=\"elementor-container elementor-column-gap-default\">\n\t\t\t\t\t\t\t<div class=\"elementor-row\">\n\t\t\t\t\t<div class=\"has_ma_el_bg_slider elementor-column elementor-col-100 elementor-top-column elementor-element elementor-element-37362f5\" data-id=\"37362f5\" data-element_type=\"column\">\n\t\t\t<div class=\"elementor-column-wrap elementor-element-populated\">\n\t\t\t\t\t\t\t<div class=\"elementor-widget-wrap\">\n\t\t\t\t\t\t<div class=\"elementor-element elementor-element-2fd1fd99 elementor-widget elementor-widget-heading\" data-id=\"2fd1fd99\" data-element_type=\"widget\" data-widget_type=\"heading.default\">\n\t\t\t\t<div class=\"elementor-widget-container\">\n\t\t\t<h3 class=\"elementor-heading-title elementor-size-default\">Ciencias Forenses<\/h3>\t\t<\/div>\n\t\t\t\t<\/div>\n\t\t\t\t\t\t<\/div>\n\t\t\t\t\t<\/div>\n\t\t<\/div>\n\t\t\t\t\t\t\t\t<\/div>\n\t\t\t\t\t<\/div>\n\t\t<\/section>\n\t\t\t\t<section class=\"has_ma_el_bg_slider elementor-section elementor-top-section elementor-element elementor-element-5ed8f0eb elementor-section-boxed elementor-section-height-default elementor-section-height-default wpr-particle-no wpr-jarallax-no wpr-parallax-no wpr-sticky-section-no\" data-id=\"5ed8f0eb\" data-element_type=\"section\">\n\t\t\t\t\t\t<div class=\"elementor-container elementor-column-gap-default\">\n\t\t\t\t\t\t\t<div class=\"elementor-row\">\n\t\t\t\t\t<div class=\"has_ma_el_bg_slider elementor-column elementor-col-50 elementor-top-column elementor-element elementor-element-6405b759\" data-id=\"6405b759\" data-element_type=\"column\">\n\t\t\t<div class=\"elementor-column-wrap elementor-element-populated\">\n\t\t\t\t\t\t\t<div class=\"elementor-widget-wrap\">\n\t\t\t\t\t\t<div class=\"elementor-element elementor-element-111968b9 elementor-widget elementor-widget-text-editor\" data-id=\"111968b9\" data-element_type=\"widget\" data-widget_type=\"text-editor.default\">\n\t\t\t\t<div class=\"elementor-widget-container\">\n\t\t\t\t\t\t\t\t<div class=\"elementor-text-editor elementor-clearfix\">\n\t\t\t\t<p>Esta l\u00ednea de Investigaci\u00f3n est\u00e1 dirigida por Ana Haydee Di Iorio, Ingeniera en Inform\u00e1tica de la Universidad FASTA y es Especialista en Gesti\u00f3n de la Tecnolog\u00eda y la Innovaci\u00f3n de la Universidad Nacional de Mar del Plata.<\/p>\t\t\t\t\t<\/div>\n\t\t\t\t\t\t<\/div>\n\t\t\t\t<\/div>\n\t\t\t\t\t\t<\/div>\n\t\t\t\t\t<\/div>\n\t\t<\/div>\n\t\t\t\t<div class=\"has_ma_el_bg_slider elementor-column elementor-col-50 elementor-top-column elementor-element elementor-element-4226f4e\" data-id=\"4226f4e\" data-element_type=\"column\">\n\t\t\t<div class=\"elementor-column-wrap elementor-element-populated\">\n\t\t\t\t\t\t\t<div class=\"elementor-widget-wrap\">\n\t\t\t\t\t\t<div class=\"elementor-element elementor-element-53dd53f7 elementor-widget elementor-widget-image\" data-id=\"53dd53f7\" data-element_type=\"widget\" data-widget_type=\"image.default\">\n\t\t\t\t<div class=\"elementor-widget-container\">\n\t\t\t\t\t\t\t\t<div class=\"elementor-image\">\n\t\t\t\t\t\t\t\t\t\t\t\t<img width=\"150\" height=\"150\" src=\"https:\/\/www.ufasta.edu.ar\/investigacion\/files\/2022\/03\/1616525-150x150.png\" class=\"attachment-thumbnail size-thumbnail\" alt=\"\" loading=\"lazy\" srcset=\"https:\/\/www.ufasta.edu.ar\/investigacion\/files\/2022\/03\/1616525-150x150.png 150w, https:\/\/www.ufasta.edu.ar\/investigacion\/files\/2022\/03\/1616525-300x300.png 300w, https:\/\/www.ufasta.edu.ar\/investigacion\/files\/2022\/03\/1616525-230x230.png 230w, https:\/\/www.ufasta.edu.ar\/investigacion\/files\/2022\/03\/1616525-350x350.png 350w, https:\/\/www.ufasta.edu.ar\/investigacion\/files\/2022\/03\/1616525-480x480.png 480w, https:\/\/www.ufasta.edu.ar\/investigacion\/files\/2022\/03\/1616525.png 512w\" sizes=\"(max-width: 150px) 100vw, 150px\" \/>\t\t\t\t\t\t\t\t\t\t\t\t\t\t<\/div>\n\t\t\t\t\t\t<\/div>\n\t\t\t\t<\/div>\n\t\t\t\t\t\t<\/div>\n\t\t\t\t\t<\/div>\n\t\t<\/div>\n\t\t\t\t\t\t\t\t<\/div>\n\t\t\t\t\t<\/div>\n\t\t<\/section>\n\t\t\t\t<section class=\"has_ma_el_bg_slider elementor-section elementor-top-section elementor-element elementor-element-43eb5f3f elementor-section-boxed elementor-section-height-default elementor-section-height-default wpr-particle-no wpr-jarallax-no wpr-parallax-no wpr-sticky-section-no\" data-id=\"43eb5f3f\" data-element_type=\"section\">\n\t\t\t\t\t\t<div class=\"elementor-container elementor-column-gap-default\">\n\t\t\t\t\t\t\t<div class=\"elementor-row\">\n\t\t\t\t\t<div class=\"has_ma_el_bg_slider elementor-column elementor-col-100 elementor-top-column elementor-element elementor-element-7284e9f3\" data-id=\"7284e9f3\" data-element_type=\"column\">\n\t\t\t<div class=\"elementor-column-wrap elementor-element-populated\">\n\t\t\t\t\t\t\t<div class=\"elementor-widget-wrap\">\n\t\t\t\t\t\t<div class=\"elementor-element elementor-element-1cf2da7f elementor-widget elementor-widget-heading\" data-id=\"1cf2da7f\" data-element_type=\"widget\" data-widget_type=\"heading.default\">\n\t\t\t\t<div class=\"elementor-widget-container\">\n\t\t\t<h3 class=\"elementor-heading-title elementor-size-default\">Fundamentaci\u00f3n <\/h3>\t\t<\/div>\n\t\t\t\t<\/div>\n\t\t\t\t<div class=\"elementor-element elementor-element-76818fc9 elementor-widget elementor-widget-text-editor\" data-id=\"76818fc9\" data-element_type=\"widget\" data-widget_type=\"text-editor.default\">\n\t\t\t\t<div class=\"elementor-widget-container\">\n\t\t\t\t\t\t\t\t<div class=\"elementor-text-editor elementor-clearfix\">\n\t\t\t\t<p>Las Ciencias Forenses tratan de descubrir o explicar c\u00f3mo pasaron las cosas. La inform\u00e1tica forense, en particular, posibilita la detecci\u00f3n y recuperaci\u00f3n de la informaci\u00f3n digital que sirve de evidencia a la hora de reconstruir un hecho o sucesi\u00f3n de ellos. La actuaci\u00f3n forense en inform\u00e1tica permite recuperar y enhebrar rastros digitales, garantizando su valor probatorio. La necesidad de evidencias digitales v\u00e1lidas que permitan reconstruir los hechos por parte de la justicia es evidente e imperiosa, y la responsabilidad de la justicia respecto de la incorporaci\u00f3n de estas evidencias digitales al proceso investigativo y de administrar justicia es ineludible.<\/p><p>Adem\u00e1s de la responsabilidad estricta sobre las evidencias digitales, la Inform\u00e1tica tiene un rol de \u201cherramienta\u201d o medio de auxilio al proceso forense en general y a la investigaci\u00f3n criminal. La Investigaci\u00f3n y Pr\u00e1ctica Forense tienen un antes y un despu\u00e9s de la inform\u00e1tica como herramienta. La Inform\u00e1tica Forense afecta a todas las ciencias forenses, potencia sus m\u00e9todos, les brinda efectividad y les proporciona mejores evidencias.<\/p><p>La disciplina forense m\u00e1s antigua y paradigm\u00e1tica es la medicina, que hoy se ve transformada sustancialmente por la disponibilidad de nuevos m\u00e9todos y herramientas tecnol\u00f3gicas, cada vez m\u00e1s efectivas. El m\u00e9dico forense ya no puede actuar eficazmente sin recurrir a estas nuevas herramientas que han cambiado y seguir\u00e1n cambiando permanentemente su tarea y le exigen nuevas competencias profesionales. La justicia y la sociedad toda hoy esperan resultados de peritos que utilizan la \u00faltima tecnolog\u00eda disponible para brindar pruebas objetivas fehacientes con respaldo cient\u00edfico. Lo mismo les pasa a los genetistas forenses, los odont\u00f3logos forenses, los f\u00edsicos forenses, los qu\u00edmicos forenses, los contadores que hacen pericias contables, los licenciados en criminal\u00edstica que coordinan los procesos de investigaci\u00f3n y hasta los abogados, que requieren conocer las herramientas y m\u00e9todos disponibles a efectos de dar valor a una prueba.<\/p><p>A partir del desarrollo de la investigaci\u00f3n en el campo de las Ciencias Forenses se podr\u00e1 promover m\u00e1s a\u00fan la vinculaci\u00f3n entre facultades a trav\u00e9s de sus carreras y grupos de investigaci\u00f3n, el desarrollo de actividades de extensi\u00f3n en forma conjunta y las oportunidades que este campo multidisciplinar ofrece.<\/p><p>Asimismo, se podr\u00e1n desarrollar proyectos de grupos existentes que poco a poco vayan acerc\u00e1ndose a la tem\u00e1tica y de nuevos grupos de las Facultades de Ingenier\u00eda (en el campo de la Ing. Ambiental, impacto y da\u00f1o ambiental, toxicolog\u00eda, qu\u00edmica), de Ciencias M\u00e9dicas (en el campo de la Medicina Legal y Odontolog\u00eda), de Ciencias Jur\u00eddicas y Sociales (en el campo de la Abogac\u00eda y las diferentes ramas de la Criminal\u00edstica), de Ciencias Econ\u00f3micas (en el campo de las Estafas y Crimen organizado) y de la Facultad de Comunicaci\u00f3n y Periodismo (en el campo del Periodismo Cient\u00edfico y <em>fake news<\/em>).<\/p>\t\t\t\t\t<\/div>\n\t\t\t\t\t\t<\/div>\n\t\t\t\t<\/div>\n\t\t\t\t\t\t<\/div>\n\t\t\t\t\t<\/div>\n\t\t<\/div>\n\t\t\t\t\t\t\t\t<\/div>\n\t\t\t\t\t<\/div>\n\t\t<\/section>\n\t\t\t\t<section class=\"has_ma_el_bg_slider elementor-section elementor-top-section elementor-element elementor-element-d9c10e5 elementor-section-boxed elementor-section-height-default elementor-section-height-default wpr-particle-no wpr-jarallax-no wpr-parallax-no wpr-sticky-section-no\" data-id=\"d9c10e5\" data-element_type=\"section\">\n\t\t\t\t\t\t<div class=\"elementor-container elementor-column-gap-default\">\n\t\t\t\t\t\t\t<div class=\"elementor-row\">\n\t\t\t\t\t<div class=\"has_ma_el_bg_slider elementor-column elementor-col-100 elementor-top-column elementor-element elementor-element-d683b99\" data-id=\"d683b99\" data-element_type=\"column\">\n\t\t\t<div class=\"elementor-column-wrap elementor-element-populated\">\n\t\t\t\t\t\t\t<div class=\"elementor-widget-wrap\">\n\t\t\t\t\t\t<div class=\"elementor-element elementor-element-2c7d2ed elementor-widget elementor-widget-heading\" data-id=\"2c7d2ed\" data-element_type=\"widget\" data-widget_type=\"heading.default\">\n\t\t\t\t<div class=\"elementor-widget-container\">\n\t\t\t<h3 class=\"elementor-heading-title elementor-size-default\">Expectativas de desarrollo<\/h3>\t\t<\/div>\n\t\t\t\t<\/div>\n\t\t\t\t<div class=\"elementor-element elementor-element-3f00220 elementor-widget elementor-widget-text-editor\" data-id=\"3f00220\" data-element_type=\"widget\" data-widget_type=\"text-editor.default\">\n\t\t\t\t<div class=\"elementor-widget-container\">\n\t\t\t\t\t\t\t\t<div class=\"elementor-text-editor elementor-clearfix\">\n\t\t\t\t<ol><li>Contribuir a la capacidad y autonom\u00eda investigativa de las instituciones de la Justicia y fuerzas de seguridad a partir de investigaciones y desarrollo de soluciones tecnol\u00f3gicas en funci\u00f3n de sus demandas.<\/li><li>Contribuir al fortalecimiento de las disciplinas forenses, desde la constituci\u00f3n de la infraestructura normativa necesaria.<\/li><li>Potenciar las capacidades de investigadores judiciales, profesionales especialistas, peritos y equipos e instituciones forenses a trav\u00e9s del aporte cient\u00edfico, desarrollo tecnol\u00f3gico e incorporaci\u00f3n de innovaciones, contribuyendo a la construcci\u00f3n de una sociedad m\u00e1s justa.<\/li><li>Constituir a la Universidad FASTA en un referente en Investigaci\u00f3n, Desarrollo de Tecnolog\u00eda e Innovaci\u00f3n en Ciencias Forenses e investigaci\u00f3n criminal de Argentina y la regi\u00f3n, reconocido por la excelencia y compromiso de sus profesionales, la relevancia de sus proyectos, y su aporte a la sociedad y la justicia.<\/li><\/ol>\t\t\t\t\t<\/div>\n\t\t\t\t\t\t<\/div>\n\t\t\t\t<\/div>\n\t\t\t\t\t\t<\/div>\n\t\t\t\t\t<\/div>\n\t\t<\/div>\n\t\t\t\t\t\t\t\t<\/div>\n\t\t\t\t\t<\/div>\n\t\t<\/section>\n\t\t\t\t\t\t<\/div>\n\t\t\t\t\t\t<\/div>\n\t\t\t\t\t<\/div>\n\t\t","protected":false},"excerpt":{"rendered":"<p>L\u00ednea de investigaci\u00f3n Ciencias Forenses Esta l\u00ednea de Investigaci\u00f3n est\u00e1 dirigida por Ana Haydee Di Iorio, Ingeniera en Inform\u00e1tica de la Universidad FASTA y es Especialista en Gesti\u00f3n de la Tecnolog\u00eda y la Innovaci\u00f3n de la Universidad Nacional de Mar del Plata. Fundamentaci\u00f3n Las Ciencias Forenses tratan de descubrir o explicar c\u00f3mo pasaron las cosas. [&hellip;]<\/p>\n","protected":false},"author":105,"featured_media":0,"parent":0,"menu_order":0,"comment_status":"closed","ping_status":"closed","template":"elementor_header_footer","meta":[],"_links":{"self":[{"href":"https:\/\/www.ufasta.edu.ar\/investigacion\/wp-json\/wp\/v2\/pages\/1302"}],"collection":[{"href":"https:\/\/www.ufasta.edu.ar\/investigacion\/wp-json\/wp\/v2\/pages"}],"about":[{"href":"https:\/\/www.ufasta.edu.ar\/investigacion\/wp-json\/wp\/v2\/types\/page"}],"author":[{"embeddable":true,"href":"https:\/\/www.ufasta.edu.ar\/investigacion\/wp-json\/wp\/v2\/users\/105"}],"replies":[{"embeddable":true,"href":"https:\/\/www.ufasta.edu.ar\/investigacion\/wp-json\/wp\/v2\/comments?post=1302"}],"version-history":[{"count":27,"href":"https:\/\/www.ufasta.edu.ar\/investigacion\/wp-json\/wp\/v2\/pages\/1302\/revisions"}],"predecessor-version":[{"id":6401,"href":"https:\/\/www.ufasta.edu.ar\/investigacion\/wp-json\/wp\/v2\/pages\/1302\/revisions\/6401"}],"wp:attachment":[{"href":"https:\/\/www.ufasta.edu.ar\/investigacion\/wp-json\/wp\/v2\/media?parent=1302"}],"curies":[{"name":"wp","href":"https:\/\/api.w.org\/{rel}","templated":true}]}}