{"id":119,"date":"2017-10-31T19:44:29","date_gmt":"2017-10-31T19:44:29","guid":{"rendered":"http:\/\/www.ufasta.edu.ar\/investigacion2\/?page_id=119"},"modified":"2019-12-19T13:52:02","modified_gmt":"2019-12-19T13:52:02","slug":"proyecto-de-investigacion-antropologia-filosofica-y-medicina-ii","status":"publish","type":"page","link":"https:\/\/www.ufasta.edu.ar\/investigacion\/proyecto-de-investigacion-antropologia-filosofica-y-medicina-ii\/","title":{"rendered":"Aportes Conceptuales de la Antropolog\u00eda Filos\u00f3fica fundamentales para una comprensi\u00f3n plena del hombre como sujeto y objeto del quehacer m\u00e9dico"},"content":{"rendered":"<h4><span style=\"font-family: tahoma, arial, helvetica, sans-serif\"><img loading=\"lazy\" class=\"aligncenter\" src=\"https:\/\/www.ufasta.edu.ar\/investigacion2\/files\/2019\/07\/MEDICAS.png\" alt=\"\" width=\"400\" height=\"78\" \/><\/span><\/h4>\n<blockquote><p><strong><span style=\"font-family: tahoma, arial, helvetica, sans-serif\">Proyecto<\/span><\/strong><\/p><\/blockquote>\n<p style=\"text-align: justify\"><span style=\"font-family: tahoma, arial, helvetica, sans-serif\"><strong>Aportes Conceptuales de la Antropolog\u00eda Filos\u00f3fica fundamentales para una comprensi\u00f3n plena del hombre como sujeto y objeto del quehacer m\u00e9dico<\/strong><\/span><\/p>\n<blockquote><p><span style=\"font-family: tahoma, arial, helvetica, sans-serif\"><strong>Director<\/strong><\/span><\/p><\/blockquote>\n<ul>\n<li><span style=\"font-family: tahoma, arial, helvetica, sans-serif\">Dr. CAPONNETTO, Mario (<a href=\"mailto:mariocaponnetto@ufasta.edu.ar\">mariocaponnetto@ufasta.edu.ar <\/a>)<\/span><\/li>\n<\/ul>\n<blockquote><p><span style=\"font-family: tahoma, arial, helvetica, sans-serif\"><strong>Investigadores<\/strong><\/span><\/p><\/blockquote>\n<ul>\n<li><span style=\"font-family: tahoma, arial, helvetica, sans-serif\">Lic. RAZUL,\u00a0 Jorge H.<\/span><\/li>\n<li><span style=\"font-family: tahoma, arial, helvetica, sans-serif\">Prof. MAZZONI, Mar\u00eda Xristina<\/span><\/li>\n<li><span style=\"font-family: tahoma, arial, helvetica, sans-serif\">VARGAS MARTINEZ, Gabriel Sebastian<\/span><\/li>\n<\/ul>\n<blockquote><p><span style=\"font-family: tahoma, arial, helvetica, sans-serif\"><strong>Objetivo<\/strong><\/span><\/p><\/blockquote>\n<p style=\"text-align: justify\"><span style=\"font-family: tahoma, arial, helvetica, sans-serif\">Examinar c\u00f3mo se explica la unidad entitativa y operativa del hombre desde la doctrina hilem\u00f3rfica propuesta por la Filosof\u00eda de la naturaleza en vistas a una comprensi\u00f3n m\u00e1s profunda de la naturaleza humana en la integridad de todas sus dimensiones para, posteriormente, entender y tratar al hombre en su salud y enfermedad, en su sufrimiento y en su muerte e incluso en la dimensi\u00f3n moral de la actividad investigativa y terap\u00e9utica de la Medicina.<\/span><\/p>\n<p><span style=\"font-family: tahoma, arial, helvetica, sans-serif\"><strong>Fecha de Inicio<\/strong>: 01\/12\/2016<\/span><\/p>\n<p><span style=\"font-family: tahoma, arial, helvetica, sans-serif\"><strong>Fecha de Finalizaci\u00f3n<\/strong>: 31\/05\/2018<\/span><\/p>\n","protected":false},"excerpt":{"rendered":"<p>Proyecto Aportes Conceptuales de la Antropolog\u00eda Filos\u00f3fica fundamentales para una comprensi\u00f3n plena del hombre como sujeto y objeto del quehacer m\u00e9dico Director Dr. CAPONNETTO, Mario (mariocaponnetto@ufasta.edu.ar ) Investigadores Lic. RAZUL,\u00a0 Jorge H. Prof. MAZZONI, Mar\u00eda Xristina VARGAS MARTINEZ, Gabriel Sebastian Objetivo Examinar c\u00f3mo se explica la unidad entitativa y operativa del hombre desde la doctrina [&hellip;]<\/p>\n","protected":false},"author":105,"featured_media":0,"parent":0,"menu_order":0,"comment_status":"closed","ping_status":"closed","template":"","meta":[],"_links":{"self":[{"href":"https:\/\/www.ufasta.edu.ar\/investigacion\/wp-json\/wp\/v2\/pages\/119"}],"collection":[{"href":"https:\/\/www.ufasta.edu.ar\/investigacion\/wp-json\/wp\/v2\/pages"}],"about":[{"href":"https:\/\/www.ufasta.edu.ar\/investigacion\/wp-json\/wp\/v2\/types\/page"}],"author":[{"embeddable":true,"href":"https:\/\/www.ufasta.edu.ar\/investigacion\/wp-json\/wp\/v2\/users\/105"}],"replies":[{"embeddable":true,"href":"https:\/\/www.ufasta.edu.ar\/investigacion\/wp-json\/wp\/v2\/comments?post=119"}],"version-history":[{"count":15,"href":"https:\/\/www.ufasta.edu.ar\/investigacion\/wp-json\/wp\/v2\/pages\/119\/revisions"}],"predecessor-version":[{"id":1936,"href":"https:\/\/www.ufasta.edu.ar\/investigacion\/wp-json\/wp\/v2\/pages\/119\/revisions\/1936"}],"wp:attachment":[{"href":"https:\/\/www.ufasta.edu.ar\/investigacion\/wp-json\/wp\/v2\/media?parent=119"}],"curies":[{"name":"wp","href":"https:\/\/api.w.org\/{rel}","templated":true}]}}