{"id":2998,"date":"2014-09-11T15:24:25","date_gmt":"2014-09-11T15:24:25","guid":{"rendered":"http:\/\/www.ufasta.edu.ar\/ingreso\/?page_id=2998"},"modified":"2016-11-04T13:12:40","modified_gmt":"2016-11-04T13:12:40","slug":"programa-universidad-escuela","status":"publish","type":"page","link":"https:\/\/www.ufasta.edu.ar\/ingreso\/actividadesparainteresados\/programa-universidad-escuela\/","title":{"rendered":"Programa Universidad Escuela"},"content":{"rendered":"<p style=\"color: #222222\"><a href=\"https:\/\/www.ufasta.edu.ar\/ingreso\/files\/2014\/09\/banner-superior-programa-universidad-escuela.jpg\"><img loading=\"lazy\" class=\"alignnone size-full wp-image-3008\" src=\"https:\/\/www.ufasta.edu.ar\/ingreso\/files\/2014\/09\/banner-superior-programa-universidad-escuela.jpg\" alt=\"banner superior programa universidad escuela\" width=\"764\" height=\"109\" srcset=\"https:\/\/www.ufasta.edu.ar\/ingreso\/files\/2014\/09\/banner-superior-programa-universidad-escuela.jpg 764w, https:\/\/www.ufasta.edu.ar\/ingreso\/files\/2014\/09\/banner-superior-programa-universidad-escuela-300x43.jpg 300w\" sizes=\"(max-width: 764px) 100vw, 764px\" \/><\/a><\/p>\n<p style=\"color: #222222\">La Universidad FASTA a trav\u00e9s del<em><strong> Programa Universidad &#8211; Escuela<\/strong><\/em> invita a Directivos, docentes, alumnos \u00a0y p\u00fablico en general a participar de las Actividades Gratuitas que se desarrollar\u00e1n a partir del 17 de Septiembre.<\/p>\n<p style=\"color: #222222\">Para cualquier informaci\u00f3n o consulta:\u00a0<a style=\"color: #1155cc\" href=\"mailto:universidadescuela@ufasta.edu.ar\" target=\"_blank\">universidadescuela@ufasta.edu.ar<\/a><\/p>\n<p style=\"color: #222222\">\n<p style=\"color: #222222\"><a href=\"https:\/\/www.ufasta.edu.ar\/ingreso\/files\/2014\/09\/programa-universidad-escuela.jpg\"><img loading=\"lazy\" class=\"alignnone size-full wp-image-3009\" src=\"https:\/\/www.ufasta.edu.ar\/ingreso\/files\/2014\/09\/programa-universidad-escuela.jpg\" alt=\"programa universidad escuela\" width=\"765\" height=\"432\" srcset=\"https:\/\/www.ufasta.edu.ar\/ingreso\/files\/2014\/09\/programa-universidad-escuela.jpg 765w, https:\/\/www.ufasta.edu.ar\/ingreso\/files\/2014\/09\/programa-universidad-escuela-300x169.jpg 300w\" sizes=\"(max-width: 765px) 100vw, 765px\" \/><\/a><\/p>\n<p style=\"color: #222222\">\n<p style=\"color: #222222\"><span style=\"text-decoration: underline\"><strong>INSCRIPCI\u00d3N<\/strong>:<\/span> Ingres\u00e1 en el siguiente link y llena el formulario.<\/p>\n<p style=\"color: #222222\"><a style=\"color: #1155cc\" href=\"https:\/\/docs.google.com\/forms\/d\/1BbnbsL3Og_CKlPReGqzBSH7t0W2AyTrwRJ8UUaMnFG8\/viewform?c=0&amp;w=1&amp;usp=mail_form_link\" target=\"_blank\">https:\/\/docs.google.com\/forms\/d\/1BbnbsL3Og_CKlPReGqzBSH7t0W2AyTrwRJ8UUaMnFG8\/viewform?c=0&amp;w=1&amp;usp=mail_form_link<\/a><\/p>\n<p style=\"color: #222222\"><span style=\"text-decoration: underline\"><strong>DESCRIPCI\u00d3N DE LAS ACTIVIDADES:\u00a0<\/strong><\/span><\/p>\n<p style=\"color: #222222\"><b>Actividad 1 Panel sobre \u201cCuidados en las redes sociales\u201d<\/b><\/p>\n<p style=\"color: #222222\">17 de septiembre \u2013 18:00 hs \u2013 Edificio San Alberto Magno (Avellaneda 3341)<\/p>\n<p style=\"color: #222222\">Destinado a Directivos, docentes y padres.<\/p>\n<p style=\"color: #222222\">A cargo de Jer\u00f3nimo Rivera, licenciado en publicidad y asesor en comunicaci\u00f3n. Director de House producciones, empresa de comunicaci\u00f3n publicitaria y pol\u00edtica.<\/p>\n<p style=\"color: #222222\">El panel abordar\u00e1 el tema del uso de facebook, como herramienta educativa y las posibilidades que brinda como complemento en la din\u00e1mica de la clase y al mismo tiempo el nuevo rol del docente y los nuevos l\u00edmites de privacidad.<br \/>\n&#8212;&#8212;&#8212;&#8212;&#8212;&#8212;&#8212;&#8212;&#8212;&#8212;&#8212;&#8212;&#8212;&#8212;&#8212;&#8212;&#8212;&#8212;&#8212;&#8212;&#8212;&#8212;&#8212;&#8212;&#8212;&#8212;&#8212;&#8212;&#8212;&#8212;&#8212;&#8212;&#8212;&#8212;&#8212;&#8212;&#8212;&#8212;&#8212;&#8212;<\/p>\n<p style=\"color: #222222\"><b>Actividad 2 Presentaci\u00f3n del libro del Dr. Iturrez &#8220;Educaci\u00f3n un derecho de todos&#8221;<\/b><\/p>\n<p style=\"color: #222222\">19 de septiembre \u2013 9:00 hs \u2013 Edificio San Vicente de Paul (Gasc\u00f3n 3145)<\/p>\n<p style=\"color: #222222\">Destinado a Apoderados Legales y directivos<\/p>\n<p style=\"color: #222222\">A cargo del autor del libro, Dr. Ricardo C\u00e9sar Iturrez. Abogado, especialista en derecho civil, laboral y comercial.<\/p>\n<p style=\"color: #222222\">La actividad consistir\u00e1 en un encuentro con el autor del libro, quien realizar\u00e1 una breve presentaci\u00f3n del mismo, para luego dar lugar a un espacio de reflexi\u00f3n sobre distintos temas vigentes de \u00edndole legal en la educaci\u00f3n.<\/p>\n<p style=\"color: #222222\">El Dr. Iturrez puntualiza que el marco legal del reconocimiento estatal es fundamental para la realizaci\u00f3n f\u00e1ctica del derecho a aprender, se\u00f1alando asimismo que \u201cno se puede entender el derecho a aprender sin el derecho a ense\u00f1ar\u201d. Las pautas espec\u00edficas que fija la Constituci\u00f3n Nacional forman entonces el marco sobre el cual se erigen estos dos derechos, comprendidos en el libro como \u201cinalienables y naturales\u201d.<br \/>\n&#8212;&#8212;&#8212;&#8212;&#8212;&#8212;&#8212;&#8212;&#8212;&#8212;&#8212;&#8212;&#8212;&#8212;&#8212;&#8212;&#8212;&#8212;&#8212;&#8212;&#8212;&#8212;&#8212;&#8212;&#8212;&#8212;&#8212;&#8212;&#8212;&#8212;&#8212;&#8212;&#8212;&#8212;&#8212;&#8212;&#8212;&#8212;&#8212;&#8212;<\/p>\n<p style=\"color: #222222\"><b>Actividad 3 Panel sobre \u201cLa dignidad de la persona humana\u201d<\/b><\/p>\n<p style=\"color: #222222\">26 de septiembre \u2013 18:00 hs &#8211; Edificio San Vicente de Paul (Gasc\u00f3n 3145)<\/p>\n<p style=\"color: #222222\">Destinado a Directivos, docentes, padres y alumnos.<\/p>\n<p style=\"color: #222222\">A cargo de Lic. Esp. Mat\u00edas Zubir\u00eda Mansilla y Lic. Mat\u00edas Castro Videla<\/p>\n<p style=\"color: #222222\">El tema de la dignidad humana es uno de los ejes centrales de la Educaci\u00f3n Cat\u00f3lica, su defensa y promoci\u00f3n no s\u00f3lo est\u00e1 ligada al \u00e1mbito human\u00edstico sino que la visi\u00f3n cristiana del hombre impregna todos los \u00e1mbitos de la vida y de la actualidad.<br \/>\nPero \u00bfconocemos realmente el lugar que el hombre ocupa en el mundo? \u00bfPodemos fundamentar nuestra dignidad frente a otras posturas? \u00bfEs posible dar razones de la fe e iluminar con la misma las distintas ciencias y disciplinas?<br \/>\nLos panelistas dar\u00e1n respuesta a estos y otros interrogantes que se plantean.<br \/>\n&#8212;&#8212;&#8212;&#8212;&#8212;&#8212;&#8212;&#8212;&#8212;&#8212;&#8212;&#8212;&#8212;&#8212;&#8212;&#8212;&#8212;&#8212;&#8212;&#8212;&#8212;&#8212;&#8212;&#8212;&#8212;&#8212;&#8212;&#8212;&#8212;&#8212;&#8212;&#8212;&#8212;&#8212;&#8212;&#8212;&#8212;&#8212;&#8212;&#8212;<\/p>\n<p style=\"color: #222222\"><b>Actividad 4 Panel sobre: &#8220;Pautas alimentarias en los ni\u00f1os de edad escolar&#8221;<\/b><\/p>\n<p style=\"color: #222222\">09 de octubre \u2013 09:00 hs &#8211; Edificio San Alberto Magno (Avellaneda 3341)<\/p>\n<p style=\"color: #222222\">Destinado a Directivos, docentes, padres y alumnos.<\/p>\n<p style=\"color: #222222\">A cargo de Lic. Camila Iturralde y Lic. Daniela Verceless, licenciadas en Nutrici\u00f3n, docentes de la Universidad Fasta en la Facultad de Cs. M\u00e9dicas.<\/p>\n<p style=\"color: #222222\">El panel tratar\u00e1 sobre estrategias para mejorar la alimentaci\u00f3n en los ni\u00f1os en pleno desarrollo f\u00edsico.<br \/>\n&#8212;&#8212;&#8212;&#8212;&#8212;&#8212;&#8212;&#8212;&#8212;&#8212;&#8212;&#8212;&#8212;&#8212;&#8212;&#8212;&#8212;&#8212;&#8212;&#8212;&#8212;&#8212;&#8212;&#8212;&#8212;&#8212;&#8212;&#8212;&#8212;&#8212;&#8212;&#8212;&#8212;&#8212;&#8212;&#8212;&#8212;&#8212;&#8212;&#8212;<\/p>\n<p style=\"color: #222222\"><b>Actividad 5 Panel sobre: &#8220;La convivencia escolar en la actualidad&#8221;<\/b><\/p>\n<p style=\"color: #222222\">10 de octubre \u2013 18:00 hs &#8211; Edificio San Vicente de Paul (Gasc\u00f3n 3145)<\/p>\n<p style=\"color: #222222\">Destinado a Directivos, docentes, padres y alumnos.<\/p>\n<p style=\"color: #222222\">A cargo del equipo de investigaci\u00f3n de convivencia escolar de la Facultad de Ciencias de la Educaci\u00f3n de nuestra Universidad Fasta.<\/p>\n<p style=\"color: #222222\">Se expondr\u00e1 sobre la realidad de la convivencia escolar en los colegios de nuestra ciudad, a partir de distintas investigaciones realizadas en centros educativos de gesti\u00f3n estatal y privada. La modalidad ser\u00e1 de reflexi\u00f3n acerca de la visi\u00f3n de los participantes.<br \/>\n&#8212;&#8212;&#8212;&#8212;&#8212;&#8212;&#8212;&#8212;&#8212;&#8212;&#8212;&#8212;&#8212;&#8212;&#8212;&#8212;&#8212;&#8212;&#8212;&#8212;&#8212;&#8212;&#8212;&#8212;&#8212;&#8212;&#8212;&#8212;&#8212;&#8212;&#8212;&#8212;&#8212;&#8212;&#8212;&#8212;&#8212;&#8212;&#8212;&#8212;<\/p>\n<p style=\"color: #222222\"><b>Actividad 6 Taller de \u201cPostura laboral&#8221;<\/b><\/p>\n<p style=\"color: #222222\">17 de octubre \u2013 10:00 hs &#8211; Edificio San Alberto Magno (Avellaneda 3341)<\/p>\n<p style=\"color: #222222\">Destinado a Directivos, docentes y personal administrativo.<\/p>\n<p style=\"color: #222222\">A cargo del Lic. Rodrigo G\u00f3mez, licenciado en Kinesiolog\u00eda. Docente de la Universidad Fasta y colaborador de la Fundaci\u00f3n CONIN.<\/p>\n<p style=\"color: #222222\">El taller consistir\u00e1 en recomendaciones sobre la postura f\u00edsica y el aprendizaje de peque\u00f1os ejercicios que se pueden realizar durante la misma jornada laboral.<br \/>\n&#8212;&#8212;&#8212;&#8212;&#8212;&#8212;&#8212;&#8212;&#8212;&#8212;&#8212;&#8212;&#8212;&#8212;&#8212;&#8212;&#8212;&#8212;&#8212;&#8212;&#8212;&#8212;&#8212;&#8212;&#8212;&#8212;&#8212;&#8212;&#8212;&#8212;&#8212;&#8212;&#8212;&#8212;&#8212;&#8212;&#8212;&#8212;&#8212;&#8212;<\/p>\n<p style=\"color: #222222\"><b>Actividad 7 Feria de \u201cNeurociencias\u201d<\/b><\/p>\n<p style=\"color: #222222\">24 de octubre \u2013 18:00 hs &#8211; Edificio San Vicente de Paul (Gasc\u00f3n 3145)<\/p>\n<p style=\"color: #222222\">Destinado a Directivos, docentes, padres y alumnos.<\/p>\n<p style=\"color: #222222\">A cargo de Dr. Noel Mohad y Prof. Andrea Men\u00e9ndez.<\/p>\n<p>Conocer las funciones ejecutoras es lo que nos permite colaborar con los aprendizajes en ni\u00f1os y adultos. La feria ofrecer\u00e1 la posibilidad de participar de actividades recreativas para todas las edades, que buscan estimular la memoria, la atenci\u00f3n, la percepci\u00f3n, es decir, el sistema nervioso central, tan explorado por las neurociencias.<br \/>\n&#8212;&#8212;&#8212;&#8212;&#8212;&#8212;&#8212;&#8212;&#8212;&#8212;&#8212;&#8212;&#8212;&#8212;&#8212;&#8212;&#8212;&#8212;&#8212;&#8212;&#8212;&#8212;&#8212;&#8212;&#8212;&#8212;&#8212;&#8212;&#8212;&#8212;&#8212;&#8212;&#8212;&#8212;&#8212;&#8212;&#8212;&#8212;&#8212;&#8212;<\/p>\n<p style=\"color: #222222\"><b>Actividad 8 Taller sobre \u201cCouching en la educaci\u00f3n&#8221;<\/b><\/p>\n<p style=\"color: #222222\">28 de octubre \u2013 18:30 hs &#8211; Edificio San Vicente de Paul (Gasc\u00f3n 3145)<\/p>\n<p style=\"color: #222222\">Destinado a Directivos y docentes.<\/p>\n<p style=\"color: #222222\">A cargo de un profesional de la Facultad de Ciencias Econ\u00f3micas de la Universidad Fasta<\/p>\n<p style=\"color: #222222\">Se propondr\u00e1, a modo de taller participativo, la utilizaci\u00f3n de la figura del coach en los \u00e1mbitos educativos, con el fin de incrementar el rendimiento de los alumnos.<\/p>\n<p>&nbsp;<\/p>\n","protected":false},"excerpt":{"rendered":"<p>\nLa Universidad FASTA a trav\u00e9s del Programa Universidad &#8211; Escuela invita a Directivos, docentes, alumnos \u00a0y p\u00fablico en general a participar de las Actividades Gratuitas que se desarrollar\u00e1n a partir del 17 de Septiembre.<br \/>\nPara cualquier informaci\u00f3n o consulta:\u00a0universidadescuela@ufasta.edu.ar<br \n<\/p>\n","protected":false},"author":63,"featured_media":0,"parent":68,"menu_order":0,"comment_status":"closed","ping_status":"closed","template":"","meta":{"_bbp_topic_count":0,"_bbp_reply_count":0,"_bbp_total_topic_count":0,"_bbp_total_reply_count":0,"_bbp_voice_count":0,"_bbp_anonymous_reply_count":0,"_bbp_topic_count_hidden":0,"_bbp_reply_count_hidden":0,"_bbp_forum_subforum_count":0},"_links":{"self":[{"href":"https:\/\/www.ufasta.edu.ar\/ingreso\/wp-json\/wp\/v2\/pages\/2998"}],"collection":[{"href":"https:\/\/www.ufasta.edu.ar\/ingreso\/wp-json\/wp\/v2\/pages"}],"about":[{"href":"https:\/\/www.ufasta.edu.ar\/ingreso\/wp-json\/wp\/v2\/types\/page"}],"author":[{"embeddable":true,"href":"https:\/\/www.ufasta.edu.ar\/ingreso\/wp-json\/wp\/v2\/users\/63"}],"replies":[{"embeddable":true,"href":"https:\/\/www.ufasta.edu.ar\/ingreso\/wp-json\/wp\/v2\/comments?post=2998"}],"version-history":[{"count":1,"href":"https:\/\/www.ufasta.edu.ar\/ingreso\/wp-json\/wp\/v2\/pages\/2998\/revisions"}],"predecessor-version":[{"id":6741,"href":"https:\/\/www.ufasta.edu.ar\/ingreso\/wp-json\/wp\/v2\/pages\/2998\/revisions\/6741"}],"up":[{"embeddable":true,"href":"https:\/\/www.ufasta.edu.ar\/ingreso\/wp-json\/wp\/v2\/pages\/68"}],"wp:attachment":[{"href":"https:\/\/www.ufasta.edu.ar\/ingreso\/wp-json\/wp\/v2\/media?parent=2998"}],"curies":[{"name":"wp","href":"https:\/\/api.w.org\/{rel}","templated":true}]}}