{"id":1895,"date":"2012-09-26T15:33:10","date_gmt":"2012-09-26T15:33:10","guid":{"rendered":"http:\/\/www.ufasta.edu.ar\/ingreso\/?page_id=1895"},"modified":"2016-11-04T13:13:49","modified_gmt":"2016-11-04T13:13:49","slug":"plan-de-estudios","status":"publish","type":"page","link":"https:\/\/www.ufasta.edu.ar\/ingreso\/especializacion-planificacion\/plan-de-estudios\/","title":{"rendered":"Plan de Estudios"},"content":{"rendered":"<p><img loading=\"lazy\" title=\"Especializaci\u00f3n\" src=\"https:\/\/www.ufasta.edu.ar\/ingreso\/files\/2012\/08\/banner-posgrado-1.jpg\" alt=\"Especializaci\u00f3n\" width=\"771\" height=\"181\" \/>\u00a0<\/p>\n<p>&nbsp;<\/p>\n<table style=\"width: 737px;\" border=\"0\">\n<tbody>\n<tr>\n<td style=\"background-color: #d1d2d4;\" colspan=\"2\"><span style=\"font-size: small;\"><strong>M\u00f3dulo 1<\/strong><\/span><\/td>\n<\/tr>\n<tr>\n<td colspan=\"2\">\n<table style=\"width: 100%;\" border=\"0\">\n<tbody>\n<tr style=\"background-color: #f3f3f5;\">\n<td style=\"width: 20%;\">1.1<\/td>\n<td>Planeamiento Educativo<\/td>\n<\/tr>\n<tr>\n<td style=\"width: 20%;\">1.2<\/td>\n<td>Gesti\u00f3n Estrat\u00e9gica de Recursos Humanos<\/td>\n<\/tr>\n<tr style=\"background-color: #f3f3f5;\">\n<td style=\"width: 20%;\">1.3<\/td>\n<td>Presupuesto y Financiamiento de Proyectos Educativos<\/td>\n<\/tr>\n<tr>\n<td style=\"width: 20%;\">1.4<\/td>\n<td>Taller de An\u00e1lisis Situacional del Gerenciamiento Educativo<\/td>\n<\/tr>\n<\/tbody>\n<\/table>\n<\/td>\n<\/tr>\n<tr>\n<td>\u00a0<\/td>\n<td>\u00a0<\/td>\n<\/tr>\n<tr>\n<td style=\"background-color: #d1d2d4;\" colspan=\"2\"><span style=\"font-size: small;\"><strong>M\u00f3dulo 2<\/strong><\/span>\u00a0<\/td>\n<\/tr>\n<tr>\n<td colspan=\"2\">\n<table style=\"width: 100%;\" border=\"0\">\n<tbody>\n<tr style=\"background-color: #f3f3f5;\">\n<td style=\"width: 20%;\">2.1<\/td>\n<td>Gesti\u00f3n Estrat\u00e9gica de Proyectos Educativos<\/td>\n<\/tr>\n<tr>\n<td style=\"width: 20%;\">2.2<\/td>\n<td>Comunicaci\u00f3n Organizacional<\/td>\n<\/tr>\n<tr style=\"background-color: #f3f3f5;\">\n<td style=\"width: 20%;\">2.3<\/td>\n<td>Sistemas de Informaci\u00f3n para la Gesti\u00f3n<\/td>\n<\/tr>\n<tr>\n<td style=\"width: 20%;\">2.4<\/td>\n<td>Taller de Construcci\u00f3n de Viabilidades para la puesta en marcha de Proyectos Educativos<\/td>\n<\/tr>\n<tr>\n<td style=\"width: 20%;\">\u00a0<\/td>\n<td>\u00a0<\/td>\n<\/tr>\n<\/tbody>\n<\/table>\n<\/td>\n<\/tr>\n<tr>\n<td style=\"background-color: #d1d2d4;\" colspan=\"2\"><span style=\"font-size: small;\"><strong>M\u00f3dulo 3<\/strong><\/span><\/td>\n<\/tr>\n<tr style=\"height: 1px;\">\n<td colspan=\"2\">\n<table style=\"width: 100%;\" border=\"0\">\n<tbody>\n<tr style=\"background-color: #f3f3f5;\">\n<td style=\"width: 20%;\">3.1<\/td>\n<td>Gesti\u00f3n Jur\u00eddica de Proyectos Educativos<\/td>\n<\/tr>\n<tr>\n<td style=\"width: 20%;\">3.2<\/td>\n<td>Evaluaci\u00f3n de Proyectos Educativos<\/td>\n<\/tr>\n<tr style=\"background-color: #f3f3f5;\">\n<td style=\"width: 20%;\">3.3<\/td>\n<td>\u00c9tica y Responsabilidad en la Planificaci\u00f3n y Gesti\u00f3n Educativa<\/td>\n<\/tr>\n<tr>\n<td style=\"width: 20%;\">3.4<\/td>\n<td>Taller de Mediaci\u00f3n y Negociaci\u00f3n<\/td>\n<\/tr>\n<\/tbody>\n<\/table>\n<\/td>\n<\/tr>\n<\/tbody>\n<\/table>\n","protected":false},"excerpt":{"rendered":"<p>\u00a0<br \/>\n&nbsp;<\/p>\n<p>M\u00f3dulo 1<\/p>\n<p>\n1.1<br \/>\nPlaneamiento Educativo<\/p>\n<p>\n1.2<br \/>\nGesti\u00f3n Estrat\u00e9gica de Recursos Humanos<\/p>\n<p>\n1.3<br \/>\nPresupuesto y Financiamiento de Proyectos Educativos<\/p>\n<p>\n1.4<br \/>\nTaller de An\u00e1lisis Situacional <\/p>\n","protected":false},"author":25,"featured_media":0,"parent":1356,"menu_order":0,"comment_status":"closed","ping_status":"open","template":"","meta":{"_bbp_topic_count":0,"_bbp_reply_count":0,"_bbp_total_topic_count":0,"_bbp_total_reply_count":0,"_bbp_voice_count":0,"_bbp_anonymous_reply_count":0,"_bbp_topic_count_hidden":0,"_bbp_reply_count_hidden":0,"_bbp_forum_subforum_count":0},"_links":{"self":[{"href":"https:\/\/www.ufasta.edu.ar\/ingreso\/wp-json\/wp\/v2\/pages\/1895"}],"collection":[{"href":"https:\/\/www.ufasta.edu.ar\/ingreso\/wp-json\/wp\/v2\/pages"}],"about":[{"href":"https:\/\/www.ufasta.edu.ar\/ingreso\/wp-json\/wp\/v2\/types\/page"}],"author":[{"embeddable":true,"href":"https:\/\/www.ufasta.edu.ar\/ingreso\/wp-json\/wp\/v2\/users\/25"}],"replies":[{"embeddable":true,"href":"https:\/\/www.ufasta.edu.ar\/ingreso\/wp-json\/wp\/v2\/comments?post=1895"}],"version-history":[{"count":1,"href":"https:\/\/www.ufasta.edu.ar\/ingreso\/wp-json\/wp\/v2\/pages\/1895\/revisions"}],"predecessor-version":[{"id":6760,"href":"https:\/\/www.ufasta.edu.ar\/ingreso\/wp-json\/wp\/v2\/pages\/1895\/revisions\/6760"}],"up":[{"embeddable":true,"href":"https:\/\/www.ufasta.edu.ar\/ingreso\/wp-json\/wp\/v2\/pages\/1356"}],"wp:attachment":[{"href":"https:\/\/www.ufasta.edu.ar\/ingreso\/wp-json\/wp\/v2\/media?parent=1895"}],"curies":[{"name":"wp","href":"https:\/\/api.w.org\/{rel}","templated":true}]}}