{"id":69,"date":"2016-06-07T21:02:37","date_gmt":"2016-06-07T21:02:37","guid":{"rendered":"http:\/\/www.ufasta.edu.ar\/ingenieria\/?page_id=69"},"modified":"2025-01-24T16:09:37","modified_gmt":"2025-01-24T19:09:37","slug":"info-lab","status":"publish","type":"page","link":"https:\/\/www.ufasta.edu.ar\/ingenieria\/investigacion-2\/info-lab\/","title":{"rendered":"InFo-Lab"},"content":{"rendered":"<h2><strong>Acerca del InFo-Lab<\/strong><\/h2>\n<p>&nbsp;<\/p>\n<p style=\"text-align: center\"><a href=\"http:\/\/info-lab.org.ar\/\" target=\"_blank\"  rel=\"nofollow\" ><img loading=\"lazy\" class=\"wp-image-222 alignnone\" src=\"https:\/\/www.ufasta.edu.ar\/ingenieria\/files\/2016\/06\/Captura.jpg\" alt=\"Captura\" width=\"144\" height=\"139\" \/><\/a><\/p>\n<p style=\"text-align: left\">El <a rel=\"noopener\" href=\"http:\/\/info-lab.org.ar\/\" target=\"_blank\" rel=\"nofollow\" >Laboratorio de Investigaci\u00f3n y Desarrollo de Tecnolog\u00eda en Inform\u00e1tica Forense (InFo-Lab)<\/a> nuclea a un equipo interdisciplinario de investigadores cient\u00edficos y tecnol\u00f3gicos, profesionales y t\u00e9cnicos altamente calificados, con el objeto de desarrollar soluciones a las demandas en el campo de la <strong>Inform\u00e1tica Forense<\/strong> y su aplicaci\u00f3n.<\/p>\n<p style=\"text-align: left\">\n<p style=\"text-align: left\">Del InFo-Lab nace la <strong>Conferencia Nacional de Inform\u00e1tica Forense <\/strong>que, a\u00f1o a a\u00f1o, convoca a los mayores referentes de la Inform\u00e1tica Forense, la Investigaci\u00f3n Criminal Inform\u00e1tica y en general la tecnolog\u00eda y el derecho en las ciencias de aplicaci\u00f3n forense, con el objeto de generar un \u00e1mbito para el intercambio de experiencias, difusi\u00f3n e impulso de actividades, profundizaci\u00f3n del conocimiento a partir del debate y generaci\u00f3n de lazos de cooperaci\u00f3n y acuerdos interinstitucionales que favorezcan la realizaci\u00f3n de proyectos compartidos, agregando valor a los esfuerzos individuales.<\/p>\n<p style=\"text-align: left\">\n","protected":false},"excerpt":{"rendered":"<p>Acerca del InFo-Lab &nbsp; El Laboratorio de Investigaci\u00f3n y Desarrollo de Tecnolog\u00eda en Inform\u00e1tica Forense (InFo-Lab) nuclea a un equipo interdisciplinario de investigadores cient\u00edficos y tecnol\u00f3gicos, profesionales y t\u00e9cnicos altamente calificados, con el objeto de desarrollar soluciones a las demandas en el campo de la Inform\u00e1tica Forense y su aplicaci\u00f3n. Del InFo-Lab nace la Conferencia [&hellip;]<\/p>\n","protected":false},"author":87,"featured_media":0,"parent":46,"menu_order":0,"comment_status":"closed","ping_status":"closed","template":"","meta":[],"_links":{"self":[{"href":"https:\/\/www.ufasta.edu.ar\/ingenieria\/wp-json\/wp\/v2\/pages\/69"}],"collection":[{"href":"https:\/\/www.ufasta.edu.ar\/ingenieria\/wp-json\/wp\/v2\/pages"}],"about":[{"href":"https:\/\/www.ufasta.edu.ar\/ingenieria\/wp-json\/wp\/v2\/types\/page"}],"author":[{"embeddable":true,"href":"https:\/\/www.ufasta.edu.ar\/ingenieria\/wp-json\/wp\/v2\/users\/87"}],"replies":[{"embeddable":true,"href":"https:\/\/www.ufasta.edu.ar\/ingenieria\/wp-json\/wp\/v2\/comments?post=69"}],"version-history":[{"count":28,"href":"https:\/\/www.ufasta.edu.ar\/ingenieria\/wp-json\/wp\/v2\/pages\/69\/revisions"}],"predecessor-version":[{"id":5539,"href":"https:\/\/www.ufasta.edu.ar\/ingenieria\/wp-json\/wp\/v2\/pages\/69\/revisions\/5539"}],"up":[{"embeddable":true,"href":"https:\/\/www.ufasta.edu.ar\/ingenieria\/wp-json\/wp\/v2\/pages\/46"}],"wp:attachment":[{"href":"https:\/\/www.ufasta.edu.ar\/ingenieria\/wp-json\/wp\/v2\/media?parent=69"}],"curies":[{"name":"wp","href":"https:\/\/api.w.org\/{rel}","templated":true}]}}