{"id":5936,"date":"2025-11-18T12:49:32","date_gmt":"2025-11-18T15:49:32","guid":{"rendered":"https:\/\/www.ufasta.edu.ar\/ingenieria\/?page_id=5936"},"modified":"2026-02-13T10:51:34","modified_gmt":"2026-02-13T13:51:34","slug":"info-conf-2026","status":"publish","type":"page","link":"https:\/\/www.ufasta.edu.ar\/ingenieria\/info-conf-2026\/","title":{"rendered":"Info-Conf 2026"},"content":{"rendered":"<h2 style=\"text-align: center\"><strong>Info-Conf 2026<\/strong><\/h2>\n<h4 style=\"text-align: center\"><em>Una d\u00e9cada conectando expertos en inform\u00e1tica forense y ciberseguridad.<\/em><\/h4>\n<h2><img loading=\"lazy\" class=\" wp-image-5950 aligncenter\" src=\"https:\/\/www.ufasta.edu.ar\/ingenieria\/files\/2025\/11\/INFO-CONF-2026-Save-the-date.png\" alt=\"\" width=\"306\" height=\"383\" srcset=\"https:\/\/www.ufasta.edu.ar\/ingenieria\/files\/2025\/11\/INFO-CONF-2026-Save-the-date.png 1081w, https:\/\/www.ufasta.edu.ar\/ingenieria\/files\/2025\/11\/INFO-CONF-2026-Save-the-date-240x300.png 240w, https:\/\/www.ufasta.edu.ar\/ingenieria\/files\/2025\/11\/INFO-CONF-2026-Save-the-date-819x1024.png 819w, https:\/\/www.ufasta.edu.ar\/ingenieria\/files\/2025\/11\/INFO-CONF-2026-Save-the-date-768x960.png 768w\" sizes=\"(max-width: 306px) 100vw, 306px\" \/><\/h2>\n<p>&nbsp;<\/p>\n<p>Despu\u00e9s de diez ediciones, la Conferencia Nacional de Inform\u00e1tica Forense regresa al lugar donde todo comenz\u00f3.<\/p>\n<p><strong>Mar del Plata (Buenos Aires, Argentina) ser\u00e1 sede de la InFo-Conf los d\u00edas 1 y 2 de octubre de 2026.<\/strong><\/p>\n<p>Dirigida a especialistas, investigadores, profesionales, docentes, estudiantes, operadores judiciales, peritos y fuerzas de seguridad, as\u00ed como a organismos p\u00fablicos y privados vinculados al \u00e1mbito forense, la InFo-Conf es el evento anual de referencia en Inform\u00e1tica Forense, Investigaci\u00f3n Criminal Inform\u00e1tica, Ciberseguridad, Ciberdefensa y las intersecciones entre Tecnolog\u00eda y Derecho.<\/p>\n<p>La edici\u00f3n 2026 se desarrollar\u00e1 en <strong>modalidad h\u00edbrida<\/strong> y contar\u00e1 con la participaci\u00f3n de destacados referentes nacionales e internacionales.<\/p>\n<p>Impulsada por la Red Universitaria de Inform\u00e1tica Forense (Red UNIF) y organizada por el Laboratorio de Investigaci\u00f3n y Desarrollo de Tecnolog\u00eda en Inform\u00e1tica Forense (InFo-Lab), el Instituto de Ciencias Forenses y la Facultad de Ingenier\u00eda de la Universidad FASTA, la conferencia reafirma su objetivo: generar un espacio multidisciplinario para el intercambio de conocimientos y experiencias, fomentando el debate, la cooperaci\u00f3n y la actualizaci\u00f3n profesional.<\/p>\n<p>Te invitamos a ser parte de esta edici\u00f3n especial y a reencontrarte con la comunidad que impulsa el crecimiento de la Inform\u00e1tica Forense en Argentina y la regi\u00f3n.<\/p>\n<hr \/>\n<h4 style=\"text-align: center\"><a rel=\"noopener\" href=\"https:\/\/drive.google.com\/file\/d\/1Fql99iJKXu28GHgXRZqiTLR_6y0xV7lu\/view?usp=sharing\" target=\"_blank\" rel=\"nofollow\" ><strong>Conoc\u00e9 las opciones de esponsoreo disponibles<\/strong><\/a><\/h4>\n<h4><\/h4>\n<hr \/>\n<h4 style=\"text-align: center\"><em><strong>\u00a1Reserv\u00e1 la fecha y s\u00e9 parte del encuentro que re\u00fane a toda la comunidad forense del pa\u00eds!<\/strong><\/em><\/h4>\n","protected":false},"excerpt":{"rendered":"<p>Info-Conf 2026 Una d\u00e9cada conectando expertos en inform\u00e1tica forense y ciberseguridad. &nbsp; Despu\u00e9s de diez ediciones, la Conferencia Nacional de Inform\u00e1tica Forense regresa al lugar donde todo comenz\u00f3. Mar del Plata (Buenos Aires, Argentina) ser\u00e1 sede de la InFo-Conf los d\u00edas 1 y 2 de octubre de 2026. Dirigida a especialistas, investigadores, profesionales, docentes, estudiantes, [&hellip;]<\/p>\n","protected":false},"author":107,"featured_media":0,"parent":0,"menu_order":0,"comment_status":"closed","ping_status":"closed","template":"","meta":[],"_links":{"self":[{"href":"https:\/\/www.ufasta.edu.ar\/ingenieria\/wp-json\/wp\/v2\/pages\/5936"}],"collection":[{"href":"https:\/\/www.ufasta.edu.ar\/ingenieria\/wp-json\/wp\/v2\/pages"}],"about":[{"href":"https:\/\/www.ufasta.edu.ar\/ingenieria\/wp-json\/wp\/v2\/types\/page"}],"author":[{"embeddable":true,"href":"https:\/\/www.ufasta.edu.ar\/ingenieria\/wp-json\/wp\/v2\/users\/107"}],"replies":[{"embeddable":true,"href":"https:\/\/www.ufasta.edu.ar\/ingenieria\/wp-json\/wp\/v2\/comments?post=5936"}],"version-history":[{"count":16,"href":"https:\/\/www.ufasta.edu.ar\/ingenieria\/wp-json\/wp\/v2\/pages\/5936\/revisions"}],"predecessor-version":[{"id":6093,"href":"https:\/\/www.ufasta.edu.ar\/ingenieria\/wp-json\/wp\/v2\/pages\/5936\/revisions\/6093"}],"wp:attachment":[{"href":"https:\/\/www.ufasta.edu.ar\/ingenieria\/wp-json\/wp\/v2\/media?parent=5936"}],"curies":[{"name":"wp","href":"https:\/\/api.w.org\/{rel}","templated":true}]}}