{"id":3237,"date":"2022-02-13T23:29:45","date_gmt":"2022-02-13T23:29:45","guid":{"rendered":"https:\/\/www.ufasta.edu.ar\/ingenieria\/?page_id=3237"},"modified":"2026-03-18T22:16:51","modified_gmt":"2026-03-19T01:16:51","slug":"cai-consejeros","status":"publish","type":"page","link":"https:\/\/www.ufasta.edu.ar\/ingenieria\/cai-consejeros\/","title":{"rendered":"Integrantes CAI"},"content":{"rendered":"<h2><strong>Consejo Acad\u00e9mico vigente<br \/>\n<\/strong>(2026-2028)<\/h2>\n<p>&nbsp;<\/p>\n<p><strong>Decano<br \/>\n<\/strong>Ing. Roberto Giordano Lerena<br \/>\n<em><a rel=\"noopener noreferrer\" href=\"mailto:decano.ingenieria@ufasta.edu.ar\" target=\"_blank\" rel=\"nofollow\" >decano.ingenieria@ufasta.edu.ar<\/a><\/em><\/p>\n<p><strong>Vicedecana<br \/>\n<\/strong>Lic. Sandra Cirimelo<br \/>\n<em><a rel=\"noopener noreferrer\" href=\"mailto:vicedecano.ingenieria@ufasta.edu.ar\" target=\"_blank\" rel=\"nofollow\" >vicedecano.ingenieria@ufasta.edu.ar<\/a><\/em><\/p>\n<p><strong>Secretario Acad\u00e9mico<br \/>\n<\/strong>Ing. Roberto Sotomayor<br \/>\n<em><a rel=\"nofollow noopener noreferrer\" href=\"mailto:academica.ingenieria@ufasta.edu.ar\" target=\"_blank\" rel=\"nofollow\" >academica.ingenieria@ufasta.edu.ar<\/a><\/em><\/p>\n<p><strong>Secretaria de Investigaci\u00f3n<br \/>\n<\/strong>Tec. Virginia Sebastian<br \/>\n<a rel=\"nofollow noopener noreferrer\" href=\"mailto:investigacion.ingenieria@ufasta.edu.ar\" target=\"_blank\" rel=\"nofollow\" ><em>investigacion.ingenieria@ufasta.edu.ar<\/em><\/a><\/p>\n<p><strong>Secretaria de Extensi\u00f3n<br \/>\n<\/strong>Abg. Antonela D&#8217;Onofrio<br \/>\n<em><a rel=\"nofollow noopener noreferrer\" href=\"mailto:proyeccion.ingenieria@ufasta.edu.ar\" target=\"_blank\" rel=\"nofollow\" >proyeccion.ingenieria@ufasta.edu.ar<\/a><\/em><\/p>\n<p><strong>Director de la Carrera de Ingenier\u00eda Ambiental<br \/>\n<\/strong>Ing. Marcelo Ragonese<br \/>\n<em><a rel=\"nofollow noopener noreferrer\" href=\"mailto:coordinador.ambiental@ufasta.edu.ar\" target=\"_blank\" rel=\"nofollow\" >coordinador.ambiental@ufasta.edu.ar<\/a><\/em><\/p>\n<p><strong>Director de la carrera de Ingenier\u00eda en Inform\u00e1tica<br \/>\n<\/strong>Ing. Luis Buffoni<br \/>\n<em><a rel=\"nofollow noopener noreferrer\" href=\"mailto:coordinador.informatica@ufasta.edu.ar\" target=\"_blank\" rel=\"nofollow\" >coordinador.informatica@ufasta.edu.ar<\/a><\/em><\/p>\n<p><b>Directora de la carrera de Tecnicatura en Higiene y Seguridad en el Trabajo<br \/>\nDirectora de la carrera de Licenciatura en Higiene y Seguridad en el Trabajo<br \/>\n<\/b>Ing. Micaela Lambertini<br \/>\n<em><a rel=\"noopener noreferrer\" href=\"mailto:director.lhys.ead@ufasta.edu.ar\" target=\"_blank\" rel=\"nofollow\" >director.thys.ead@ufasta.edu.ar<\/a><a rel=\"noopener noreferrer\" href=\"mailto:director.lhys.ead@ufasta.edu.ar\" target=\"_blank\" rel=\"nofollow\" ><br \/>\ndirector.lhys.ead@ufasta.edu.ar<\/a>\u00a0<\/em><\/p>\n<p><strong>Director de la carrera de Licenciatura en Ciberseguridad<br \/>\n<\/strong>Ing. Santiago Trigo<br \/>\n<em><a href=\"mailto:director.ciberseguridad.ead@ufasta.edu.ar\" target=\"_blank\"  rel=\"nofollow\" >director.ciberseguridad.ead@ufasta.edu.ar <\/a><\/em><\/p>\n<p><strong>Directora de la carrera de Especializaci\u00f3n en Inform\u00e1tica Forense<br \/>\n<\/strong>Ing. Ana Di Iorio<br \/>\n<em><a rel=\"nofollow noopener noreferrer\" href=\"mailto:coordinador.informatica@ufasta.edu.ar\" target=\"_blank\" rel=\"nofollow\" >director.posgrado.informaticaforense.ead@ufasta.edu.ar <\/a><\/em><\/p>\n<p><strong>Secretaria del Consejo Acad\u00e9mico<br \/>\n<\/strong>Virginia Sebasti\u00e1n<br \/>\n<em><a rel=\"nofollow noopener noreferrer\" href=\"mailto:administrativo.ead.ingenieria@ufasta.edu.ar\" target=\"_blank\" rel=\"nofollow\" >administrativo.ead.ingenieria@ufasta.edu.ar<\/a><\/em><\/p>\n<p><strong>Gestores de Asuntos Estudiantiles<\/strong><br \/>\n<em><a rel=\"nofollow noopener noreferrer\" href=\"mailto:gae.ingenieria@ufasta.edu.ar\" target=\"_blank\" rel=\"nofollow\" >gae.ingenieria@ufasta.edu.ar<\/a><br \/>\n<a rel=\"noopener noreferrer\" href=\"mailto:gae.ingenieria.ead@ufasta.edu.ar\" target=\"_blank\" rel=\"nofollow\" >gae.ingenieria.ead@ufasta.edu.ar<\/a><\/em><\/p>\n<hr \/>\n<h3 data-start=\"158\" data-end=\"387\"><strong data-start=\"164\" data-end=\"184\">Consejeros electos<\/strong><\/h3>\n<p>&nbsp;<\/p>\n<p data-start=\"158\" data-end=\"387\"><strong data-start=\"164\" data-end=\"184\">Claustro docente<br \/>\n<\/strong>\u2022 Titulares:<br data-start=\"199\" data-end=\"202\" \/>Mar\u00eda del Carmen Naser<br data-start=\"224\" data-end=\"227\" \/>Fernando Atilio Zagnoni<br data-start=\"250\" data-end=\"253\" \/>Myriam Irene Musumano<br data-start=\"274\" data-end=\"277\" \/>Natalia Fern\u00e1ndez Valente<br \/>\n\u2022 Suplentes:<br data-start=\"317\" data-end=\"320\" \/>Mar\u00eda Paula Caparros<br data-start=\"340\" data-end=\"343\" \/>Pedro Ernesto Colla<br data-start=\"362\" data-end=\"365\" \/>Marina Beatriz Massi<\/p>\n<p data-start=\"158\" data-end=\"387\">\n<p data-start=\"158\" data-end=\"387\"><strong data-start=\"392\" data-end=\"418\">Graduados presenciales<\/strong><br data-start=\"418\" data-end=\"421\" \/>\u2022 Titular:<br data-start=\"431\" data-end=\"434\" \/>Valentina Sanchez<br data-start=\"451\" data-end=\"454\" \/>\u2022 Suplentes:<br data-start=\"466\" data-end=\"469\" \/>Natalia Analia Buzzati<br data-start=\"491\" data-end=\"494\" \/>Paula Marina Pere<\/p>\n<p data-start=\"158\" data-end=\"387\">\n<p data-start=\"158\" data-end=\"387\"><strong data-start=\"518\" data-end=\"543\">Graduados a distancia<br \/>\n<\/strong>\u2022 Titular:<br data-start=\"556\" data-end=\"559\" \/>Mar\u00eda Eugenia Espinosa<br \/>\n\u2022 Suplentes:<br data-start=\"596\" data-end=\"599\" \/>Florencia C\u00f3rdoba<br data-start=\"616\" data-end=\"619\" \/>Mar\u00eda Macarena Gimenez<\/p>\n<p data-start=\"158\" data-end=\"387\">\n<p data-start=\"158\" data-end=\"387\"><strong data-start=\"648\" data-end=\"672\">Estudiantes presenciales<br \/>\n<\/strong>\u2022 Titular:<br data-start=\"685\" data-end=\"688\" \/>Ivo Juric<\/p>\n<p data-start=\"158\" data-end=\"387\">\n<p data-start=\"158\" data-end=\"387\"><strong data-start=\"704\" data-end=\"727\">Estudiantes a distancia<br \/>\n<\/strong>\u2022 Titular:<br data-start=\"740\" data-end=\"743\" \/>Georgina Anah\u00ed Morales<br \/>\n\u2022 Suplentes:<br data-start=\"780\" data-end=\"783\" \/>Mar\u00eda Laura Gomez<br data-start=\"800\" data-end=\"803\" \/>Leonardo Javier Martinez<\/p>\n","protected":false},"excerpt":{"rendered":"<p>Consejo Acad\u00e9mico vigente (2026-2028) &nbsp; Decano Ing. Roberto Giordano Lerena decano.ingenieria@ufasta.edu.ar Vicedecana Lic. Sandra Cirimelo vicedecano.ingenieria@ufasta.edu.ar Secretario Acad\u00e9mico Ing. Roberto Sotomayor academica.ingenieria@ufasta.edu.ar Secretaria de Investigaci\u00f3n Tec. Virginia Sebastian investigacion.ingenieria@ufasta.edu.ar Secretaria de Extensi\u00f3n Abg. Antonela D&#8217;Onofrio proyeccion.ingenieria@ufasta.edu.ar Director de la Carrera de Ingenier\u00eda Ambiental Ing. Marcelo Ragonese coordinador.ambiental@ufasta.edu.ar Director de la carrera de Ingenier\u00eda en Inform\u00e1tica [&hellip;]<\/p>\n","protected":false},"author":107,"featured_media":0,"parent":0,"menu_order":0,"comment_status":"closed","ping_status":"closed","template":"","meta":[],"_links":{"self":[{"href":"https:\/\/www.ufasta.edu.ar\/ingenieria\/wp-json\/wp\/v2\/pages\/3237"}],"collection":[{"href":"https:\/\/www.ufasta.edu.ar\/ingenieria\/wp-json\/wp\/v2\/pages"}],"about":[{"href":"https:\/\/www.ufasta.edu.ar\/ingenieria\/wp-json\/wp\/v2\/types\/page"}],"author":[{"embeddable":true,"href":"https:\/\/www.ufasta.edu.ar\/ingenieria\/wp-json\/wp\/v2\/users\/107"}],"replies":[{"embeddable":true,"href":"https:\/\/www.ufasta.edu.ar\/ingenieria\/wp-json\/wp\/v2\/comments?post=3237"}],"version-history":[{"count":24,"href":"https:\/\/www.ufasta.edu.ar\/ingenieria\/wp-json\/wp\/v2\/pages\/3237\/revisions"}],"predecessor-version":[{"id":6132,"href":"https:\/\/www.ufasta.edu.ar\/ingenieria\/wp-json\/wp\/v2\/pages\/3237\/revisions\/6132"}],"wp:attachment":[{"href":"https:\/\/www.ufasta.edu.ar\/ingenieria\/wp-json\/wp\/v2\/media?parent=3237"}],"curies":[{"name":"wp","href":"https:\/\/api.w.org\/{rel}","templated":true}]}}