{"id":109,"date":"2016-11-04T23:34:26","date_gmt":"2016-11-04T23:34:26","guid":{"rendered":"http:\/\/www.ufasta.edu.ar\/ingenieria\/?page_id=109"},"modified":"2023-09-02T14:05:47","modified_gmt":"2023-09-02T14:05:47","slug":"bienvenida-decano-facultad","status":"publish","type":"page","link":"https:\/\/www.ufasta.edu.ar\/ingenieria\/investigacion-2\/presentacion-del-area\/equipo-fi\/bienvenida-decano-facultad\/","title":{"rendered":"Bienvenida Decano Facultad"},"content":{"rendered":"<h2><strong>\u00a1Les damos la bienvenida!<\/strong><\/h2>\n<p>&nbsp;<\/p>\n<p style=\"text-align: left\">Aqu\u00ed encontrar\u00e1n un grupo humano excelente, y el \u00e1mbito ideal para la ense\u00f1anza, el aprendizaje y, sobre todo, para el intercambio generoso y enriquecedor de conocimiento, experiencias y proyectos. Docentes, investigadores, estudiantes, graduados, profesores invitados y personal en general, constituyen un <strong>valor diferencial de nuestra Unidad Acad\u00e9mica.<\/strong><\/p>\n<p style=\"text-align: left\">Con m\u00e1s de<strong> 2200 graduados y con decenas de proyectos de gran relevancia<\/strong> que han contribuido sustancialmente a una mejor calidad de vida de la gente, la Facultad excede sus l\u00edmites edilicios y geogr\u00e1ficos con una extensa red de Unidades de Apoyo Acad\u00e9mico distribuidas en todo el pa\u00eds. Y m\u00e1s all\u00e1, en cada lugar donde un graduado nuestro est\u00e1, en cada empresa donde trabaja, en cada ciudad donde reside, en cada lugar donde un proyecto nuestro ha colaborado o donde un producto de nuestros graduados se desarrolla, all\u00ed est\u00e1 la Facultad de Ingenier\u00eda de la Universidad FASTA haciendo su aporte y transmitiendo sus principios por medio del ejercicio profesional de esos graduados y sus obras. Todo esto es, tambi\u00e9n, <strong>un valioso capital<\/strong> de nuestra Facultad de Ingenier\u00eda y nuestra mejor evidencia de calidad y compromiso.<\/p>\n<p style=\"text-align: left\">De esta manera, suscribimos d\u00eda tras d\u00eda nuestro compromiso con la sociedad: Formar profesionales capaces de hacer el bien, de servir a la sociedad; Profesionales de la ingenier\u00eda que conozcan, respeten y cuiden el l\u00edmite \u00e9tico moral del poder tecnol\u00f3gico; Profesionales con ciencia y conciencia. En definitiva, esto es lo que transmitimos y hacemos cada d\u00eda en nuestra Facultad, tanto en la educaci\u00f3n presencial como a distancia: Formar a las personas; transformarlas en profesionales capaces de darle un sentido trascendente a su ser, saber y hacer; formar profesionales para servir a la sociedad y construirla cada d\u00eda; formar profesionales para la vida.<\/p>\n<p style=\"text-align: left\">Esa es nuestra invitaci\u00f3n. <strong>Quien se suma, desde la docencia, la investigaci\u00f3n, la extensi\u00f3n, o desde el rol de estudiante<\/strong>, a este grupo humano con objetivos y principios claros, valores, y fuerte compromiso con la sociedad, encontrar\u00e1 un espacio donde disfrutar de la ingenier\u00eda, la tecnolog\u00eda, el descubrimiento y la innovaci\u00f3n. Un lugar donde potenciar su ingenio y concretar su vocaci\u00f3n de servicio a la sociedad a trav\u00e9s de la ingenier\u00eda.<\/p>\n<p style=\"text-align: left\"><em>\u201cSuscribimos d\u00eda tras d\u00eda nuestro compromiso: formar profesionales capaces de hacer el bien y de servir a la sociedad\u201d<\/em><\/p>\n<p style=\"text-align: right\">Esp. Ing. Roberto Giordano Lerena<br \/>\n<strong>Decano<\/strong><\/p>\n","protected":false},"excerpt":{"rendered":"<p>\u00a1Les damos la bienvenida! &nbsp; Aqu\u00ed encontrar\u00e1n un grupo humano excelente, y el \u00e1mbito ideal para la ense\u00f1anza, el aprendizaje y, sobre todo, para el intercambio generoso y enriquecedor de conocimiento, experiencias y proyectos. Docentes, investigadores, estudiantes, graduados, profesores invitados y personal en general, constituyen un valor diferencial de nuestra Unidad Acad\u00e9mica. Con m\u00e1s de [&hellip;]<\/p>\n","protected":false},"author":87,"featured_media":0,"parent":42,"menu_order":0,"comment_status":"closed","ping_status":"closed","template":"","meta":[],"_links":{"self":[{"href":"https:\/\/www.ufasta.edu.ar\/ingenieria\/wp-json\/wp\/v2\/pages\/109"}],"collection":[{"href":"https:\/\/www.ufasta.edu.ar\/ingenieria\/wp-json\/wp\/v2\/pages"}],"about":[{"href":"https:\/\/www.ufasta.edu.ar\/ingenieria\/wp-json\/wp\/v2\/types\/page"}],"author":[{"embeddable":true,"href":"https:\/\/www.ufasta.edu.ar\/ingenieria\/wp-json\/wp\/v2\/users\/87"}],"replies":[{"embeddable":true,"href":"https:\/\/www.ufasta.edu.ar\/ingenieria\/wp-json\/wp\/v2\/comments?post=109"}],"version-history":[{"count":8,"href":"https:\/\/www.ufasta.edu.ar\/ingenieria\/wp-json\/wp\/v2\/pages\/109\/revisions"}],"predecessor-version":[{"id":4783,"href":"https:\/\/www.ufasta.edu.ar\/ingenieria\/wp-json\/wp\/v2\/pages\/109\/revisions\/4783"}],"up":[{"embeddable":true,"href":"https:\/\/www.ufasta.edu.ar\/ingenieria\/wp-json\/wp\/v2\/pages\/42"}],"wp:attachment":[{"href":"https:\/\/www.ufasta.edu.ar\/ingenieria\/wp-json\/wp\/v2\/media?parent=109"}],"curies":[{"name":"wp","href":"https:\/\/api.w.org\/{rel}","templated":true}]}}