{"id":319,"date":"2023-07-26T21:17:50","date_gmt":"2023-07-26T21:17:50","guid":{"rendered":"https:\/\/www.ufasta.edu.ar\/incubadora\/?page_id=319"},"modified":"2023-09-04T21:55:23","modified_gmt":"2023-09-04T21:55:23","slug":"historia","status":"publish","type":"page","link":"https:\/\/www.ufasta.edu.ar\/incubadora\/historia\/","title":{"rendered":"Historia"},"content":{"rendered":"\t\t<div data-elementor-type=\"wp-page\" data-elementor-id=\"319\" class=\"elementor elementor-319\" data-elementor-settings=\"[]\">\n\t\t\t\t\t\t\t<div class=\"elementor-section-wrap\">\n\t\t\t\t\t\t\t<section class=\"has_ma_el_bg_slider elementor-section elementor-top-section elementor-element elementor-element-3a53cc0 elementor-section-boxed elementor-section-height-default elementor-section-height-default wpr-particle-no wpr-jarallax-no wpr-parallax-no wpr-sticky-section-no\" data-id=\"3a53cc0\" data-element_type=\"section\">\n\t\t\t\t\t\t<div class=\"elementor-container elementor-column-gap-default\">\n\t\t\t\t\t<div class=\"has_ma_el_bg_slider elementor-column elementor-col-100 elementor-top-column elementor-element elementor-element-e91581f\" data-id=\"e91581f\" data-element_type=\"column\">\n\t\t\t<div class=\"elementor-widget-wrap elementor-element-populated\">\n\t\t\t\t\t\t\t\t<div class=\"elementor-element elementor-element-ea19787 elementor-widget elementor-widget-heading\" data-id=\"ea19787\" data-element_type=\"widget\" data-widget_type=\"heading.default\">\n\t\t\t\t<div class=\"elementor-widget-container\">\n\t\t\t<style>\/*! elementor - v3.5.0 - 12-12-2021 *\/\n.elementor-heading-title{padding:0;margin:0;line-height:1}.elementor-widget-heading .elementor-heading-title[class*=elementor-size-]>a{color:inherit;font-size:inherit;line-height:inherit}.elementor-widget-heading .elementor-heading-title.elementor-size-small{font-size:15px}.elementor-widget-heading .elementor-heading-title.elementor-size-medium{font-size:19px}.elementor-widget-heading .elementor-heading-title.elementor-size-large{font-size:29px}.elementor-widget-heading .elementor-heading-title.elementor-size-xl{font-size:39px}.elementor-widget-heading .elementor-heading-title.elementor-size-xxl{font-size:59px}<\/style><h2 class=\"elementor-heading-title elementor-size-default\">Historia<\/h2>\t\t<\/div>\n\t\t\t\t<\/div>\n\t\t\t\t<div class=\"elementor-element elementor-element-345c306 elementor-widget elementor-widget-text-editor\" data-id=\"345c306\" data-element_type=\"widget\" data-widget_type=\"text-editor.default\">\n\t\t\t\t<div class=\"elementor-widget-container\">\n\t\t\t<style>\/*! elementor - v3.5.0 - 12-12-2021 *\/\n.elementor-widget-text-editor.elementor-drop-cap-view-stacked .elementor-drop-cap{background-color:#818a91;color:#fff}.elementor-widget-text-editor.elementor-drop-cap-view-framed .elementor-drop-cap{color:#818a91;border:3px solid;background-color:transparent}.elementor-widget-text-editor:not(.elementor-drop-cap-view-default) .elementor-drop-cap{margin-top:8px}.elementor-widget-text-editor:not(.elementor-drop-cap-view-default) .elementor-drop-cap-letter{width:1em;height:1em}.elementor-widget-text-editor .elementor-drop-cap{float:left;text-align:center;line-height:1;font-size:50px}.elementor-widget-text-editor .elementor-drop-cap-letter{display:inline-block}<\/style>\t\t\t\t<p style=\"text-align: justify;\">Contamos con una vasta trayectoria que respalda este tipo de iniciativas, relacionadas con la innovaci\u00f3n y el emprendedorismo, la generaci\u00f3n de redes y la promoci\u00f3n del capital social, orientando a los estudiantes en su camino de desarrollo profesional y personal para lograr una transferencia social positiva, pudiendo destacar las siguientes iniciativas y acciones:<\/p><ul style=\"text-align: justify;\"><li>Colaboratorio de Innovaci\u00f3n Tecnol\u00f3gica, creado en el 2019 como un espacio abierto, transdisciplinar, participativo, de interacci\u00f3n, reflexi\u00f3n y acci\u00f3n, con el objeto de contribuir al desarrollo de la innovaci\u00f3n y el emprendedorismo en la Universidad y en las comunidades donde la misma tenga influencia y participaci\u00f3n, con el fin de promover el desarrollo econ\u00f3mico, tecnol\u00f3gico y social, con una mirada \u00e9tica sobre la ciencia y la t\u00e9cnica que privilegie la dignidad de la persona humana.<\/li><li>C\u00e1tedra abierta Innova y Emprende. Proyecto de extensi\u00f3n permanente de la Facultad de Ingenier\u00eda (desde el 2011) que signific\u00f3 una gran experiencia en el desarrollo de diversas tem\u00e1ticas asociadas al Emprendedorismo, la Innovaci\u00f3n y la formaci\u00f3n de formadores, contando con numerosas actividades de extensi\u00f3n nacional e internacional, interdisciplinarias, interfacultades e interinstitucionales, como por ejemplo las acciones en el marco de PRECITyE, CONFEDI y el BID.<\/li><\/ul><p style=\"text-align: justify;\">El 10 de agosto de 2022, luego de un arduo proceso de inscripci\u00f3n llevado adelante por la Secretar\u00eda de Extensi\u00f3n y Transferencia de la Universidad FASTA, en reconocimiento a las tareas realizadas por nuestra instituci\u00f3n, la Secretar\u00eda de la Peque\u00f1a y Mediana Empresa y los Emprendedores del Ministerio de Desarrollo Productivo de la Naci\u00f3n, comunicaron la incorporaci\u00f3n de la FRATERNIDAD DE<\/p><p style=\"text-align: justify;\">AGRUPACIONES SANTO TOMAS DE AQUINO FASTA al Registro Nacional de<\/p><p style=\"text-align: justify;\">Incubadoras (Nro. Reg. 600) .<\/p>\t\t\t\t\t\t<\/div>\n\t\t\t\t<\/div>\n\t\t\t\t<div class=\"elementor-element elementor-element-fd3da67 elementor-widget elementor-widget-image\" data-id=\"fd3da67\" data-element_type=\"widget\" data-widget_type=\"image.default\">\n\t\t\t\t<div class=\"elementor-widget-container\">\n\t\t\t<style>\/*! elementor - v3.5.0 - 12-12-2021 *\/\n.elementor-widget-image{text-align:center}.elementor-widget-image a{display:inline-block}.elementor-widget-image a img[src$=\".svg\"]{width:48px}.elementor-widget-image img{vertical-align:middle;display:inline-block}<\/style>\t\t\t\t\t\t\t\t\t\t\t\t<img width=\"1024\" height=\"412\" src=\"https:\/\/www.ufasta.edu.ar\/incubadora\/files\/2023\/09\/linea-de-tiempo.png\" class=\"attachment-large size-large\" alt=\"\" loading=\"lazy\" srcset=\"https:\/\/www.ufasta.edu.ar\/incubadora\/files\/2023\/09\/linea-de-tiempo.png 1024w, https:\/\/www.ufasta.edu.ar\/incubadora\/files\/2023\/09\/linea-de-tiempo-300x121.png 300w, https:\/\/www.ufasta.edu.ar\/incubadora\/files\/2023\/09\/linea-de-tiempo-768x309.png 768w, https:\/\/www.ufasta.edu.ar\/incubadora\/files\/2023\/09\/linea-de-tiempo-830x334.png 830w, https:\/\/www.ufasta.edu.ar\/incubadora\/files\/2023\/09\/linea-de-tiempo-230x93.png 230w, https:\/\/www.ufasta.edu.ar\/incubadora\/files\/2023\/09\/linea-de-tiempo-350x141.png 350w, https:\/\/www.ufasta.edu.ar\/incubadora\/files\/2023\/09\/linea-de-tiempo-480x193.png 480w\" sizes=\"(max-width: 1024px) 100vw, 1024px\" \/>\t\t\t\t\t\t\t\t\t\t\t\t\t\t\t<\/div>\n\t\t\t\t<\/div>\n\t\t\t\t\t<\/div>\n\t\t<\/div>\n\t\t\t\t\t\t\t<\/div>\n\t\t<\/section>\n\t\t\t\t<section class=\"has_ma_el_bg_slider elementor-section elementor-top-section elementor-element elementor-element-40fc10c elementor-section-boxed elementor-section-height-default elementor-section-height-default wpr-particle-no wpr-jarallax-no wpr-parallax-no wpr-sticky-section-no\" data-id=\"40fc10c\" data-element_type=\"section\">\n\t\t\t\t\t\t<div class=\"elementor-container elementor-column-gap-default\">\n\t\t\t\t\t<div class=\"has_ma_el_bg_slider elementor-column elementor-col-100 elementor-top-column elementor-element elementor-element-382884d\" data-id=\"382884d\" data-element_type=\"column\">\n\t\t\t<div class=\"elementor-widget-wrap elementor-element-populated\">\n\t\t\t\t\t\t\t\t<div class=\"elementor-element elementor-element-e60d293 elementor-widget elementor-widget-html\" data-id=\"e60d293\" data-element_type=\"widget\" data-widget_type=\"html.default\">\n\t\t\t\t<div class=\"elementor-widget-container\">\n\t\t\t<style>\r\n  #content\r\n  {\r\n\tbackground-image: url(https:\/\/www.ufasta.edu.ar\/incubadora\/files\/2023\/07\/Recurso-7.png);\r\n    background-repeat: round;\r\n  }\r\n\r\n  .container.content-wrapper {\r\n    background-color: transparent;\r\n}\r\n  <\/style>\t\t<\/div>\n\t\t\t\t<\/div>\n\t\t\t\t\t<\/div>\n\t\t<\/div>\n\t\t\t\t\t\t\t<\/div>\n\t\t<\/section>\n\t\t\t\t\t\t<\/div>\n\t\t\t\t\t<\/div>\n\t\t","protected":false},"excerpt":{"rendered":"<p>Historia Contamos con una vasta trayectoria que respalda este tipo de iniciativas, relacionadas con la innovaci\u00f3n y el emprendedorismo, la generaci\u00f3n de redes y la promoci\u00f3n del capital social, orientando a los estudiantes en su camino de desarrollo profesional y personal para lograr una transferencia social positiva, pudiendo destacar las siguientes iniciativas y acciones: Colaboratorio&#8230;<\/p>\n","protected":false},"author":114,"featured_media":0,"parent":0,"menu_order":0,"comment_status":"closed","ping_status":"closed","template":"elementor_header_footer","meta":[],"yoast_head":"<!-- This site is optimized with the Yoast SEO plugin v14.4.1 - https:\/\/yoast.com\/wordpress\/plugins\/seo\/ -->\n<title>Historia - Incubadora<\/title>\n<meta name=\"robots\" content=\"index, follow\" \/>\n<meta name=\"googlebot\" content=\"index, follow, max-snippet:-1, max-image-preview:large, max-video-preview:-1\" \/>\n<meta name=\"bingbot\" content=\"index, follow, max-snippet:-1, max-image-preview:large, max-video-preview:-1\" \/>\n<link rel=\"canonical\" href=\"https:\/\/www.ufasta.edu.ar\/incubadora\/historia\/\" \/>\n<meta property=\"og:locale\" content=\"es_ES\" \/>\n<meta property=\"og:type\" content=\"article\" \/>\n<meta property=\"og:title\" content=\"Historia - Incubadora\" \/>\n<meta property=\"og:description\" content=\"Historia Contamos con una vasta trayectoria que respalda este tipo de iniciativas, relacionadas con la innovaci\u00f3n y el emprendedorismo, la generaci\u00f3n de redes y la promoci\u00f3n del capital social, orientando a los estudiantes en su camino de desarrollo profesional y personal para lograr una transferencia social positiva, pudiendo destacar las siguientes iniciativas y acciones: Colaboratorio...\" \/>\n<meta property=\"og:url\" content=\"https:\/\/www.ufasta.edu.ar\/incubadora\/historia\/\" \/>\n<meta property=\"og:site_name\" content=\"Incubadora\" \/>\n<meta property=\"article:modified_time\" content=\"2023-09-04T21:55:23+00:00\" \/>\n<meta property=\"og:image\" content=\"https:\/\/www.ufasta.edu.ar\/incubadora\/files\/2023\/09\/linea-de-tiempo.png\" \/>\n<meta name=\"twitter:card\" content=\"summary_large_image\" \/>\n<script type=\"application\/ld+json\" class=\"yoast-schema-graph\">{\"@context\":\"https:\/\/schema.org\",\"@graph\":[{\"@type\":\"WebSite\",\"@id\":\"https:\/\/www.ufasta.edu.ar\/incubadora\/#website\",\"url\":\"https:\/\/www.ufasta.edu.ar\/incubadora\/\",\"name\":\"Incubadora\",\"description\":\"\",\"potentialAction\":[{\"@type\":\"SearchAction\",\"target\":\"https:\/\/www.ufasta.edu.ar\/incubadora\/?s={search_term_string}\",\"query-input\":\"required name=search_term_string\"}],\"inLanguage\":\"es\"},{\"@type\":\"ImageObject\",\"@id\":\"https:\/\/www.ufasta.edu.ar\/incubadora\/historia\/#primaryimage\",\"inLanguage\":\"es\",\"url\":\"https:\/\/www.ufasta.edu.ar\/incubadora\/files\/2023\/09\/linea-de-tiempo.png\",\"width\":1024,\"height\":412},{\"@type\":\"WebPage\",\"@id\":\"https:\/\/www.ufasta.edu.ar\/incubadora\/historia\/#webpage\",\"url\":\"https:\/\/www.ufasta.edu.ar\/incubadora\/historia\/\",\"name\":\"Historia - Incubadora\",\"isPartOf\":{\"@id\":\"https:\/\/www.ufasta.edu.ar\/incubadora\/#website\"},\"primaryImageOfPage\":{\"@id\":\"https:\/\/www.ufasta.edu.ar\/incubadora\/historia\/#primaryimage\"},\"datePublished\":\"2023-07-26T21:17:50+00:00\",\"dateModified\":\"2023-09-04T21:55:23+00:00\",\"inLanguage\":\"es\",\"potentialAction\":[{\"@type\":\"ReadAction\",\"target\":[\"https:\/\/www.ufasta.edu.ar\/incubadora\/historia\/\"]}]}]}<\/script>\n<!-- \/ Yoast SEO plugin. -->","_links":{"self":[{"href":"https:\/\/www.ufasta.edu.ar\/incubadora\/wp-json\/wp\/v2\/pages\/319"}],"collection":[{"href":"https:\/\/www.ufasta.edu.ar\/incubadora\/wp-json\/wp\/v2\/pages"}],"about":[{"href":"https:\/\/www.ufasta.edu.ar\/incubadora\/wp-json\/wp\/v2\/types\/page"}],"author":[{"embeddable":true,"href":"https:\/\/www.ufasta.edu.ar\/incubadora\/wp-json\/wp\/v2\/users\/114"}],"replies":[{"embeddable":true,"href":"https:\/\/www.ufasta.edu.ar\/incubadora\/wp-json\/wp\/v2\/comments?post=319"}],"version-history":[{"count":17,"href":"https:\/\/www.ufasta.edu.ar\/incubadora\/wp-json\/wp\/v2\/pages\/319\/revisions"}],"predecessor-version":[{"id":1164,"href":"https:\/\/www.ufasta.edu.ar\/incubadora\/wp-json\/wp\/v2\/pages\/319\/revisions\/1164"}],"wp:attachment":[{"href":"https:\/\/www.ufasta.edu.ar\/incubadora\/wp-json\/wp\/v2\/media?parent=319"}],"curies":[{"name":"wp","href":"https:\/\/api.w.org\/{rel}","templated":true}]}}