{"id":6732,"date":"2020-09-02T23:05:32","date_gmt":"2020-09-03T02:05:32","guid":{"rendered":"https:\/\/www.ufasta.edu.ar\/humanidades\/?page_id=6732"},"modified":"2024-05-31T15:49:25","modified_gmt":"2024-05-31T15:49:25","slug":"revista-in-itinere","status":"publish","type":"page","link":"https:\/\/www.ufasta.edu.ar\/humanidades\/revista-in-itinere\/","title":{"rendered":"Revista In Itinere"},"content":{"rendered":"\t\t<div data-elementor-type=\"wp-page\" data-elementor-id=\"6732\" class=\"elementor elementor-6732\" data-elementor-settings=\"[]\">\n\t\t\t\t\t\t<div class=\"elementor-inner\">\n\t\t\t\t\t\t\t<div class=\"elementor-section-wrap\">\n\t\t\t\t\t\t\t<section class=\"elementor-section elementor-top-section elementor-element elementor-element-76bc55d elementor-section-boxed elementor-section-height-default elementor-section-height-default\" data-id=\"76bc55d\" data-element_type=\"section\">\n\t\t\t\t\t\t<div class=\"elementor-container elementor-column-gap-default\">\n\t\t\t\t\t\t\t<div class=\"elementor-row\">\n\t\t\t\t\t<div class=\"aux-parallax-section elementor-column elementor-col-50 elementor-top-column elementor-element elementor-element-0ed1e24\" data-id=\"0ed1e24\" data-element_type=\"column\">\n\t\t\t<div class=\"elementor-column-wrap elementor-element-populated\">\n\t\t\t\t\t\t\t<div class=\"elementor-widget-wrap\">\n\t\t\t\t\t\t<div class=\"elementor-element elementor-element-a4f6099 elementor-invisible elementor-widget elementor-widget-image\" data-id=\"a4f6099\" data-element_type=\"widget\" data-settings=\"{&quot;_animation&quot;:&quot;fadeIn&quot;}\" data-widget_type=\"image.default\">\n\t\t\t\t<div class=\"elementor-widget-container\">\n\t\t\t\t\t\t\t\t<div class=\"elementor-image\">\n\t\t\t\t\t\t\t\t\t\t\t\t\t<a href=\"https:\/\/revistas.ufasta.edu.ar\/index.php\/initinere\/index\" target=\"_blank\"  rel=\"nofollow\" >\n\t\t\t\t\t\t\t<img width=\"438\" height=\"620\" src=\"https:\/\/www.ufasta.edu.ar\/humanidades\/files\/2022\/03\/Imagen1.png\" class=\"attachment-large size-large\" alt=\"\" loading=\"lazy\" \/>\t\t\t\t\t\t\t\t<\/a>\n\t\t\t\t\t\t\t\t\t\t\t\t\t\t<\/div>\n\t\t\t\t\t\t<\/div>\n\t\t\t\t<\/div>\n\t\t\t\t\t\t<\/div>\n\t\t\t\t\t<\/div>\n\t\t<\/div>\n\t\t\t\t<div class=\"aux-parallax-section elementor-column elementor-col-50 elementor-top-column elementor-element elementor-element-8c5493b\" data-id=\"8c5493b\" data-element_type=\"column\">\n\t\t\t<div class=\"elementor-column-wrap elementor-element-populated\">\n\t\t\t\t\t\t\t<div class=\"elementor-widget-wrap\">\n\t\t\t\t\t\t<div class=\"elementor-element elementor-element-77a41a3 elementor-invisible elementor-widget elementor-widget-text-editor\" data-id=\"77a41a3\" data-element_type=\"widget\" data-settings=\"{&quot;_animation&quot;:&quot;fadeIn&quot;}\" data-widget_type=\"text-editor.default\">\n\t\t\t\t<div class=\"elementor-widget-container\">\n\t\t\t\t\t\t\t\t<div class=\"elementor-text-editor elementor-clearfix\">\n\t\t\t\t<section class=\"vc_rows wpb_rows vc_rows-fluid\"><div class=\"container\"><div class=\"row\"><div class=\"wpb_column col-md-6\"><div class=\"wpb_wrapper\"><h1>In Itinere<\/h1><h2><a href=\"http:\/\/revistas.ufasta.edu.ar\/index.php\/initinere\/index\" target=\"_blank\"  rel=\"nofollow\" >Revista digital de estudios human\u00edsticos<\/a><\/h2><div class=\"wpb_text_column wpb_content_element wpb_animate_when_almost_visible wpb_left-to-right left-to-right wpb_start_animation animated\"><div class=\"wpb_wrapper\"><p>Desde 2011, publicamos <strong><em>In Itinere, Revista digital de estudios human\u00edsticos<\/em><\/strong>, con el objetivo de publicar los resultados de investigaciones que aborden tem\u00e1ticas propias de las Humanidades y las Ciencias Sociales o que asuman una perspectiva human\u00edstica para estudiar problem\u00e1ticas de otras \u00e1reas de conocimiento.<\/p><\/div><\/div><div class=\"vc_separator wpb_content_element vc_separator_align_center vc_sep_width_100 vc_sep_pos_align_left vc_separator_no_text vc_sep_color_grey\">\u00a0<\/div><div class=\"wpb_text_column wpb_content_element wpb_animate_when_almost_visible wpb_left-to-right left-to-right wpb_start_animation animated\"><div class=\"wpb_wrapper\"><ul><li><strong>Director<\/strong>: Pbro. Dr. Alejandro Ramos<\/li><li><strong>Editora<\/strong>: Mag. Karina Martinez<\/li><li><strong>Frecuencia<\/strong>: anual<\/li><li><strong>Recepci\u00f3n de trabajos<\/strong>: abierta todo el a\u00f1o<\/li><\/ul><p>\u00a0<\/p><\/div><\/div><\/div><\/div><\/div><\/div><\/section><section class=\"vc_rows wpb_rows vc_rows-fluid\"><div class=\"container\"><div class=\"row\"><div class=\"wpb_column col-md-6\"><div class=\"wpb_wrapper\"><div class=\"wpb_text_column wpb_content_element wpb_animate_when_almost_visible wpb_left-to-right left-to-right wpb_start_animation animated\"><div class=\"wpb_wrapper\"><p>Podr\u00e1s acceder a los n\u00fameros anteriores y consultar los art\u00edculos digitalizados haciendo clic en la imagen de la portada.<\/p><\/div><\/div><\/div><\/div><div class=\"wpb_column col-md-6\"><div class=\"wpb_wrapper\">\u00a0<\/div><\/div><\/div><\/div><\/section>\t\t\t\t\t<\/div>\n\t\t\t\t\t\t<\/div>\n\t\t\t\t<\/div>\n\t\t\t\t\t\t<\/div>\n\t\t\t\t\t<\/div>\n\t\t<\/div>\n\t\t\t\t\t\t\t\t<\/div>\n\t\t\t\t\t<\/div>\n\t\t<\/section>\n\t\t\t\t<section class=\"elementor-section elementor-top-section elementor-element elementor-element-5ef577e elementor-section-boxed elementor-section-height-default elementor-section-height-default\" data-id=\"5ef577e\" data-element_type=\"section\">\n\t\t\t\t\t\t<div class=\"elementor-container elementor-column-gap-default\">\n\t\t\t\t\t\t\t<div class=\"elementor-row\">\n\t\t\t\t\t<div class=\"aux-parallax-section elementor-column elementor-col-100 elementor-top-column elementor-element elementor-element-010ef09\" data-id=\"010ef09\" data-element_type=\"column\">\n\t\t\t<div class=\"elementor-column-wrap elementor-element-populated\">\n\t\t\t\t\t\t\t<div class=\"elementor-widget-wrap\">\n\t\t\t\t\t\t<div class=\"elementor-element elementor-element-c6e9173 elementor-widget elementor-widget-spacer\" data-id=\"c6e9173\" data-element_type=\"widget\" data-widget_type=\"spacer.default\">\n\t\t\t\t<div class=\"elementor-widget-container\">\n\t\t\t\t\t<div class=\"elementor-spacer\">\n\t\t\t<div class=\"elementor-spacer-inner\"><\/div>\n\t\t<\/div>\n\t\t\t\t<\/div>\n\t\t\t\t<\/div>\n\t\t\t\t\t\t<\/div>\n\t\t\t\t\t<\/div>\n\t\t<\/div>\n\t\t\t\t\t\t\t\t<\/div>\n\t\t\t\t\t<\/div>\n\t\t<\/section>\n\t\t\t\t<section class=\"elementor-section elementor-top-section elementor-element elementor-element-65aebd9 elementor-section-boxed elementor-section-height-default elementor-section-height-default\" data-id=\"65aebd9\" data-element_type=\"section\">\n\t\t\t\t\t\t<div class=\"elementor-container elementor-column-gap-default\">\n\t\t\t\t\t\t\t<div class=\"elementor-row\">\n\t\t\t\t\t<div class=\"aux-parallax-section elementor-column elementor-col-33 elementor-top-column elementor-element elementor-element-8fe9418\" data-id=\"8fe9418\" data-element_type=\"column\">\n\t\t\t<div class=\"elementor-column-wrap\">\n\t\t\t\t\t\t\t<div class=\"elementor-widget-wrap\">\n\t\t\t\t\t\t\t\t<\/div>\n\t\t\t\t\t<\/div>\n\t\t<\/div>\n\t\t\t\t<div class=\"aux-parallax-section elementor-column elementor-col-33 elementor-top-column elementor-element elementor-element-28cdc38\" data-id=\"28cdc38\" data-element_type=\"column\">\n\t\t\t<div class=\"elementor-column-wrap elementor-element-populated\">\n\t\t\t\t\t\t\t<div class=\"elementor-widget-wrap\">\n\t\t\t\t\t\t<div class=\"elementor-element elementor-element-b05f02c elementor-widget elementor-widget-button\" data-id=\"b05f02c\" data-element_type=\"widget\" data-widget_type=\"button.default\">\n\t\t\t\t<div class=\"elementor-widget-container\">\n\t\t\t\t\t<div class=\"elementor-button-wrapper\">\n\t\t\t<a href=\"http:\/\/revistas.ufasta.edu.ar\/index.php\/initinere\/index\" class=\"elementor-button-link elementor-button elementor-size-md\" role=\"button\" target=\"_blank\"  rel=\"nofollow\" >\n\t\t\t\t\t\t<span class=\"elementor-button-content-wrapper\">\n\t\t\t\t\t\t<span class=\"elementor-button-text\">INGRESA AQU\u00cd<\/span>\n\t\t<\/span>\n\t\t\t\t\t<\/a>\n\t\t<\/div>\n\t\t\t\t<\/div>\n\t\t\t\t<\/div>\n\t\t\t\t\t\t<\/div>\n\t\t\t\t\t<\/div>\n\t\t<\/div>\n\t\t\t\t<div class=\"aux-parallax-section elementor-column elementor-col-33 elementor-top-column elementor-element elementor-element-95041c6\" data-id=\"95041c6\" data-element_type=\"column\">\n\t\t\t<div class=\"elementor-column-wrap\">\n\t\t\t\t\t\t\t<div class=\"elementor-widget-wrap\">\n\t\t\t\t\t\t\t\t<\/div>\n\t\t\t\t\t<\/div>\n\t\t<\/div>\n\t\t\t\t\t\t\t\t<\/div>\n\t\t\t\t\t<\/div>\n\t\t<\/section>\n\t\t\t\t<section class=\"elementor-section elementor-top-section elementor-element elementor-element-f8469ed elementor-section-boxed elementor-section-height-default elementor-section-height-default\" data-id=\"f8469ed\" data-element_type=\"section\">\n\t\t\t\t\t\t<div class=\"elementor-container elementor-column-gap-default\">\n\t\t\t\t\t\t\t<div class=\"elementor-row\">\n\t\t\t\t\t<div class=\"aux-parallax-section elementor-column elementor-col-100 elementor-top-column elementor-element elementor-element-16b10f0\" data-id=\"16b10f0\" data-element_type=\"column\">\n\t\t\t<div class=\"elementor-column-wrap elementor-element-populated\">\n\t\t\t\t\t\t\t<div class=\"elementor-widget-wrap\">\n\t\t\t\t\t\t<div class=\"elementor-element elementor-element-69b68b0 elementor-widget elementor-widget-spacer\" data-id=\"69b68b0\" data-element_type=\"widget\" data-widget_type=\"spacer.default\">\n\t\t\t\t<div class=\"elementor-widget-container\">\n\t\t\t\t\t<div class=\"elementor-spacer\">\n\t\t\t<div class=\"elementor-spacer-inner\"><\/div>\n\t\t<\/div>\n\t\t\t\t<\/div>\n\t\t\t\t<\/div>\n\t\t\t\t\t\t<\/div>\n\t\t\t\t\t<\/div>\n\t\t<\/div>\n\t\t\t\t\t\t\t\t<\/div>\n\t\t\t\t\t<\/div>\n\t\t<\/section>\n\t\t\t\t<section class=\"elementor-section elementor-top-section elementor-element elementor-element-0b8a456 elementor-section-boxed elementor-section-height-default elementor-section-height-default\" data-id=\"0b8a456\" data-element_type=\"section\">\n\t\t\t\t\t\t<div class=\"elementor-container elementor-column-gap-default\">\n\t\t\t\t\t\t\t<div class=\"elementor-row\">\n\t\t\t\t\t<div class=\"aux-parallax-section elementor-column elementor-col-100 elementor-top-column elementor-element elementor-element-64e83eb\" data-id=\"64e83eb\" data-element_type=\"column\">\n\t\t\t<div class=\"elementor-column-wrap elementor-element-populated\">\n\t\t\t\t\t\t\t<div class=\"elementor-widget-wrap\">\n\t\t\t\t\t\t<div class=\"elementor-element elementor-element-ad94a84 elementor-widget elementor-widget-heading\" data-id=\"ad94a84\" data-element_type=\"widget\" data-widget_type=\"heading.default\">\n\t\t\t\t<div class=\"elementor-widget-container\">\n\t\t\t<h2 class=\"elementor-heading-title elementor-size-default\">Indizada en<\/h2>\t\t<\/div>\n\t\t\t\t<\/div>\n\t\t\t\t<div class=\"elementor-element elementor-element-a242bfd elementor-widget elementor-widget-image\" data-id=\"a242bfd\" data-element_type=\"widget\" data-widget_type=\"image.default\">\n\t\t\t\t<div class=\"elementor-widget-container\">\n\t\t\t\t\t\t\t\t<div class=\"elementor-image\">\n\t\t\t\t\t\t\t\t\t\t\t\t<img width=\"1920\" height=\"570\" src=\"https:\/\/www.ufasta.edu.ar\/humanidades\/files\/2022\/03\/Indizada-png-2.png\" class=\"attachment-full size-full\" alt=\"\" loading=\"lazy\" srcset=\"https:\/\/www.ufasta.edu.ar\/humanidades\/files\/2022\/03\/Indizada-png-2.png 1920w, https:\/\/www.ufasta.edu.ar\/humanidades\/files\/2022\/03\/Indizada-png-2-1536x456.png 1536w\" sizes=\"(max-width: 1920px) 100vw, 1920px\" \/>\t\t\t\t\t\t\t\t\t\t\t\t\t\t<\/div>\n\t\t\t\t\t\t<\/div>\n\t\t\t\t<\/div>\n\t\t\t\t\t\t<\/div>\n\t\t\t\t\t<\/div>\n\t\t<\/div>\n\t\t\t\t\t\t\t\t<\/div>\n\t\t\t\t\t<\/div>\n\t\t<\/section>\n\t\t\t\t<section class=\"elementor-section elementor-top-section elementor-element elementor-element-2549c8e elementor-section-boxed elementor-section-height-default elementor-section-height-default\" data-id=\"2549c8e\" data-element_type=\"section\">\n\t\t\t\t\t\t<div class=\"elementor-container elementor-column-gap-default\">\n\t\t\t\t\t\t\t<div class=\"elementor-row\">\n\t\t\t\t\t<div class=\"aux-parallax-section elementor-column elementor-col-100 elementor-top-column elementor-element elementor-element-3544fea\" data-id=\"3544fea\" data-element_type=\"column\">\n\t\t\t<div class=\"elementor-column-wrap elementor-element-populated\">\n\t\t\t\t\t\t\t<div class=\"elementor-widget-wrap\">\n\t\t\t\t\t\t<div class=\"elementor-element elementor-element-8511bff elementor-widget elementor-widget-heading\" data-id=\"8511bff\" data-element_type=\"widget\" data-widget_type=\"heading.default\">\n\t\t\t\t<div class=\"elementor-widget-container\">\n\t\t\t<h2 class=\"elementor-heading-title elementor-size-default\">Incluida en<\/h2>\t\t<\/div>\n\t\t\t\t<\/div>\n\t\t\t\t<section class=\"elementor-section elementor-inner-section elementor-element elementor-element-22ec58b elementor-section-boxed elementor-section-height-default elementor-section-height-default\" data-id=\"22ec58b\" data-element_type=\"section\">\n\t\t\t\t\t\t<div class=\"elementor-container elementor-column-gap-default\">\n\t\t\t\t\t\t\t<div class=\"elementor-row\">\n\t\t\t\t\t<div class=\"aux-parallax-section elementor-column elementor-col-25 elementor-inner-column elementor-element elementor-element-10e0305\" data-id=\"10e0305\" data-element_type=\"column\">\n\t\t\t<div class=\"elementor-column-wrap elementor-element-populated\">\n\t\t\t\t\t\t\t<div class=\"elementor-widget-wrap\">\n\t\t\t\t\t\t<div class=\"elementor-element elementor-element-ff465d3 elementor-widget elementor-widget-image\" data-id=\"ff465d3\" data-element_type=\"widget\" data-widget_type=\"image.default\">\n\t\t\t\t<div class=\"elementor-widget-container\">\n\t\t\t\t\t\t\t\t<div class=\"elementor-image\">\n\t\t\t\t\t\t\t\t\t\t\t\t<img width=\"410\" height=\"381\" src=\"https:\/\/www.ufasta.edu.ar\/humanidades\/files\/2022\/03\/incluida-1.png\" class=\"attachment-full size-full\" alt=\"\" loading=\"lazy\" \/>\t\t\t\t\t\t\t\t\t\t\t\t\t\t<\/div>\n\t\t\t\t\t\t<\/div>\n\t\t\t\t<\/div>\n\t\t\t\t\t\t<\/div>\n\t\t\t\t\t<\/div>\n\t\t<\/div>\n\t\t\t\t<div class=\"aux-parallax-section elementor-column elementor-col-25 elementor-inner-column elementor-element elementor-element-4f3c2d5\" data-id=\"4f3c2d5\" data-element_type=\"column\">\n\t\t\t<div class=\"elementor-column-wrap\">\n\t\t\t\t\t\t\t<div class=\"elementor-widget-wrap\">\n\t\t\t\t\t\t\t\t<\/div>\n\t\t\t\t\t<\/div>\n\t\t<\/div>\n\t\t\t\t<div class=\"aux-parallax-section elementor-column elementor-col-25 elementor-inner-column elementor-element elementor-element-8df1167\" data-id=\"8df1167\" data-element_type=\"column\">\n\t\t\t<div class=\"elementor-column-wrap\">\n\t\t\t\t\t\t\t<div class=\"elementor-widget-wrap\">\n\t\t\t\t\t\t\t\t<\/div>\n\t\t\t\t\t<\/div>\n\t\t<\/div>\n\t\t\t\t<div class=\"aux-parallax-section elementor-column elementor-col-25 elementor-inner-column elementor-element elementor-element-ff8a478\" data-id=\"ff8a478\" data-element_type=\"column\">\n\t\t\t<div class=\"elementor-column-wrap\">\n\t\t\t\t\t\t\t<div class=\"elementor-widget-wrap\">\n\t\t\t\t\t\t\t\t<\/div>\n\t\t\t\t\t<\/div>\n\t\t<\/div>\n\t\t\t\t\t\t\t\t<\/div>\n\t\t\t\t\t<\/div>\n\t\t<\/section>\n\t\t\t\t\t\t<\/div>\n\t\t\t\t\t<\/div>\n\t\t<\/div>\n\t\t\t\t\t\t\t\t<\/div>\n\t\t\t\t\t<\/div>\n\t\t<\/section>\n\t\t\t\t<section class=\"elementor-section elementor-top-section elementor-element elementor-element-0684e6b elementor-section-boxed elementor-section-height-default elementor-section-height-default\" data-id=\"0684e6b\" data-element_type=\"section\">\n\t\t\t\t\t\t<div class=\"elementor-container elementor-column-gap-default\">\n\t\t\t\t\t\t\t<div class=\"elementor-row\">\n\t\t\t\t\t<div class=\"aux-parallax-section elementor-column elementor-col-33 elementor-top-column elementor-element elementor-element-0de2fac\" data-id=\"0de2fac\" data-element_type=\"column\">\n\t\t\t<div class=\"elementor-column-wrap\">\n\t\t\t\t\t\t\t<div class=\"elementor-widget-wrap\">\n\t\t\t\t\t\t\t\t<\/div>\n\t\t\t\t\t<\/div>\n\t\t<\/div>\n\t\t\t\t<div class=\"aux-parallax-section elementor-column elementor-col-33 elementor-top-column elementor-element elementor-element-94d2333\" data-id=\"94d2333\" data-element_type=\"column\">\n\t\t\t<div class=\"elementor-column-wrap elementor-element-populated\">\n\t\t\t\t\t\t\t<div class=\"elementor-widget-wrap\">\n\t\t\t\t\t\t<div class=\"elementor-element elementor-element-22bd6ba elementor-shape-circle elementor-grid-4 e-grid-align-center elementor-widget elementor-widget-social-icons\" data-id=\"22bd6ba\" data-element_type=\"widget\" data-widget_type=\"social-icons.default\">\n\t\t\t\t<div class=\"elementor-widget-container\">\n\t\t\t\t\t<div class=\"elementor-social-icons-wrapper elementor-grid\">\n\t\t\t\t\t\t\t<span class=\"elementor-grid-item\">\n\t\t\t\t\t<a class=\"elementor-icon elementor-social-icon elementor-social-icon-facebook elementor-repeater-item-839a2f7\" href=\"https:\/\/www.facebook.com\/FacultadDeHumanidadesUFASTA\" target=\"_blank\" rel=\"nofollow\" >\n\t\t\t\t\t\t<span class=\"elementor-screen-only\">Facebook<\/span>\n\t\t\t\t\t\t<i class=\"fab fa-facebook\"><\/i>\t\t\t\t\t<\/a>\n\t\t\t\t<\/span>\n\t\t\t\t\t\t\t<span class=\"elementor-grid-item\">\n\t\t\t\t\t<a class=\"elementor-icon elementor-social-icon elementor-social-icon-instagram elementor-repeater-item-5fc74c0\" href=\"https:\/\/www.instagram.com\/ufasta.humanidades\/\" target=\"_blank\" rel=\"nofollow\" >\n\t\t\t\t\t\t<span class=\"elementor-screen-only\">Instagram<\/span>\n\t\t\t\t\t\t<i class=\"fab fa-instagram\"><\/i>\t\t\t\t\t<\/a>\n\t\t\t\t<\/span>\n\t\t\t\t\t\t\t<span class=\"elementor-grid-item\">\n\t\t\t\t\t<a class=\"elementor-icon elementor-social-icon elementor-social-icon-envelope elementor-repeater-item-4560e35\" href=\"https:\/\/www.ufasta.edu.ar\/humanidades\/contacto\/\" target=\"_blank\">\n\t\t\t\t\t\t<span class=\"elementor-screen-only\">Envelope<\/span>\n\t\t\t\t\t\t<i class=\"fas fa-envelope\"><\/i>\t\t\t\t\t<\/a>\n\t\t\t\t<\/span>\n\t\t\t\t\t<\/div>\n\t\t\t\t<\/div>\n\t\t\t\t<\/div>\n\t\t\t\t\t\t<\/div>\n\t\t\t\t\t<\/div>\n\t\t<\/div>\n\t\t\t\t<div class=\"aux-parallax-section elementor-column elementor-col-33 elementor-top-column elementor-element elementor-element-cf77c8a\" data-id=\"cf77c8a\" data-element_type=\"column\">\n\t\t\t<div class=\"elementor-column-wrap\">\n\t\t\t\t\t\t\t<div class=\"elementor-widget-wrap\">\n\t\t\t\t\t\t\t\t<\/div>\n\t\t\t\t\t<\/div>\n\t\t<\/div>\n\t\t\t\t\t\t\t\t<\/div>\n\t\t\t\t\t<\/div>\n\t\t<\/section>\n\t\t\t\t\t\t<\/div>\n\t\t\t\t\t\t<\/div>\n\t\t\t\t\t<\/div>\n\t\t","protected":false},"excerpt":{"rendered":"<p>In Itinere Revista digital de estudios human\u00edsticos Desde 2011, publicamos In Itinere, Revista digital de estudios human\u00edsticos, con el objetivo de publicar los resultados de investigaciones que aborden tem\u00e1ticas propias de las Humanidades y las Ciencias Sociales o que asuman una perspectiva human\u00edstica para estudiar problem\u00e1ticas de otras \u00e1reas de conocimiento. \u00a0 Director: Pbro. Dr. [&hellip;]<\/p>\n","protected":false},"author":114,"featured_media":0,"parent":0,"menu_order":0,"comment_status":"closed","ping_status":"closed","template":"","meta":[],"yoast_head":"<!-- This site is optimized with the Yoast SEO plugin v14.4.1 - https:\/\/yoast.com\/wordpress\/plugins\/seo\/ -->\n<title>Revista In Itinere - Facultad de Humanidades<\/title>\n<meta name=\"robots\" content=\"index, follow\" \/>\n<meta name=\"googlebot\" content=\"index, follow, max-snippet:-1, max-image-preview:large, max-video-preview:-1\" \/>\n<meta name=\"bingbot\" content=\"index, follow, max-snippet:-1, max-image-preview:large, max-video-preview:-1\" \/>\n<link rel=\"canonical\" href=\"https:\/\/www.ufasta.edu.ar\/humanidades\/revista-in-itinere\/\" \/>\n<meta property=\"og:locale\" content=\"es_ES\" \/>\n<meta property=\"og:type\" content=\"article\" \/>\n<meta property=\"og:title\" content=\"Revista In Itinere - Facultad de Humanidades\" \/>\n<meta property=\"og:description\" content=\"In Itinere Revista digital de estudios human\u00edsticos Desde 2011, publicamos In Itinere, Revista digital de estudios human\u00edsticos, con el objetivo de publicar los resultados de investigaciones que aborden tem\u00e1ticas propias de las Humanidades y las Ciencias Sociales o que asuman una perspectiva human\u00edstica para estudiar problem\u00e1ticas de otras \u00e1reas de conocimiento. \u00a0 Director: Pbro. Dr. [&hellip;]\" \/>\n<meta property=\"og:url\" content=\"https:\/\/www.ufasta.edu.ar\/humanidades\/revista-in-itinere\/\" \/>\n<meta property=\"og:site_name\" content=\"Facultad de Humanidades\" \/>\n<meta property=\"article:modified_time\" content=\"2024-05-31T15:49:25+00:00\" \/>\n<meta property=\"og:image\" content=\"https:\/\/www.ufasta.edu.ar\/humanidades\/files\/2022\/03\/Imagen1.png\" \/>\n<meta name=\"twitter:card\" content=\"summary_large_image\" \/>\n<script type=\"application\/ld+json\" class=\"yoast-schema-graph\">{\"@context\":\"https:\/\/schema.org\",\"@graph\":[{\"@type\":\"WebSite\",\"@id\":\"https:\/\/www.ufasta.edu.ar\/humanidades\/#website\",\"url\":\"https:\/\/www.ufasta.edu.ar\/humanidades\/\",\"name\":\"Facultad de Humanidades\",\"description\":\"Otro sitio m\\u00e1s de Universidad FASTA\",\"potentialAction\":[{\"@type\":\"SearchAction\",\"target\":\"https:\/\/www.ufasta.edu.ar\/humanidades\/?s={search_term_string}\",\"query-input\":\"required name=search_term_string\"}],\"inLanguage\":\"es\"},{\"@type\":\"ImageObject\",\"@id\":\"https:\/\/www.ufasta.edu.ar\/humanidades\/revista-in-itinere\/#primaryimage\",\"inLanguage\":\"es\",\"url\":\"https:\/\/www.ufasta.edu.ar\/humanidades\/files\/2022\/03\/Imagen1.png\",\"width\":438,\"height\":620},{\"@type\":\"WebPage\",\"@id\":\"https:\/\/www.ufasta.edu.ar\/humanidades\/revista-in-itinere\/#webpage\",\"url\":\"https:\/\/www.ufasta.edu.ar\/humanidades\/revista-in-itinere\/\",\"name\":\"Revista In Itinere - Facultad de Humanidades\",\"isPartOf\":{\"@id\":\"https:\/\/www.ufasta.edu.ar\/humanidades\/#website\"},\"primaryImageOfPage\":{\"@id\":\"https:\/\/www.ufasta.edu.ar\/humanidades\/revista-in-itinere\/#primaryimage\"},\"datePublished\":\"2020-09-03T02:05:32+00:00\",\"dateModified\":\"2024-05-31T15:49:25+00:00\",\"inLanguage\":\"es\",\"potentialAction\":[{\"@type\":\"ReadAction\",\"target\":[\"https:\/\/www.ufasta.edu.ar\/humanidades\/revista-in-itinere\/\"]}]}]}<\/script>\n<!-- \/ Yoast SEO plugin. -->","_links":{"self":[{"href":"https:\/\/www.ufasta.edu.ar\/humanidades\/wp-json\/wp\/v2\/pages\/6732"}],"collection":[{"href":"https:\/\/www.ufasta.edu.ar\/humanidades\/wp-json\/wp\/v2\/pages"}],"about":[{"href":"https:\/\/www.ufasta.edu.ar\/humanidades\/wp-json\/wp\/v2\/types\/page"}],"author":[{"embeddable":true,"href":"https:\/\/www.ufasta.edu.ar\/humanidades\/wp-json\/wp\/v2\/users\/114"}],"replies":[{"embeddable":true,"href":"https:\/\/www.ufasta.edu.ar\/humanidades\/wp-json\/wp\/v2\/comments?post=6732"}],"version-history":[{"count":33,"href":"https:\/\/www.ufasta.edu.ar\/humanidades\/wp-json\/wp\/v2\/pages\/6732\/revisions"}],"predecessor-version":[{"id":10697,"href":"https:\/\/www.ufasta.edu.ar\/humanidades\/wp-json\/wp\/v2\/pages\/6732\/revisions\/10697"}],"wp:attachment":[{"href":"https:\/\/www.ufasta.edu.ar\/humanidades\/wp-json\/wp\/v2\/media?parent=6732"}],"curies":[{"name":"wp","href":"https:\/\/api.w.org\/{rel}","templated":true}]}}