{"id":839,"date":"2020-06-24T23:21:51","date_gmt":"2020-06-24T23:21:51","guid":{"rendered":"https:\/\/www.ufasta.edu.ar\/feriavirtual\/?page_id=839"},"modified":"2021-06-29T18:10:43","modified_gmt":"2021-06-29T18:10:43","slug":"directivo-5","status":"publish","type":"page","link":"https:\/\/www.ufasta.edu.ar\/feriavirtual\/directivo-5\/","title":{"rendered":"Eduardo Castelnovo"},"content":{"rendered":"\t\t<div data-elementor-type=\"wp-page\" data-elementor-id=\"839\" class=\"elementor elementor-839\" data-elementor-settings=\"[]\">\n\t\t\t\t\t\t<div class=\"elementor-inner\">\n\t\t\t\t\t\t\t<div class=\"elementor-section-wrap\">\n\t\t\t\t\t\t\t<section class=\"elementor-section elementor-top-section elementor-element elementor-element-3894126d elementor-section-stretched elementor-section-boxed elementor-section-height-default elementor-section-height-default\" data-id=\"3894126d\" data-element_type=\"section\" data-settings=\"{&quot;stretch_section&quot;:&quot;section-stretched&quot;}\">\n\t\t\t\t\t\t<div class=\"elementor-container elementor-column-gap-default\">\n\t\t\t\t\t\t\t<div class=\"elementor-row\">\n\t\t\t\t\t<div class=\"elementor-column elementor-col-100 elementor-top-column elementor-element elementor-element-49dc69c0\" data-id=\"49dc69c0\" data-element_type=\"column\">\n\t\t\t<div class=\"elementor-column-wrap elementor-element-populated\">\n\t\t\t\t\t\t\t<div class=\"elementor-widget-wrap\">\n\t\t\t\t\t\t<div class=\"elementor-element elementor-element-41c95275 elementor-widget elementor-widget-heading\" data-id=\"41c95275\" data-element_type=\"widget\" data-widget_type=\"heading.default\">\n\t\t\t\t<div class=\"elementor-widget-container\">\n\t\t\t<h2 class=\"elementor-heading-title elementor-size-default\">Dr Eduardo Castelnovo<\/br>\n<p style=\"font-size:17px; margin-top:10px\">Director Escuela de Medicina<\/p><\/h2>\t\t<\/div>\n\t\t\t\t<\/div>\n\t\t\t\t<section class=\"elementor-section elementor-inner-section elementor-element elementor-element-1cf231fa elementor-section-boxed elementor-section-height-default elementor-section-height-default\" data-id=\"1cf231fa\" data-element_type=\"section\">\n\t\t\t\t\t\t<div class=\"elementor-container elementor-column-gap-default\">\n\t\t\t\t\t\t\t<div class=\"elementor-row\">\n\t\t\t\t\t<div class=\"elementor-column elementor-col-50 elementor-inner-column elementor-element elementor-element-5c38dc47\" data-id=\"5c38dc47\" data-element_type=\"column\">\n\t\t\t<div class=\"elementor-column-wrap elementor-element-populated\">\n\t\t\t\t\t\t\t<div class=\"elementor-widget-wrap\">\n\t\t\t\t\t\t<div class=\"elementor-element elementor-element-19dc8de9 elementor-widget elementor-widget-image\" data-id=\"19dc8de9\" data-element_type=\"widget\" data-widget_type=\"image.default\">\n\t\t\t\t<div class=\"elementor-widget-container\">\n\t\t\t\t\t\t\t\t<div class=\"elementor-image\">\n\t\t\t\t\t\t\t\t\t\t\t\t<img width=\"350\" height=\"350\" src=\"https:\/\/www.ufasta.edu.ar\/feriavirtual\/files\/2021\/06\/Directores-Castelnovo1.png\" class=\"attachment-large size-large\" alt=\"\" loading=\"lazy\" srcset=\"https:\/\/www.ufasta.edu.ar\/feriavirtual\/files\/2021\/06\/Directores-Castelnovo1.png 350w, https:\/\/www.ufasta.edu.ar\/feriavirtual\/files\/2021\/06\/Directores-Castelnovo1-300x300.png 300w, https:\/\/www.ufasta.edu.ar\/feriavirtual\/files\/2021\/06\/Directores-Castelnovo1-150x150.png 150w\" sizes=\"(max-width: 350px) 100vw, 350px\" \/>\t\t\t\t\t\t\t\t\t\t\t\t\t\t<\/div>\n\t\t\t\t\t\t<\/div>\n\t\t\t\t<\/div>\n\t\t\t\t\t\t<\/div>\n\t\t\t\t\t<\/div>\n\t\t<\/div>\n\t\t\t\t<div class=\"elementor-column elementor-col-50 elementor-inner-column elementor-element elementor-element-2d437554\" data-id=\"2d437554\" data-element_type=\"column\">\n\t\t\t<div class=\"elementor-column-wrap elementor-element-populated\">\n\t\t\t\t\t\t\t<div class=\"elementor-widget-wrap\">\n\t\t\t\t\t\t<div class=\"elementor-element elementor-element-762b7122 elementor-widget elementor-widget-text-editor\" data-id=\"762b7122\" data-element_type=\"widget\" data-widget_type=\"text-editor.default\">\n\t\t\t\t<div class=\"elementor-widget-container\">\n\t\t\t\t\t\t\t\t<div class=\"elementor-text-editor elementor-clearfix\">\n\t\t\t\t<ul><li>M\u00e9dico (Universidad Nacional de Buenos Aires).<\/li><\/ul><ul><li>Especialista consultor de Cl\u00ednica M\u00e9dica (Colegio de M\u00e9dicos de la Provincia de Buenos Aires, IX Distrito).<\/li><\/ul><ul><li>Presidente del Comit\u00e9 de \u00c9tica del Instituto de Investigaciones Cl\u00ednicas de Mar del Plata.<\/li><\/ul><ul><li>Director de la Escuela de Posgrado del Colegio de M\u00e9dicos de la Provincia de Buenos Aires, IX Distrito.<\/li><\/ul><ul><li>Profesor Em\u00e9rito de la Universidad FASTA.<\/li><\/ul>\t\t\t\t\t<\/div>\n\t\t\t\t\t\t<\/div>\n\t\t\t\t<\/div>\n\t\t\t\t\t\t<\/div>\n\t\t\t\t\t<\/div>\n\t\t<\/div>\n\t\t\t\t\t\t\t\t<\/div>\n\t\t\t\t\t<\/div>\n\t\t<\/section>\n\t\t\t\t<section class=\"elementor-section elementor-inner-section elementor-element elementor-element-1540b005 elementor-section-boxed elementor-section-height-default elementor-section-height-default\" data-id=\"1540b005\" data-element_type=\"section\">\n\t\t\t\t\t\t<div class=\"elementor-container elementor-column-gap-default\">\n\t\t\t\t\t\t\t<div class=\"elementor-row\">\n\t\t\t\t\t<div class=\"elementor-column elementor-col-25 elementor-inner-column elementor-element elementor-element-64ba28f0\" data-id=\"64ba28f0\" data-element_type=\"column\">\n\t\t\t<div class=\"elementor-column-wrap\">\n\t\t\t\t\t\t\t<div class=\"elementor-widget-wrap\">\n\t\t\t\t\t\t\t\t<\/div>\n\t\t\t\t\t<\/div>\n\t\t<\/div>\n\t\t\t\t<div class=\"elementor-column elementor-col-50 elementor-inner-column elementor-element elementor-element-6fa20254\" data-id=\"6fa20254\" data-element_type=\"column\">\n\t\t\t<div class=\"elementor-column-wrap\">\n\t\t\t\t\t\t\t<div class=\"elementor-widget-wrap\">\n\t\t\t\t\t\t\t\t<\/div>\n\t\t\t\t\t<\/div>\n\t\t<\/div>\n\t\t\t\t<div class=\"elementor-column elementor-col-25 elementor-inner-column elementor-element elementor-element-5176e3fc\" data-id=\"5176e3fc\" data-element_type=\"column\">\n\t\t\t<div class=\"elementor-column-wrap\">\n\t\t\t\t\t\t\t<div class=\"elementor-widget-wrap\">\n\t\t\t\t\t\t\t\t<\/div>\n\t\t\t\t\t<\/div>\n\t\t<\/div>\n\t\t\t\t\t\t\t\t<\/div>\n\t\t\t\t\t<\/div>\n\t\t<\/section>\n\t\t\t\t\t\t<\/div>\n\t\t\t\t\t<\/div>\n\t\t<\/div>\n\t\t\t\t\t\t\t\t<\/div>\n\t\t\t\t\t<\/div>\n\t\t<\/section>\n\t\t\t\t<section class=\"elementor-section elementor-top-section elementor-element elementor-element-731b77f0 elementor-section-boxed elementor-section-height-default elementor-section-height-default\" data-id=\"731b77f0\" data-element_type=\"section\">\n\t\t\t\t\t\t<div class=\"elementor-container elementor-column-gap-default\">\n\t\t\t\t\t\t\t<div class=\"elementor-row\">\n\t\t\t\t\t<div class=\"elementor-column elementor-col-100 elementor-top-column elementor-element elementor-element-38169231\" data-id=\"38169231\" data-element_type=\"column\">\n\t\t\t<div class=\"elementor-column-wrap elementor-element-populated\">\n\t\t\t\t\t\t\t<div class=\"elementor-widget-wrap\">\n\t\t\t\t\t\t<div class=\"elementor-element elementor-element-64335cce elementor-widget elementor-widget-html\" data-id=\"64335cce\" data-element_type=\"widget\" data-widget_type=\"html.default\">\n\t\t\t\t<div class=\"elementor-widget-container\">\n\t\t\t<style>\r\n.wrapper, .single-thumb,.entry-title a,.nav-links\r\n{\r\ndisplay:none;\r\n}\r\n<\/style>\t\t<\/div>\n\t\t\t\t<\/div>\n\t\t\t\t\t\t<\/div>\n\t\t\t\t\t<\/div>\n\t\t<\/div>\n\t\t\t\t\t\t\t\t<\/div>\n\t\t\t\t\t<\/div>\n\t\t<\/section>\n\t\t\t\t\t\t<\/div>\n\t\t\t\t\t\t<\/div>\n\t\t\t\t\t<\/div>\n\t\t","protected":false},"excerpt":{"rendered":"<p>Director Escuela de Medicina<\/p>\n","protected":false},"author":114,"featured_media":1233,"parent":0,"menu_order":0,"comment_status":"closed","ping_status":"closed","template":"","meta":[],"_links":{"self":[{"href":"https:\/\/www.ufasta.edu.ar\/feriavirtual\/wp-json\/wp\/v2\/pages\/839"}],"collection":[{"href":"https:\/\/www.ufasta.edu.ar\/feriavirtual\/wp-json\/wp\/v2\/pages"}],"about":[{"href":"https:\/\/www.ufasta.edu.ar\/feriavirtual\/wp-json\/wp\/v2\/types\/page"}],"author":[{"embeddable":true,"href":"https:\/\/www.ufasta.edu.ar\/feriavirtual\/wp-json\/wp\/v2\/users\/114"}],"replies":[{"embeddable":true,"href":"https:\/\/www.ufasta.edu.ar\/feriavirtual\/wp-json\/wp\/v2\/comments?post=839"}],"version-history":[{"count":18,"href":"https:\/\/www.ufasta.edu.ar\/feriavirtual\/wp-json\/wp\/v2\/pages\/839\/revisions"}],"predecessor-version":[{"id":1236,"href":"https:\/\/www.ufasta.edu.ar\/feriavirtual\/wp-json\/wp\/v2\/pages\/839\/revisions\/1236"}],"wp:featuredmedia":[{"embeddable":true,"href":"https:\/\/www.ufasta.edu.ar\/feriavirtual\/wp-json\/wp\/v2\/media\/1233"}],"wp:attachment":[{"href":"https:\/\/www.ufasta.edu.ar\/feriavirtual\/wp-json\/wp\/v2\/media?parent=839"}],"curies":[{"name":"wp","href":"https:\/\/api.w.org\/{rel}","templated":true}]}}