{"id":196,"date":"2018-03-02T10:06:12","date_gmt":"2018-03-02T10:06:12","guid":{"rendered":"http:\/\/demo.acmethemes.com\/event-star\/?page_id=192"},"modified":"2021-06-29T18:11:26","modified_gmt":"2021-06-29T18:11:26","slug":"martin-zemel","status":"publish","type":"page","link":"https:\/\/www.ufasta.edu.ar\/feriavirtual\/martin-zemel\/","title":{"rendered":"Dr. Mart\u00edn Zemel"},"content":{"rendered":"\t\t<div data-elementor-type=\"wp-page\" data-elementor-id=\"196\" class=\"elementor elementor-196\" data-elementor-settings=\"[]\">\n\t\t\t\t\t\t<div class=\"elementor-inner\">\n\t\t\t\t\t\t\t<div class=\"elementor-section-wrap\">\n\t\t\t\t\t\t\t<section class=\"elementor-section elementor-top-section elementor-element elementor-element-6f21087 elementor-section-stretched elementor-section-boxed elementor-section-height-default elementor-section-height-default\" data-id=\"6f21087\" data-element_type=\"section\" data-settings=\"{&quot;stretch_section&quot;:&quot;section-stretched&quot;}\">\n\t\t\t\t\t\t<div class=\"elementor-container elementor-column-gap-default\">\n\t\t\t\t\t\t\t<div class=\"elementor-row\">\n\t\t\t\t\t<div class=\"elementor-column elementor-col-100 elementor-top-column elementor-element elementor-element-bf9396a\" data-id=\"bf9396a\" data-element_type=\"column\">\n\t\t\t<div class=\"elementor-column-wrap elementor-element-populated\">\n\t\t\t\t\t\t\t<div class=\"elementor-widget-wrap\">\n\t\t\t\t\t\t<div class=\"elementor-element elementor-element-9062f0b elementor-widget elementor-widget-heading\" data-id=\"9062f0b\" data-element_type=\"widget\" data-widget_type=\"heading.default\">\n\t\t\t\t<div class=\"elementor-widget-container\">\n\t\t\t<h2 class=\"elementor-heading-title elementor-size-default\">Dr. Mart\u00edn Zemel<\/br>\n<p style=\"font-size:17px; margin-top:10px\">Director de la Escuela de Odontolog\u00eda<\/p><\/h2>\t\t<\/div>\n\t\t\t\t<\/div>\n\t\t\t\t<section class=\"elementor-section elementor-inner-section elementor-element elementor-element-b13ed43 elementor-section-boxed elementor-section-height-default elementor-section-height-default\" data-id=\"b13ed43\" data-element_type=\"section\">\n\t\t\t\t\t\t<div class=\"elementor-container elementor-column-gap-default\">\n\t\t\t\t\t\t\t<div class=\"elementor-row\">\n\t\t\t\t\t<div class=\"elementor-column elementor-col-50 elementor-inner-column elementor-element elementor-element-48451b4\" data-id=\"48451b4\" data-element_type=\"column\">\n\t\t\t<div class=\"elementor-column-wrap elementor-element-populated\">\n\t\t\t\t\t\t\t<div class=\"elementor-widget-wrap\">\n\t\t\t\t\t\t<div class=\"elementor-element elementor-element-775cdb4 elementor-widget elementor-widget-image\" data-id=\"775cdb4\" data-element_type=\"widget\" data-widget_type=\"image.default\">\n\t\t\t\t<div class=\"elementor-widget-container\">\n\t\t\t\t\t\t\t\t<div class=\"elementor-image\">\n\t\t\t\t\t\t\t\t\t\t\t\t<img width=\"270\" height=\"340\" src=\"https:\/\/www.ufasta.edu.ar\/feriavirtual\/files\/2020\/06\/Speakers-Expo-virtual-Mart\u00edn-Zemel.png\" class=\"attachment-large size-large\" alt=\"\" loading=\"lazy\" srcset=\"https:\/\/www.ufasta.edu.ar\/feriavirtual\/files\/2020\/06\/Speakers-Expo-virtual-Mart\u00edn-Zemel.png 270w, https:\/\/www.ufasta.edu.ar\/feriavirtual\/files\/2020\/06\/Speakers-Expo-virtual-Mart\u00edn-Zemel-238x300.png 238w\" sizes=\"(max-width: 270px) 100vw, 270px\" \/>\t\t\t\t\t\t\t\t\t\t\t\t\t\t<\/div>\n\t\t\t\t\t\t<\/div>\n\t\t\t\t<\/div>\n\t\t\t\t\t\t<\/div>\n\t\t\t\t\t<\/div>\n\t\t<\/div>\n\t\t\t\t<div class=\"elementor-column elementor-col-50 elementor-inner-column elementor-element elementor-element-57121d5\" data-id=\"57121d5\" data-element_type=\"column\">\n\t\t\t<div class=\"elementor-column-wrap elementor-element-populated\">\n\t\t\t\t\t\t\t<div class=\"elementor-widget-wrap\">\n\t\t\t\t\t\t<div class=\"elementor-element elementor-element-60e9155 elementor-widget elementor-widget-text-editor\" data-id=\"60e9155\" data-element_type=\"widget\" data-widget_type=\"text-editor.default\">\n\t\t\t\t<div class=\"elementor-widget-container\">\n\t\t\t\t\t\t\t\t<div class=\"elementor-text-editor elementor-clearfix\">\n\t\t\t\t<ul><li>Odont\u00f3logo (Universidad Nacional de La Plata).<\/li><\/ul><ul><li>Doctor en Odontolog\u00eda (Universidad Nacional de La Plata).<\/li><\/ul><ul><li>Profesor Universitario para el Nivel Secundario y Superior (Universidad FASTA).<\/li><\/ul><ul><li>Formaci\u00f3n postdoctoral en la Universidad de Murcia (Espa\u00f1a) y en la Universidad de la Rep\u00fablica (Uruguay).<\/li><\/ul><ul><li>Profesor e Investigador de la Facultad de Odontolog\u00eda de la Universidad Nacional de La Plata y de la Facultad de Ciencias M\u00e9dicas Universidad FASTA.<\/li><\/ul><ul><li>Dictante en Carreras de Postgrado de la UNLP, UNNE, UNSL, UDELAR.<\/li><\/ul><ul><li>Responsable del Programa de Salud Bucal de la Secretar\u00eda de Educaci\u00f3n de la Municipalidad de General Pueyrredon.<\/li><\/ul>\t\t\t\t\t<\/div>\n\t\t\t\t\t\t<\/div>\n\t\t\t\t<\/div>\n\t\t\t\t\t\t<\/div>\n\t\t\t\t\t<\/div>\n\t\t<\/div>\n\t\t\t\t\t\t\t\t<\/div>\n\t\t\t\t\t<\/div>\n\t\t<\/section>\n\t\t\t\t<section class=\"elementor-section elementor-inner-section elementor-element elementor-element-940c410 elementor-section-boxed elementor-section-height-default elementor-section-height-default\" data-id=\"940c410\" data-element_type=\"section\">\n\t\t\t\t\t\t<div class=\"elementor-container elementor-column-gap-default\">\n\t\t\t\t\t\t\t<div class=\"elementor-row\">\n\t\t\t\t\t<div class=\"elementor-column elementor-col-25 elementor-inner-column elementor-element elementor-element-ff0ede1\" data-id=\"ff0ede1\" data-element_type=\"column\">\n\t\t\t<div class=\"elementor-column-wrap\">\n\t\t\t\t\t\t\t<div class=\"elementor-widget-wrap\">\n\t\t\t\t\t\t\t\t<\/div>\n\t\t\t\t\t<\/div>\n\t\t<\/div>\n\t\t\t\t<div class=\"elementor-column elementor-col-50 elementor-inner-column elementor-element elementor-element-7d846e2\" data-id=\"7d846e2\" data-element_type=\"column\">\n\t\t\t<div class=\"elementor-column-wrap elementor-element-populated\">\n\t\t\t\t\t\t\t<div class=\"elementor-widget-wrap\">\n\t\t\t\t\t\t<div class=\"elementor-element elementor-element-8262100 elementor-aspect-ratio-169 elementor-widget elementor-widget-video\" data-id=\"8262100\" data-element_type=\"widget\" data-settings=\"{&quot;youtube_url&quot;:&quot;https:\\\/\\\/www.youtube.com\\\/watch?v=S0oMWZJU-4I&quot;,&quot;video_type&quot;:&quot;youtube&quot;,&quot;controls&quot;:&quot;yes&quot;,&quot;aspect_ratio&quot;:&quot;169&quot;}\" data-widget_type=\"video.default\">\n\t\t\t\t<div class=\"elementor-widget-container\">\n\t\t\t\t\t<div class=\"elementor-wrapper elementor-fit-aspect-ratio elementor-open-inline\">\n\t\t\t<div class=\"elementor-video\"><\/div>\t\t<\/div>\n\t\t\t\t<\/div>\n\t\t\t\t<\/div>\n\t\t\t\t\t\t<\/div>\n\t\t\t\t\t<\/div>\n\t\t<\/div>\n\t\t\t\t<div class=\"elementor-column elementor-col-25 elementor-inner-column elementor-element elementor-element-19c9d9c\" data-id=\"19c9d9c\" data-element_type=\"column\">\n\t\t\t<div class=\"elementor-column-wrap\">\n\t\t\t\t\t\t\t<div class=\"elementor-widget-wrap\">\n\t\t\t\t\t\t\t\t<\/div>\n\t\t\t\t\t<\/div>\n\t\t<\/div>\n\t\t\t\t\t\t\t\t<\/div>\n\t\t\t\t\t<\/div>\n\t\t<\/section>\n\t\t\t\t\t\t<\/div>\n\t\t\t\t\t<\/div>\n\t\t<\/div>\n\t\t\t\t\t\t\t\t<\/div>\n\t\t\t\t\t<\/div>\n\t\t<\/section>\n\t\t\t\t<section class=\"elementor-section elementor-top-section elementor-element elementor-element-4170af2 elementor-section-boxed elementor-section-height-default elementor-section-height-default\" data-id=\"4170af2\" data-element_type=\"section\">\n\t\t\t\t\t\t<div class=\"elementor-container elementor-column-gap-default\">\n\t\t\t\t\t\t\t<div class=\"elementor-row\">\n\t\t\t\t\t<div class=\"elementor-column elementor-col-100 elementor-top-column elementor-element elementor-element-bbb040d\" data-id=\"bbb040d\" data-element_type=\"column\">\n\t\t\t<div class=\"elementor-column-wrap elementor-element-populated\">\n\t\t\t\t\t\t\t<div class=\"elementor-widget-wrap\">\n\t\t\t\t\t\t<div class=\"elementor-element elementor-element-d182bc5 elementor-widget elementor-widget-html\" data-id=\"d182bc5\" data-element_type=\"widget\" data-widget_type=\"html.default\">\n\t\t\t\t<div class=\"elementor-widget-container\">\n\t\t\t<style>\r\n.wrapper, .single-thumb,.entry-title a,.nav-links\r\n{\r\ndisplay:none;\r\n}\r\n<\/style>\t\t<\/div>\n\t\t\t\t<\/div>\n\t\t\t\t\t\t<\/div>\n\t\t\t\t\t<\/div>\n\t\t<\/div>\n\t\t\t\t\t\t\t\t<\/div>\n\t\t\t\t\t<\/div>\n\t\t<\/section>\n\t\t\t\t\t\t<\/div>\n\t\t\t\t\t\t<\/div>\n\t\t\t\t\t<\/div>\n\t\t","protected":false},"excerpt":{"rendered":"<p>Director de la Escuela de Odontolog\u00eda<\/p>\n","protected":false},"author":114,"featured_media":1234,"parent":0,"menu_order":0,"comment_status":"closed","ping_status":"closed","template":"","meta":[],"_links":{"self":[{"href":"https:\/\/www.ufasta.edu.ar\/feriavirtual\/wp-json\/wp\/v2\/pages\/196"}],"collection":[{"href":"https:\/\/www.ufasta.edu.ar\/feriavirtual\/wp-json\/wp\/v2\/pages"}],"about":[{"href":"https:\/\/www.ufasta.edu.ar\/feriavirtual\/wp-json\/wp\/v2\/types\/page"}],"author":[{"embeddable":true,"href":"https:\/\/www.ufasta.edu.ar\/feriavirtual\/wp-json\/wp\/v2\/users\/114"}],"replies":[{"embeddable":true,"href":"https:\/\/www.ufasta.edu.ar\/feriavirtual\/wp-json\/wp\/v2\/comments?post=196"}],"version-history":[{"count":17,"href":"https:\/\/www.ufasta.edu.ar\/feriavirtual\/wp-json\/wp\/v2\/pages\/196\/revisions"}],"predecessor-version":[{"id":1237,"href":"https:\/\/www.ufasta.edu.ar\/feriavirtual\/wp-json\/wp\/v2\/pages\/196\/revisions\/1237"}],"wp:featuredmedia":[{"embeddable":true,"href":"https:\/\/www.ufasta.edu.ar\/feriavirtual\/wp-json\/wp\/v2\/media\/1234"}],"wp:attachment":[{"href":"https:\/\/www.ufasta.edu.ar\/feriavirtual\/wp-json\/wp\/v2\/media?parent=196"}],"curies":[{"name":"wp","href":"https:\/\/api.w.org\/{rel}","templated":true}]}}