{"id":6690,"date":"2016-03-29T11:29:45","date_gmt":"2016-03-29T14:29:45","guid":{"rendered":"http:\/\/www.ufasta.edu.ar\/edist\/?page_id=6690"},"modified":"2025-06-12T11:46:01","modified_gmt":"2025-06-12T11:46:01","slug":"ctuf-pilar","status":"publish","type":"page","link":"https:\/\/www.ufasta.edu.ar\/distancia\/ctuf-pilar\/","title":{"rendered":"Unidad de Apoyo Acad\u00e9mico UFASTA &#8211; Buenos Aires &#8211; Pilar"},"content":{"rendered":"\t\t<div data-elementor-type=\"wp-page\" data-elementor-id=\"6690\" class=\"elementor elementor-6690\" data-elementor-settings=\"[]\">\n\t\t\t\t\t\t<div class=\"elementor-inner\">\n\t\t\t\t\t\t\t<div class=\"elementor-section-wrap\">\n\t\t\t\t\t\t\t<section class=\"has_ma_el_bg_slider elementor-section elementor-top-section elementor-element elementor-element-c536b22 elementor-section-boxed elementor-section-height-default elementor-section-height-default wpr-particle-no wpr-jarallax-no wpr-parallax-no wpr-sticky-section-no\" data-id=\"c536b22\" data-element_type=\"section\">\n\t\t\t\t\t\t<div class=\"elementor-container elementor-column-gap-default\">\n\t\t\t\t\t\t\t<div class=\"elementor-row\">\n\t\t\t\t\t<div class=\"has_ma_el_bg_slider elementor-column elementor-col-100 elementor-top-column elementor-element elementor-element-5f05b150\" data-id=\"5f05b150\" data-element_type=\"column\">\n\t\t\t<div class=\"elementor-column-wrap elementor-element-populated\">\n\t\t\t\t\t\t\t<div class=\"elementor-widget-wrap\">\n\t\t\t\t\t\t<div class=\"elementor-element elementor-element-4921425d elementor-widget-divider--view-line elementor-widget elementor-widget-divider\" data-id=\"4921425d\" data-element_type=\"widget\" data-widget_type=\"divider.default\">\n\t\t\t\t<div class=\"elementor-widget-container\">\n\t\t\t\t\t<div class=\"elementor-divider\">\n\t\t\t<span class=\"elementor-divider-separator\">\n\t\t\t\t\t\t<\/span>\n\t\t<\/div>\n\t\t\t\t<\/div>\n\t\t\t\t<\/div>\n\t\t\t\t\t\t<\/div>\n\t\t\t\t\t<\/div>\n\t\t<\/div>\n\t\t\t\t\t\t\t\t<\/div>\n\t\t\t\t\t<\/div>\n\t\t<\/section>\n\t\t\t\t<section class=\"has_ma_el_bg_slider elementor-section elementor-top-section elementor-element elementor-element-79367d0 elementor-section-boxed elementor-section-height-default elementor-section-height-default wpr-particle-no wpr-jarallax-no wpr-parallax-no wpr-sticky-section-no\" data-id=\"79367d0\" data-element_type=\"section\">\n\t\t\t\t\t\t<div class=\"elementor-container elementor-column-gap-default\">\n\t\t\t\t\t\t\t<div class=\"elementor-row\">\n\t\t\t\t\t<div class=\"has_ma_el_bg_slider elementor-column elementor-col-100 elementor-top-column elementor-element elementor-element-1afdad2d\" data-id=\"1afdad2d\" data-element_type=\"column\">\n\t\t\t<div class=\"elementor-column-wrap elementor-element-populated\">\n\t\t\t\t\t\t\t<div class=\"elementor-widget-wrap\">\n\t\t\t\t\t\t<section class=\"has_ma_el_bg_slider elementor-section elementor-inner-section elementor-element elementor-element-1be2e8cc elementor-section-boxed elementor-section-height-default elementor-section-height-default wpr-particle-no wpr-jarallax-no wpr-parallax-no wpr-sticky-section-no\" data-id=\"1be2e8cc\" data-element_type=\"section\">\n\t\t\t\t\t\t<div class=\"elementor-container elementor-column-gap-default\">\n\t\t\t\t\t\t\t<div class=\"elementor-row\">\n\t\t\t\t\t<div class=\"has_ma_el_bg_slider elementor-column elementor-col-50 elementor-inner-column elementor-element elementor-element-5bbd973e\" data-id=\"5bbd973e\" data-element_type=\"column\">\n\t\t\t<div class=\"elementor-column-wrap elementor-element-populated\">\n\t\t\t\t\t\t\t<div class=\"elementor-widget-wrap\">\n\t\t\t\t\t\t<div class=\"elementor-element elementor-element-564cbd24 elementor-widget elementor-widget-text-editor\" data-id=\"564cbd24\" data-element_type=\"widget\" data-widget_type=\"text-editor.default\">\n\t\t\t\t<div class=\"elementor-widget-container\">\n\t\t\t\t\t\t\t\t<div class=\"elementor-text-editor elementor-clearfix\">\n\t\t\t\t<p><strong>Unidad de Apoyo Acad\u00e9mico UFASTA \u2013 Buenos Aires \u2013 Pilar<\/strong> &#8211; Fundaci\u00f3n FUDECYT<\/p><div dir=\"ltr\"><strong>Direcci\u00f3n:<\/strong> <span data-sheets-value=\"{\" data-sheets-userformat=\"{\">Pedro Lagrave N\u00b0 563, 1er Piso<\/span><\/div><div dir=\"ltr\"><div dir=\"ltr\"><strong>Llamadas: <\/strong>1126951330<strong><br \/>WhatsApp: <\/strong>01141905848<strong><br \/><\/strong><\/div><\/div><div dir=\"ltr\"><strong>Horario de atenci\u00f3n telef\u00f3nica:<\/strong> Lunes a Viernes de 10:00 a 20:00 hs<br \/><strong>Horario de atenci\u00f3n presencial:<\/strong> Lunes a Viernes de 18:00 a 20:00 hs<\/div><div dir=\"ltr\"><a href=\"mailto:ct.pilar@ufasta.edu.ar\">ct.pilar@ufasta.edu.ar<\/a><\/div><div id=\"tve_overlay_gnodhchlaaiappfkhkfgmplamlknomfo\" style=\"position: fixed; width: 100%; height: 100%; inset: 0; background-color: rgba(0, 0, 0, 0.3); z-index: 9999999; cursor: pointer; display: none;\">\u00a0<\/div><div id=\"tve_overlay_gnodhchlaaiappfkhkfgmplamlknomfo\" style=\"position: fixed; width: 100%; height: 100%; inset: 0; background-color: rgba(0, 0, 0, 0.3); z-index: 9999999; cursor: pointer; display: none;\">\u00a0<\/div>\t\t\t\t\t<\/div>\n\t\t\t\t\t\t<\/div>\n\t\t\t\t<\/div>\n\t\t\t\t\t\t<\/div>\n\t\t\t\t\t<\/div>\n\t\t<\/div>\n\t\t\t\t<div class=\"has_ma_el_bg_slider elementor-column elementor-col-50 elementor-inner-column elementor-element elementor-element-51d40d6d\" data-id=\"51d40d6d\" data-element_type=\"column\">\n\t\t\t<div class=\"elementor-column-wrap elementor-element-populated\">\n\t\t\t\t\t\t\t<div class=\"elementor-widget-wrap\">\n\t\t\t\t\t\t<div class=\"elementor-element elementor-element-53d2e118 elementor-widget elementor-widget-wp-widget-search\" data-id=\"53d2e118\" data-element_type=\"widget\" data-widget_type=\"wp-widget-search.default\">\n\t\t\t\t<div class=\"elementor-widget-container\">\n\t\t\t<form role=\"search\" method=\"get\" class=\"search-form\" action=\"https:\/\/www.ufasta.edu.ar\/distancia\/\">\n\t\t\t\t<label>\n\t\t\t\t\t<span class=\"screen-reader-text\">Buscar:<\/span>\n\t\t\t\t\t<input type=\"search\" class=\"search-field\" placeholder=\"Buscar &hellip;\" value=\"\" name=\"s\" \/>\n\t\t\t\t<\/label>\n\t\t\t\t<input type=\"submit\" class=\"search-submit\" value=\"Buscar\" \/>\n\t\t\t<\/form>\t\t<\/div>\n\t\t\t\t<\/div>\n\t\t\t\t<div class=\"elementor-element elementor-element-29a62a71 elementor-widget elementor-widget-image\" data-id=\"29a62a71\" data-element_type=\"widget\" data-widget_type=\"image.default\">\n\t\t\t\t<div class=\"elementor-widget-container\">\n\t\t\t\t\t\t\t\t<div class=\"elementor-image\">\n\t\t\t\t\t\t\t\t\t\t\t\t<img width=\"230\" height=\"73\" src=\"https:\/\/www.ufasta.edu.ar\/distancia\/files\/2019\/11\/logo-fasta-230x73.png\" class=\"attachment-sydney-small-thumb size-sydney-small-thumb\" alt=\"\" loading=\"lazy\" srcset=\"https:\/\/www.ufasta.edu.ar\/distancia\/files\/2019\/11\/logo-fasta-230x73.png 230w, https:\/\/www.ufasta.edu.ar\/distancia\/files\/2019\/11\/logo-fasta-300x95.png 300w, https:\/\/www.ufasta.edu.ar\/distancia\/files\/2019\/11\/logo-fasta-350x111.png 350w, https:\/\/www.ufasta.edu.ar\/distancia\/files\/2019\/11\/logo-fasta-480x153.png 480w, https:\/\/www.ufasta.edu.ar\/distancia\/files\/2019\/11\/logo-fasta.png 604w\" sizes=\"(max-width: 230px) 100vw, 230px\" \/>\t\t\t\t\t\t\t\t\t\t\t\t\t\t<\/div>\n\t\t\t\t\t\t<\/div>\n\t\t\t\t<\/div>\n\t\t\t\t<div class=\"elementor-element elementor-element-782eec28 elementor-hidden-desktop elementor-hidden-tablet elementor-hidden-phone elementor-widget elementor-widget-text-editor\" data-id=\"782eec28\" data-element_type=\"widget\" data-widget_type=\"text-editor.default\">\n\t\t\t\t<div class=\"elementor-widget-container\">\n\t\t\t\t\t\t\t\t<div class=\"elementor-text-editor elementor-clearfix\">\n\t\t\t\t<p><!-- Shortcode [boton-inicio-centro-tutorial] does not exist --><\/p>\t\t\t\t\t<\/div>\n\t\t\t\t\t\t<\/div>\n\t\t\t\t<\/div>\n\t\t\t\t\t\t<\/div>\n\t\t\t\t\t<\/div>\n\t\t<\/div>\n\t\t\t\t\t\t\t\t<\/div>\n\t\t\t\t\t<\/div>\n\t\t<\/section>\n\t\t\t\t\t\t<\/div>\n\t\t\t\t\t<\/div>\n\t\t<\/div>\n\t\t\t\t\t\t\t\t<\/div>\n\t\t\t\t\t<\/div>\n\t\t<\/section>\n\t\t\t\t<section class=\"has_ma_el_bg_slider elementor-section elementor-top-section elementor-element elementor-element-91e9197 elementor-section-boxed elementor-section-height-default elementor-section-height-default wpr-particle-no wpr-jarallax-no wpr-parallax-no wpr-sticky-section-no\" data-id=\"91e9197\" data-element_type=\"section\">\n\t\t\t\t\t\t<div class=\"elementor-container elementor-column-gap-default\">\n\t\t\t\t\t\t\t<div class=\"elementor-row\">\n\t\t\t\t\t<div class=\"has_ma_el_bg_slider elementor-column elementor-col-100 elementor-top-column elementor-element elementor-element-5ce8ddd\" data-id=\"5ce8ddd\" data-element_type=\"column\">\n\t\t\t<div class=\"elementor-column-wrap elementor-element-populated\">\n\t\t\t\t\t\t\t<div class=\"elementor-widget-wrap\">\n\t\t\t\t\t\t<div class=\"elementor-element elementor-element-971bfdc elementor-widget elementor-widget-html\" data-id=\"971bfdc\" data-element_type=\"widget\" data-widget_type=\"html.default\">\n\t\t\t\t<div class=\"elementor-widget-container\">\n\t\t\t<!--\r\n<script type=\"text\/javascript\">\r\n  function aparece(valor) {\r\n     switch (valor) {\r\n            case \"Con\":\r\n                document.getElementById(\"valor\").innerHTML = \"<li><a href=https:\/\/www.tecnicaturaat.ar\/web\/tecnicaturaat\/>Tecnicatura Universitaria en Acompa\u00f1ante Terap\u00e9utico<\/a><\/li>\";\r\n                break;\r\n            case \"Sin\":\r\n                document.getElementById(\"valor\").innerHTML = \"\";\r\n                break;\r\n     }\r\n  }\r\n<\/script>\r\n-->\r\n<div class=\"elementor-row\">\r\n    <div class=\"has_ma_el_bg_slider elementor-column elementor-col-50 elementor-top-column elementor-element elementor-element-4d58b58\"\r\n        data-id=\"4d58b58\" data-element_type=\"column\">\r\n        <div class=\"elementor-column-wrap elementor-element-populated\">\r\n            <div class=\"elementor-widget-wrap\">\r\n                <div class=\"elementor-element elementor-element-f2677f4 elementor-widget elementor-widget-text-editor\"\r\n                    data-id=\"f2677f4\" data-element_type=\"widget\" data-widget_type=\"text-editor.default\">\r\n                    <div class=\"elementor-widget-container\">\r\n                        <div class=\"elementor-text-editor elementor-clearfix\">\r\n                            <ul>\r\n                                <li><a href=\"https:\/\/www.ufasta.edu.ar\/distancia\/licenciatura-en-archivologia\/\"><span\r\n                                            style=\"font-weight: 400;\">Licenciatura en Archivolog\u00eda<\/span><\/a><\/li>\r\n                                <li><a href=\"https:\/\/www.ufasta.edu.ar\/distancia\/martillero-y-corredor-publico-dist\/\"><span\r\n                                            style=\"font-weight: 400;\"> Martillero y Corredor P\u00fablico<\/span><\/a><\/li>\r\n                                <li><a href=\"https:\/\/www.ufasta.edu.ar\/distancia\/abogacia-distancia\/\"><span\r\n                                            style=\"font-weight: 400;\"> Abogac\u00eda<\/span><\/a><\/li>\r\n                                <li><a href=\"https:\/\/www.ufasta.edu.ar\/distancia\/licenciatura-en-seguridad-ciudadana\/\"><span\r\n                                            style=\"font-weight: 400;\"> Lic. en Seguridad Ciudadana<\/span><\/a><\/li>\r\n                                <li><a href=\"https:\/\/www.ufasta.edu.ar\/distancia\/licenciatura-en-turismo\/\"><span\r\n                                            style=\"font-weight: 400;\"> Licenciatura en Turismo<\/span><\/a><\/li>\r\n                                <li><a\r\n                                        href=\"https:\/\/www.ufasta.edu.ar\/distancia\/carreras\/contador-publico-distancia-2\/\"><span\r\n                                            style=\"font-weight: 400;\"> Contador Publico<\/span><\/a><\/li>\r\n                                <li><a href=\"https:\/\/www.ufasta.edu.ar\/distancia\/licenciatura-en-marketing\/\"><span\r\n                                            style=\"font-weight: 400;\"> Licenciatura en Marketing<\/span><\/a><\/li>\r\n                                <li><a href=\"https:\/\/www.ufasta.edu.ar\/distancia\/tecnicatura-en-adm-de-pymes\/\"><span\r\n                                            style=\"font-weight: 400;\"> Tecnicatura en Administraci\u00f3n de PYMES<\/span><\/a>\r\n                                <\/li>\r\n                                <li><a href=\"https:\/\/www.ufasta.edu.ar\/distancia\/licenciatura-en-administracion\/\"><span\r\n                                            style=\"font-weight: 400;\">Lic. en Administraci\u00f3n de Empresas<\/span><\/a><\/li>\r\n                                <li><a\r\n                                        href=\"https:\/\/www.ufasta.edu.ar\/distancia\/licenciatura-en-gestion-del-talento-humano-ciclo-complementario\/\">Licenciatura\r\n                                        en gesti\u00f3n de Talento Humano \u2013 Ciclo Complementario<\/a><\/li>\r\n                                <li><a\r\n                                        href=\"https:\/\/www.ufasta.edu.ar\/distancia\/licenciatura-en-diseno-y-comunicacion-transmedia-ciclo-complementario\/\">Licenciatura\r\n                                        en Dise\u00f1o y Comunicaci\u00f3n Transmedia \u2013 Ciclo Complementario<\/a><\/li>\r\n                                <li><a href=\"https:\/\/www.ufasta.edu.ar\/distancia\/tecnicatura-en-seguridad-ciudadana\/\">Tecnicatura\r\n                                        en Seguridad Ciudadana<\/a><\/li>\r\n                                <li><a href=\"https:\/\/www.ufasta.edu.ar\/distancia\/licenciatura-en-desarrollo-de-negocios-digitales\/\">Licenciatura en Desarrollo de Negocios Digitales<\/a><\/li>\r\n                                <li><a href=\"https:\/\/www.ufasta.edu.ar\/distancia\/licenciatura-en-comunicacion-social\/\">Licenciatura en Comunicaci\u00f3n Social<\/a><\/li>\r\n                              <li><a href=\"https:\/\/www.ufasta.edu.ar\/distancia\/licenciatura-en-periodismo\/\"><span\r\n                                            style=\"font-weight: 400;\"> Lic en Periodismo<\/span><\/a><\/li>\r\n                                <li><a href=\"https:\/\/www.ufasta.edu.ar\/distancia\/especializacion-educacion\/\"> Posgrado\r\n                                        de Especializaci\u00f3n en Gesti\u00f3n y Planificaci\u00f3n de Proyectos Educativos<\/a><\/li>\r\n\t\t\t\t\t\t\t\t\r\n\r\n                            <\/ul>\r\n                        <\/div>\r\n                    <\/div>\r\n                <\/div>\r\n            <\/div>\r\n        <\/div>\r\n    <\/div>\r\n    <div class=\"has_ma_el_bg_slider elementor-column elementor-col-50 elementor-top-column elementor-element elementor-element-19553de\"\r\n        data-id=\"19553de\" data-element_type=\"column\">\r\n        <div class=\"elementor-column-wrap elementor-element-populated\">\r\n            <div class=\"elementor-widget-wrap\">\r\n                <div class=\"elementor-element elementor-element-32cd73b elementor-widget elementor-widget-text-editor\"\r\n                    data-id=\"32cd73b\" data-element_type=\"widget\" data-widget_type=\"text-editor.default\">\r\n                    <div class=\"elementor-widget-container\">\r\n                        <div class=\"elementor-text-editor elementor-clearfix\">\r\n                            <ul>\r\n                                <li><a href=\"https:\/\/www.ufasta.edu.ar\/distancia\/licenciatura-en-recursos-humanos\/\">Licenciatura\r\n                                        en Recursos Humanos<\/a><\/li>\r\n                                <li><a\r\n                                        href=\"https:\/\/www.ufasta.edu.ar\/distancia\/licenciatura-en-hig-y-seg-en-el-trabajo\/\"><span\r\n                                            style=\"font-weight: 400;\"> Lic. en Higiene y Seguridad en el\r\n                                            Trabajo<\/span><\/a><\/li>\r\n                                <li><a\r\n                                        href=\"https:\/\/www.ufasta.edu.ar\/distancia\/tecnicatura-en-higiene-y-seguridad-en-el-trabajo-2\/\"><span\r\n                                            style=\"font-weight: 400;\"> Tec. en Higiene y Seguridad en el\r\n                                            Trabajo<\/span><\/a><\/li>\r\n                                <li><a href=\"https:\/\/www.ufasta.edu.ar\/distancia\/licenciatura-en-educacion-fisica\/\"><span\r\n                                            style=\"font-weight: 400;\"> Licenciatura en Educaci\u00f3n F\u00edsica<\/span><\/a><\/li>\r\n                                <li class=\"ingles\"><a href=\"https:\/\/www.ufasta.edu.ar\/distancia\/licenciatura-en-ingles\/\"><span\r\n                                            style=\"font-weight: 400;\"> Licenciatura en Ingl\u00e9s<\/span><\/a><\/li>\r\n                                <li><a href=\"https:\/\/www.ufasta.edu.ar\/distancia\/licenciatura-en-educacion\/\"><span\r\n                                            style=\"font-weight: 400;\"> Licenciatura en Educaci\u00f3n<\/span><\/a><\/li>\r\n                                <li><a\r\n                                        href=\"https:\/\/www.ufasta.edu.ar\/distancia\/licenciatura-en-corretaje-inmobiliario-ciclo-de-complementacion-curricular\/\">Licenciatura\r\n                                        en Corretaje Inmobiliario \u2013 Ciclo Complementaci\u00f3n Curricular<\/a><\/li>\r\n                                <li><a\r\n                                        href=\"https:\/\/www.ufasta.edu.ar\/distancia\/especializacion-en-informatica-forense\/\">Especializaci\u00f3n\r\n                                        en Inform\u00e1tica Forense<\/a><\/li>\r\n                                <li><a href=\"https:\/\/www.ufasta.edu.ar\/distancia\/lic-ciberseguridad\/\">Licenciatura Ciberseguridad<\/a><\/li>\r\n                                <li><a href=\"https:\/\/www.ufasta.edu.ar\/distancia\/licenciatura-en-psicopedagogia\/\">Licenciatura en Psicopedagog\u00eda<\/a><\/li>\r\n                                <li><a href=\"https:\/\/www.ufasta.edu.ar\/distancia\/lic-en-tecnologia-educativa\/\">Licenciatura\r\n                                        en Tecnolog\u00eda Educativa<\/a><\/li>                               \r\n                             \r\n<li><a href=\"https:\/\/www.ufasta.edu.ar\/distancia\/tecnicatura-universitaria-en-turismo\/\">Tecnicatura Universitaria en Turismo<\/a><\/li>\r\n<li><a href=\"https:\/\/www.ufasta.edu.ar\/distancia\/tecnicatura-universitaria-en-hoteleria\/\">Tecnicatura Universitaria en Hoteler\u00eda<\/a><\/li>\r\n                              <li class=\"ped\"><a href=\"https:\/\/www.ufasta.edu.ar\/humanidades\/licenciatura-en-pedagogia-de-la-educacion-religiosa\/\">Licenciatura en Pedagog\u00eda de la Educaci\u00f3n Religiosa<\/a><\/li>\r\n                              <li><a href=\"https:\/\/www.ufasta.edu.ar\/distancia\/licenciatura-en-publicidad-y-narrativas-digitales\/\">Licenciatura en Publicidad y Narrativas Digitales<\/a><\/li>\r\n                              <li><a href=\"https:\/\/www.ufasta.edu.ar\/distancia\/licenciatura-en-gestion-de-la-comunicacion-estrategica\/\">Licenciatura en Gesti\u00f3n de la Comunicaci\u00f3n Estrat\u00e9gica<\/a><\/li>          \r\n\t\t\t\t\t\t<li><a href=\"https:\/\/www.ufasta.edu.ar\/humanidades\/carreras\/licenciatura-en-educacion-religiosa\/\"> Licenciatura en educaci\u00f3n religiosa<\/a><\/li>\r\n\t\t\t\t\t\t\t\t\r\n\t\t\t\t\t\t\t\t <li><a href=\"https:\/\/www.tecnicaturaat.ar\/web\/tecnicaturaat\/\">Tecnicatura universitaria en acompa\u00f1amiento terapeutico<\/a><\/li>\r\n                              \r\n                              <span id=\"valor\"><\/span>\r\n     <script type=\"text\/javascript\">\r\n    aparece(\"\");\r\n<\/script>                         \r\n  \r\n                            <\/ul>\r\n                        <\/div>\r\n                    <\/div>\r\n                <\/div>\r\n            <\/div>\r\n        <\/div>\r\n    <\/div>\r\n<\/div>\n<style>\n    .ate\n    {\n        display:none;\n    }\n<\/style>\t\t<\/div>\n\t\t\t\t<\/div>\n\t\t\t\t\t\t<\/div>\n\t\t\t\t\t<\/div>\n\t\t<\/div>\n\t\t\t\t\t\t\t\t<\/div>\n\t\t\t\t\t<\/div>\n\t\t<\/section>\n\t\t\t\t\t\t<\/div>\n\t\t\t\t\t\t<\/div>\n\t\t\t\t\t<\/div>\n\t\t","protected":false},"excerpt":{"rendered":"<p>Unidad de Apoyo Acad\u00e9mico UFASTA \u2013 Buenos Aires \u2013 Pilar &#8211; Fundaci\u00f3n FUDECYT Direcci\u00f3n: Pedro Lagrave N\u00b0 563, 1er PisoLlamadas: 1126951330WhatsApp: 01141905848Horario de atenci\u00f3n telef\u00f3nica: Lunes a Viernes de 10:00 a 20:00 hsHorario de atenci\u00f3n presencial: Lunes a Viernes de 18:00 a 20:00 hsct.pilar@ufasta.edu.ar\u00a0\u00a0<\/p>\n","protected":false},"author":63,"featured_media":0,"parent":0,"menu_order":0,"comment_status":"closed","ping_status":"closed","template":"","meta":[],"_links":{"self":[{"href":"https:\/\/www.ufasta.edu.ar\/distancia\/wp-json\/wp\/v2\/pages\/6690"}],"collection":[{"href":"https:\/\/www.ufasta.edu.ar\/distancia\/wp-json\/wp\/v2\/pages"}],"about":[{"href":"https:\/\/www.ufasta.edu.ar\/distancia\/wp-json\/wp\/v2\/types\/page"}],"author":[{"embeddable":true,"href":"https:\/\/www.ufasta.edu.ar\/distancia\/wp-json\/wp\/v2\/users\/63"}],"replies":[{"embeddable":true,"href":"https:\/\/www.ufasta.edu.ar\/distancia\/wp-json\/wp\/v2\/comments?post=6690"}],"version-history":[{"count":55,"href":"https:\/\/www.ufasta.edu.ar\/distancia\/wp-json\/wp\/v2\/pages\/6690\/revisions"}],"predecessor-version":[{"id":32594,"href":"https:\/\/www.ufasta.edu.ar\/distancia\/wp-json\/wp\/v2\/pages\/6690\/revisions\/32594"}],"wp:attachment":[{"href":"https:\/\/www.ufasta.edu.ar\/distancia\/wp-json\/wp\/v2\/media?parent=6690"}],"curies":[{"name":"wp","href":"https:\/\/api.w.org\/{rel}","templated":true}]}}