{"id":568,"date":"2011-07-08T21:06:26","date_gmt":"2011-07-08T21:06:26","guid":{"rendered":"http:\/\/testx01.ufasta.edu.ar\/edist\/?page_id=568"},"modified":"2020-11-10T00:36:11","modified_gmt":"2020-11-10T00:36:11","slug":"ingreso-a-plataforma","status":"publish","type":"page","link":"https:\/\/www.ufasta.edu.ar\/distancia\/acceso-a-plataforma\/ingreso-a-plataforma\/","title":{"rendered":"Ingreso a Plataforma"},"content":{"rendered":"\t\t<div data-elementor-type=\"wp-page\" data-elementor-id=\"568\" class=\"elementor elementor-568\" data-elementor-settings=\"[]\">\n\t\t\t\t\t\t<div class=\"elementor-inner\">\n\t\t\t\t\t\t\t<div class=\"elementor-section-wrap\">\n\t\t\t\t\t\t\t<section class=\"has_ma_el_bg_slider elementor-section elementor-top-section elementor-element elementor-element-e2c067e elementor-section-boxed elementor-section-height-default elementor-section-height-default wpr-particle-no wpr-jarallax-no wpr-parallax-no wpr-sticky-section-no\" data-id=\"e2c067e\" data-element_type=\"section\">\n\t\t\t\t\t\t<div class=\"elementor-container elementor-column-gap-default\">\n\t\t\t\t\t\t\t<div class=\"elementor-row\">\n\t\t\t\t\t<div class=\"has_ma_el_bg_slider elementor-column elementor-col-100 elementor-top-column elementor-element elementor-element-cd2a606\" data-id=\"cd2a606\" data-element_type=\"column\">\n\t\t\t<div class=\"elementor-column-wrap elementor-element-populated\">\n\t\t\t\t\t\t\t<div class=\"elementor-widget-wrap\">\n\t\t\t\t\t\t<div class=\"elementor-element elementor-element-1f0c84f elementor-widget elementor-widget-html\" data-id=\"1f0c84f\" data-element_type=\"widget\" data-widget_type=\"html.default\">\n\t\t\t\t<div class=\"elementor-widget-container\">\n\t\t\t<!-- Shortcode [quitar-titulo] does not exist -->\t\t<\/div>\n\t\t\t\t<\/div>\n\t\t\t\t<div class=\"elementor-element elementor-element-2e89b60 elementor-widget elementor-widget-heading\" data-id=\"2e89b60\" data-element_type=\"widget\" data-widget_type=\"heading.default\">\n\t\t\t\t<div class=\"elementor-widget-container\">\n\t\t\t<h2 class=\"elementor-heading-title elementor-size-default\">>>  Ingreso a la Plataforma<\/h2>\t\t<\/div>\n\t\t\t\t<\/div>\n\t\t\t\t<div class=\"elementor-element elementor-element-ac5b278 elementor-widget elementor-widget-text-editor\" data-id=\"ac5b278\" data-element_type=\"widget\" data-widget_type=\"text-editor.default\">\n\t\t\t\t<div class=\"elementor-widget-container\">\n\t\t\t\t\t\t\t\t<div class=\"elementor-text-editor elementor-clearfix\">\n\t\t\t\t<h3 id=\"content-internas-titulo\" style=\"color: red;\">Sitio Restringido<\/h3><div id=\"content-internas-texto\">Para usar <strong>SIUFWeb<\/strong> debe ingresar su nombre de usuario y contrase\u00f1a. Para esto debe utilizar los mismos datos de su cuenta de correo SIN el @UFASTA.EDU.AR. Por ejemplo, si su correo es juan@ufasta.edu.ar, entonces su nombre de usuario es Juan y la clave la misma que la de la casillla de correo.<\/div>\t\t\t\t\t<\/div>\n\t\t\t\t\t\t<\/div>\n\t\t\t\t<\/div>\n\t\t\t\t\t\t<\/div>\n\t\t\t\t\t<\/div>\n\t\t<\/div>\n\t\t\t\t\t\t\t\t<\/div>\n\t\t\t\t\t<\/div>\n\t\t<\/section>\n\t\t\t\t<section class=\"has_ma_el_bg_slider elementor-section elementor-top-section elementor-element elementor-element-c990bc8 elementor-section-boxed elementor-section-height-default elementor-section-height-default wpr-particle-no wpr-jarallax-no wpr-parallax-no wpr-sticky-section-no\" data-id=\"c990bc8\" data-element_type=\"section\">\n\t\t\t\t\t\t<div class=\"elementor-container elementor-column-gap-default\">\n\t\t\t\t\t\t\t<div class=\"elementor-row\">\n\t\t\t\t\t<div class=\"has_ma_el_bg_slider elementor-column elementor-col-50 elementor-top-column elementor-element elementor-element-f4de4cf\" data-id=\"f4de4cf\" data-element_type=\"column\">\n\t\t\t<div class=\"elementor-column-wrap elementor-element-populated\">\n\t\t\t\t\t\t\t<div class=\"elementor-widget-wrap\">\n\t\t\t\t\t\t<div class=\"elementor-element elementor-element-da848ed elementor-widget elementor-widget-image\" data-id=\"da848ed\" data-element_type=\"widget\" data-widget_type=\"image.default\">\n\t\t\t\t<div class=\"elementor-widget-container\">\n\t\t\t\t\t\t\t\t<div class=\"elementor-image\">\n\t\t\t\t\t\t\t\t\t\t\t\t\t<a href=\"https:\/\/cas.ufasta.edu.ar:8443\/cas\/login?service=https:\/\/www13.ufasta.edu.ar\/siufweb\/AppprivadaAlumnos\/home_usuario14.asp\">\n\t\t\t\t\t\t\t<img width=\"170\" height=\"118\" src=\"https:\/\/www.ufasta.edu.ar\/distancia\/files\/2020\/11\/alumnos.jpg\" class=\"attachment-large size-large\" alt=\"\" loading=\"lazy\" \/>\t\t\t\t\t\t\t\t<\/a>\n\t\t\t\t\t\t\t\t\t\t\t\t\t\t<\/div>\n\t\t\t\t\t\t<\/div>\n\t\t\t\t<\/div>\n\t\t\t\t<div class=\"elementor-element elementor-element-761bb93 elementor-widget elementor-widget-text-editor\" data-id=\"761bb93\" data-element_type=\"widget\" data-widget_type=\"text-editor.default\">\n\t\t\t\t<div class=\"elementor-widget-container\">\n\t\t\t\t\t\t\t\t<div class=\"elementor-text-editor elementor-clearfix\">\n\t\t\t\t<div id=\"content-internas-ing-plataforma-titulo\" style=\"text-align: center;\"><a rel=\"noopener\" href=\"https:\/\/cas.ufasta.edu.ar:8443\/cas\/login?service=https:\/\/www13.ufasta.edu.ar\/siufweb\/AppprivadaAlumnos\/home_usuario14.asp\" target=\"_blank\">INGRESO ALUMNOS<\/a><\/div><div id=\"content-internas-ing-plataforma-texto\" style=\"text-align: center;\"><span class=\"boton-internas\"><a rel=\"noopener\" href=\"http:\/\/www13.ufasta.edu.ar\/serviciosweb\/\" target=\"_blank\">Para crear una cuenta haga clic aqu\u00ed<\/a><\/span><br \/><span class=\"boton-internas\"><a rel=\"noopener\" href=\"http:\/\/www13.ufasta.edu.ar\/serviciosweb\/reporte_de_problemas.asp\" target=\"_blank\">Para informar inconvenientes haga clic aqu\u00ed<\/a><\/span><\/div>\t\t\t\t\t<\/div>\n\t\t\t\t\t\t<\/div>\n\t\t\t\t<\/div>\n\t\t\t\t\t\t<\/div>\n\t\t\t\t\t<\/div>\n\t\t<\/div>\n\t\t\t\t<div class=\"has_ma_el_bg_slider elementor-column elementor-col-50 elementor-top-column elementor-element elementor-element-7d3401f\" data-id=\"7d3401f\" data-element_type=\"column\">\n\t\t\t<div class=\"elementor-column-wrap elementor-element-populated\">\n\t\t\t\t\t\t\t<div class=\"elementor-widget-wrap\">\n\t\t\t\t\t\t<div class=\"elementor-element elementor-element-49c7866 elementor-widget elementor-widget-image\" data-id=\"49c7866\" data-element_type=\"widget\" data-widget_type=\"image.default\">\n\t\t\t\t<div class=\"elementor-widget-container\">\n\t\t\t\t\t\t\t\t<div class=\"elementor-image\">\n\t\t\t\t\t\t\t\t\t\t\t\t\t<a href=\"https:\/\/cas.ufasta.edu.ar:8443\/cas\/login?service=https:\/\/www13.ufasta.edu.ar\/siufweb\/AppprivadaDocentes\/home_usuario14.asp\">\n\t\t\t\t\t\t\t<img width=\"170\" height=\"118\" src=\"https:\/\/www.ufasta.edu.ar\/distancia\/files\/2020\/11\/docentes.jpg\" class=\"attachment-large size-large\" alt=\"\" loading=\"lazy\" \/>\t\t\t\t\t\t\t\t<\/a>\n\t\t\t\t\t\t\t\t\t\t\t\t\t\t<\/div>\n\t\t\t\t\t\t<\/div>\n\t\t\t\t<\/div>\n\t\t\t\t<div class=\"elementor-element elementor-element-cc76381 elementor-widget elementor-widget-text-editor\" data-id=\"cc76381\" data-element_type=\"widget\" data-widget_type=\"text-editor.default\">\n\t\t\t\t<div class=\"elementor-widget-container\">\n\t\t\t\t\t\t\t\t<div class=\"elementor-text-editor elementor-clearfix\">\n\t\t\t\t<div id=\"content-internas-ing-plataforma-1\" style=\"text-align: center;\"><a rel=\"noopener\" href=\"https:\/\/cas.ufasta.edu.ar:8443\/cas\/login?service=https:\/\/www13.ufasta.edu.ar\/siufweb\/AppprivadaDocentes\/home_usuario14.asp\" target=\"_blank\">INGRESO DOCENTES<\/a><\/div><div id=\"content-internas-ing-plataforma-2\"><div id=\"content-internas-ing-plataforma-texto\" style=\"text-align: center;\"><span class=\"boton-internas\"><a rel=\"noopener\" href=\"http:\/\/www13.ufasta.edu.ar\/serviciosweb\/ventana_problemas_certificado.asp\" target=\"_blank\">Por problemas con el certificado haga clic aqu\u00ed<\/a><\/span><br \/><span class=\"boton-internas\"><a rel=\"noopener\" href=\"http:\/\/www13.ufasta.edu.ar\/serviciosweb\/cambio\/cambio_clave.asp\" target=\"_blank\">Para cambiar su contrase\u00f1a haga clic aqu\u00ed<\/a><\/span><\/div><\/div>\t\t\t\t\t<\/div>\n\t\t\t\t\t\t<\/div>\n\t\t\t\t<\/div>\n\t\t\t\t\t\t<\/div>\n\t\t\t\t\t<\/div>\n\t\t<\/div>\n\t\t\t\t\t\t\t\t<\/div>\n\t\t\t\t\t<\/div>\n\t\t<\/section>\n\t\t\t\t<section class=\"has_ma_el_bg_slider elementor-section elementor-top-section elementor-element elementor-element-aa9619b elementor-section-boxed elementor-section-height-default elementor-section-height-default wpr-particle-no wpr-jarallax-no wpr-parallax-no wpr-sticky-section-no\" data-id=\"aa9619b\" data-element_type=\"section\">\n\t\t\t\t\t\t<div class=\"elementor-container elementor-column-gap-default\">\n\t\t\t\t\t\t\t<div class=\"elementor-row\">\n\t\t\t\t\t<div class=\"has_ma_el_bg_slider elementor-column elementor-col-100 elementor-top-column elementor-element elementor-element-b93da7c\" data-id=\"b93da7c\" data-element_type=\"column\">\n\t\t\t<div class=\"elementor-column-wrap elementor-element-populated\">\n\t\t\t\t\t\t\t<div class=\"elementor-widget-wrap\">\n\t\t\t\t\t\t<div class=\"elementor-element elementor-element-8b29993 elementor-widget elementor-widget-text-editor\" data-id=\"8b29993\" data-element_type=\"widget\" data-widget_type=\"text-editor.default\">\n\t\t\t\t<div class=\"elementor-widget-container\">\n\t\t\t\t\t\t\t\t<div class=\"elementor-text-editor elementor-clearfix\">\n\t\t\t\t<p>La navegabilidad del sitio depender\u00e1 de las opciones de configuraci\u00f3n de su navegador. Verifique estas opciones para su correcta navegaci\u00f3n.<\/p>\t\t\t\t\t<\/div>\n\t\t\t\t\t\t<\/div>\n\t\t\t\t<\/div>\n\t\t\t\t\t\t<\/div>\n\t\t\t\t\t<\/div>\n\t\t<\/div>\n\t\t\t\t\t\t\t\t<\/div>\n\t\t\t\t\t<\/div>\n\t\t<\/section>\n\t\t\t\t\t\t<\/div>\n\t\t\t\t\t\t<\/div>\n\t\t\t\t\t<\/div>\n\t\t","protected":false},"excerpt":{"rendered":"<p>>> Ingreso a la Plataforma Sitio Restringido Para usar SIUFWeb debe ingresar su nombre de usuario y contrase\u00f1a. Para esto debe utilizar los mismos datos de su cuenta de correo SIN el @UFASTA.EDU.AR. Por ejemplo, si su correo es juan@ufasta.edu.ar, entonces su nombre de usuario es Juan y la clave la misma que la de [&hellip;]<\/p>\n","protected":false},"author":25,"featured_media":0,"parent":486,"menu_order":0,"comment_status":"closed","ping_status":"open","template":"","meta":[],"_links":{"self":[{"href":"https:\/\/www.ufasta.edu.ar\/distancia\/wp-json\/wp\/v2\/pages\/568"}],"collection":[{"href":"https:\/\/www.ufasta.edu.ar\/distancia\/wp-json\/wp\/v2\/pages"}],"about":[{"href":"https:\/\/www.ufasta.edu.ar\/distancia\/wp-json\/wp\/v2\/types\/page"}],"author":[{"embeddable":true,"href":"https:\/\/www.ufasta.edu.ar\/distancia\/wp-json\/wp\/v2\/users\/25"}],"replies":[{"embeddable":true,"href":"https:\/\/www.ufasta.edu.ar\/distancia\/wp-json\/wp\/v2\/comments?post=568"}],"version-history":[{"count":11,"href":"https:\/\/www.ufasta.edu.ar\/distancia\/wp-json\/wp\/v2\/pages\/568\/revisions"}],"predecessor-version":[{"id":15719,"href":"https:\/\/www.ufasta.edu.ar\/distancia\/wp-json\/wp\/v2\/pages\/568\/revisions\/15719"}],"up":[{"embeddable":true,"href":"https:\/\/www.ufasta.edu.ar\/distancia\/wp-json\/wp\/v2\/pages\/486"}],"wp:attachment":[{"href":"https:\/\/www.ufasta.edu.ar\/distancia\/wp-json\/wp\/v2\/media?parent=568"}],"curies":[{"name":"wp","href":"https:\/\/api.w.org\/{rel}","templated":true}]}}