{"id":3262,"date":"2013-10-22T18:41:19","date_gmt":"2013-10-22T18:41:19","guid":{"rendered":"http:\/\/testx01.ufasta.edu.ar\/edist\/?page_id=3256"},"modified":"2026-03-20T16:45:55","modified_gmt":"2026-03-20T16:45:55","slug":"centro-tutorial-ufasta-cordoba-cruz-del-eje","status":"publish","type":"page","link":"https:\/\/www.ufasta.edu.ar\/distancia\/centro-tutorial-ufasta-cordoba-cruz-del-eje\/","title":{"rendered":"Unidad de Apoyo Acad\u00e9mico UFASTA &#8211; C\u00f3rdoba &#8211; Cruz del Eje"},"content":{"rendered":"\t\t<div data-elementor-type=\"wp-page\" data-elementor-id=\"3262\" class=\"elementor elementor-3262\" data-elementor-settings=\"[]\">\n\t\t\t\t\t\t<div class=\"elementor-inner\">\n\t\t\t\t\t\t\t<div class=\"elementor-section-wrap\">\n\t\t\t\t\t\t\t<section class=\"has_ma_el_bg_slider elementor-section elementor-top-section elementor-element elementor-element-3a14a5ce elementor-section-boxed elementor-section-height-default elementor-section-height-default wpr-particle-no wpr-jarallax-no wpr-parallax-no wpr-sticky-section-no\" data-id=\"3a14a5ce\" data-element_type=\"section\">\n\t\t\t\t\t\t<div class=\"elementor-container elementor-column-gap-default\">\n\t\t\t\t\t\t\t<div class=\"elementor-row\">\n\t\t\t\t\t<div class=\"has_ma_el_bg_slider elementor-column elementor-col-100 elementor-top-column elementor-element elementor-element-286f4dff\" data-id=\"286f4dff\" data-element_type=\"column\">\n\t\t\t<div class=\"elementor-column-wrap elementor-element-populated\">\n\t\t\t\t\t\t\t<div class=\"elementor-widget-wrap\">\n\t\t\t\t\t\t<div class=\"elementor-element elementor-element-2b9fbb77 elementor-widget-divider--view-line elementor-widget elementor-widget-divider\" data-id=\"2b9fbb77\" data-element_type=\"widget\" data-widget_type=\"divider.default\">\n\t\t\t\t<div class=\"elementor-widget-container\">\n\t\t\t\t\t<div class=\"elementor-divider\">\n\t\t\t<span class=\"elementor-divider-separator\">\n\t\t\t\t\t\t<\/span>\n\t\t<\/div>\n\t\t\t\t<\/div>\n\t\t\t\t<\/div>\n\t\t\t\t\t\t<\/div>\n\t\t\t\t\t<\/div>\n\t\t<\/div>\n\t\t\t\t\t\t\t\t<\/div>\n\t\t\t\t\t<\/div>\n\t\t<\/section>\n\t\t\t\t<section class=\"has_ma_el_bg_slider elementor-section elementor-top-section elementor-element elementor-element-673f57a6 elementor-section-boxed elementor-section-height-default elementor-section-height-default wpr-particle-no wpr-jarallax-no wpr-parallax-no wpr-sticky-section-no\" data-id=\"673f57a6\" data-element_type=\"section\">\n\t\t\t\t\t\t<div class=\"elementor-container elementor-column-gap-default\">\n\t\t\t\t\t\t\t<div class=\"elementor-row\">\n\t\t\t\t\t<div class=\"has_ma_el_bg_slider elementor-column elementor-col-100 elementor-top-column elementor-element elementor-element-4eeef653\" data-id=\"4eeef653\" data-element_type=\"column\">\n\t\t\t<div class=\"elementor-column-wrap elementor-element-populated\">\n\t\t\t\t\t\t\t<div class=\"elementor-widget-wrap\">\n\t\t\t\t\t\t<section class=\"has_ma_el_bg_slider elementor-section elementor-inner-section elementor-element elementor-element-738b8b37 elementor-section-boxed elementor-section-height-default elementor-section-height-default wpr-particle-no wpr-jarallax-no wpr-parallax-no wpr-sticky-section-no\" data-id=\"738b8b37\" data-element_type=\"section\">\n\t\t\t\t\t\t<div class=\"elementor-container elementor-column-gap-default\">\n\t\t\t\t\t\t\t<div class=\"elementor-row\">\n\t\t\t\t\t<div class=\"has_ma_el_bg_slider elementor-column elementor-col-50 elementor-inner-column elementor-element elementor-element-2b48442e\" data-id=\"2b48442e\" data-element_type=\"column\">\n\t\t\t<div class=\"elementor-column-wrap elementor-element-populated\">\n\t\t\t\t\t\t\t<div class=\"elementor-widget-wrap\">\n\t\t\t\t\t\t<div class=\"elementor-element elementor-element-597075c6 elementor-widget elementor-widget-text-editor\" data-id=\"597075c6\" data-element_type=\"widget\" data-widget_type=\"text-editor.default\">\n\t\t\t\t<div class=\"elementor-widget-container\">\n\t\t\t\t\t\t\t\t<div class=\"elementor-text-editor elementor-clearfix\">\n\t\t\t\t<p><strong>Unidad de Apoyo Acad\u00e9mico UFASTA &#8211; Cruz del Eje<\/strong><\/p><p><strong>Direcci\u00f3n:<\/strong> Rivadavia N\u00b0 186<\/p><p><strong>Tel\u00e9fono<\/strong>:\u00a0 <span data-sheets-root=\"1\" data-sheets-value=\"{\" data-sheets-userformat=\"{\">Lunes a viernes de 16:00 a 20:00<\/span><\/p><p><span data-sheets-root=\"1\" data-sheets-value=\"{\" data-sheets-userformat=\"{\"><strong>WhatsApp<\/strong>: +54 9 3517 36-5522<\/span><\/p><p><strong>Horarios de atenci\u00f3n:<\/strong><\/p><ul><li><strong>Telef\u00f3nica<\/strong>: Lunes a Viernes de 9 a 12:30 hs y de 17 a 20 hs<\/li><li><strong>Presencial<\/strong>: Jueves de 17 a 20 hs<\/li><\/ul><div style=\"width: 100%; height: 100%; cursor: pointer;\"><a href=\"uaa.cbacruzdeleje@ufasta.edu.ar\"><span data-sheets-value=\"{\" data-sheets-userformat=\"{\">uaa.cbacruzdeleje@ufasta.edu.ar<\/span><\/a><\/div>\t\t\t\t\t<\/div>\n\t\t\t\t\t\t<\/div>\n\t\t\t\t<\/div>\n\t\t\t\t\t\t<\/div>\n\t\t\t\t\t<\/div>\n\t\t<\/div>\n\t\t\t\t<div class=\"has_ma_el_bg_slider elementor-column elementor-col-50 elementor-inner-column elementor-element elementor-element-f38d824\" data-id=\"f38d824\" data-element_type=\"column\">\n\t\t\t<div class=\"elementor-column-wrap elementor-element-populated\">\n\t\t\t\t\t\t\t<div class=\"elementor-widget-wrap\">\n\t\t\t\t\t\t<div class=\"elementor-element elementor-element-1790474f elementor-widget elementor-widget-text-editor\" data-id=\"1790474f\" data-element_type=\"widget\" data-widget_type=\"text-editor.default\">\n\t\t\t\t<div class=\"elementor-widget-container\">\n\t\t\t\t\t\t\t\t<div class=\"elementor-text-editor elementor-clearfix\">\n\t\t\t\t<p><!-- Shortcode [boton-inicio-centro-tutorial] does not exist --><\/p>\t\t\t\t\t<\/div>\n\t\t\t\t\t\t<\/div>\n\t\t\t\t<\/div>\n\t\t\t\t\t\t<\/div>\n\t\t\t\t\t<\/div>\n\t\t<\/div>\n\t\t\t\t\t\t\t\t<\/div>\n\t\t\t\t\t<\/div>\n\t\t<\/section>\n\t\t\t\t\t\t<\/div>\n\t\t\t\t\t<\/div>\n\t\t<\/div>\n\t\t\t\t\t\t\t\t<\/div>\n\t\t\t\t\t<\/div>\n\t\t<\/section>\n\t\t\t\t<section class=\"has_ma_el_bg_slider elementor-section elementor-top-section elementor-element elementor-element-78afc7df elementor-section-boxed elementor-section-height-default elementor-section-height-default wpr-particle-no wpr-jarallax-no wpr-parallax-no wpr-sticky-section-no\" data-id=\"78afc7df\" data-element_type=\"section\">\n\t\t\t\t\t\t<div class=\"elementor-container elementor-column-gap-default\">\n\t\t\t\t\t\t\t<div class=\"elementor-row\">\n\t\t\t\t\t<div class=\"has_ma_el_bg_slider elementor-column elementor-col-100 elementor-top-column elementor-element elementor-element-61bcb44a\" data-id=\"61bcb44a\" data-element_type=\"column\">\n\t\t\t<div class=\"elementor-column-wrap elementor-element-populated\">\n\t\t\t\t\t\t\t<div class=\"elementor-widget-wrap\">\n\t\t\t\t\t\t<div class=\"elementor-element elementor-element-4b68009 elementor-widget elementor-widget-html\" data-id=\"4b68009\" data-element_type=\"widget\" data-widget_type=\"html.default\">\n\t\t\t\t<div class=\"elementor-widget-container\">\n\t\t\t<!--\r\n<script type=\"text\/javascript\">\r\n  function aparece(valor) {\r\n     switch (valor) {\r\n            case \"Con\":\r\n                document.getElementById(\"valor\").innerHTML = \"<li><a href=https:\/\/www.tecnicaturaat.ar\/web\/tecnicaturaat\/>Tecnicatura Universitaria en Acompa\u00f1ante Terap\u00e9utico<\/a><\/li>\";\r\n                break;\r\n            case \"Sin\":\r\n                document.getElementById(\"valor\").innerHTML = \"\";\r\n                break;\r\n     }\r\n  }\r\n<\/script>\r\n-->\r\n<div class=\"elementor-row\">\r\n    <div class=\"has_ma_el_bg_slider elementor-column elementor-col-50 elementor-top-column elementor-element elementor-element-4d58b58\"\r\n        data-id=\"4d58b58\" data-element_type=\"column\">\r\n        <div class=\"elementor-column-wrap elementor-element-populated\">\r\n            <div class=\"elementor-widget-wrap\">\r\n                <div class=\"elementor-element elementor-element-f2677f4 elementor-widget elementor-widget-text-editor\"\r\n                    data-id=\"f2677f4\" data-element_type=\"widget\" data-widget_type=\"text-editor.default\">\r\n                    <div class=\"elementor-widget-container\">\r\n                        <div class=\"elementor-text-editor elementor-clearfix\">\r\n                            <ul>\r\n                                <li><a href=\"https:\/\/www.ufasta.edu.ar\/distancia\/licenciatura-en-archivologia\/\"><span\r\n                                            style=\"font-weight: 400;\">Licenciatura en Archivolog\u00eda<\/span><\/a><\/li>\r\n                                <li><a href=\"https:\/\/www.ufasta.edu.ar\/distancia\/martillero-y-corredor-publico-dist\/\"><span\r\n                                            style=\"font-weight: 400;\"> Martillero y Corredor P\u00fablico<\/span><\/a><\/li>\r\n                                <li><a href=\"https:\/\/www.ufasta.edu.ar\/distancia\/abogacia-distancia\/\"><span\r\n                                            style=\"font-weight: 400;\"> Abogac\u00eda<\/span><\/a><\/li>\r\n                                <li><a href=\"https:\/\/www.ufasta.edu.ar\/distancia\/licenciatura-en-seguridad-ciudadana\/\"><span\r\n                                            style=\"font-weight: 400;\"> Lic. en Seguridad Ciudadana<\/span><\/a><\/li>\r\n                                <li><a href=\"https:\/\/www.ufasta.edu.ar\/distancia\/licenciatura-en-turismo\/\"><span\r\n                                            style=\"font-weight: 400;\"> Licenciatura en Turismo<\/span><\/a><\/li>\r\n                                <li><a\r\n                                        href=\"https:\/\/www.ufasta.edu.ar\/distancia\/carreras\/contador-publico-distancia-2\/\"><span\r\n                                            style=\"font-weight: 400;\"> Contador Publico<\/span><\/a><\/li>\r\n                                <li><a href=\"https:\/\/www.ufasta.edu.ar\/distancia\/licenciatura-en-marketing\/\"><span\r\n                                            style=\"font-weight: 400;\"> Licenciatura en Marketing<\/span><\/a><\/li>\r\n                                <li><a href=\"https:\/\/www.ufasta.edu.ar\/distancia\/tecnicatura-en-adm-de-pymes\/\"><span\r\n                                            style=\"font-weight: 400;\"> Tecnicatura en Administraci\u00f3n de PYMES<\/span><\/a>\r\n                                <\/li>\r\n                                <li><a href=\"https:\/\/www.ufasta.edu.ar\/distancia\/licenciatura-en-administracion\/\"><span\r\n                                            style=\"font-weight: 400;\">Lic. en Administraci\u00f3n de Empresas<\/span><\/a><\/li>\r\n                                <li><a\r\n                                        href=\"https:\/\/www.ufasta.edu.ar\/distancia\/licenciatura-en-gestion-del-talento-humano-ciclo-complementario\/\">Licenciatura\r\n                                        en gesti\u00f3n de Talento Humano \u2013 Ciclo Complementario<\/a><\/li>\r\n                                <li><a\r\n                                        href=\"https:\/\/www.ufasta.edu.ar\/distancia\/licenciatura-en-diseno-y-comunicacion-transmedia-ciclo-complementario\/\">Licenciatura\r\n                                        en Dise\u00f1o y Comunicaci\u00f3n Transmedia \u2013 Ciclo Complementario<\/a><\/li>\r\n                                <li><a href=\"https:\/\/www.ufasta.edu.ar\/distancia\/tecnicatura-en-seguridad-ciudadana\/\">Tecnicatura\r\n                                        en Seguridad Ciudadana<\/a><\/li>\r\n                                <li><a href=\"https:\/\/www.ufasta.edu.ar\/distancia\/licenciatura-en-desarrollo-de-negocios-digitales\/\">Licenciatura en Desarrollo de Negocios Digitales<\/a><\/li>\r\n                                <li><a href=\"https:\/\/www.ufasta.edu.ar\/distancia\/licenciatura-en-comunicacion-social\/\">Licenciatura en Comunicaci\u00f3n Social<\/a><\/li>\r\n                              <li><a href=\"https:\/\/www.ufasta.edu.ar\/distancia\/licenciatura-en-periodismo\/\"><span\r\n                                            style=\"font-weight: 400;\"> Lic en Periodismo<\/span><\/a><\/li>\r\n                                <li><a href=\"https:\/\/www.ufasta.edu.ar\/distancia\/especializacion-educacion\/\"> Posgrado\r\n                                        de Especializaci\u00f3n en Gesti\u00f3n y Planificaci\u00f3n de Proyectos Educativos<\/a><\/li>\r\n\t\t\t\t\t\t\t\t\r\n\r\n                            <\/ul>\r\n                        <\/div>\r\n                    <\/div>\r\n                <\/div>\r\n            <\/div>\r\n        <\/div>\r\n    <\/div>\r\n    <div class=\"has_ma_el_bg_slider elementor-column elementor-col-50 elementor-top-column elementor-element elementor-element-19553de\"\r\n        data-id=\"19553de\" data-element_type=\"column\">\r\n        <div class=\"elementor-column-wrap elementor-element-populated\">\r\n            <div class=\"elementor-widget-wrap\">\r\n                <div class=\"elementor-element elementor-element-32cd73b elementor-widget elementor-widget-text-editor\"\r\n                    data-id=\"32cd73b\" data-element_type=\"widget\" data-widget_type=\"text-editor.default\">\r\n                    <div class=\"elementor-widget-container\">\r\n                        <div class=\"elementor-text-editor elementor-clearfix\">\r\n                            <ul>\r\n                                <li><a href=\"https:\/\/www.ufasta.edu.ar\/distancia\/licenciatura-en-recursos-humanos\/\">Licenciatura\r\n                                        en Recursos Humanos<\/a><\/li>\r\n                                <li><a\r\n                                        href=\"https:\/\/www.ufasta.edu.ar\/distancia\/licenciatura-en-hig-y-seg-en-el-trabajo\/\"><span\r\n                                            style=\"font-weight: 400;\"> Lic. en Higiene y Seguridad en el\r\n                                            Trabajo<\/span><\/a><\/li>\r\n                                <li><a\r\n                                        href=\"https:\/\/www.ufasta.edu.ar\/distancia\/tecnicatura-en-higiene-y-seguridad-en-el-trabajo-2\/\"><span\r\n                                            style=\"font-weight: 400;\"> Tec. en Higiene y Seguridad en el\r\n                                            Trabajo<\/span><\/a><\/li>\r\n                                <li><a href=\"https:\/\/www.ufasta.edu.ar\/distancia\/licenciatura-en-educacion-fisica\/\"><span\r\n                                            style=\"font-weight: 400;\"> Licenciatura en Educaci\u00f3n F\u00edsica<\/span><\/a><\/li>\r\n                                <li class=\"ingles\"><a href=\"https:\/\/www.ufasta.edu.ar\/distancia\/licenciatura-en-ingles\/\"><span\r\n                                            style=\"font-weight: 400;\"> Licenciatura en Ingl\u00e9s<\/span><\/a><\/li>\r\n                                <li><a href=\"https:\/\/www.ufasta.edu.ar\/distancia\/licenciatura-en-educacion\/\"><span\r\n                                            style=\"font-weight: 400;\"> Licenciatura en Educaci\u00f3n<\/span><\/a><\/li>\r\n                                <li><a\r\n                                        href=\"https:\/\/www.ufasta.edu.ar\/distancia\/licenciatura-en-corretaje-inmobiliario-ciclo-de-complementacion-curricular\/\">Licenciatura\r\n                                        en Corretaje Inmobiliario \u2013 Ciclo Complementaci\u00f3n Curricular<\/a><\/li>\r\n                                <li><a\r\n                                        href=\"https:\/\/www.ufasta.edu.ar\/distancia\/especializacion-en-informatica-forense\/\">Especializaci\u00f3n\r\n                                        en Inform\u00e1tica Forense<\/a><\/li>\r\n                                <li><a href=\"https:\/\/www.ufasta.edu.ar\/distancia\/lic-ciberseguridad\/\">Licenciatura Ciberseguridad<\/a><\/li>\r\n                                <li><a href=\"https:\/\/www.ufasta.edu.ar\/distancia\/licenciatura-en-psicopedagogia\/\">Licenciatura en Psicopedagog\u00eda<\/a><\/li>\r\n                                <li><a href=\"https:\/\/www.ufasta.edu.ar\/distancia\/lic-en-tecnologia-educativa\/\">Licenciatura\r\n                                        en Tecnolog\u00eda Educativa<\/a><\/li>                               \r\n                             \r\n<li><a href=\"https:\/\/www.ufasta.edu.ar\/distancia\/tecnicatura-universitaria-en-turismo\/\">Tecnicatura Universitaria en Turismo<\/a><\/li>\r\n<li><a href=\"https:\/\/www.ufasta.edu.ar\/distancia\/tecnicatura-universitaria-en-hoteleria\/\">Tecnicatura Universitaria en Hoteler\u00eda<\/a><\/li>\r\n                              <li class=\"ped\"><a href=\"https:\/\/www.ufasta.edu.ar\/humanidades\/licenciatura-en-pedagogia-de-la-educacion-religiosa\/\">Licenciatura en Pedagog\u00eda de la Educaci\u00f3n Religiosa<\/a><\/li>\r\n                              <li><a href=\"https:\/\/www.ufasta.edu.ar\/distancia\/licenciatura-en-publicidad-y-narrativas-digitales\/\">Licenciatura en Publicidad y Narrativas Digitales<\/a><\/li>\r\n                              <li><a href=\"https:\/\/www.ufasta.edu.ar\/distancia\/licenciatura-en-gestion-de-la-comunicacion-estrategica\/\">Licenciatura en Gesti\u00f3n de la Comunicaci\u00f3n Estrat\u00e9gica<\/a><\/li>          \r\n\t\t\t\t\t\t<li><a href=\"https:\/\/www.ufasta.edu.ar\/humanidades\/carreras\/licenciatura-en-educacion-religiosa\/\"> Licenciatura en educaci\u00f3n religiosa<\/a><\/li>\r\n\t\t\t\t\t\t\t\t\r\n\t\t\t\t\t\t\t\t <li><a href=\"https:\/\/www.tecnicaturaat.ar\/web\/tecnicaturaat\/\">Tecnicatura universitaria en acompa\u00f1amiento terapeutico<\/a><\/li>\r\n                              \r\n                              <span id=\"valor\"><\/span>\r\n     <script type=\"text\/javascript\">\r\n    aparece(\"\");\r\n<\/script>                         \r\n  \r\n                            <\/ul>\r\n                        <\/div>\r\n                    <\/div>\r\n                <\/div>\r\n            <\/div>\r\n        <\/div>\r\n    <\/div>\r\n<\/div>\t\t<\/div>\n\t\t\t\t<\/div>\n\t\t\t\t\t\t<\/div>\n\t\t\t\t\t<\/div>\n\t\t<\/div>\n\t\t\t\t\t\t\t\t<\/div>\n\t\t\t\t\t<\/div>\n\t\t<\/section>\n\t\t\t\t\t\t<\/div>\n\t\t\t\t\t\t<\/div>\n\t\t\t\t\t<\/div>\n\t\t","protected":false},"excerpt":{"rendered":"<p>Unidad de Apoyo Acad\u00e9mico UFASTA &#8211; Cruz del Eje Direcci\u00f3n: Rivadavia N\u00b0 186 Tel\u00e9fono:\u00a0 Lunes a viernes de 16:00 a 20:00 WhatsApp: +54 9 3517 36-5522 Horarios de atenci\u00f3n: Telef\u00f3nica: Lunes a Viernes de 9 a 12:30 hs y de 17 a 20 hs Presencial: Jueves de 17 a 20 hs uaa.cbacruzdeleje@ufasta.edu.ar<\/p>\n","protected":false},"author":25,"featured_media":0,"parent":0,"menu_order":0,"comment_status":"closed","ping_status":"closed","template":"","meta":[],"_links":{"self":[{"href":"https:\/\/www.ufasta.edu.ar\/distancia\/wp-json\/wp\/v2\/pages\/3262"}],"collection":[{"href":"https:\/\/www.ufasta.edu.ar\/distancia\/wp-json\/wp\/v2\/pages"}],"about":[{"href":"https:\/\/www.ufasta.edu.ar\/distancia\/wp-json\/wp\/v2\/types\/page"}],"author":[{"embeddable":true,"href":"https:\/\/www.ufasta.edu.ar\/distancia\/wp-json\/wp\/v2\/users\/25"}],"replies":[{"embeddable":true,"href":"https:\/\/www.ufasta.edu.ar\/distancia\/wp-json\/wp\/v2\/comments?post=3262"}],"version-history":[{"count":91,"href":"https:\/\/www.ufasta.edu.ar\/distancia\/wp-json\/wp\/v2\/pages\/3262\/revisions"}],"predecessor-version":[{"id":33665,"href":"https:\/\/www.ufasta.edu.ar\/distancia\/wp-json\/wp\/v2\/pages\/3262\/revisions\/33665"}],"wp:attachment":[{"href":"https:\/\/www.ufasta.edu.ar\/distancia\/wp-json\/wp\/v2\/media?parent=3262"}],"curies":[{"name":"wp","href":"https:\/\/api.w.org\/{rel}","templated":true}]}}