{"id":24241,"date":"2022-08-19T20:48:47","date_gmt":"2022-08-19T20:48:47","guid":{"rendered":"https:\/\/www.ufasta.edu.ar\/distancia\/?page_id=24241"},"modified":"2025-06-12T11:43:53","modified_gmt":"2025-06-12T11:43:53","slug":"uaa-pba-ufasta-general-villegas","status":"publish","type":"page","link":"https:\/\/www.ufasta.edu.ar\/distancia\/uaa-pba-ufasta-general-villegas\/","title":{"rendered":"Unidad de Apoyo Acad\u00e9mico &#8211; PBA &#8211; UFASTA General Villegas"},"content":{"rendered":"\t\t<div data-elementor-type=\"wp-page\" data-elementor-id=\"24241\" class=\"elementor elementor-24241\" data-elementor-settings=\"[]\">\n\t\t\t\t\t\t<div class=\"elementor-inner\">\n\t\t\t\t\t\t\t<div class=\"elementor-section-wrap\">\n\t\t\t\t\t\t\t<section class=\"has_ma_el_bg_slider elementor-section elementor-top-section elementor-element elementor-element-2dd680bf elementor-section-boxed elementor-section-height-default elementor-section-height-default wpr-particle-no wpr-jarallax-no wpr-parallax-no wpr-sticky-section-no\" data-id=\"2dd680bf\" data-element_type=\"section\">\n\t\t\t\t\t\t<div class=\"elementor-container elementor-column-gap-default\">\n\t\t\t\t\t\t\t<div class=\"elementor-row\">\n\t\t\t\t\t<div class=\"has_ma_el_bg_slider elementor-column elementor-col-100 elementor-top-column elementor-element elementor-element-5e9adb84\" data-id=\"5e9adb84\" data-element_type=\"column\">\n\t\t\t<div class=\"elementor-column-wrap elementor-element-populated\">\n\t\t\t\t\t\t\t<div class=\"elementor-widget-wrap\">\n\t\t\t\t\t\t<div class=\"elementor-element elementor-element-77fbc001 elementor-widget-divider--view-line elementor-widget elementor-widget-divider\" data-id=\"77fbc001\" data-element_type=\"widget\" data-widget_type=\"divider.default\">\n\t\t\t\t<div class=\"elementor-widget-container\">\n\t\t\t\t\t<div class=\"elementor-divider\">\n\t\t\t<span class=\"elementor-divider-separator\">\n\t\t\t\t\t\t<\/span>\n\t\t<\/div>\n\t\t\t\t<\/div>\n\t\t\t\t<\/div>\n\t\t\t\t\t\t<\/div>\n\t\t\t\t\t<\/div>\n\t\t<\/div>\n\t\t\t\t\t\t\t\t<\/div>\n\t\t\t\t\t<\/div>\n\t\t<\/section>\n\t\t\t\t<section class=\"has_ma_el_bg_slider elementor-section elementor-top-section elementor-element elementor-element-7a9f0b72 elementor-section-boxed elementor-section-height-default elementor-section-height-default wpr-particle-no wpr-jarallax-no wpr-parallax-no wpr-sticky-section-no\" data-id=\"7a9f0b72\" data-element_type=\"section\">\n\t\t\t\t\t\t<div class=\"elementor-container elementor-column-gap-default\">\n\t\t\t\t\t\t\t<div class=\"elementor-row\">\n\t\t\t\t\t<div class=\"has_ma_el_bg_slider elementor-column elementor-col-100 elementor-top-column elementor-element elementor-element-5aa5945f\" data-id=\"5aa5945f\" data-element_type=\"column\">\n\t\t\t<div class=\"elementor-column-wrap elementor-element-populated\">\n\t\t\t\t\t\t\t<div class=\"elementor-widget-wrap\">\n\t\t\t\t\t\t<section class=\"has_ma_el_bg_slider elementor-section elementor-inner-section elementor-element elementor-element-61fcfb02 elementor-section-boxed elementor-section-height-default elementor-section-height-default wpr-particle-no wpr-jarallax-no wpr-parallax-no wpr-sticky-section-no\" data-id=\"61fcfb02\" data-element_type=\"section\">\n\t\t\t\t\t\t<div class=\"elementor-container elementor-column-gap-default\">\n\t\t\t\t\t\t\t<div class=\"elementor-row\">\n\t\t\t\t\t<div class=\"has_ma_el_bg_slider elementor-column elementor-col-50 elementor-inner-column elementor-element elementor-element-4ca968b\" data-id=\"4ca968b\" data-element_type=\"column\">\n\t\t\t<div class=\"elementor-column-wrap elementor-element-populated\">\n\t\t\t\t\t\t\t<div class=\"elementor-widget-wrap\">\n\t\t\t\t\t\t<div class=\"elementor-element elementor-element-45d0d12e elementor-widget elementor-widget-text-editor\" data-id=\"45d0d12e\" data-element_type=\"widget\" data-widget_type=\"text-editor.default\">\n\t\t\t\t<div class=\"elementor-widget-container\">\n\t\t\t\t\t\t\t\t<div class=\"elementor-text-editor elementor-clearfix\">\n\t\t\t\t<div dir=\"ltr\"><strong>Unidad de Apoyo Acad\u00e9mico &#8211; PBA &#8211; UFASTA General Villegas<\/strong><\/div><div dir=\"ltr\"><strong>Direcci\u00f3n:<\/strong> <span style=\"font-weight: 400;\">Belgrano 229 1\u00ba piso<\/span><br \/><strong>Tel\u00e9fono:<\/strong> \u00a0<span data-sheets-root=\"1\" data-sheets-value=\"{\" data-sheets-userformat=\"{\">3388418925 \/\/ 3388526615<\/span><\/div><div dir=\"ltr\"><div dir=\"ltr\"><strong>Horario de atenci\u00f3n:<\/strong><\/div><div dir=\"ltr\"><span data-sheets-root=\"1\" data-sheets-value=\"{\" data-sheets-userformat=\"{\">Lunes a viernes de 8:00 a 20:00 hs<\/span><\/div><p><a href=\"uaa.villegas@ufasta.edu.ar\"><span style=\"font-weight: 400;\">uaa.villegas@ufasta.edu.ar<\/span><\/a><\/p><\/div><div id=\"tve_overlay_gnodhchlaaiappfkhkfgmplamlknomfo\" style=\"position: fixed; width: 100%; height: 100%; inset: 0; background-color: rgba(0, 0, 0, 0.3); z-index: 9999999; cursor: pointer; display: none;\">\u00a0<\/div><div id=\"tve_overlay_gnodhchlaaiappfkhkfgmplamlknomfo\" style=\"position: fixed; width: 100%; height: 100%; inset: 0; background-color: rgba(0, 0, 0, 0.3); z-index: 9999999; cursor: pointer; display: none;\">\u00a0<\/div>\t\t\t\t\t<\/div>\n\t\t\t\t\t\t<\/div>\n\t\t\t\t<\/div>\n\t\t\t\t\t\t<\/div>\n\t\t\t\t\t<\/div>\n\t\t<\/div>\n\t\t\t\t<div class=\"has_ma_el_bg_slider elementor-column elementor-col-50 elementor-inner-column elementor-element elementor-element-34806134\" data-id=\"34806134\" data-element_type=\"column\">\n\t\t\t<div class=\"elementor-column-wrap elementor-element-populated\">\n\t\t\t\t\t\t\t<div class=\"elementor-widget-wrap\">\n\t\t\t\t\t\t<div class=\"elementor-element elementor-element-3914d87 elementor-widget elementor-widget-text-editor\" data-id=\"3914d87\" data-element_type=\"widget\" data-widget_type=\"text-editor.default\">\n\t\t\t\t<div class=\"elementor-widget-container\">\n\t\t\t\t\t\t\t\t<div class=\"elementor-text-editor elementor-clearfix\">\n\t\t\t\t<p><!-- Shortcode [boton-inicio-centro-tutorial] does not exist --><\/p>\t\t\t\t\t<\/div>\n\t\t\t\t\t\t<\/div>\n\t\t\t\t<\/div>\n\t\t\t\t\t\t<\/div>\n\t\t\t\t\t<\/div>\n\t\t<\/div>\n\t\t\t\t\t\t\t\t<\/div>\n\t\t\t\t\t<\/div>\n\t\t<\/section>\n\t\t\t\t\t\t<\/div>\n\t\t\t\t\t<\/div>\n\t\t<\/div>\n\t\t\t\t\t\t\t\t<\/div>\n\t\t\t\t\t<\/div>\n\t\t<\/section>\n\t\t\t\t<section class=\"has_ma_el_bg_slider elementor-section elementor-top-section elementor-element elementor-element-53af33bc elementor-section-boxed elementor-section-height-default elementor-section-height-default wpr-particle-no wpr-jarallax-no wpr-parallax-no wpr-sticky-section-no\" data-id=\"53af33bc\" data-element_type=\"section\">\n\t\t\t\t\t\t<div class=\"elementor-container elementor-column-gap-default\">\n\t\t\t\t\t\t\t<div class=\"elementor-row\">\n\t\t\t\t\t<div class=\"has_ma_el_bg_slider elementor-column elementor-col-100 elementor-top-column elementor-element elementor-element-6c28aba8\" data-id=\"6c28aba8\" data-element_type=\"column\">\n\t\t\t<div class=\"elementor-column-wrap elementor-element-populated\">\n\t\t\t\t\t\t\t<div class=\"elementor-widget-wrap\">\n\t\t\t\t\t\t<div class=\"elementor-element elementor-element-c750507 elementor-widget elementor-widget-html\" data-id=\"c750507\" data-element_type=\"widget\" data-widget_type=\"html.default\">\n\t\t\t\t<div class=\"elementor-widget-container\">\n\t\t\t<!--\r\n<script type=\"text\/javascript\">\r\n  function aparece(valor) {\r\n     switch (valor) {\r\n            case \"Con\":\r\n                document.getElementById(\"valor\").innerHTML = \"<li><a href=https:\/\/www.tecnicaturaat.ar\/web\/tecnicaturaat\/>Tecnicatura Universitaria en Acompa\u00f1ante Terap\u00e9utico<\/a><\/li>\";\r\n                break;\r\n            case \"Sin\":\r\n                document.getElementById(\"valor\").innerHTML = \"\";\r\n                break;\r\n     }\r\n  }\r\n<\/script>\r\n-->\r\n<div class=\"elementor-row\">\r\n    <div class=\"has_ma_el_bg_slider elementor-column elementor-col-50 elementor-top-column elementor-element elementor-element-4d58b58\"\r\n        data-id=\"4d58b58\" data-element_type=\"column\">\r\n        <div class=\"elementor-column-wrap elementor-element-populated\">\r\n            <div class=\"elementor-widget-wrap\">\r\n                <div class=\"elementor-element elementor-element-f2677f4 elementor-widget elementor-widget-text-editor\"\r\n                    data-id=\"f2677f4\" data-element_type=\"widget\" data-widget_type=\"text-editor.default\">\r\n                    <div class=\"elementor-widget-container\">\r\n                        <div class=\"elementor-text-editor elementor-clearfix\">\r\n                            <ul>\r\n                                <li><a href=\"https:\/\/www.ufasta.edu.ar\/distancia\/licenciatura-en-archivologia\/\"><span\r\n                                            style=\"font-weight: 400;\">Licenciatura en Archivolog\u00eda<\/span><\/a><\/li>\r\n                                <li><a href=\"https:\/\/www.ufasta.edu.ar\/distancia\/martillero-y-corredor-publico-dist\/\"><span\r\n                                            style=\"font-weight: 400;\"> Martillero y Corredor P\u00fablico<\/span><\/a><\/li>\r\n                                <li><a href=\"https:\/\/www.ufasta.edu.ar\/distancia\/abogacia-distancia\/\"><span\r\n                                            style=\"font-weight: 400;\"> Abogac\u00eda<\/span><\/a><\/li>\r\n                                <li><a href=\"https:\/\/www.ufasta.edu.ar\/distancia\/licenciatura-en-seguridad-ciudadana\/\"><span\r\n                                            style=\"font-weight: 400;\"> Lic. en Seguridad Ciudadana<\/span><\/a><\/li>\r\n                                <li><a href=\"https:\/\/www.ufasta.edu.ar\/distancia\/licenciatura-en-turismo\/\"><span\r\n                                            style=\"font-weight: 400;\"> Licenciatura en Turismo<\/span><\/a><\/li>\r\n                                <li><a\r\n                                        href=\"https:\/\/www.ufasta.edu.ar\/distancia\/carreras\/contador-publico-distancia-2\/\"><span\r\n                                            style=\"font-weight: 400;\"> Contador Publico<\/span><\/a><\/li>\r\n                                <li><a href=\"https:\/\/www.ufasta.edu.ar\/distancia\/licenciatura-en-marketing\/\"><span\r\n                                            style=\"font-weight: 400;\"> Licenciatura en Marketing<\/span><\/a><\/li>\r\n                                <li><a href=\"https:\/\/www.ufasta.edu.ar\/distancia\/tecnicatura-en-adm-de-pymes\/\"><span\r\n                                            style=\"font-weight: 400;\"> Tecnicatura en Administraci\u00f3n de PYMES<\/span><\/a>\r\n                                <\/li>\r\n                                <li><a href=\"https:\/\/www.ufasta.edu.ar\/distancia\/licenciatura-en-administracion\/\"><span\r\n                                            style=\"font-weight: 400;\">Lic. en Administraci\u00f3n de Empresas<\/span><\/a><\/li>\r\n                                <li><a\r\n                                        href=\"https:\/\/www.ufasta.edu.ar\/distancia\/licenciatura-en-gestion-del-talento-humano-ciclo-complementario\/\">Licenciatura\r\n                                        en gesti\u00f3n de Talento Humano \u2013 Ciclo Complementario<\/a><\/li>\r\n                                <li><a\r\n                                        href=\"https:\/\/www.ufasta.edu.ar\/distancia\/licenciatura-en-diseno-y-comunicacion-transmedia-ciclo-complementario\/\">Licenciatura\r\n                                        en Dise\u00f1o y Comunicaci\u00f3n Transmedia \u2013 Ciclo Complementario<\/a><\/li>\r\n                                <li><a href=\"https:\/\/www.ufasta.edu.ar\/distancia\/tecnicatura-en-seguridad-ciudadana\/\">Tecnicatura\r\n                                        en Seguridad Ciudadana<\/a><\/li>\r\n                                <li><a href=\"https:\/\/www.ufasta.edu.ar\/distancia\/licenciatura-en-desarrollo-de-negocios-digitales\/\">Licenciatura en Desarrollo de Negocios Digitales<\/a><\/li>\r\n                                <li><a href=\"https:\/\/www.ufasta.edu.ar\/distancia\/licenciatura-en-comunicacion-social\/\">Licenciatura en Comunicaci\u00f3n Social<\/a><\/li>\r\n                              <li><a href=\"https:\/\/www.ufasta.edu.ar\/distancia\/licenciatura-en-periodismo\/\"><span\r\n                                            style=\"font-weight: 400;\"> Lic en Periodismo<\/span><\/a><\/li>\r\n                                <li><a href=\"https:\/\/www.ufasta.edu.ar\/distancia\/especializacion-educacion\/\"> Posgrado\r\n                                        de Especializaci\u00f3n en Gesti\u00f3n y Planificaci\u00f3n de Proyectos Educativos<\/a><\/li>\r\n\t\t\t\t\t\t\t\t\r\n\r\n                            <\/ul>\r\n                        <\/div>\r\n                    <\/div>\r\n                <\/div>\r\n            <\/div>\r\n        <\/div>\r\n    <\/div>\r\n    <div class=\"has_ma_el_bg_slider elementor-column elementor-col-50 elementor-top-column elementor-element elementor-element-19553de\"\r\n        data-id=\"19553de\" data-element_type=\"column\">\r\n        <div class=\"elementor-column-wrap elementor-element-populated\">\r\n            <div class=\"elementor-widget-wrap\">\r\n                <div class=\"elementor-element elementor-element-32cd73b elementor-widget elementor-widget-text-editor\"\r\n                    data-id=\"32cd73b\" data-element_type=\"widget\" data-widget_type=\"text-editor.default\">\r\n                    <div class=\"elementor-widget-container\">\r\n                        <div class=\"elementor-text-editor elementor-clearfix\">\r\n                            <ul>\r\n                                <li><a href=\"https:\/\/www.ufasta.edu.ar\/distancia\/licenciatura-en-recursos-humanos\/\">Licenciatura\r\n                                        en Recursos Humanos<\/a><\/li>\r\n                                <li><a\r\n                                        href=\"https:\/\/www.ufasta.edu.ar\/distancia\/licenciatura-en-hig-y-seg-en-el-trabajo\/\"><span\r\n                                            style=\"font-weight: 400;\"> Lic. en Higiene y Seguridad en el\r\n                                            Trabajo<\/span><\/a><\/li>\r\n                                <li><a\r\n                                        href=\"https:\/\/www.ufasta.edu.ar\/distancia\/tecnicatura-en-higiene-y-seguridad-en-el-trabajo-2\/\"><span\r\n                                            style=\"font-weight: 400;\"> Tec. en Higiene y Seguridad en el\r\n                                            Trabajo<\/span><\/a><\/li>\r\n                                <li><a href=\"https:\/\/www.ufasta.edu.ar\/distancia\/licenciatura-en-educacion-fisica\/\"><span\r\n                                            style=\"font-weight: 400;\"> Licenciatura en Educaci\u00f3n F\u00edsica<\/span><\/a><\/li>\r\n                                <li class=\"ingles\"><a href=\"https:\/\/www.ufasta.edu.ar\/distancia\/licenciatura-en-ingles\/\"><span\r\n                                            style=\"font-weight: 400;\"> Licenciatura en Ingl\u00e9s<\/span><\/a><\/li>\r\n                                <li><a href=\"https:\/\/www.ufasta.edu.ar\/distancia\/licenciatura-en-educacion\/\"><span\r\n                                            style=\"font-weight: 400;\"> Licenciatura en Educaci\u00f3n<\/span><\/a><\/li>\r\n                                <li><a\r\n                                        href=\"https:\/\/www.ufasta.edu.ar\/distancia\/licenciatura-en-corretaje-inmobiliario-ciclo-de-complementacion-curricular\/\">Licenciatura\r\n                                        en Corretaje Inmobiliario \u2013 Ciclo Complementaci\u00f3n Curricular<\/a><\/li>\r\n                                <li><a\r\n                                        href=\"https:\/\/www.ufasta.edu.ar\/distancia\/especializacion-en-informatica-forense\/\">Especializaci\u00f3n\r\n                                        en Inform\u00e1tica Forense<\/a><\/li>\r\n                                <li><a href=\"https:\/\/www.ufasta.edu.ar\/distancia\/lic-ciberseguridad\/\">Licenciatura Ciberseguridad<\/a><\/li>\r\n                                <li><a href=\"https:\/\/www.ufasta.edu.ar\/distancia\/licenciatura-en-psicopedagogia\/\">Licenciatura en Psicopedagog\u00eda<\/a><\/li>\r\n                                <li><a href=\"https:\/\/www.ufasta.edu.ar\/distancia\/lic-en-tecnologia-educativa\/\">Licenciatura\r\n                                        en Tecnolog\u00eda Educativa<\/a><\/li>                               \r\n                             \r\n<li><a href=\"https:\/\/www.ufasta.edu.ar\/distancia\/tecnicatura-universitaria-en-turismo\/\">Tecnicatura Universitaria en Turismo<\/a><\/li>\r\n<li><a href=\"https:\/\/www.ufasta.edu.ar\/distancia\/tecnicatura-universitaria-en-hoteleria\/\">Tecnicatura Universitaria en Hoteler\u00eda<\/a><\/li>\r\n                              <li class=\"ped\"><a href=\"https:\/\/www.ufasta.edu.ar\/humanidades\/licenciatura-en-pedagogia-de-la-educacion-religiosa\/\">Licenciatura en Pedagog\u00eda de la Educaci\u00f3n Religiosa<\/a><\/li>\r\n                              <li><a href=\"https:\/\/www.ufasta.edu.ar\/distancia\/licenciatura-en-publicidad-y-narrativas-digitales\/\">Licenciatura en Publicidad y Narrativas Digitales<\/a><\/li>\r\n                              <li><a href=\"https:\/\/www.ufasta.edu.ar\/distancia\/licenciatura-en-gestion-de-la-comunicacion-estrategica\/\">Licenciatura en Gesti\u00f3n de la Comunicaci\u00f3n Estrat\u00e9gica<\/a><\/li>          \r\n\t\t\t\t\t\t<li><a href=\"https:\/\/www.ufasta.edu.ar\/humanidades\/carreras\/licenciatura-en-educacion-religiosa\/\"> Licenciatura en educaci\u00f3n religiosa<\/a><\/li>\r\n\t\t\t\t\t\t\t\t\r\n\t\t\t\t\t\t\t\t <li><a href=\"https:\/\/www.tecnicaturaat.ar\/web\/tecnicaturaat\/\">Tecnicatura universitaria en acompa\u00f1amiento terapeutico<\/a><\/li>\r\n                              \r\n                              <span id=\"valor\"><\/span>\r\n     <script type=\"text\/javascript\">\r\n    aparece(\"\");\r\n<\/script>                         \r\n  \r\n                            <\/ul>\r\n                        <\/div>\r\n                    <\/div>\r\n                <\/div>\r\n            <\/div>\r\n        <\/div>\r\n    <\/div>\r\n<\/div>\n<style>\n    .ate\n    {\n        display:none;\n    }\n<\/style>\t\t<\/div>\n\t\t\t\t<\/div>\n\t\t\t\t\t\t<\/div>\n\t\t\t\t\t<\/div>\n\t\t<\/div>\n\t\t\t\t\t\t\t\t<\/div>\n\t\t\t\t\t<\/div>\n\t\t<\/section>\n\t\t\t\t\t\t<\/div>\n\t\t\t\t\t\t<\/div>\n\t\t\t\t\t<\/div>\n\t\t","protected":false},"excerpt":{"rendered":"<p>Unidad de Apoyo Acad\u00e9mico &#8211; PBA &#8211; UFASTA General VillegasDirecci\u00f3n: Belgrano 229 1\u00ba pisoTel\u00e9fono: \u00a03388418925 \/\/ 3388526615Horario de atenci\u00f3n:Lunes a viernes de 8:00 a 20:00 hs uaa.villegas@ufasta.edu.ar \u00a0\u00a0<\/p>\n","protected":false},"author":114,"featured_media":0,"parent":0,"menu_order":0,"comment_status":"closed","ping_status":"closed","template":"","meta":[],"_links":{"self":[{"href":"https:\/\/www.ufasta.edu.ar\/distancia\/wp-json\/wp\/v2\/pages\/24241"}],"collection":[{"href":"https:\/\/www.ufasta.edu.ar\/distancia\/wp-json\/wp\/v2\/pages"}],"about":[{"href":"https:\/\/www.ufasta.edu.ar\/distancia\/wp-json\/wp\/v2\/types\/page"}],"author":[{"embeddable":true,"href":"https:\/\/www.ufasta.edu.ar\/distancia\/wp-json\/wp\/v2\/users\/114"}],"replies":[{"embeddable":true,"href":"https:\/\/www.ufasta.edu.ar\/distancia\/wp-json\/wp\/v2\/comments?post=24241"}],"version-history":[{"count":17,"href":"https:\/\/www.ufasta.edu.ar\/distancia\/wp-json\/wp\/v2\/pages\/24241\/revisions"}],"predecessor-version":[{"id":32588,"href":"https:\/\/www.ufasta.edu.ar\/distancia\/wp-json\/wp\/v2\/pages\/24241\/revisions\/32588"}],"wp:attachment":[{"href":"https:\/\/www.ufasta.edu.ar\/distancia\/wp-json\/wp\/v2\/media?parent=24241"}],"curies":[{"name":"wp","href":"https:\/\/api.w.org\/{rel}","templated":true}]}}