{"id":2275,"date":"2012-09-10T18:28:30","date_gmt":"2012-09-10T18:28:30","guid":{"rendered":"http:\/\/testx01.ufasta.edu.ar\/edist\/?page_id=2275"},"modified":"2026-03-04T12:38:30","modified_gmt":"2026-03-04T12:38:30","slug":"centro-tutorial-ufasta-jujuy-rio-blanco","status":"publish","type":"page","link":"https:\/\/www.ufasta.edu.ar\/distancia\/centro-tutorial-ufasta-jujuy-rio-blanco\/","title":{"rendered":"Unidad de Apoyo Acad\u00e9mico UFASTA \u2013 Jujuy \u2013 R\u00edo Blanco"},"content":{"rendered":"\t\t<div data-elementor-type=\"wp-page\" data-elementor-id=\"2275\" class=\"elementor elementor-2275\" data-elementor-settings=\"[]\">\n\t\t\t\t\t\t<div class=\"elementor-inner\">\n\t\t\t\t\t\t\t<div class=\"elementor-section-wrap\">\n\t\t\t\t\t\t\t<section class=\"has_ma_el_bg_slider elementor-section elementor-top-section elementor-element elementor-element-78902f2e elementor-section-boxed elementor-section-height-default elementor-section-height-default wpr-particle-no wpr-jarallax-no wpr-parallax-no wpr-sticky-section-no\" data-id=\"78902f2e\" data-element_type=\"section\">\n\t\t\t\t\t\t<div class=\"elementor-container elementor-column-gap-default\">\n\t\t\t\t\t\t\t<div class=\"elementor-row\">\n\t\t\t\t\t<div class=\"has_ma_el_bg_slider elementor-column elementor-col-100 elementor-top-column elementor-element elementor-element-606d80f\" data-id=\"606d80f\" data-element_type=\"column\">\n\t\t\t<div class=\"elementor-column-wrap elementor-element-populated\">\n\t\t\t\t\t\t\t<div class=\"elementor-widget-wrap\">\n\t\t\t\t\t\t<div class=\"elementor-element elementor-element-ecb8830 elementor-widget-divider--view-line elementor-widget elementor-widget-divider\" data-id=\"ecb8830\" data-element_type=\"widget\" data-widget_type=\"divider.default\">\n\t\t\t\t<div class=\"elementor-widget-container\">\n\t\t\t\t\t<div class=\"elementor-divider\">\n\t\t\t<span class=\"elementor-divider-separator\">\n\t\t\t\t\t\t<\/span>\n\t\t<\/div>\n\t\t\t\t<\/div>\n\t\t\t\t<\/div>\n\t\t\t\t\t\t<\/div>\n\t\t\t\t\t<\/div>\n\t\t<\/div>\n\t\t\t\t\t\t\t\t<\/div>\n\t\t\t\t\t<\/div>\n\t\t<\/section>\n\t\t\t\t<section class=\"has_ma_el_bg_slider elementor-section elementor-top-section elementor-element elementor-element-6750320 elementor-section-boxed elementor-section-height-default elementor-section-height-default wpr-particle-no wpr-jarallax-no wpr-parallax-no wpr-sticky-section-no\" data-id=\"6750320\" data-element_type=\"section\">\n\t\t\t\t\t\t<div class=\"elementor-container elementor-column-gap-default\">\n\t\t\t\t\t\t\t<div class=\"elementor-row\">\n\t\t\t\t\t<div class=\"has_ma_el_bg_slider elementor-column elementor-col-50 elementor-top-column elementor-element elementor-element-fac70f7\" data-id=\"fac70f7\" data-element_type=\"column\">\n\t\t\t<div class=\"elementor-column-wrap elementor-element-populated\">\n\t\t\t\t\t\t\t<div class=\"elementor-widget-wrap\">\n\t\t\t\t\t\t<section class=\"has_ma_el_bg_slider elementor-section elementor-inner-section elementor-element elementor-element-509eeb9 elementor-section-boxed elementor-section-height-default elementor-section-height-default wpr-particle-no wpr-jarallax-no wpr-parallax-no wpr-sticky-section-no\" data-id=\"509eeb9\" data-element_type=\"section\">\n\t\t\t\t\t\t<div class=\"elementor-container elementor-column-gap-default\">\n\t\t\t\t\t\t\t<div class=\"elementor-row\">\n\t\t\t\t\t<div class=\"has_ma_el_bg_slider elementor-column elementor-col-100 elementor-inner-column elementor-element elementor-element-62af7ea\" data-id=\"62af7ea\" data-element_type=\"column\">\n\t\t\t<div class=\"elementor-column-wrap elementor-element-populated\">\n\t\t\t\t\t\t\t<div class=\"elementor-widget-wrap\">\n\t\t\t\t\t\t<div class=\"elementor-element elementor-element-851948c elementor-widget elementor-widget-text-editor\" data-id=\"851948c\" data-element_type=\"widget\" data-widget_type=\"text-editor.default\">\n\t\t\t\t<div class=\"elementor-widget-container\">\n\t\t\t\t\t\t\t\t<div class=\"elementor-text-editor elementor-clearfix\">\n\t\t\t\t<div dir=\"ltr\"><strong>Unidad de Apoyo Acad\u00e9mico UFASTA &#8211; R\u00edo Blanco <\/strong><\/div><div dir=\"ltr\"><em>I.E.S. N\u00ba 8 \u201cSagrado Coraz\u00f3n \u2013 FASTA\u201d<\/em><\/div><div dir=\"ltr\">Direcci\u00f3n: Av. Paypaya N\u00b0 501 B\u00b0 7 de Octubre<br \/><strong>Tel\u00e9fono<\/strong>:<\/div><div dir=\"ltr\"><span data-sheets-value=\"{\" data-sheets-userformat=\"{\">03884052101 &#8211; 4052102 Internos 205 y 212 <\/span><\/div><div dir=\"ltr\"><span data-sheets-value=\"{\" data-sheets-userformat=\"{\">3884576254 (Whatsapp)<\/span><\/div><div dir=\"ltr\"><div dir=\"ltr\"><strong>Horario de atenci\u00f3n:<\/strong><\/div><div dir=\"ltr\"><span data-sheets-root=\"1\">Lunes a Viernes de 8:00 a 15:00 hs y de 16:30 a 20:30 hs.<\/span><\/div><div dir=\"ltr\"><strong>Mail:<\/strong><a rel=\"noopener\" href=\"mailto:ct.iesrioblanco@ufasta.edu.ar\" target=\"_blank\"> ct.iesrioblanco@ufasta.edu.ar<\/a><\/div><\/div><div id=\"tve_overlay_gnodhchlaaiappfkhkfgmplamlknomfo\" style=\"position: fixed; width: 100%; height: 100%; inset: 0; background-color: rgba(0, 0, 0, 0.3); z-index: 9999999; cursor: pointer; display: none;\">\u00a0<\/div>\t\t\t\t\t<\/div>\n\t\t\t\t\t\t<\/div>\n\t\t\t\t<\/div>\n\t\t\t\t\t\t<\/div>\n\t\t\t\t\t<\/div>\n\t\t<\/div>\n\t\t\t\t\t\t\t\t<\/div>\n\t\t\t\t\t<\/div>\n\t\t<\/section>\n\t\t\t\t\t\t<\/div>\n\t\t\t\t\t<\/div>\n\t\t<\/div>\n\t\t\t\t<div class=\"has_ma_el_bg_slider elementor-column elementor-col-50 elementor-top-column elementor-element elementor-element-5e9085bc\" data-id=\"5e9085bc\" data-element_type=\"column\">\n\t\t\t<div class=\"elementor-column-wrap elementor-element-populated\">\n\t\t\t\t\t\t\t<div class=\"elementor-widget-wrap\">\n\t\t\t\t\t\t<div class=\"elementor-element elementor-element-385048ce elementor-widget elementor-widget-text-editor\" data-id=\"385048ce\" data-element_type=\"widget\" data-widget_type=\"text-editor.default\">\n\t\t\t\t<div class=\"elementor-widget-container\">\n\t\t\t\t\t\t\t\t<div class=\"elementor-text-editor elementor-clearfix\">\n\t\t\t\t<!-- Shortcode [boton-inicio-centro-tutorial] does not exist -->\t\t\t\t\t<\/div>\n\t\t\t\t\t\t<\/div>\n\t\t\t\t<\/div>\n\t\t\t\t\t\t<\/div>\n\t\t\t\t\t<\/div>\n\t\t<\/div>\n\t\t\t\t\t\t\t\t<\/div>\n\t\t\t\t\t<\/div>\n\t\t<\/section>\n\t\t\t\t<section class=\"has_ma_el_bg_slider elementor-section elementor-top-section elementor-element elementor-element-3fbc1d3 elementor-section-boxed elementor-section-height-default elementor-section-height-default wpr-particle-no wpr-jarallax-no wpr-parallax-no wpr-sticky-section-no\" data-id=\"3fbc1d3\" data-element_type=\"section\">\n\t\t\t\t\t\t<div class=\"elementor-container elementor-column-gap-default\">\n\t\t\t\t\t\t\t<div class=\"elementor-row\">\n\t\t\t\t\t<div class=\"has_ma_el_bg_slider elementor-column elementor-col-100 elementor-top-column elementor-element elementor-element-234c969\" data-id=\"234c969\" data-element_type=\"column\">\n\t\t\t<div class=\"elementor-column-wrap elementor-element-populated\">\n\t\t\t\t\t\t\t<div class=\"elementor-widget-wrap\">\n\t\t\t\t\t\t<div class=\"elementor-element elementor-element-25d03a7 elementor-widget elementor-widget-html\" data-id=\"25d03a7\" data-element_type=\"widget\" data-widget_type=\"html.default\">\n\t\t\t\t<div class=\"elementor-widget-container\">\n\t\t\t<!--\r\n<script type=\"text\/javascript\">\r\n  function aparece(valor) {\r\n     switch (valor) {\r\n            case \"Con\":\r\n                document.getElementById(\"valor\").innerHTML = \"<li><a href=https:\/\/www.tecnicaturaat.ar\/web\/tecnicaturaat\/>Tecnicatura Universitaria en Acompa\u00f1ante Terap\u00e9utico<\/a><\/li>\";\r\n                break;\r\n            case \"Sin\":\r\n                document.getElementById(\"valor\").innerHTML = \"\";\r\n                break;\r\n     }\r\n  }\r\n<\/script>\r\n-->\r\n<div class=\"elementor-row\">\r\n    <div class=\"has_ma_el_bg_slider elementor-column elementor-col-50 elementor-top-column elementor-element elementor-element-4d58b58\"\r\n        data-id=\"4d58b58\" data-element_type=\"column\">\r\n        <div class=\"elementor-column-wrap elementor-element-populated\">\r\n            <div class=\"elementor-widget-wrap\">\r\n                <div class=\"elementor-element elementor-element-f2677f4 elementor-widget elementor-widget-text-editor\"\r\n                    data-id=\"f2677f4\" data-element_type=\"widget\" data-widget_type=\"text-editor.default\">\r\n                    <div class=\"elementor-widget-container\">\r\n                        <div class=\"elementor-text-editor elementor-clearfix\">\r\n                            <ul>\r\n                                <li><a href=\"https:\/\/www.ufasta.edu.ar\/distancia\/licenciatura-en-archivologia\/\"><span\r\n                                            style=\"font-weight: 400;\">Licenciatura en Archivolog\u00eda<\/span><\/a><\/li>\r\n                                <li><a href=\"https:\/\/www.ufasta.edu.ar\/distancia\/martillero-y-corredor-publico-dist\/\"><span\r\n                                            style=\"font-weight: 400;\"> Martillero y Corredor P\u00fablico<\/span><\/a><\/li>\r\n                                <li><a href=\"https:\/\/www.ufasta.edu.ar\/distancia\/abogacia-distancia\/\"><span\r\n                                            style=\"font-weight: 400;\"> Abogac\u00eda<\/span><\/a><\/li>\r\n                                <li><a href=\"https:\/\/www.ufasta.edu.ar\/distancia\/licenciatura-en-seguridad-ciudadana\/\"><span\r\n                                            style=\"font-weight: 400;\"> Lic. en Seguridad Ciudadana<\/span><\/a><\/li>\r\n                                <li><a href=\"https:\/\/www.ufasta.edu.ar\/distancia\/licenciatura-en-turismo\/\"><span\r\n                                            style=\"font-weight: 400;\"> Licenciatura en Turismo<\/span><\/a><\/li>\r\n                                <li><a\r\n                                        href=\"https:\/\/www.ufasta.edu.ar\/distancia\/carreras\/contador-publico-distancia-2\/\"><span\r\n                                            style=\"font-weight: 400;\"> Contador Publico<\/span><\/a><\/li>\r\n                                <li><a href=\"https:\/\/www.ufasta.edu.ar\/distancia\/licenciatura-en-marketing\/\"><span\r\n                                            style=\"font-weight: 400;\"> Licenciatura en Marketing<\/span><\/a><\/li>\r\n                                <li><a href=\"https:\/\/www.ufasta.edu.ar\/distancia\/tecnicatura-en-adm-de-pymes\/\"><span\r\n                                            style=\"font-weight: 400;\"> Tecnicatura en Administraci\u00f3n de PYMES<\/span><\/a>\r\n                                <\/li>\r\n                                <li><a href=\"https:\/\/www.ufasta.edu.ar\/distancia\/licenciatura-en-administracion\/\"><span\r\n                                            style=\"font-weight: 400;\">Lic. en Administraci\u00f3n de Empresas<\/span><\/a><\/li>\r\n                                <li><a\r\n                                        href=\"https:\/\/www.ufasta.edu.ar\/distancia\/licenciatura-en-gestion-del-talento-humano-ciclo-complementario\/\">Licenciatura\r\n                                        en gesti\u00f3n de Talento Humano \u2013 Ciclo Complementario<\/a><\/li>\r\n                                <li><a\r\n                                        href=\"https:\/\/www.ufasta.edu.ar\/distancia\/licenciatura-en-diseno-y-comunicacion-transmedia-ciclo-complementario\/\">Licenciatura\r\n                                        en Dise\u00f1o y Comunicaci\u00f3n Transmedia \u2013 Ciclo Complementario<\/a><\/li>\r\n                                <li><a href=\"https:\/\/www.ufasta.edu.ar\/distancia\/tecnicatura-en-seguridad-ciudadana\/\">Tecnicatura\r\n                                        en Seguridad Ciudadana<\/a><\/li>\r\n                                <li><a href=\"https:\/\/www.ufasta.edu.ar\/distancia\/licenciatura-en-desarrollo-de-negocios-digitales\/\">Licenciatura en Desarrollo de Negocios Digitales<\/a><\/li>\r\n                                <li><a href=\"https:\/\/www.ufasta.edu.ar\/distancia\/licenciatura-en-comunicacion-social\/\">Licenciatura en Comunicaci\u00f3n Social<\/a><\/li>\r\n                              <li><a href=\"https:\/\/www.ufasta.edu.ar\/distancia\/licenciatura-en-periodismo\/\"><span\r\n                                            style=\"font-weight: 400;\"> Lic en Periodismo<\/span><\/a><\/li>\r\n                                <li><a href=\"https:\/\/www.ufasta.edu.ar\/distancia\/especializacion-educacion\/\"> Posgrado\r\n                                        de Especializaci\u00f3n en Gesti\u00f3n y Planificaci\u00f3n de Proyectos Educativos<\/a><\/li>\r\n\t\t\t\t\t\t\t\t\r\n\r\n                            <\/ul>\r\n                        <\/div>\r\n                    <\/div>\r\n                <\/div>\r\n            <\/div>\r\n        <\/div>\r\n    <\/div>\r\n    <div class=\"has_ma_el_bg_slider elementor-column elementor-col-50 elementor-top-column elementor-element elementor-element-19553de\"\r\n        data-id=\"19553de\" data-element_type=\"column\">\r\n        <div class=\"elementor-column-wrap elementor-element-populated\">\r\n            <div class=\"elementor-widget-wrap\">\r\n                <div class=\"elementor-element elementor-element-32cd73b elementor-widget elementor-widget-text-editor\"\r\n                    data-id=\"32cd73b\" data-element_type=\"widget\" data-widget_type=\"text-editor.default\">\r\n                    <div class=\"elementor-widget-container\">\r\n                        <div class=\"elementor-text-editor elementor-clearfix\">\r\n                            <ul>\r\n                                <li><a href=\"https:\/\/www.ufasta.edu.ar\/distancia\/licenciatura-en-recursos-humanos\/\">Licenciatura\r\n                                        en Recursos Humanos<\/a><\/li>\r\n                                <li><a\r\n                                        href=\"https:\/\/www.ufasta.edu.ar\/distancia\/licenciatura-en-hig-y-seg-en-el-trabajo\/\"><span\r\n                                            style=\"font-weight: 400;\"> Lic. en Higiene y Seguridad en el\r\n                                            Trabajo<\/span><\/a><\/li>\r\n                                <li><a\r\n                                        href=\"https:\/\/www.ufasta.edu.ar\/distancia\/tecnicatura-en-higiene-y-seguridad-en-el-trabajo-2\/\"><span\r\n                                            style=\"font-weight: 400;\"> Tec. en Higiene y Seguridad en el\r\n                                            Trabajo<\/span><\/a><\/li>\r\n                                <li><a href=\"https:\/\/www.ufasta.edu.ar\/distancia\/licenciatura-en-educacion-fisica\/\"><span\r\n                                            style=\"font-weight: 400;\"> Licenciatura en Educaci\u00f3n F\u00edsica<\/span><\/a><\/li>\r\n                                <li class=\"ingles\"><a href=\"https:\/\/www.ufasta.edu.ar\/distancia\/licenciatura-en-ingles\/\"><span\r\n                                            style=\"font-weight: 400;\"> Licenciatura en Ingl\u00e9s<\/span><\/a><\/li>\r\n                                <li><a href=\"https:\/\/www.ufasta.edu.ar\/distancia\/licenciatura-en-educacion\/\"><span\r\n                                            style=\"font-weight: 400;\"> Licenciatura en Educaci\u00f3n<\/span><\/a><\/li>\r\n                                <li><a\r\n                                        href=\"https:\/\/www.ufasta.edu.ar\/distancia\/licenciatura-en-corretaje-inmobiliario-ciclo-de-complementacion-curricular\/\">Licenciatura\r\n                                        en Corretaje Inmobiliario \u2013 Ciclo Complementaci\u00f3n Curricular<\/a><\/li>\r\n                                <li><a\r\n                                        href=\"https:\/\/www.ufasta.edu.ar\/distancia\/especializacion-en-informatica-forense\/\">Especializaci\u00f3n\r\n                                        en Inform\u00e1tica Forense<\/a><\/li>\r\n                                <li><a href=\"https:\/\/www.ufasta.edu.ar\/distancia\/lic-ciberseguridad\/\">Licenciatura Ciberseguridad<\/a><\/li>\r\n                                <li><a href=\"https:\/\/www.ufasta.edu.ar\/distancia\/licenciatura-en-psicopedagogia\/\">Licenciatura en Psicopedagog\u00eda<\/a><\/li>\r\n                                <li><a href=\"https:\/\/www.ufasta.edu.ar\/distancia\/lic-en-tecnologia-educativa\/\">Licenciatura\r\n                                        en Tecnolog\u00eda Educativa<\/a><\/li>                               \r\n                             \r\n<li><a href=\"https:\/\/www.ufasta.edu.ar\/distancia\/tecnicatura-universitaria-en-turismo\/\">Tecnicatura Universitaria en Turismo<\/a><\/li>\r\n<li><a href=\"https:\/\/www.ufasta.edu.ar\/distancia\/tecnicatura-universitaria-en-hoteleria\/\">Tecnicatura Universitaria en Hoteler\u00eda<\/a><\/li>\r\n                              <li class=\"ped\"><a href=\"https:\/\/www.ufasta.edu.ar\/humanidades\/licenciatura-en-pedagogia-de-la-educacion-religiosa\/\">Licenciatura en Pedagog\u00eda de la Educaci\u00f3n Religiosa<\/a><\/li>\r\n                              <li><a href=\"https:\/\/www.ufasta.edu.ar\/distancia\/licenciatura-en-publicidad-y-narrativas-digitales\/\">Licenciatura en Publicidad y Narrativas Digitales<\/a><\/li>\r\n                              <li><a href=\"https:\/\/www.ufasta.edu.ar\/distancia\/licenciatura-en-gestion-de-la-comunicacion-estrategica\/\">Licenciatura en Gesti\u00f3n de la Comunicaci\u00f3n Estrat\u00e9gica<\/a><\/li>          \r\n\t\t\t\t\t\t<li><a href=\"https:\/\/www.ufasta.edu.ar\/humanidades\/carreras\/licenciatura-en-educacion-religiosa\/\"> Licenciatura en educaci\u00f3n religiosa<\/a><\/li>\r\n\t\t\t\t\t\t\t\t\r\n\t\t\t\t\t\t\t\t <li><a href=\"https:\/\/www.tecnicaturaat.ar\/web\/tecnicaturaat\/\">Tecnicatura universitaria en acompa\u00f1amiento terapeutico<\/a><\/li>\r\n                              \r\n                              <span id=\"valor\"><\/span>\r\n     <script type=\"text\/javascript\">\r\n    aparece(\"\");\r\n<\/script>                         \r\n  \r\n                            <\/ul>\r\n                        <\/div>\r\n                    <\/div>\r\n                <\/div>\r\n            <\/div>\r\n        <\/div>\r\n    <\/div>\r\n<\/div>\n<style>\n    .ate\n    {\n        \/\/display:none;\n    }\n<\/style>\t\t<\/div>\n\t\t\t\t<\/div>\n\t\t\t\t\t\t<\/div>\n\t\t\t\t\t<\/div>\n\t\t<\/div>\n\t\t\t\t\t\t\t\t<\/div>\n\t\t\t\t\t<\/div>\n\t\t<\/section>\n\t\t\t\t\t\t<\/div>\n\t\t\t\t\t\t<\/div>\n\t\t\t\t\t<\/div>\n\t\t","protected":false},"excerpt":{"rendered":"<p>Unidad de Apoyo Acad\u00e9mico UFASTA &#8211; R\u00edo Blanco I.E.S. N\u00ba 8 \u201cSagrado Coraz\u00f3n \u2013 FASTA\u201dDirecci\u00f3n: Av. Paypaya N\u00b0 501 B\u00b0 7 de OctubreTel\u00e9fono:03884052101 &#8211; 4052102 Internos 205 y 212 3884576254 (Whatsapp)Horario de atenci\u00f3n:Lunes a Viernes de 8:00 a 15:00 hs y de 16:30 a 20:30 hs.Mail: ct.iesrioblanco@ufasta.edu.ar\u00a0<\/p>\n","protected":false},"author":25,"featured_media":0,"parent":0,"menu_order":0,"comment_status":"closed","ping_status":"closed","template":"","meta":[],"_links":{"self":[{"href":"https:\/\/www.ufasta.edu.ar\/distancia\/wp-json\/wp\/v2\/pages\/2275"}],"collection":[{"href":"https:\/\/www.ufasta.edu.ar\/distancia\/wp-json\/wp\/v2\/pages"}],"about":[{"href":"https:\/\/www.ufasta.edu.ar\/distancia\/wp-json\/wp\/v2\/types\/page"}],"author":[{"embeddable":true,"href":"https:\/\/www.ufasta.edu.ar\/distancia\/wp-json\/wp\/v2\/users\/25"}],"replies":[{"embeddable":true,"href":"https:\/\/www.ufasta.edu.ar\/distancia\/wp-json\/wp\/v2\/comments?post=2275"}],"version-history":[{"count":41,"href":"https:\/\/www.ufasta.edu.ar\/distancia\/wp-json\/wp\/v2\/pages\/2275\/revisions"}],"predecessor-version":[{"id":33593,"href":"https:\/\/www.ufasta.edu.ar\/distancia\/wp-json\/wp\/v2\/pages\/2275\/revisions\/33593"}],"wp:attachment":[{"href":"https:\/\/www.ufasta.edu.ar\/distancia\/wp-json\/wp\/v2\/media?parent=2275"}],"curies":[{"name":"wp","href":"https:\/\/api.w.org\/{rel}","templated":true}]}}