{"id":219,"date":"2011-06-15T12:19:28","date_gmt":"2011-06-15T12:19:28","guid":{"rendered":"http:\/\/testx01.ufasta.edu.ar\/edist\/?page_id=219"},"modified":"2019-10-02T15:29:34","modified_gmt":"2019-10-02T15:29:34","slug":"experto-universitario-en-gestion-documental","status":"publish","type":"page","link":"https:\/\/www.ufasta.edu.ar\/distancia\/experto-universitario-en-gestion-documental\/","title":{"rendered":"Experto Universitario en Gestion documental y Administracion de archivos"},"content":{"rendered":"<p>[vc_row][vc_column][vc_custom_heading text=\u00bbExperto Universitario en Gesti\u00f3n Documental<br \/>\ny Administraci\u00f3n de Archivos\u00bb font_container=\u00bbtag:h1|text_align:center|color:%23666666&#8243; google_fonts=\u00bbfont_family:Droid%20Sans%3Aregular%2C700|font_style:400%20regular%3A400%3Anormal\u00bb][vc_separator color=\u00bbgreen\u00bb][vc_column_text]<\/p>\n<div id=\"content-internas\">\n<div id=\"content-internas-requisitos-insc\">\n<h3><span style=\"color: #333333\">INSCRIPCIONES CERRADAS<\/span><\/h3>\n<h3 id=\"content-internas-requisitos-insc-titulo\"><span style=\"color: #008000\">Inscripci\u00f3n On-Line<\/span><\/h3>\n<div id=\"content-internas-requisitos-insc-texto\"><span style=\"color: #6c6c6c\">Para inscribirse a la capacitaci\u00f3n deber\u00e1 completar el formulario de\u00a0<\/span><strong>PREINSCRIPCI\u00d3N<\/strong><span class=\"boton-internas\" style=\"color: #6c6c6c\">.<\/span><br style=\"color: #6c6c6c\" \/><span style=\"color: #6c6c6c\">Una vez realizada la carga de sus datos personales, el sistema generar\u00e1\u00a0un USUARIO y CONTRASE\u00d1A personal. Con esta clave usted podr\u00e1 ingresar a nuestro sistema e imprimir el recibo de pago de la matr\u00edcula, para luego abonar el mismo en cualquier\u00a0<\/span><strong style=\"color: #6c6c6c\">PAGO F\u00c1CIL o RAPIPAGO<\/strong><span style=\"color: #6c6c6c\">.\u00a0<\/span><strong style=\"color: #6c6c6c\">S\u00f3lo de esta manera usted quedar\u00e1 inscripto en el curso.<\/strong><\/div>\n<h3><\/h3>\n<\/div>\n<h3 id=\"content-internas-titulo\"><span style=\"color: #008000\">Descripci\u00f3n<\/span><\/h3>\n<div id=\"content-internas-texto\">La Capacitaci\u00f3n Universitaria <strong>\u201cExperto Universitario en Gesti\u00f3n Documental y Administraci\u00f3n de Archivos\u201d<\/strong>, pretende responder a la necesidad de las instituciones u organizaciones de naturaleza p\u00fablica y privada en la formulaci\u00f3n de un modelo de gesti\u00f3n documental como elemento estrat\u00e9gico y determinante de la vida organizacional, que facilite la administraci\u00f3n efectiva e integral de los documentos generados en las administraciones, entendidos estos, como aquellos contenedores de informaci\u00f3n, que son prueba y testimonio de la actividades de las organizaciones.En este sentido, la propuesta acad\u00e9mica de la capacitaci\u00f3n universitaria consta de dotar a los cursantes, de aquellos conocimientos interdisciplinar de origen doctrinal \u2013 t\u00e9cnico archiv\u00edsticos, jur\u00eddico-normativo, tecnol\u00f3gico, administraci\u00f3n y \u00e9ticos, que le permita a los participantes identificar un modelo de actuaci\u00f3n, que mejor se ajuste a las necesidades de una organizaci\u00f3n, teniendo en consideraci\u00f3n, las dos vertientes actuales de archivos administrativos e hist\u00f3ricos.La presente Capacitaci\u00f3n Universitaria de modalidad virtual aprobada por Resoluci\u00f3n Rectoral N\u00ba 126\/07 se inserta en la Facultad de Ciencias Jur\u00eddicas y Sociales, y se desarrolla a trav\u00e9s de la Direcci\u00f3n de Educaci\u00f3n a Distancia.<\/div>\n<div><\/div>\n<div><strong>La presente Capacitaci\u00f3n Universitaria de modalidad virtual aprobada por Resoluci\u00f3n Rectoral N\u00ba 234\/13 se inserta en la Facultad de Ciencias Jur\u00eddicas y Sociales, y se desarrolla a trav\u00e9s de la Direcci\u00f3n de Educaci\u00f3n a Distancia.<\/strong><\/div>\n<h3><\/h3>\n<h3 id=\"content-internas-titulo\"><span style=\"color: #008000\">Tutor\u00eda<\/span><\/h3>\n<div id=\"content-internas-texto\">Las tutor\u00edas se realizar\u00e1n desde nuestra Universidad, sirviendo de nexo, y permiti\u00e9ndole realizar consultas en forma permanente a trav\u00e9s de nuestra <strong>Plataforma Virtual de Educaci\u00f3n a Distancia.<\/strong><\/div>\n<div><\/div>\n<h3 id=\"content-internas-titulo\"><span style=\"color: #008000\">Requisitos m\u00ednimos<\/span><\/h3>\n<div id=\"content-internas-texto\">Podr\u00e1n acceder a est\u00e1 capacitaci\u00f3n universitaria todas aquellas personas, que acrediten estudios secundarios o polimodal, y profesionales o t\u00e9cnicos de todas las ciencias y disciplinas del pa\u00eds y del exterior.<\/div>\n<h3><\/h3>\n<h3 id=\"content-internas-titulo\"><span style=\"color: #008000\">Material did\u00e1ctico<\/span><\/h3>\n<div id=\"content-internas-texto\">Completando el tr\u00e1mite de inscripci\u00f3n y la matr\u00edcula, el estudiante recibe un usuario y clave de acceso a la plataforma virtual y desde all\u00ed acceder\u00e1 al material de estudio en formato digital, a las tutor\u00edas con docentes, clases virtuales y foros de intercambios.<\/div>\n<p><span class=\"boton-internas\" style=\"color: #008000\">Plan de Estudios<\/span><br \/>\n<span class=\"boton-internas\"><a href=\"\/edist\/capacitaciones\/experto-universitario-en-gestion-documental-y-administracion-de-archivos-cronograma\/\">Cronograma<\/a><\/span><\/p>\n<h3 id=\"content-internas-titulo\"><span style=\"color: #008000\">Duraci\u00f3n<\/span><\/h3>\n<div id=\"content-internas-texto\">La Capacitaci\u00f3n Universitaria tendr\u00e1 una duraci\u00f3n total doce (12) meses, que se distribuyen en once (11) meses de cursada y de uno (1) mes posterior para la recuperaci\u00f3n de ex\u00e1menes y elaboraci\u00f3n del Trabajo Final Integrador. La presente Capacitaci\u00f3n Universitaria acredita una carga horaria acad\u00e9mica de quinientas quince (515) horas.<\/div>\n<h3><\/h3>\n<h3 id=\"content-internas-titulo\"><span style=\"color: #008000\">Aranceles<\/span><\/h3>\n<div id=\"content-internas-texto\"><strong>Residentes en Argentina<\/strong><br \/>\nMatr\u00edcula $264 y doce (12) cuotas de $336. Se abona a trav\u00e9s de Pago F\u00e1cil .<br \/>\nForma de pago matr\u00edcula: en una sola cuota a trav\u00e9s de Pago F\u00e1cil.<br \/>\nForma de pago Cuotas: Las cuotas se abonan mensualmente a trav\u00e9s de Pago F\u00e1cil.<\/div>\n<div><\/div>\n<div><strong>Residentes en el exterior:<\/strong><br \/>\nMatricula de U$S 70 (setenta d\u00f3lares) y cuatro (4) cuotas de U$S 175 (ciento setenta y cinco d\u00f3lares). Se abona a trav\u00e9s de Tarjeta de cr\u00e9dito VISA o MASTECARD.<br \/>\nForma de pago matr\u00edcula: en una sola cuota de U$S 70 (setenta d\u00f3lares) a trav\u00e9s de Tarjeta de cr\u00e9dito VISA o MASTECARD.<br \/>\nForma de pago cuotas: Las cuatro cuotas se distribuyen en los doce (12) meses y se abonan cada tres meses a trav\u00e9s de Tarjeta de cr\u00e9dito VISA o MASTECARD.<\/div>\n<\/div>\n<p>[\/vc_column_text][\/vc_column][\/vc_row]<\/p>\n","protected":false},"excerpt":{"rendered":"<p>[vc_row][vc_column][vc_custom_heading text=\u00bbExperto Universitario en Gesti\u00f3n Documental y Administraci\u00f3n de Archivos\u00bb font_container=\u00bbtag:h1|text_align:center|color:%23666666&#8243; google_fonts=\u00bbfont_family:Droid%20Sans%3Aregular%2C700|font_style:400%20regular%3A400%3Anormal\u00bb][vc_separator color=\u00bbgreen\u00bb][vc_column_text] INSCRIPCIONES CERRADAS Inscripci\u00f3n On-Line Para inscribirse a la capacitaci\u00f3n deber\u00e1 completar el formulario de\u00a0PREINSCRIPCI\u00d3N.Una vez realizada la carga de sus datos personales, el sistema generar\u00e1\u00a0un USUARIO y CONTRASE\u00d1A personal. Con esta clave usted podr\u00e1 ingresar a nuestro sistema e imprimir el recibo [&hellip;]<\/p>\n","protected":false},"author":25,"featured_media":0,"parent":0,"menu_order":0,"comment_status":"closed","ping_status":"closed","template":"","meta":[],"_links":{"self":[{"href":"https:\/\/www.ufasta.edu.ar\/distancia\/wp-json\/wp\/v2\/pages\/219"}],"collection":[{"href":"https:\/\/www.ufasta.edu.ar\/distancia\/wp-json\/wp\/v2\/pages"}],"about":[{"href":"https:\/\/www.ufasta.edu.ar\/distancia\/wp-json\/wp\/v2\/types\/page"}],"author":[{"embeddable":true,"href":"https:\/\/www.ufasta.edu.ar\/distancia\/wp-json\/wp\/v2\/users\/25"}],"replies":[{"embeddable":true,"href":"https:\/\/www.ufasta.edu.ar\/distancia\/wp-json\/wp\/v2\/comments?post=219"}],"version-history":[{"count":1,"href":"https:\/\/www.ufasta.edu.ar\/distancia\/wp-json\/wp\/v2\/pages\/219\/revisions"}],"predecessor-version":[{"id":11520,"href":"https:\/\/www.ufasta.edu.ar\/distancia\/wp-json\/wp\/v2\/pages\/219\/revisions\/11520"}],"wp:attachment":[{"href":"https:\/\/www.ufasta.edu.ar\/distancia\/wp-json\/wp\/v2\/media?parent=219"}],"curies":[{"name":"wp","href":"https:\/\/api.w.org\/{rel}","templated":true}]}}