{"id":14916,"date":"2020-08-26T12:30:49","date_gmt":"2020-08-26T12:30:49","guid":{"rendered":"https:\/\/www.ufasta.edu.ar\/distancia\/?page_id=14916"},"modified":"2020-10-26T22:02:54","modified_gmt":"2020-10-26T22:02:54","slug":"curso-virtual-de-imagenologia-mamaria-nivel-avanzado","status":"publish","type":"page","link":"https:\/\/www.ufasta.edu.ar\/distancia\/curso-virtual-de-imagenologia-mamaria-nivel-avanzado\/","title":{"rendered":"Curso Virtual de Imagenolog\u00eda Mamaria &#8211; Nivel Avanzado"},"content":{"rendered":"\t\t<div data-elementor-type=\"wp-page\" data-elementor-id=\"14916\" class=\"elementor elementor-14916\" data-elementor-settings=\"[]\">\n\t\t\t\t\t\t<div class=\"elementor-inner\">\n\t\t\t\t\t\t\t<div class=\"elementor-section-wrap\">\n\t\t\t\t\t\t\t<section class=\"has_ma_el_bg_slider elementor-section elementor-top-section elementor-element elementor-element-174717c0 elementor-section-stretched elementor-section-boxed elementor-section-height-default elementor-section-height-default wpr-particle-no wpr-jarallax-no wpr-parallax-no wpr-sticky-section-no\" data-id=\"174717c0\" data-element_type=\"section\" data-settings=\"{&quot;stretch_section&quot;:&quot;section-stretched&quot;}\">\n\t\t\t\t\t\t<div class=\"elementor-container elementor-column-gap-default\">\n\t\t\t\t\t\t\t<div class=\"elementor-row\">\n\t\t\t\t\t<div class=\"has_ma_el_bg_slider elementor-column elementor-col-100 elementor-top-column elementor-element elementor-element-4ec9e0b0\" data-id=\"4ec9e0b0\" data-element_type=\"column\">\n\t\t\t<div class=\"elementor-column-wrap elementor-element-populated\">\n\t\t\t\t\t\t\t<div class=\"elementor-widget-wrap\">\n\t\t\t\t\t\t<div class=\"elementor-element elementor-element-dd7809d elementor-widget elementor-widget-heading\" data-id=\"dd7809d\" data-element_type=\"widget\" data-widget_type=\"heading.default\">\n\t\t\t\t<div class=\"elementor-widget-container\">\n\t\t\t<h3 class=\"elementor-heading-title elementor-size-default\">Curso Virtual de Imagenolog\u00eda Mamaria - Nivel Avanzado<\/h3>\t\t<\/div>\n\t\t\t\t<\/div>\n\t\t\t\t<div class=\"elementor-element elementor-element-30dde6 elementor-widget elementor-widget-html\" data-id=\"30dde6\" data-element_type=\"widget\" data-widget_type=\"html.default\">\n\t\t\t\t<div class=\"elementor-widget-container\">\n\t\t\t<style>\n    #sidebar,.entry-tag-share,.thim-about-author,.entry-header,.breadcrumbs\n    {\n        display: none;\n    }\n    .wpb_content_element \n    {\n        margin-bottom: 0 !important; \n    }\n     .page-wrap\n    {\n        padding: 0 ; \n    }\n<\/style>\t\t<\/div>\n\t\t\t\t<\/div>\n\t\t\t\t\t\t<\/div>\n\t\t\t\t\t<\/div>\n\t\t<\/div>\n\t\t\t\t\t\t\t\t<\/div>\n\t\t\t\t\t<\/div>\n\t\t<\/section>\n\t\t\t\t<section class=\"has_ma_el_bg_slider elementor-section elementor-top-section elementor-element elementor-element-1130261a elementor-section-stretched elementor-section-boxed elementor-section-height-default elementor-section-height-default wpr-particle-no wpr-jarallax-no wpr-parallax-no wpr-sticky-section-no\" data-id=\"1130261a\" data-element_type=\"section\" data-settings=\"{&quot;stretch_section&quot;:&quot;section-stretched&quot;}\">\n\t\t\t\t\t\t<div class=\"elementor-container elementor-column-gap-default\">\n\t\t\t\t\t\t\t<div class=\"elementor-row\">\n\t\t\t\t\t<div class=\"has_ma_el_bg_slider elementor-column elementor-col-100 elementor-top-column elementor-element elementor-element-27f97b47\" data-id=\"27f97b47\" data-element_type=\"column\">\n\t\t\t<div class=\"elementor-column-wrap elementor-element-populated\">\n\t\t\t\t\t\t\t<div class=\"elementor-widget-wrap\">\n\t\t\t\t\t\t<section class=\"has_ma_el_bg_slider elementor-section elementor-inner-section elementor-element elementor-element-512aa30f elementor-section-boxed elementor-section-height-default elementor-section-height-default wpr-particle-no wpr-jarallax-no wpr-parallax-no wpr-sticky-section-no\" data-id=\"512aa30f\" data-element_type=\"section\">\n\t\t\t\t\t\t<div class=\"elementor-container elementor-column-gap-default\">\n\t\t\t\t\t\t\t<div class=\"elementor-row\">\n\t\t\t\t\t<div class=\"has_ma_el_bg_slider elementor-column elementor-col-66 elementor-inner-column elementor-element elementor-element-1a007b42\" data-id=\"1a007b42\" data-element_type=\"column\">\n\t\t\t<div class=\"elementor-column-wrap elementor-element-populated\">\n\t\t\t\t\t\t\t<div class=\"elementor-widget-wrap\">\n\t\t\t\t\t\t<div class=\"elementor-element elementor-element-5bdef60b elementor-widget elementor-widget-image\" data-id=\"5bdef60b\" data-element_type=\"widget\" data-widget_type=\"image.default\">\n\t\t\t\t<div class=\"elementor-widget-container\">\n\t\t\t\t\t\t\t\t<div class=\"elementor-image\">\n\t\t\t\t\t\t\t\t\t\t\t\t<img width=\"1024\" height=\"488\" src=\"https:\/\/www.ufasta.edu.ar\/distancia\/files\/2020\/08\/FlyerImagMamariaAvanzado2020-2-1024x488.jpg\" class=\"attachment-large size-large\" alt=\"\" loading=\"lazy\" srcset=\"https:\/\/www.ufasta.edu.ar\/distancia\/files\/2020\/08\/FlyerImagMamariaAvanzado2020-2-1024x488.jpg 1024w, https:\/\/www.ufasta.edu.ar\/distancia\/files\/2020\/08\/FlyerImagMamariaAvanzado2020-2-300x143.jpg 300w, https:\/\/www.ufasta.edu.ar\/distancia\/files\/2020\/08\/FlyerImagMamariaAvanzado2020-2-768x366.jpg 768w, https:\/\/www.ufasta.edu.ar\/distancia\/files\/2020\/08\/FlyerImagMamariaAvanzado2020-2-830x396.jpg 830w, https:\/\/www.ufasta.edu.ar\/distancia\/files\/2020\/08\/FlyerImagMamariaAvanzado2020-2-230x110.jpg 230w, https:\/\/www.ufasta.edu.ar\/distancia\/files\/2020\/08\/FlyerImagMamariaAvanzado2020-2-350x167.jpg 350w, https:\/\/www.ufasta.edu.ar\/distancia\/files\/2020\/08\/FlyerImagMamariaAvanzado2020-2-480x229.jpg 480w, https:\/\/www.ufasta.edu.ar\/distancia\/files\/2020\/08\/FlyerImagMamariaAvanzado2020-2.jpg 1240w\" sizes=\"(max-width: 1024px) 100vw, 1024px\" \/>\t\t\t\t\t\t\t\t\t\t\t\t\t\t<\/div>\n\t\t\t\t\t\t<\/div>\n\t\t\t\t<\/div>\n\t\t\t\t<div class=\"elementor-element elementor-element-88c27a5 elementor-widget elementor-widget-heading\" data-id=\"88c27a5\" data-element_type=\"widget\" data-widget_type=\"heading.default\">\n\t\t\t\t<div class=\"elementor-widget-container\">\n\t\t\t<h2 class=\"elementor-heading-title elementor-size-default\">Inscripci\u00f3n Cerrada<\/h2>\t\t<\/div>\n\t\t\t\t<\/div>\n\t\t\t\t<div class=\"elementor-element elementor-element-d978f84 elementor-widget elementor-widget-text-editor\" data-id=\"d978f84\" data-element_type=\"widget\" data-widget_type=\"text-editor.default\">\n\t\t\t\t<div class=\"elementor-widget-container\">\n\t\t\t\t\t\t\t\t<div class=\"elementor-text-editor elementor-clearfix\">\n\t\t\t\t<p><strong>Inicio<\/strong>: 15 de Septiembre del 2020<\/p><p><strong>Directores<\/strong>:\u00a0Dra. Sunny Cambarieri y Dra. Lucrecia Ballarino\u00a0<br \/><strong>Secretarios<\/strong>: Dra. Vanina Bastacini, Dra. Marisela Curros, Dra. Paula Gil y Dr. Mat\u00edas Landi.<\/p>\t\t\t\t\t<\/div>\n\t\t\t\t\t\t<\/div>\n\t\t\t\t<\/div>\n\t\t\t\t<div class=\"elementor-element elementor-element-841b62c elementor-widget elementor-widget-text-editor\" data-id=\"841b62c\" data-element_type=\"widget\" data-widget_type=\"text-editor.default\">\n\t\t\t\t<div class=\"elementor-widget-container\">\n\t\t\t\t\t\t\t\t<div class=\"elementor-text-editor elementor-clearfix\">\n\t\t\t\t<h3>Descripci\u00f3n<\/h3><p>El Curso Virtual de Actualizaci\u00f3n en Im\u00e1genes Mamarias &#8211; Avanzado, organizado y<br \/>coordinado en forma conjunta coordinado en forma conjunta por FAARDIT, SAR y la<br \/>UFASTA, tiene como objetivo principal brindar conocimientos actualizados en el<br \/>estudio de Mama con diferentes m\u00e9todos de diagn\u00f3stico por im\u00e1genes.<\/p><p>Las clases son dictadas por profesores nacionales e internacionales de reconocida<br \/>trayectoria acad\u00e9mica y cient\u00edfica.<br \/>El Curso tiene una duraci\u00f3n total de 12 semanas. Se presenta a trav\u00e9s de 23 clases<br \/>que se van habilitando semanalmente (2 por semana), y al finalizar, el estudiante<br \/>deber\u00e1 rendir un examen final m\u00faltiple choice, para obtener as\u00ed, el certificado de<br \/>aprobaci\u00f3n.<br \/>Destinatarios<br \/>M\u00e9dicos especialistas en diagn\u00f3stico por im\u00e1genes, m\u00e9dicos residentes en<br \/>diagn\u00f3stico por im\u00e1genes, T\u00e9cnicos y Licenciados en Bioim\u00e1genes.<\/p>\t\t\t\t\t<\/div>\n\t\t\t\t\t\t<\/div>\n\t\t\t\t<\/div>\n\t\t\t\t<div class=\"elementor-element elementor-element-5a287731 elementor-widget-divider--view-line elementor-widget elementor-widget-divider\" data-id=\"5a287731\" data-element_type=\"widget\" data-widget_type=\"divider.default\">\n\t\t\t\t<div class=\"elementor-widget-container\">\n\t\t\t\t\t<div class=\"elementor-divider\">\n\t\t\t<span class=\"elementor-divider-separator\">\n\t\t\t\t\t\t<\/span>\n\t\t<\/div>\n\t\t\t\t<\/div>\n\t\t\t\t<\/div>\n\t\t\t\t<div class=\"elementor-element elementor-element-47153d3c elementor-widget elementor-widget-accordion\" data-id=\"47153d3c\" data-element_type=\"widget\" data-widget_type=\"accordion.default\">\n\t\t\t\t<div class=\"elementor-widget-container\">\n\t\t\t\t\t<div class=\"elementor-accordion\" role=\"tablist\">\n\t\t\t\t\t\t\t<div class=\"elementor-accordion-item\">\n\t\t\t\t\t<div id=\"elementor-tab-title-1191\" class=\"elementor-tab-title\" data-tab=\"1\" role=\"tab\" aria-controls=\"elementor-tab-content-1191\" aria-expanded=\"false\">\n\t\t\t\t\t\t\t\t\t\t\t\t\t<span class=\"elementor-accordion-icon elementor-accordion-icon-left\" aria-hidden=\"true\">\n\t\t\t\t\t\t\t\t\t\t\t\t\t\t\t<span class=\"elementor-accordion-icon-closed\"><i class=\"fas fa-plus\"><\/i><\/span>\n\t\t\t\t\t\t\t\t<span class=\"elementor-accordion-icon-opened\"><i class=\"fas fa-minus\"><\/i><\/span>\n\t\t\t\t\t\t\t\t\t\t\t\t\t\t<\/span>\n\t\t\t\t\t\t\t\t\t\t\t\t<a class=\"elementor-accordion-title\" href=\"\">ARANCELES<\/a>\n\t\t\t\t\t<\/div>\n\t\t\t\t\t<div id=\"elementor-tab-content-1191\" class=\"elementor-tab-content elementor-clearfix\" data-tab=\"1\" role=\"tabpanel\" aria-labelledby=\"elementor-tab-title-1191\"><ul><li>$2000 \u2013 Residentes Socios FAARDIT\/SAR<\/li><li>$3000 \u2013 Residentes No Socios<\/li><li>$3500 \u2013 Residentes Extranjeros<\/li><li>$3200 \u2013 Especialistas Socios FAARDIT\/SAR<\/li><li>$4200 \u2013 Especialistas No Socios<\/li><li>$6000 \u2013 Especialistas Extranjeros<\/li><li>$2200 \u2013 T\u00e9cnicos y Licenciados en Bioim\u00e1genes Socios FAARDIT\/SAR<\/li><li>$2500 \u2013 T\u00e9cnicos y Licenciados en Bioim\u00e1genes No Socios<\/li><li>$4500 \u2013 T\u00e9cnicos y Licenciados en Bioim\u00e1genes Sociedades Extranjeras<\/li><\/ul><\/div>\n\t\t\t\t<\/div>\n\t\t\t\t\t\t\t<div class=\"elementor-accordion-item\">\n\t\t\t\t\t<div id=\"elementor-tab-title-1192\" class=\"elementor-tab-title\" data-tab=\"2\" role=\"tab\" aria-controls=\"elementor-tab-content-1192\" aria-expanded=\"false\">\n\t\t\t\t\t\t\t\t\t\t\t\t\t<span class=\"elementor-accordion-icon elementor-accordion-icon-left\" aria-hidden=\"true\">\n\t\t\t\t\t\t\t\t\t\t\t\t\t\t\t<span class=\"elementor-accordion-icon-closed\"><i class=\"fas fa-plus\"><\/i><\/span>\n\t\t\t\t\t\t\t\t<span class=\"elementor-accordion-icon-opened\"><i class=\"fas fa-minus\"><\/i><\/span>\n\t\t\t\t\t\t\t\t\t\t\t\t\t\t<\/span>\n\t\t\t\t\t\t\t\t\t\t\t\t<a class=\"elementor-accordion-title\" href=\"\">CRONOGRAMA DE CLASES<\/a>\n\t\t\t\t\t<\/div>\n\t\t\t\t\t<div id=\"elementor-tab-content-1192\" class=\"elementor-tab-content elementor-clearfix\" data-tab=\"2\" role=\"tabpanel\" aria-labelledby=\"elementor-tab-title-1192\"><ul><li>Clase 1.- 15\/09 \u201cPatolog\u00eda benigna en RNM\u201d. Dra. Gisela Barujel<\/li><li>Clase 2.- 17\/09 \u201cPatolog\u00eda maligna en RNM\u201d. Dra. Paula Gil<\/li><li>Clase 3.- 22\/09 \u201cRNM: difusi\u00f3n y espectroscopia\u201d. Dr. Mat\u00edas Landi<\/li><li>Clase 4.- 24\/09 \u201cResonancia Pre- operatoria en paciente con diagn\u00f3stico reciente de C\u00e1ncer: Es \u00fatil?\u201d Dra. Magaly Garza Montemayor. M\u00e9xico.<\/li><li>Clase 5.- 29\/09 \u201cEvaluaci\u00f3n de la respuesta a la Quimioterapia Neoadyuvante con Resonancia Magn\u00e9tica. Tipos de respuesta\u201d. Dra. Luc\u00eda Beccar Varela.<\/li><li>Clase 6.- 01\/10 \u201cU.S. Segunda mirada. \u00bfC\u00f3mo hacerlo?\u201d. Dra. Romina Moreau.<\/li><li>Clase 7.- 06\/10 \u201cManejo imagenol\u00f3gico de la axila en c\u00e1ncer de mama\u201d. Dr.<br \/>Javier del Riego.<\/li><li>Clase 8.- 08\/10 \u201cTaller de integraci\u00f3n de casos\u201d. Dra. Alejandra Stamponi.<\/li><li>Clase 9.- 13\/10 \u201cEvaluaci\u00f3n imagenol\u00f3gica en pacientes de alto riesgo\u201d. Dra.<br \/>Agustina Acha.<\/li><li>Clase 10.- 15\/10 \u201cCa de mama y embarazo\u201d. Dra. Soledad Del Castillo.<\/li><li>Clase 11.- 20\/10 \u201cMama Operada e Irradiada-Reconstrucci\u00f3n Oncopl\u00e1stica\u201d.<br \/>Dr. Javier Rodr\u00edguez Lucero.<\/li><li>Clase 12- 22\/10 \u201cImagenolog\u00eda de las lesiones premalignas\u201d. Dra. Alejandra<br \/>Varela.<\/li><li>Clase 13- 27\/10 \u201cIntervencionismo Mamario: biopsias por ecograf\u00eda\u201d. Dra.<br \/>Sunny Cambarieri.<\/li><li>Clase 14- 29\/10 \u201cIntervencionismo Mamario por estereotaxia y tomos\u00edntesis\u201d. Dra. Marta Machado.<\/li><li>Clase 15- 03\/11 \u201cIntervencionismo mamario. Punto de vista del pat\u00f3logo\u201d.<br \/>Dra. Alejandra Maciel.<\/li><li>Clase 16- 05\/11 \u201cIntervencionismo mamario. Nuevas t\u00e9cnicas de<br \/>marcaciones pre-operatorias\u201d. Dra. Marcela Uchida.<\/li><li>Clase 17- 10\/11 \u201cClasificaci\u00f3n molecular del c\u00e1ncer de mama y su<br \/>correlaci\u00f3n con las im\u00e1genes\u201d. Dr. Daniel Mysler.<\/li><li>Clase 18- 12\/11 \u201cABUS\u201d. Dra. Ercilia Mothe.<\/li><li>Clase 19- 17\/11 \u201cElastograf\u00eda\u201d. Dra. Lucrecia Ballarino.<\/li><li>Clase 20- 19\/11 \u201cMamograf\u00eda con contraste\u201d. Dra. Flavia Sarquis.<\/li><li>Clase 21- 24\/11 \u201cTomos\u00edntesis\u201d. Dra. Paola Pucci.<\/li><li>Clase 22- 26\/11 \u00abC\u00e1ncer de Mama y Medicina Nuclear\u00bb.\u00a0<i>Dra. Guadalupe Flores Turk<\/i><\/li><li>Clase 23- 01\/12 \u201cInform\u00e1tica. RIS PACS\u201d. Bioingeniero Guillermo Duvens.<\/li><\/ul><p>Examen del 02\/12 al 15\/12<\/p><\/div>\n\t\t\t\t<\/div>\n\t\t\t\t\t\t\t<div class=\"elementor-accordion-item\">\n\t\t\t\t\t<div id=\"elementor-tab-title-1193\" class=\"elementor-tab-title\" data-tab=\"3\" role=\"tab\" aria-controls=\"elementor-tab-content-1193\" aria-expanded=\"false\">\n\t\t\t\t\t\t\t\t\t\t\t\t\t<span class=\"elementor-accordion-icon elementor-accordion-icon-left\" aria-hidden=\"true\">\n\t\t\t\t\t\t\t\t\t\t\t\t\t\t\t<span class=\"elementor-accordion-icon-closed\"><i class=\"fas fa-plus\"><\/i><\/span>\n\t\t\t\t\t\t\t\t<span class=\"elementor-accordion-icon-opened\"><i class=\"fas fa-minus\"><\/i><\/span>\n\t\t\t\t\t\t\t\t\t\t\t\t\t\t<\/span>\n\t\t\t\t\t\t\t\t\t\t\t\t<a class=\"elementor-accordion-title\" href=\"\">INGRESO A LA PLATAFORMA<\/a>\n\t\t\t\t\t<\/div>\n\t\t\t\t\t<div id=\"elementor-tab-content-1193\" class=\"elementor-tab-content elementor-clearfix\" data-tab=\"3\" role=\"tabpanel\" aria-labelledby=\"elementor-tab-title-1193\"><div dir=\"ltr\"><div><span style=\"font-family: arial, sans-serif;\"><b>1. Validar sus datos de acceso por\u00a0\u00fanica vez<\/b>\u00a0(si ya lo hizo previamente, omitir este paso).<\/span><\/div><ul><li><span style=\"font-family: arial, sans-serif;\">Acceder a la Plataforma Administrativa de la Universidad FASTA haciendo clic en este link\u00a0<a rel=\"noopener\" href=\"https:\/\/www13.ufasta.edu.ar\/edist\/login.asp\" target=\"_blank\" data-saferedirecturl=\"https:\/\/www.google.com\/url?q=https:\/\/www13.ufasta.edu.ar\/edist\/login.asp&amp;source=gmail&amp;ust=1600351276914000&amp;usg=AFQjCNER-2JBGfOvL_tKe64EENsdy08OCQ\"><strong>https:\/\/www13.ufasta.edu.<wbr \/>ar\/edist\/login.asp<\/strong><\/a>\u00a0.\u00a0<\/span><\/li><li><span style=\"font-family: arial, sans-serif;\">Ingresar en\u00a0<strong>Mis Inscripciones<\/strong>\u00a0y all\u00ed hacer clic en el\u00a0curso\u00a0correspondiente<\/span>. Esto lo llevar\u00e1\u00a0al\u00a0ingreso de nuestra plataforma Acad\u00e9mica, donde debe hacer clic en \u00ab<strong>CURSOS<\/strong>\u00bb e ingresar su usuario y contrase\u00f1a<strong><em>.<\/em><\/strong><\/li><\/ul><p><b>2. Ingreso a la Plataforma<\/b><\/p><\/div><div dir=\"ltr\"><ul><li><strong><em><span style=\"font-family: arial, sans-serif;\">Luego de verificados los datos, podr\u00e1 ingresar directamente a la plataforma a trav\u00e9s del siguiente link:\u00a0<\/span>\u00a0<a rel=\"noopener\" href=\"https:\/\/ead01.ufasta.edu.ar\/login\/index.php\" target=\"_blank\" data-saferedirecturl=\"https:\/\/www.google.com\/url?q=https:\/\/ead01.ufasta.edu.ar\/login\/index.php&amp;source=gmail&amp;ust=1600351276914000&amp;usg=AFQjCNE1gWemn1egXPTuOwqJ1ITGnS-Lew\"><b>https:\/\/ead01.ufasta.<wbr \/>edu.ar\/login\/index.php<\/b><\/a>\u00a0<\/em><\/strong><\/li><li><span style=\"font-family: arial, sans-serif;\"><strong><em>Hacer clic en \u00abCURSOS\u00bb e ingresar su usuario y contrase\u00f1a.\u00a0\u00a0<\/em><\/strong><\/span><\/li><\/ul><\/div><\/div>\n\t\t\t\t<\/div>\n\t\t\t\t\t\t\t\t<\/div>\n\t\t\t\t<\/div>\n\t\t\t\t<\/div>\n\t\t\t\t<div class=\"elementor-element elementor-element-82464c1 elementor-widget elementor-widget-text-editor\" data-id=\"82464c1\" data-element_type=\"widget\" data-widget_type=\"text-editor.default\">\n\t\t\t\t<div class=\"elementor-widget-container\">\n\t\t\t\t\t\t\t\t<div class=\"elementor-text-editor elementor-clearfix\">\n\t\t\t\t<p>CONSULTAS: \u00a0<a href=\"http:\/\/CONSULTAS: \u00a0extension.medicas@ufasta.edu.ar\" data-wplink-url-error=\"true\">extension.medicas@ufasta.edu.ar<\/a><\/p><div id=\"gtx-trans\" style=\"position: absolute; left: 335px; top: -10px;\"><div class=\"gtx-trans-icon\">\u00a0<\/div><\/div>\t\t\t\t\t<\/div>\n\t\t\t\t\t\t<\/div>\n\t\t\t\t<\/div>\n\t\t\t\t\t\t<\/div>\n\t\t\t\t\t<\/div>\n\t\t<\/div>\n\t\t\t\t<div class=\"has_ma_el_bg_slider elementor-column elementor-col-33 elementor-inner-column elementor-element elementor-element-43aacc5e\" data-id=\"43aacc5e\" data-element_type=\"column\">\n\t\t\t<div class=\"elementor-column-wrap elementor-element-populated\">\n\t\t\t\t\t\t\t<div class=\"elementor-widget-wrap\">\n\t\t\t\t\t\t<div class=\"elementor-element elementor-element-3e538ca3 elementor-widget elementor-widget-text-editor\" data-id=\"3e538ca3\" data-element_type=\"widget\" data-widget_type=\"text-editor.default\">\n\t\t\t\t<div class=\"elementor-widget-container\">\n\t\t\t\t\t\t\t\t<div class=\"elementor-text-editor elementor-clearfix\">\n\t\t\t\t<div class=\"widget widget_nav_menu\"><div class=\" megaWrapper\"><div class=\"widget widget_nav_menu\"><div class=\" megaWrapper\"><div class=\"widget widget_nav_menu\" style=\"text-transform: initial;\"><div class=\" megaWrapper\"><div class=\"entry-content\"><div class=\"vc_row wpb_row vc_row-fluid\"><div class=\"wpb_column vc_column_container vc_col-sm-4\"><div class=\"vc_column-inner \"><div class=\"wpb_wrapper\"><div class=\"vc_wp_custommenu wpb_content_element\"><div class=\"widget widget_nav_menu\"><h2 class=\"widgettitle\">Carreras a distancia<\/h2><div class=\" megaWrapper\"><ul id=\"menu-menu-1\" class=\"menu\"><li class=\"menu-item menu-item-type-post_type menu-item-object-page drop_to_right standard\"><a href=\"https:\/\/www.ufasta.edu.ar\/distancia\/licenciatura-en-educacion\/\"><span data-hover=\"Licenciatura en Educaci\u00f3n\">Licenciatura en Educaci\u00f3n<\/span><\/a><\/li><li class=\"menu-item menu-item-type-post_type menu-item-object-page drop_to_right standard\"><a href=\"https:\/\/www.ufasta.edu.ar\/distancia\/licenciatura-en-educacion-fisica\/\"><span data-hover=\"Licenciatura en Educacion F\u00edsica\">Licenciatura en Educacion F\u00edsica<\/span><\/a><\/li><li class=\"menu-item menu-item-type-post_type menu-item-object-page drop_to_right standard\"><a href=\"https:\/\/www.ufasta.edu.ar\/distancia\/licenciatura-en-ingles\/\"><span data-hover=\"Licenciatura en Ingl\u00e9s\">Licenciatura en Ingl\u00e9s<\/span><\/a><\/li><li class=\"menu-item menu-item-type-post_type menu-item-object-page drop_to_right standard\"><a href=\"https:\/\/www.ufasta.edu.ar\/distancia\/especializacion-educacion\/\"><span data-hover=\"Especializaci\u00f3n en Planificaci\u00f3n y Gesti\u00f3n Estrat\u00e9gica de Proyectos Educativos\">Especializaci\u00f3n en Planificaci\u00f3n y Gesti\u00f3n Estrat\u00e9gica de Proyectos Educativos<\/span><\/a><\/li><li class=\"menu-item menu-item-type-post_type menu-item-object-page drop_to_right standard\"><a href=\"https:\/\/www.ufasta.edu.ar\/distancia\/licenciatura-en-periodismo\/\"><span data-hover=\"Licenciatura en Periodismo\">Licenciatura en Periodismo<\/span><\/a><\/li><li class=\"menu-item menu-item-type-post_type menu-item-object-page drop_to_right standard\"><a href=\"https:\/\/www.ufasta.edu.ar\/distancia\/licenciatura-en-hig-y-seg-en-el-trabajo\/\"><span data-hover=\"Licenciatura en Higiene y Seguridad en el Trabajo\">Licenciatura en Higiene y Seguridad en el Trabajo<\/span><\/a><\/li><li class=\"menu-item menu-item-type-post_type menu-item-object-page drop_to_right standard\"><a href=\"https:\/\/www.ufasta.edu.ar\/distancia\/tecnicatura-en-higiene-y-seguridad-en-el-trabajo-2\/\"><span data-hover=\"Tecnicatura en Higiene y Seguridad en el Trabajo\">Tecnicatura en Higiene y Seguridad en el Trabajo<\/span><\/a><\/li><li class=\"menu-item menu-item-type-post_type menu-item-object-page drop_to_right standard\"><a href=\"https:\/\/www.ufasta.edu.ar\/distancia\/carreras\/contador-publico-distancia-2\/\"><span data-hover=\"Contador P\u00fablico\">Contador P\u00fablico<\/span><\/a><\/li><li class=\"menu-item menu-item-type-post_type menu-item-object-page drop_to_right standard\"><a href=\"https:\/\/www.ufasta.edu.ar\/distancia\/licenciatura-en-recursos-humanos\/\"><span data-hover=\"Licenciatura en Recursos Humanos\">Licenciatura en Recursos Humanos<\/span><\/a><\/li><li class=\"menu-item menu-item-type-post_type menu-item-object-page drop_to_right standard\"><a href=\"https:\/\/www.ufasta.edu.ar\/distancia\/licenciatura-en-turismo\/\"><span data-hover=\"Licenciatura en Turismo\">Licenciatura en Turismo<\/span><\/a><\/li><li class=\"menu-item menu-item-type-post_type menu-item-object-page drop_to_right standard\"><a href=\"https:\/\/www.ufasta.edu.ar\/distancia\/licenciatura-en-marketing\/\"><span data-hover=\"Licenciatura en Marketing\">Licenciatura en Marketing<\/span><\/a><\/li><li class=\"menu-item menu-item-type-post_type menu-item-object-page drop_to_right standard\"><a href=\"https:\/\/www.ufasta.edu.ar\/distancia\/licenciatura-en-administracion\/\"><span data-hover=\"Licenciatura en Administraci\u00f3n\">Licenciatura en Administraci\u00f3n<\/span><\/a><\/li><li class=\"menu-item menu-item-type-post_type menu-item-object-page drop_to_right standard\"><a href=\"https:\/\/www.ufasta.edu.ar\/distancia\/tecnicatura-en-adm-de-pymes\/\"><span data-hover=\"Tecnicatura en Administraci\u00f3n de PYMES\">Tecnicatura en Administraci\u00f3n de PYMES<\/span><\/a><\/li><li class=\"menu-item menu-item-type-custom menu-item-object-custom drop_to_right standard\"><a href=\"https:\/\/www.ufasta.edu.ar\/humanidades\/carreras\/licenciatura-en-educacion-religiosa\/\"><span data-hover=\"Licenciatura en Educaci\u00f3n Religiosa\">Licenciatura en Educaci\u00f3n Religiosa<\/span><\/a><\/li><li class=\"menu-item menu-item-type-post_type menu-item-object-page drop_to_right standard\"><a href=\"https:\/\/www.ufasta.edu.ar\/distancia\/abogacia-distancia\/\"><span data-hover=\"Abogacia Distancia\">Abogacia Distancia<\/span><\/a><\/li><li class=\"menu-item menu-item-type-post_type menu-item-object-page drop_to_right standard\"><a href=\"https:\/\/www.ufasta.edu.ar\/distancia\/martillero-y-corredor-publico-dist\/\"><span data-hover=\"Martillero y Corredor P\u00fablico\">Martillero y Corredor P\u00fablico<\/span><\/a><\/li><li class=\"menu-item menu-item-type-post_type menu-item-object-page drop_to_right standard\"><a href=\"https:\/\/www.ufasta.edu.ar\/distancia\/licenciatura-en-archivologia\/\"><span data-hover=\"Licenciatura en Archivolog\u00eda\">Licenciatura en Archivolog\u00eda<\/span><\/a><\/li><li class=\"menu-item menu-item-type-post_type menu-item-object-page drop_to_right standard\"><a href=\"https:\/\/www.ufasta.edu.ar\/distancia\/licenciatura-en-seguridad-ciudadana\/\"><span data-hover=\"Licenciatura en Seguridad Ciudadana\">Licenciatura en Seguridad Ciudadana<\/span><\/a><\/li><\/ul><\/div><\/div><\/div><\/div><\/div><\/div><\/div><\/div><\/div><\/div><\/div><\/div><\/div><\/div>\t\t\t\t\t<\/div>\n\t\t\t\t\t\t<\/div>\n\t\t\t\t<\/div>\n\t\t\t\t\t\t<\/div>\n\t\t\t\t\t<\/div>\n\t\t<\/div>\n\t\t\t\t\t\t\t\t<\/div>\n\t\t\t\t\t<\/div>\n\t\t<\/section>\n\t\t\t\t\t\t<\/div>\n\t\t\t\t\t<\/div>\n\t\t<\/div>\n\t\t\t\t\t\t\t\t<\/div>\n\t\t\t\t\t<\/div>\n\t\t<\/section>\n\t\t\t\t\t\t<\/div>\n\t\t\t\t\t\t<\/div>\n\t\t\t\t\t<\/div>\n\t\t","protected":false},"excerpt":{"rendered":"<p>Curso Virtual de Imagenolog\u00eda Mamaria &#8211; Nivel Avanzado Inscripci\u00f3n Cerrada Inicio: 15 de Septiembre del 2020 Directores:\u00a0Dra. Sunny Cambarieri y Dra. Lucrecia Ballarino\u00a0Secretarios: Dra. Vanina Bastacini, Dra. Marisela Curros, Dra. Paula Gil y Dr. Mat\u00edas Landi. Descripci\u00f3n El Curso Virtual de Actualizaci\u00f3n en Im\u00e1genes Mamarias &#8211; Avanzado, organizado ycoordinado en forma conjunta coordinado en forma [&hellip;]<\/p>\n","protected":false},"author":114,"featured_media":0,"parent":0,"menu_order":0,"comment_status":"closed","ping_status":"closed","template":"","meta":[],"_links":{"self":[{"href":"https:\/\/www.ufasta.edu.ar\/distancia\/wp-json\/wp\/v2\/pages\/14916"}],"collection":[{"href":"https:\/\/www.ufasta.edu.ar\/distancia\/wp-json\/wp\/v2\/pages"}],"about":[{"href":"https:\/\/www.ufasta.edu.ar\/distancia\/wp-json\/wp\/v2\/types\/page"}],"author":[{"embeddable":true,"href":"https:\/\/www.ufasta.edu.ar\/distancia\/wp-json\/wp\/v2\/users\/114"}],"replies":[{"embeddable":true,"href":"https:\/\/www.ufasta.edu.ar\/distancia\/wp-json\/wp\/v2\/comments?post=14916"}],"version-history":[{"count":25,"href":"https:\/\/www.ufasta.edu.ar\/distancia\/wp-json\/wp\/v2\/pages\/14916\/revisions"}],"predecessor-version":[{"id":15563,"href":"https:\/\/www.ufasta.edu.ar\/distancia\/wp-json\/wp\/v2\/pages\/14916\/revisions\/15563"}],"wp:attachment":[{"href":"https:\/\/www.ufasta.edu.ar\/distancia\/wp-json\/wp\/v2\/media?parent=14916"}],"curies":[{"name":"wp","href":"https:\/\/api.w.org\/{rel}","templated":true}]}}