{"id":10445,"date":"2018-11-12T14:33:45","date_gmt":"2018-11-12T14:33:45","guid":{"rendered":"https:\/\/www.ufasta.edu.ar\/edist\/?page_id=10445"},"modified":"2019-10-02T15:29:25","modified_gmt":"2019-10-02T15:29:25","slug":"curso-de-actualizacion-principios-basicos-de-nutrigenomica","status":"publish","type":"page","link":"https:\/\/www.ufasta.edu.ar\/distancia\/curso-de-actualizacion-principios-basicos-de-nutrigenomica\/","title":{"rendered":"Curso de Actualizaci\u00f3n Principios B\u00e1sicos de Nutrigen\u00f3mica"},"content":{"rendered":"<p>[vc_row][vc_column width=\u00bb5\/6&#8243;][vc_single_image image=\u00bb10449&#8243; img_size=\u00bbfull\u00bb][vc_separator color=\u00bbcustom\u00bb accent_color=\u00bb#eeee22&#8243;][vc_cta h2=\u00bbInscripci\u00f3n cerrada\u00bb h2_font_container=\u00bbcolor:%23666666&#8243; h2_google_fonts=\u00bbfont_family:Droid%20Sans%3Aregular%2C700|font_style:700%20bold%20regular%3A700%3Anormal\u00bb h4_google_fonts=\u00bbfont_family:Droid%20Sans%3Aregular%2C700|font_style:400%20regular%3A400%3Anormal\u00bb txt_align=\u00bbcenter\u00bb shape=\u00bbround\u00bb style=\u00bbflat\u00bb color=\u00bbchino\u00bb use_custom_fonts_h2=\u00bbtrue\u00bb use_custom_fonts_h4=\u00bbtrue\u00bb][\/vc_cta][vc_column_text]<\/p>\n<h3 id=\"content-internas-requisitos-insc-titulo\"><span style=\"color: #ffcc00\">Inscripci\u00f3n On-Line<\/span><\/h3>\n<div id=\"content-internas\" style=\"text-align: justify\">\n<div id=\"content-internas-requisitos-insc\">\n<div id=\"content-internas-requisitos-insc-texto\">\n<p>Para inscribirse al Curso deber\u00e1 completar el formulario de PREINSCRIPCI\u00d3N, haciendo click<br \/>\nsobre la categor\u00eda correspondiente:<\/p>\n<p>&nbsp;<\/p>\n<p>Una vez realizada la carga de sus datos personales, usted recibir\u00e1 un mail al correo electr\u00f3nico que dej\u00f3 registrado en el formulario, con los pasos para poder abonar.<\/p>\n<h3><span style=\"color: #ffcc00\">Descripci\u00f3n<\/span><\/h3>\n<\/div>\n<\/div>\n<div id=\"content-internas-texto\">\n<p><strong>Nutrigen\u00f3mica<\/strong> surge despu\u00e9s de la lectura del genoma humano y es una ciencia que se divide en nutrigen\u00e9tica y nutrigen\u00f3mica. Estudia la interrelaci\u00f3n entre genes, medio ambiente y la dieta. Hace unos a\u00f1os que ha comenzado a formar parte de las curr\u00edculas de los planes de estudio en universidades, sobre todo de M\u00e9xico y Brasil.<\/p>\n<p>Se ha avanzado en temas de investigaci\u00f3n y relaci\u00f3n con patolog\u00edas cr\u00f3nicas como son obesidad, diabetes, hipertensi\u00f3n y cardiovascular. Este curso tiene como prop\u00f3sito ense\u00f1ar sobre los conceptos b\u00e1sicos de esta nueva disciplina y los ingredientes bioactivos que forman parte de los alimentos que se comercializan como saludables o funcionales que se pueden utilizar en gen\u00f3mica nutricional. Durante esta importante capacitaci\u00f3n se ver\u00e1n distintas definiciones y sus alcances, \u00faltimas novedades de nuevos alimentos y legislaciones tanto en Europa y Estados Unidos.<\/p>\n<p>El curso se realizar\u00e1 a distancia, con apoyo en la plataforma virtual Moodle se utilizar\u00e1n trabajos cient\u00edficos, power point con audio,\u00a0 videos editados con ejemplos de desarrollos de sitios de universidades.<\/p>\n<h3><span style=\"color: #ffcc00\">Disertante <\/span><\/h3>\n<\/div>\n<div id=\"content-internas-texto\">\n<p><strong>Esther Santana.<\/strong> Licenciada en Nutrici\u00f3n y M\u00e1ster en Comercializaci\u00f3n Estrat\u00e9gica. Docente de Marketing Nutricional y autora de los libros \u201cMarketing de Alimentos\u201d y \u201cVadem\u00e9cum Nutricional-Alimentos Funcionales\u201d. Se desempe\u00f1\u00f3 como gerente de productos en John Wyeth Laboratorios y Mead Johnson Nutricionales. Editora del blog Nutrimarketing.<\/p>\n<\/div>\n<\/div>\n<h3 id=\"content-internas-titulo\" style=\"text-align: justify\"><span style=\"color: #ffcc00\">Duraci\u00f3n &#8211; Cronograma<\/span><\/h3>\n<p>5 m\u00f3dulos extendidos en el mes, cada dos m\u00f3dulos habr\u00e1 cuestionarios de autoevaluaci\u00f3n.<\/p>\n<table style=\"height: 424px\">\n<tbody>\n<tr style=\"height: 56px\">\n<td style=\"width: 80px;height: 56px\"><strong>M\u00f3dulo<\/strong><\/td>\n<td style=\"width: 533px;height: 56px\"><strong>Contenido<\/strong><\/td>\n<\/tr>\n<tr style=\"height: 56px\">\n<td style=\"width: 80px;height: 56px\">1<\/td>\n<td style=\"width: 533px;height: 56px\">Introducci\u00f3n a la gen\u00e9tica<\/td>\n<\/tr>\n<tr style=\"height: 96px\">\n<td style=\"width: 80px;height: 96px\">2<\/td>\n<td style=\"width: 533px;height: 96px\">Enfermedades gen\u00e9ticas y aplicaciones de la gen\u00e9tica para prevenci\u00f3n.<\/p>\n<p><em>Cuestionario de autoevaluaci\u00f3n<\/em><\/td>\n<\/tr>\n<tr style=\"height: 56px\">\n<td style=\"width: 80px;height: 56px\">3<\/td>\n<td style=\"width: 533px;height: 56px\">Fundamentos de Gen\u00f3mica Nutricional<\/td>\n<\/tr>\n<tr style=\"height: 104px\">\n<td style=\"width: 80px;height: 104px\">4<\/td>\n<td style=\"width: 533px;height: 104px\">Ingredientes bioactivos aplicado a nuevos alimentos para patolog\u00edas seleccionadas.<\/p>\n<p><em>Cuestionario de autoevaluaci\u00f3n<\/em><\/td>\n<\/tr>\n<tr style=\"height: 56px\">\n<td style=\"width: 80px;height: 56px\">5<\/td>\n<td style=\"width: 533px;height: 56px\">Responsabilidad, \u00e9tica y cultura<\/td>\n<\/tr>\n<\/tbody>\n<\/table>\n<div id=\"content-internas-texto\" style=\"text-align: justify\"><\/div>\n<h3 id=\"content-internas-titulo\" style=\"text-align: justify\"><span style=\"color: #ffcc00\">Aranceles<\/span><\/h3>\n<div id=\"content-internas-texto\" style=\"text-align: justify\">\n<p>Un \u00fanico pago de:<\/p>\n<ul>\n<li>$2000 estudiante, docente, graduado Universidad FASTA.<\/li>\n<li>$2300 Socios Asociaci\u00f3n Argentina de Dietistas y Nutricionistas Dietistas (AADYND)<\/li>\n<li>$2500 estudiante, docente, graduado en Nutrici\u00f3n o carreras afines.<\/li>\n<\/ul>\n<\/div>\n<p>[\/vc_column_text][vc_cta h2=\u00bbCONSULTAS\u00bb h2_font_container=\u00bbcolor:%23f4dc22&#8243; h2_google_fonts=\u00bbfont_family:Droid%20Sans%3Aregular%2C700|font_style:400%20regular%3A400%3Anormal\u00bb style=\u00bb3d\u00bb color=\u00bbgrey\u00bb use_custom_fonts_h2=\u00bbtrue\u00bb]Envianos un mail a: extension.medicas@ufasta.edu.ar[\/vc_cta][\/vc_column][vc_column width=\u00bb1\/6&#8243;][\/vc_column][\/vc_row]<\/p>\n","protected":false},"excerpt":{"rendered":"<p>[vc_row][vc_column width=\u00bb5\/6&#8243;][vc_single_image image=\u00bb10449&#8243; img_size=\u00bbfull\u00bb][vc_separator color=\u00bbcustom\u00bb accent_color=\u00bb#eeee22&#8243;][vc_cta h2=\u00bbInscripci\u00f3n cerrada\u00bb h2_font_container=\u00bbcolor:%23666666&#8243; h2_google_fonts=\u00bbfont_family:Droid%20Sans%3Aregular%2C700|font_style:700%20bold%20regular%3A700%3Anormal\u00bb h4_google_fonts=\u00bbfont_family:Droid%20Sans%3Aregular%2C700|font_style:400%20regular%3A400%3Anormal\u00bb txt_align=\u00bbcenter\u00bb shape=\u00bbround\u00bb style=\u00bbflat\u00bb color=\u00bbchino\u00bb use_custom_fonts_h2=\u00bbtrue\u00bb use_custom_fonts_h4=\u00bbtrue\u00bb][\/vc_cta][vc_column_text] Inscripci\u00f3n On-Line Para inscribirse al Curso deber\u00e1 completar el formulario de PREINSCRIPCI\u00d3N, haciendo click sobre la categor\u00eda correspondiente: &nbsp; Una vez realizada la carga de sus datos personales, usted recibir\u00e1 un mail al correo electr\u00f3nico que dej\u00f3 registrado [&hellip;]<\/p>\n","protected":false},"author":63,"featured_media":0,"parent":0,"menu_order":0,"comment_status":"closed","ping_status":"closed","template":"","meta":[],"_links":{"self":[{"href":"https:\/\/www.ufasta.edu.ar\/distancia\/wp-json\/wp\/v2\/pages\/10445"}],"collection":[{"href":"https:\/\/www.ufasta.edu.ar\/distancia\/wp-json\/wp\/v2\/pages"}],"about":[{"href":"https:\/\/www.ufasta.edu.ar\/distancia\/wp-json\/wp\/v2\/types\/page"}],"author":[{"embeddable":true,"href":"https:\/\/www.ufasta.edu.ar\/distancia\/wp-json\/wp\/v2\/users\/63"}],"replies":[{"embeddable":true,"href":"https:\/\/www.ufasta.edu.ar\/distancia\/wp-json\/wp\/v2\/comments?post=10445"}],"version-history":[{"count":1,"href":"https:\/\/www.ufasta.edu.ar\/distancia\/wp-json\/wp\/v2\/pages\/10445\/revisions"}],"predecessor-version":[{"id":11865,"href":"https:\/\/www.ufasta.edu.ar\/distancia\/wp-json\/wp\/v2\/pages\/10445\/revisions\/11865"}],"wp:attachment":[{"href":"https:\/\/www.ufasta.edu.ar\/distancia\/wp-json\/wp\/v2\/media?parent=10445"}],"curies":[{"name":"wp","href":"https:\/\/api.w.org\/{rel}","templated":true}]}}