{"id":182,"date":"2023-10-10T20:36:14","date_gmt":"2023-10-10T20:36:14","guid":{"rendered":"https:\/\/www.ufasta.edu.ar\/charlasonlineufasta\/?page_id=182"},"modified":"2024-02-21T21:50:11","modified_gmt":"2024-02-21T21:50:11","slug":"formulario","status":"publish","type":"page","link":"https:\/\/www.ufasta.edu.ar\/charlasonlineufasta\/formulario\/","title":{"rendered":"Formulario"},"content":{"rendered":"\t\t<div data-elementor-type=\"wp-page\" data-elementor-id=\"182\" class=\"elementor elementor-182\" data-elementor-settings=\"[]\">\n\t\t\t\t\t\t\t<div class=\"elementor-section-wrap\">\n\t\t\t\t\t\t\t<section class=\"has_ma_el_bg_slider elementor-section elementor-top-section elementor-element elementor-element-26add15 elementor-section-stretched elementor-section-boxed elementor-section-height-default elementor-section-height-default\" data-id=\"26add15\" data-element_type=\"section\" data-settings=\"{&quot;stretch_section&quot;:&quot;section-stretched&quot;,&quot;background_background&quot;:&quot;classic&quot;}\">\n\t\t\t\t\t\t<div class=\"elementor-container elementor-column-gap-default\">\n\t\t\t\t\t<div class=\"has_ma_el_bg_slider elementor-column elementor-col-33 elementor-top-column elementor-element elementor-element-122b79d\" data-id=\"122b79d\" data-element_type=\"column\">\n\t\t\t<div class=\"elementor-widget-wrap\">\n\t\t\t\t\t\t\t\t\t<\/div>\n\t\t<\/div>\n\t\t\t\t<div class=\"has_ma_el_bg_slider elementor-column elementor-col-33 elementor-top-column elementor-element elementor-element-a4d9156\" data-id=\"a4d9156\" data-element_type=\"column\">\n\t\t\t<div class=\"elementor-widget-wrap elementor-element-populated\">\n\t\t\t\t\t\t\t\t<div class=\"elementor-element elementor-element-8bbcd84 elementor-widget elementor-widget-heading\" data-id=\"8bbcd84\" data-element_type=\"widget\" data-widget_type=\"heading.default\">\n\t\t\t\t<div class=\"elementor-widget-container\">\n\t\t\t<style>\/*! elementor - v3.5.0 - 12-12-2021 *\/\n.elementor-heading-title{padding:0;margin:0;line-height:1}.elementor-widget-heading .elementor-heading-title[class*=elementor-size-]>a{color:inherit;font-size:inherit;line-height:inherit}.elementor-widget-heading .elementor-heading-title.elementor-size-small{font-size:15px}.elementor-widget-heading .elementor-heading-title.elementor-size-medium{font-size:19px}.elementor-widget-heading .elementor-heading-title.elementor-size-large{font-size:29px}.elementor-widget-heading .elementor-heading-title.elementor-size-xl{font-size:39px}.elementor-widget-heading .elementor-heading-title.elementor-size-xxl{font-size:59px}<\/style><h3 class=\"elementor-heading-title elementor-size-default\">Carrera en la que est\u00e1s interesado\/a<\/h3>\t\t<\/div>\n\t\t\t\t<\/div>\n\t\t\t\t<div class=\"elementor-element elementor-element-6f5c86d elementor-widget elementor-widget-ma-contact-form-7\" data-id=\"6f5c86d\" data-element_type=\"widget\" data-widget_type=\"ma-contact-form-7.default\">\n\t\t\t\t<div class=\"elementor-widget-container\">\n\t\t\t\t\t\t\t<div class=\"master-addons-cf7 ma-cf ma-cf-1 master-addons-cf7-6f5c86d\">\n\t\t\t\t\t<div role=\"form\" class=\"wpcf7\" id=\"wpcf7-f57-o1\" lang=\"es-ES\" dir=\"ltr\">\n<div class=\"screen-reader-response\"><\/div>\n<form action=\"\/charlasonlineufasta\/wp-json\/wp\/v2\/pages\/182#wpcf7-f57-o1\" method=\"post\" class=\"wpcf7-form\" novalidate=\"novalidate\">\n<div style=\"display: none;\">\n<input type=\"hidden\" name=\"_wpcf7\" value=\"57\" \/>\n<input type=\"hidden\" name=\"_wpcf7_version\" value=\"5.1.1\" \/>\n<input type=\"hidden\" name=\"_wpcf7_locale\" value=\"es_ES\" \/>\n<input type=\"hidden\" name=\"_wpcf7_unit_tag\" value=\"wpcf7-f57-o1\" \/>\n<input type=\"hidden\" name=\"_wpcf7_container_post\" value=\"0\" \/>\n<input type=\"hidden\" name=\"g-recaptcha-response\" value=\"\" \/>\n<\/div>\n<div class=\"columnas\">\n<div class=\"column\">\n        <label for=\"nombre\">Nombre:<br \/>\n         <span class=\"wpcf7-form-control-wrap NOMBRE\"><input type=\"text\" name=\"NOMBRE\" value=\"\" size=\"40\" class=\"wpcf7-form-control wpcf7-text wpcf7-validates-as-required\" aria-required=\"true\" aria-invalid=\"false\" \/><\/span><\/label>\n    <\/div>\n<div class=\"column\">\n        <label for=\"apellido\">Apellido:<br \/>\n        <span class=\"wpcf7-form-control-wrap APELLIDO\"><input type=\"text\" name=\"APELLIDO\" value=\"\" size=\"40\" class=\"wpcf7-form-control wpcf7-text wpcf7-validates-as-required\" aria-required=\"true\" aria-invalid=\"false\" \/><\/span><\/label>\n    <\/div>\n<\/div>\n<div class=\"columnas\">\n<div class=\"column\">\n        <label> Dni<br \/>\n            <span class=\"wpcf7-form-control-wrap DNI\"><input type=\"text\" name=\"DNI\" value=\"\" size=\"40\" class=\"wpcf7-form-control wpcf7-text wpcf7-validates-as-required\" aria-required=\"true\" aria-invalid=\"false\" \/><\/span> <\/label>\n    <\/div>\n<div class=\"column\">\n        <label> Provincia<br \/>\n            <span class=\"wpcf7-form-control-wrap PROCINVIA\"><input type=\"text\" name=\"PROCINVIA\" value=\"\" size=\"40\" class=\"wpcf7-form-control wpcf7-text wpcf7-validates-as-required\" aria-required=\"true\" aria-invalid=\"false\" \/><\/span> <\/label>\n    <\/div>\n<div class=\"column\">\n        <label> Localidad<br \/>\n            <span class=\"wpcf7-form-control-wrap LOCALIDAD\"><input type=\"text\" name=\"LOCALIDAD\" value=\"\" size=\"40\" class=\"wpcf7-form-control wpcf7-text wpcf7-validates-as-required\" aria-required=\"true\" aria-invalid=\"false\" \/><\/span> <\/label>\n    <\/div>\n<\/div>\n<div class=\"columnas\">\n<div class=\"column\">\n        <label> Telefono<br \/>\n            <span class=\"wpcf7-form-control-wrap TELEFONO\"><input type=\"tel\" name=\"TELEFONO\" value=\"\" size=\"40\" class=\"wpcf7-form-control wpcf7-text wpcf7-tel wpcf7-validates-as-required wpcf7-validates-as-tel\" aria-required=\"true\" aria-invalid=\"false\" \/><\/span> <\/label>\n    <\/div>\n<div class=\"column\">\n        <label> Email<br \/>\n            <span class=\"wpcf7-form-control-wrap EMAIL\"><input type=\"email\" name=\"EMAIL\" value=\"\" size=\"40\" class=\"wpcf7-form-control wpcf7-text wpcf7-email wpcf7-validates-as-required wpcf7-validates-as-email\" aria-required=\"true\" aria-invalid=\"false\" \/><\/span> <\/label>\n    <\/div>\n<\/div>\n<div>\n<div>\n        <label> \u00bfEst\u00e1s inscripto a la carrera?<br \/>\n            <span class=\"wpcf7-form-control-wrap INSCRIPTO\"><select name=\"INSCRIPTO\" class=\"wpcf7-form-control wpcf7-select wpcf7-validates-as-required\" aria-required=\"true\" aria-invalid=\"false\"><option value=\"SI\">SI<\/option><option value=\"NO\">NO<\/option><\/select><\/span> <\/label>\n    <\/div>\n<\/div>\n<p><label>Carrera en la que est\u00e1s interesado\/inscripto<br\/><br \/>\n <span class=\"wpcf7-form-control-wrap CARRERAS\"><select name=\"CARRERAS\" class=\"wpcf7-form-control wpcf7-select wpcf7-validates-as-required\" aria-required=\"true\" aria-invalid=\"false\"><option value=\"\">---<\/option><option value=\"Contador P\u00fablico\">Contador P\u00fablico<\/option><option value=\"Licenciatura En Recursos Humanos\">Licenciatura En Recursos Humanos<\/option><option value=\"Licenciatura En Turismo\">Licenciatura En Turismo<\/option><option value=\"Licenciatura En Marketing\">Licenciatura En Marketing<\/option><option value=\"Tecnicatura Universitaria En Administraci\u00f3n De Pymes\">Tecnicatura Universitaria En Administraci\u00f3n De Pymes<\/option><option value=\"Licenciatura En Administraci\u00f3n De Empresas\">Licenciatura En Administraci\u00f3n De Empresas<\/option><option value=\"Tecnicatura En Higiene Y Seguridad En El Trabajo\">Tecnicatura En Higiene Y Seguridad En El Trabajo<\/option><option value=\"Licenciatura En Higiene Y Seguridad En El Trabajo\">Licenciatura En Higiene Y Seguridad En El Trabajo<\/option><option value=\"Martillero Y Corredor P\u00fablico\">Martillero Y Corredor P\u00fablico<\/option><option value=\"Abogacia\">Abogacia<\/option><option value=\"Licenciatura En Archivolog\u00eda\">Licenciatura En Archivolog\u00eda<\/option><option value=\"Licenciatura En Seguridad Ciudadana\">Licenciatura En Seguridad Ciudadana<\/option><option value=\"Licenciatura En Educaci\u00f3n F\u00edsica\">Licenciatura En Educaci\u00f3n F\u00edsica<\/option><option value=\"Licenciatura En Ingl\u00e9s\">Licenciatura En Ingl\u00e9s<\/option><option value=\"Licenciatura En Educaci\u00f3n\">Licenciatura En Educaci\u00f3n<\/option><option value=\"Licenciatura En Periodismo\">Licenciatura En Periodismo<\/option><option value=\"Licenciatura En Educaci\u00f3n Religiosa\">Licenciatura En Educaci\u00f3n Religiosa<\/option><option value=\"Licenciatura en Gesti\u00f3n del Talento Humano - Ciclo Complementario\">Licenciatura en Gesti\u00f3n del Talento Humano - Ciclo Complementario<\/option><option value=\"Licenciatura en Corretaje Inmobiliario - Ciclo Complementaci\u00f3n Curricular\">Licenciatura en Corretaje Inmobiliario - Ciclo Complementaci\u00f3n Curricular<\/option><option value=\"Licenciatura en Dise\u00f1o y Comunicaci\u00f3n Transmedia - Ciclo Complementario\">Licenciatura en Dise\u00f1o y Comunicaci\u00f3n Transmedia - Ciclo Complementario<\/option><option value=\"Tecnicatura en Seguridad Ciudadana\">Tecnicatura en Seguridad Ciudadana<\/option><option value=\"Licenciatura en Psicopedagog\u00eda\">Licenciatura en Psicopedagog\u00eda<\/option><option value=\"Licenciatura en Ciberseguridad\">Licenciatura en Ciberseguridad<\/option><option value=\"Licenciatura en Tecnolog\u00eda Educativa\">Licenciatura en Tecnolog\u00eda Educativa<\/option><option value=\"Tecnicatura Universitaria en Gastronom\u00eda\">Tecnicatura Universitaria en Gastronom\u00eda<\/option><option value=\"Licenciatura en Desarrollo de Negocios Digitales\">Licenciatura en Desarrollo de Negocios Digitales<\/option><option value=\"Licenciatura en Comunicaci\u00f3n Social\">Licenciatura en Comunicaci\u00f3n Social<\/option><option value=\"Tecnicatura Universitaria en Turismo\">Tecnicatura Universitaria en Turismo<\/option><option value=\"Tecnicatura Universitaria en Hoteler\u00eda\">Tecnicatura Universitaria en Hoteler\u00eda<\/option><option value=\"Licenciatura en Ingl\u00e9s\">Licenciatura en Ingl\u00e9s<\/option><option value=\"Licenciatura en Pedagog\u00eda de la Educaci\u00f3n Religiosa\">Licenciatura en Pedagog\u00eda de la Educaci\u00f3n Religiosa<\/option><option value=\"Tec. en Acompa\u00f1ante Terapeutico\">Tec. en Acompa\u00f1ante Terapeutico<\/option><option value=\"Tec. Universitaria en Gastronom\u00eda\">Tec. Universitaria en Gastronom\u00eda<\/option><option value=\"Lic. en Publicidad y Narrativas Transmedia\">Lic. en Publicidad y Narrativas Transmedia<\/option><option value=\"Lic. en Gesti\u00f3n de la Comunicaci\u00f3n Estr\u00e9gica\">Lic. en Gesti\u00f3n de la Comunicaci\u00f3n Estr\u00e9gica<\/option><\/select><\/span><\/label><\/p>\n<p> <label>Charla en la que te inscrib\u00eds<br\/><br\/><br \/>\n <span class=\"wpcf7-form-control-wrap CHARLAS\"><select name=\"CHARLAS\" class=\"wpcf7-form-control wpcf7-select wpcf7-validates-as-required\" aria-required=\"true\" aria-invalid=\"false\"><option value=\"\">---<\/option><option value=\"Contador P\u00fablico\">Contador P\u00fablico<\/option><option value=\"Licenciatura En Recursos Humanos\">Licenciatura En Recursos Humanos<\/option><option value=\"Licenciatura En Turismo\">Licenciatura En Turismo<\/option><option value=\"Licenciatura En Marketing\">Licenciatura En Marketing<\/option><option value=\"Tecnicatura Universitaria En Administraci\u00f3n De Pymes\">Tecnicatura Universitaria En Administraci\u00f3n De Pymes<\/option><option value=\"Licenciatura En Administraci\u00f3n De Empresas\">Licenciatura En Administraci\u00f3n De Empresas<\/option><option value=\"Tecnicatura En Higiene Y Seguridad En El Trabajo\">Tecnicatura En Higiene Y Seguridad En El Trabajo<\/option><option value=\"Licenciatura En Higiene Y Seguridad En El Trabajo\">Licenciatura En Higiene Y Seguridad En El Trabajo<\/option><option value=\"Martillero Y Corredor P\u00fablico\">Martillero Y Corredor P\u00fablico<\/option><option value=\"Abogacia\">Abogacia<\/option><option value=\"Licenciatura En Archivolog\u00eda\">Licenciatura En Archivolog\u00eda<\/option><option value=\"Licenciatura En Seguridad Ciudadana\">Licenciatura En Seguridad Ciudadana<\/option><option value=\"Licenciatura En Educaci\u00f3n F\u00edsica\">Licenciatura En Educaci\u00f3n F\u00edsica<\/option><option value=\"Licenciatura En Ingl\u00e9s\">Licenciatura En Ingl\u00e9s<\/option><option value=\"Licenciatura En Educaci\u00f3n\">Licenciatura En Educaci\u00f3n<\/option><option value=\"Licenciatura En Periodismo\">Licenciatura En Periodismo<\/option><option value=\"Licenciatura En Educaci\u00f3n Religiosa\">Licenciatura En Educaci\u00f3n Religiosa<\/option><option value=\"Licenciatura en Gesti\u00f3n del Talento Humano - Ciclo Complementario\">Licenciatura en Gesti\u00f3n del Talento Humano - Ciclo Complementario<\/option><option value=\"Licenciatura en Corretaje Inmobiliario - Ciclo Complementaci\u00f3n Curricular\">Licenciatura en Corretaje Inmobiliario - Ciclo Complementaci\u00f3n Curricular<\/option><option value=\"Licenciatura en Dise\u00f1o y Comunicaci\u00f3n Transmedia - Ciclo Complementario\">Licenciatura en Dise\u00f1o y Comunicaci\u00f3n Transmedia - Ciclo Complementario<\/option><option value=\"Tecnicatura en Seguridad Ciudadana\">Tecnicatura en Seguridad Ciudadana<\/option><option value=\"Licenciatura en Psicopedagog\u00eda\">Licenciatura en Psicopedagog\u00eda<\/option><option value=\"Licenciatura en Ciberseguridad (solo ingresantes)\">Licenciatura en Ciberseguridad (solo ingresantes)<\/option><option value=\"Licenciatura en Tecnolog\u00eda Educativa\">Licenciatura en Tecnolog\u00eda Educativa<\/option><option value=\"Tecnicatura Universitaria en Gastronom\u00eda\">Tecnicatura Universitaria en Gastronom\u00eda<\/option><option value=\"Licenciatura en Desarrollo de Negocios Digitales\">Licenciatura en Desarrollo de Negocios Digitales<\/option><option value=\"Licenciatura en Comunicaci\u00f3n Social\">Licenciatura en Comunicaci\u00f3n Social<\/option><option value=\"Tecnicatura Universitaria en Turismo\">Tecnicatura Universitaria en Turismo<\/option><option value=\"Tecnicatura Universitaria en Hoteler\u00eda\">Tecnicatura Universitaria en Hoteler\u00eda<\/option><option value=\"Licenciatura en Ingl\u00e9s\">Licenciatura en Ingl\u00e9s<\/option><option value=\"Licenciatura en Pedagog\u00eda de la Educaci\u00f3n Religiosa\">Licenciatura en Pedagog\u00eda de la Educaci\u00f3n Religiosa<\/option><option value=\"Tec. en Acompa\u00f1ante Terapeutico\">Tec. en Acompa\u00f1ante Terapeutico<\/option><option value=\"Tec. Universitaria en Gastronom\u00eda\">Tec. Universitaria en Gastronom\u00eda<\/option><option value=\"Lic. en Publicidad y Narrativas Transmedia\">Lic. en Publicidad y Narrativas Transmedia<\/option><option value=\"Lic. en Gesti\u00f3n de la Comunicaci\u00f3n Estr\u00e9gica\">Lic. en Gesti\u00f3n de la Comunicaci\u00f3n Estr\u00e9gica<\/option><\/select><\/span> <\/label><\/p>\n<p>   <input type=\"submit\" value=\"Enviar\" class=\"wpcf7-form-control wpcf7-submit\" \/><\/p>\n<div class=\"wpcf7-response-output wpcf7-display-none\"><\/div><\/form><\/div>\t\t\t\t<\/div>\n\t\t<\/div>\n\t\t\t\t<\/div>\n\t\t\t\t<div class=\"elementor-element elementor-element-ea71a57 elementor-widget elementor-widget-html\" data-id=\"ea71a57\" data-element_type=\"widget\" data-widget_type=\"html.default\">\n\t\t\t\t<div class=\"elementor-widget-container\">\n\t\t\t<style>\r\n    .columnas {\r\n        display: flex;\r\n        justify-content: space-around;\r\n    }\r\n    \r\n    .column {\r\n        flex: 1;\r\n        margin-right: 10px;\r\n    }    \r\n    \r\n    .page-wrap\r\n    {\r\n\t\t\tpadding-top: 0 !important;\t\r\n\t\t}\r\n\t.elementor-182 .elementor-element.elementor-element-6f5c86d .master-addons-cf7 .wpcf7-form input[type=\"submit\"]\r\n\t{\r\n\t    border-radius: 13px;\r\n    padding: 7px 31px;\r\n\t}\r\n\t.wpcf7-form-control \r\n\t{\r\n\t        border-radius: 6px;\r\n\t}\r\n\t\r\n\t.ma-cf label\r\n\t{\r\n\t    font-weight: bold;\r\n\t}\r\n\t\r\n\r\n@media (max-width: 768px) {\r\n    .wpcf7-form-control \r\n\t\t{\r\n\t\t\t    width: 100%;\r\n\t\t}\r\n\t.columnas {\r\n        display: block;\r\n        justify-content: space-around;\r\n    }\r\n}\r\n\r\n<\/style>\t\t<\/div>\n\t\t\t\t<\/div>\n\t\t\t\t\t<\/div>\n\t\t<\/div>\n\t\t\t\t<div class=\"has_ma_el_bg_slider elementor-column elementor-col-33 elementor-top-column elementor-element elementor-element-e957c0a\" data-id=\"e957c0a\" data-element_type=\"column\">\n\t\t\t<div class=\"elementor-widget-wrap\">\n\t\t\t\t\t\t\t\t\t<\/div>\n\t\t<\/div>\n\t\t\t\t\t\t\t<\/div>\n\t\t<\/section>\n\t\t\t\t\t\t<\/div>\n\t\t\t\t\t<\/div>\n\t\t","protected":false},"excerpt":{"rendered":"<p>Carrera en la que est\u00e1s interesado\/a Nombre: Apellido: Dni Provincia Localidad Telefono Email \u00bfEst\u00e1s inscripto a la carrera? SINO Carreras &#8212;Contador P\u00fablicoLicenciatura En Recursos HumanosLicenciatura En TurismoLicenciatura En MarketingTecnicatura Universitaria En Administraci\u00f3n De PymesLicenciatura En Administraci\u00f3n De EmpresasTecnicatura En Higiene Y Seguridad En El TrabajoLicenciatura En Higiene Y Seguridad En El TrabajoMartillero Y Corredor P\u00fablicoAbogaciaLicenciatura&#8230;<\/p>\n","protected":false},"author":114,"featured_media":0,"parent":0,"menu_order":0,"comment_status":"closed","ping_status":"closed","template":"elementor_header_footer","meta":[],"yoast_head":"<!-- This site is optimized with the Yoast SEO plugin v14.4.1 - https:\/\/yoast.com\/wordpress\/plugins\/seo\/ -->\n<title>Formulario - Charlas Online UFASTA<\/title>\n<meta name=\"robots\" content=\"index, follow\" \/>\n<meta name=\"googlebot\" content=\"index, follow, max-snippet:-1, max-image-preview:large, max-video-preview:-1\" \/>\n<meta name=\"bingbot\" content=\"index, follow, max-snippet:-1, max-image-preview:large, max-video-preview:-1\" \/>\n<link rel=\"canonical\" href=\"https:\/\/www.ufasta.edu.ar\/charlasonlineufasta\/formulario\/\" \/>\n<meta property=\"og:locale\" content=\"es_ES\" \/>\n<meta property=\"og:type\" content=\"article\" \/>\n<meta property=\"og:title\" content=\"Formulario - Charlas Online UFASTA\" \/>\n<meta property=\"og:description\" content=\"Carrera en la que est\u00e1s interesado\/a Nombre: Apellido: Dni Provincia Localidad Telefono Email \u00bfEst\u00e1s inscripto a la carrera? SINO Carreras &#8212;Contador P\u00fablicoLicenciatura En Recursos HumanosLicenciatura En TurismoLicenciatura En MarketingTecnicatura Universitaria En Administraci\u00f3n De PymesLicenciatura En Administraci\u00f3n De EmpresasTecnicatura En Higiene Y Seguridad En El TrabajoLicenciatura En Higiene Y Seguridad En El TrabajoMartillero Y Corredor P\u00fablicoAbogaciaLicenciatura...\" \/>\n<meta property=\"og:url\" content=\"https:\/\/www.ufasta.edu.ar\/charlasonlineufasta\/formulario\/\" \/>\n<meta property=\"og:site_name\" content=\"Charlas Online UFASTA\" \/>\n<meta property=\"article:modified_time\" content=\"2024-02-21T21:50:11+00:00\" \/>\n<meta name=\"twitter:card\" content=\"summary_large_image\" \/>\n<script type=\"application\/ld+json\" class=\"yoast-schema-graph\">{\"@context\":\"https:\/\/schema.org\",\"@graph\":[{\"@type\":\"WebSite\",\"@id\":\"https:\/\/www.ufasta.edu.ar\/charlasonlineufasta\/#website\",\"url\":\"https:\/\/www.ufasta.edu.ar\/charlasonlineufasta\/\",\"name\":\"Charlas Online UFASTA\",\"description\":\"Otro sitio m\\u00e1s de Universidad FASTA\",\"potentialAction\":[{\"@type\":\"SearchAction\",\"target\":\"https:\/\/www.ufasta.edu.ar\/charlasonlineufasta\/?s={search_term_string}\",\"query-input\":\"required name=search_term_string\"}],\"inLanguage\":\"es\"},{\"@type\":\"WebPage\",\"@id\":\"https:\/\/www.ufasta.edu.ar\/charlasonlineufasta\/formulario\/#webpage\",\"url\":\"https:\/\/www.ufasta.edu.ar\/charlasonlineufasta\/formulario\/\",\"name\":\"Formulario - Charlas Online UFASTA\",\"isPartOf\":{\"@id\":\"https:\/\/www.ufasta.edu.ar\/charlasonlineufasta\/#website\"},\"datePublished\":\"2023-10-10T20:36:14+00:00\",\"dateModified\":\"2024-02-21T21:50:11+00:00\",\"inLanguage\":\"es\",\"potentialAction\":[{\"@type\":\"ReadAction\",\"target\":[\"https:\/\/www.ufasta.edu.ar\/charlasonlineufasta\/formulario\/\"]}]}]}<\/script>\n<!-- \/ Yoast SEO plugin. -->","_links":{"self":[{"href":"https:\/\/www.ufasta.edu.ar\/charlasonlineufasta\/wp-json\/wp\/v2\/pages\/182"}],"collection":[{"href":"https:\/\/www.ufasta.edu.ar\/charlasonlineufasta\/wp-json\/wp\/v2\/pages"}],"about":[{"href":"https:\/\/www.ufasta.edu.ar\/charlasonlineufasta\/wp-json\/wp\/v2\/types\/page"}],"author":[{"embeddable":true,"href":"https:\/\/www.ufasta.edu.ar\/charlasonlineufasta\/wp-json\/wp\/v2\/users\/114"}],"replies":[{"embeddable":true,"href":"https:\/\/www.ufasta.edu.ar\/charlasonlineufasta\/wp-json\/wp\/v2\/comments?post=182"}],"version-history":[{"count":91,"href":"https:\/\/www.ufasta.edu.ar\/charlasonlineufasta\/wp-json\/wp\/v2\/pages\/182\/revisions"}],"predecessor-version":[{"id":840,"href":"https:\/\/www.ufasta.edu.ar\/charlasonlineufasta\/wp-json\/wp\/v2\/pages\/182\/revisions\/840"}],"wp:attachment":[{"href":"https:\/\/www.ufasta.edu.ar\/charlasonlineufasta\/wp-json\/wp\/v2\/media?parent=182"}],"curies":[{"name":"wp","href":"https:\/\/api.w.org\/{rel}","templated":true}]}}