{"id":1532,"date":"2019-02-19T16:43:06","date_gmt":"2019-02-19T16:43:06","guid":{"rendered":"https:\/\/www.ufasta.edu.ar\/biblioteca32\/?page_id=1532"},"modified":"2024-12-16T18:44:15","modified_gmt":"2024-12-16T18:44:15","slug":"capacitacion-e-investigacion","status":"publish","type":"page","link":"https:\/\/www.ufasta.edu.ar\/biblioteca\/capacitacion-e-investigacion\/","title":{"rendered":"Capacitaci\u00f3n e investigaci\u00f3n bibliogr\u00e1fica"},"content":{"rendered":"\t\t<div data-elementor-type=\"wp-page\" data-elementor-id=\"1532\" class=\"elementor elementor-1532\" data-elementor-settings=\"[]\">\n\t\t\t\t\t\t<div class=\"elementor-inner\">\n\t\t\t\t\t\t\t<div class=\"elementor-section-wrap\">\n\t\t\t\t\t\t\t<section class=\"has_ma_el_bg_slider elementor-section elementor-top-section elementor-element elementor-element-11eb1a5e elementor-section-stretched elementor-section-full_width elementor-section-height-default elementor-section-height-default\" data-id=\"11eb1a5e\" data-element_type=\"section\" data-settings=\"{&quot;stretch_section&quot;:&quot;section-stretched&quot;}\">\n\t\t\t\t\t\t<div class=\"elementor-container elementor-column-gap-default\">\n\t\t\t\t\t\t\t<div class=\"elementor-row\">\n\t\t\t\t\t<div class=\"has_ma_el_bg_slider elementor-column elementor-col-33 elementor-top-column elementor-element elementor-element-692859bd imagen-capacitaciones elementor-invisible\" data-id=\"692859bd\" data-element_type=\"column\" data-settings=\"{&quot;animation&quot;:&quot;fadeInLeft&quot;}\">\n\t\t\t<div class=\"elementor-column-wrap elementor-element-populated\">\n\t\t\t\t\t\t\t<div class=\"elementor-widget-wrap\">\n\t\t\t\t\t\t<div class=\"elementor-element elementor-element-bc7b7a7 elementor-widget elementor-widget-image\" data-id=\"bc7b7a7\" data-element_type=\"widget\" data-widget_type=\"image.default\">\n\t\t\t\t<div class=\"elementor-widget-container\">\n\t\t\t\t\t\t\t\t<div class=\"elementor-image\">\n\t\t\t\t\t\t\t\t\t\t\t\t<img width=\"640\" height=\"958\" src=\"https:\/\/www.ufasta.edu.ar\/biblioteca\/files\/2024\/10\/imagen-capacitaciones.jpg\" class=\"attachment-medium_large size-medium_large\" alt=\"\" loading=\"lazy\" \/>\t\t\t\t\t\t\t\t\t\t\t\t\t\t<\/div>\n\t\t\t\t\t\t<\/div>\n\t\t\t\t<\/div>\n\t\t\t\t\t\t<\/div>\n\t\t\t\t\t<\/div>\n\t\t<\/div>\n\t\t\t\t<div class=\"has_ma_el_bg_slider elementor-column elementor-col-66 elementor-top-column elementor-element elementor-element-4b8ea07\" data-id=\"4b8ea07\" data-element_type=\"column\">\n\t\t\t<div class=\"elementor-column-wrap elementor-element-populated\">\n\t\t\t\t\t\t\t<div class=\"elementor-widget-wrap\">\n\t\t\t\t\t\t<section class=\"has_ma_el_bg_slider elementor-section elementor-inner-section elementor-element elementor-element-c78876f elementor-section-boxed elementor-section-height-default elementor-section-height-default\" data-id=\"c78876f\" data-element_type=\"section\">\n\t\t\t\t\t\t<div class=\"elementor-container elementor-column-gap-default\">\n\t\t\t\t\t\t\t<div class=\"elementor-row\">\n\t\t\t\t\t<div class=\"has_ma_el_bg_slider elementor-column elementor-col-100 elementor-inner-column elementor-element elementor-element-7157775 elementor-invisible\" data-id=\"7157775\" data-element_type=\"column\" data-settings=\"{&quot;background_background&quot;:&quot;classic&quot;,&quot;animation&quot;:&quot;fadeInRight&quot;}\">\n\t\t\t<div class=\"elementor-column-wrap elementor-element-populated\">\n\t\t\t\t\t\t\t<div class=\"elementor-widget-wrap\">\n\t\t\t\t\t\t<div class=\"elementor-element elementor-element-428dcc7 elementor-widget elementor-widget-heading\" data-id=\"428dcc7\" data-element_type=\"widget\" data-settings=\"{&quot;_animation&quot;:&quot;none&quot;,&quot;_animation_tablet&quot;:&quot;none&quot;}\" data-widget_type=\"heading.default\">\n\t\t\t\t<div class=\"elementor-widget-container\">\n\t\t\t<h2 class=\"elementor-heading-title elementor-size-default\">Capacitaciones<\/h2>\t\t<\/div>\n\t\t\t\t<\/div>\n\t\t\t\t<div class=\"elementor-element elementor-element-71c0e9a elementor-widget elementor-widget-text-editor\" data-id=\"71c0e9a\" data-element_type=\"widget\" data-widget_type=\"text-editor.default\">\n\t\t\t\t<div class=\"elementor-widget-container\">\n\t\t\t\t\t\t\t\t<div class=\"elementor-text-editor elementor-clearfix\">\n\t\t\t\t<p>A trav\u00e9s de nuestro equipo de Bibliotecarios profesionales, ofrecemos diferentes capacitaciones respecto al uso de recursos de informaci\u00f3n y publicaci\u00f3n cient\u00edfica. Entre las tem\u00e1ticas incluidas, la c\u00e1tedra o \u00e1rea que desee, puede solicitar charlas presenciales o virtuales sobre:<\/p>\n\n<ul>\n \t<li>Uso de herramientas completas de plataformas suscriptas tales como Eureka (de M\u00e9dica Panamericana) y Hammurabi.<\/li>\n \t<li>Modelos de citaci\u00f3n y referencias bibliogr\u00e1ficas estilo APA o Vancouver.<\/li>\n \t<li>B\u00fasqueda de informaci\u00f3n online en bases de datos, repositorios y directorios de revistas de acceso abierto.<\/li>\n \t<li>Recorrido y charlas a ingresantes sobre la colecci\u00f3n bibliogr\u00e1fica f\u00edsica y digital, junto con los servicios que ofrece la Biblioteca. Presentaciones personalizadas de acuerdo a la carrera de los estudiantes y sus intereses.<\/li>\n<\/ul>\n<p>En caso de querer solicitar alguna de las charlas, puede comunicarse a trav\u00e9s del mail de la biblioteca <<a href=\"mailto:biblioteca@ufasta.edu.ar\" target=\"_blank\"  rel=\"nofollow\" >biblioteca@ufasta.edu.ar<\/a>>\n\n<p><b>B\u00fasqueda bibliogr\u00e1fica personalizada<\/b><\/p>\n<p> Destinado a investigadores, tesistas o estudiantes en instancias evaluativas, ofrecemos b\u00fasquedas tem\u00e1ticas a trav\u00e9s de revistas de acceso abierto y repositorios institucionales. Quien necesite una b\u00fasqueda personalizada, pueden comunicarse v\u00eda mail a <<a href=\"mailto:biblioteca@ufasta.edu.ar\" target=\"_blank\"  rel=\"nofollow\" >biblioteca@ufasta.edu.ar<\/a>>; indicando tema delimitado, facultad y carrera.<\/p>\n\n\t\t\t\t\t<\/div>\n\t\t\t\t\t\t<\/div>\n\t\t\t\t<\/div>\n\t\t\t\t\t\t<\/div>\n\t\t\t\t\t<\/div>\n\t\t<\/div>\n\t\t\t\t\t\t\t\t<\/div>\n\t\t\t\t\t<\/div>\n\t\t<\/section>\n\t\t\t\t\t\t<\/div>\n\t\t\t\t\t<\/div>\n\t\t<\/div>\n\t\t\t\t\t\t\t\t<\/div>\n\t\t\t\t\t<\/div>\n\t\t<\/section>\n\t\t\t\t\t\t<\/div>\n\t\t\t\t\t\t<\/div>\n\t\t\t\t\t<\/div>\n\t\t","protected":false},"excerpt":{"rendered":"<p>\nCapacitaciones<br \/>\nA trav\u00e9s de nuestro equipo de Bibliotecarios profesionales, ofrecemos diferentes capacitaciones respecto al uso de recursos de informaci\u00f3n y publicaci\u00f3n cient\u00edfica. Entre las tem\u00e1ticas incluidas, la c\u00e1tedra o \u00e1rea que desee, puede solicitar charlas presenciales o virtuales sobre:<br \n<\/p>\n","protected":false},"author":114,"featured_media":0,"parent":0,"menu_order":0,"comment_status":"closed","ping_status":"closed","template":"","meta":[],"rttpg_featured_image_url":null,"rttpg_author":{"display_name":"","author_link":"https:\/\/www.ufasta.edu.ar\/biblioteca\/author\/"},"rttpg_comment":0,"rttpg_category":null,"rttpg_excerpt":"Capacitaciones A trav\u00e9s de nuestro equipo de Bibliotecarios profesionales, ofrecemos diferentes capacitaciones respecto al uso de recursos de informaci\u00f3n y publicaci\u00f3n cient\u00edfica. Entre las tem\u00e1ticas incluidas, la c\u00e1tedra o \u00e1rea que desee, puede solicitar charlas presenciales o virtuales sobre:","_links":{"self":[{"href":"https:\/\/www.ufasta.edu.ar\/biblioteca\/wp-json\/wp\/v2\/pages\/1532"}],"collection":[{"href":"https:\/\/www.ufasta.edu.ar\/biblioteca\/wp-json\/wp\/v2\/pages"}],"about":[{"href":"https:\/\/www.ufasta.edu.ar\/biblioteca\/wp-json\/wp\/v2\/types\/page"}],"author":[{"embeddable":true,"href":"https:\/\/www.ufasta.edu.ar\/biblioteca\/wp-json\/wp\/v2\/users\/114"}],"replies":[{"embeddable":true,"href":"https:\/\/www.ufasta.edu.ar\/biblioteca\/wp-json\/wp\/v2\/comments?post=1532"}],"version-history":[{"count":140,"href":"https:\/\/www.ufasta.edu.ar\/biblioteca\/wp-json\/wp\/v2\/pages\/1532\/revisions"}],"predecessor-version":[{"id":3968,"href":"https:\/\/www.ufasta.edu.ar\/biblioteca\/wp-json\/wp\/v2\/pages\/1532\/revisions\/3968"}],"wp:attachment":[{"href":"https:\/\/www.ufasta.edu.ar\/biblioteca\/wp-json\/wp\/v2\/media?parent=1532"}],"curies":[{"name":"wp","href":"https:\/\/api.w.org\/{rel}","templated":true}]}}