{"id":1522,"date":"2019-02-19T16:40:21","date_gmt":"2019-02-19T16:40:21","guid":{"rendered":"https:\/\/www.ufasta.edu.ar\/biblioteca32\/?page_id=1522"},"modified":"2025-05-21T16:20:07","modified_gmt":"2025-05-21T16:20:07","slug":"repositorio-institucional-redi","status":"publish","type":"page","link":"https:\/\/www.ufasta.edu.ar\/biblioteca\/repositorio-institucional-redi\/","title":{"rendered":"Repositorio institucional REDI"},"content":{"rendered":"\t\t<div data-elementor-type=\"wp-page\" data-elementor-id=\"1522\" class=\"elementor elementor-1522\" data-elementor-settings=\"[]\">\n\t\t\t\t\t\t<div class=\"elementor-inner\">\n\t\t\t\t\t\t\t<div class=\"elementor-section-wrap\">\n\t\t\t\t\t\t\t<section class=\"has_ma_el_bg_slider elementor-section elementor-top-section elementor-element elementor-element-73701196 elementor-section-stretched elementor-section-boxed elementor-section-height-default elementor-section-height-default\" data-id=\"73701196\" data-element_type=\"section\" data-settings=\"{&quot;stretch_section&quot;:&quot;section-stretched&quot;}\">\n\t\t\t\t\t\t<div class=\"elementor-container elementor-column-gap-default\">\n\t\t\t\t\t\t\t<div class=\"elementor-row\">\n\t\t\t\t\t<div class=\"has_ma_el_bg_slider elementor-column elementor-col-100 elementor-top-column elementor-element elementor-element-ff15e7a\" data-id=\"ff15e7a\" data-element_type=\"column\" data-settings=\"{&quot;background_background&quot;:&quot;classic&quot;}\">\n\t\t\t<div class=\"elementor-column-wrap elementor-element-populated\">\n\t\t\t\t\t\t\t<div class=\"elementor-widget-wrap\">\n\t\t\t\t\t\t<div class=\"elementor-element elementor-element-700187a3 elementor-widget elementor-widget-text-editor\" data-id=\"700187a3\" data-element_type=\"widget\" data-widget_type=\"text-editor.default\">\n\t\t\t\t<div class=\"elementor-widget-container\">\n\t\t\t\t\t\t\t\t<div class=\"elementor-text-editor elementor-clearfix\">\n\t\t\t\t<p>La Universidad FASTA, en conjunto con la Biblioteca, dispone de un Repositorio Institucional donde re\u00fane toda la producci\u00f3n acad\u00e9mica y cient\u00edfica de estudiantes, docentes e investigadores. Pod\u00e9s consultar trabajos de graduaci\u00f3n, libros, jornadas, etc. desde la Colecci\u00f3n de cada Facultad o realizar b\u00fasquedas por t\u00edtulo o autor.\u00a0<\/p><p>Para acceder al repositorio, pod\u00e9s hacer click en el siguiente <a rel=\"noopener\" href=\"https:\/\/dspace.ufasta.edu.ar\/home\" target=\"_blank\" rel=\"nofollow\" >enlace<\/a><\/p>\t\t\t\t\t<\/div>\n\t\t\t\t\t\t<\/div>\n\t\t\t\t<\/div>\n\t\t\t\t\t\t<\/div>\n\t\t\t\t\t<\/div>\n\t\t<\/div>\n\t\t\t\t\t\t\t\t<\/div>\n\t\t\t\t\t<\/div>\n\t\t<\/section>\n\t\t\t\t\t\t<\/div>\n\t\t\t\t\t\t<\/div>\n\t\t\t\t\t<\/div>\n\t\t","protected":false},"excerpt":{"rendered":"<p>La Universidad FASTA, en conjunto con la Biblioteca, dispone de un Repositorio Institucional donde re\u00fane toda la producci\u00f3n acad\u00e9mica y cient\u00edfica de estudiantes, docentes e investigadores. Pod\u00e9s consultar trabajos de graduaci\u00f3n, libros, jornadas, etc. desde la Colecci\u00f3n de cada Facultad <\/p>\n","protected":false},"author":114,"featured_media":0,"parent":0,"menu_order":0,"comment_status":"closed","ping_status":"closed","template":"","meta":[],"rttpg_featured_image_url":null,"rttpg_author":{"display_name":"","author_link":"https:\/\/www.ufasta.edu.ar\/biblioteca\/author\/"},"rttpg_comment":0,"rttpg_category":null,"rttpg_excerpt":"La Universidad FASTA, en conjunto con la Biblioteca, dispone de un Repositorio Institucional donde re\u00fane toda la producci\u00f3n acad\u00e9mica y cient\u00edfica de estudiantes, docentes e investigadores. Pod\u00e9s consultar trabajos de graduaci\u00f3n, libros, jornadas, etc. desde la Colecci\u00f3n de cada Facultad","_links":{"self":[{"href":"https:\/\/www.ufasta.edu.ar\/biblioteca\/wp-json\/wp\/v2\/pages\/1522"}],"collection":[{"href":"https:\/\/www.ufasta.edu.ar\/biblioteca\/wp-json\/wp\/v2\/pages"}],"about":[{"href":"https:\/\/www.ufasta.edu.ar\/biblioteca\/wp-json\/wp\/v2\/types\/page"}],"author":[{"embeddable":true,"href":"https:\/\/www.ufasta.edu.ar\/biblioteca\/wp-json\/wp\/v2\/users\/114"}],"replies":[{"embeddable":true,"href":"https:\/\/www.ufasta.edu.ar\/biblioteca\/wp-json\/wp\/v2\/comments?post=1522"}],"version-history":[{"count":22,"href":"https:\/\/www.ufasta.edu.ar\/biblioteca\/wp-json\/wp\/v2\/pages\/1522\/revisions"}],"predecessor-version":[{"id":4126,"href":"https:\/\/www.ufasta.edu.ar\/biblioteca\/wp-json\/wp\/v2\/pages\/1522\/revisions\/4126"}],"wp:attachment":[{"href":"https:\/\/www.ufasta.edu.ar\/biblioteca\/wp-json\/wp\/v2\/media?parent=1522"}],"curies":[{"name":"wp","href":"https:\/\/api.w.org\/{rel}","templated":true}]}}