{"id":1520,"date":"2019-02-19T16:40:04","date_gmt":"2019-02-19T16:40:04","guid":{"rendered":"https:\/\/www.ufasta.edu.ar\/biblioteca32\/?page_id=1520"},"modified":"2024-12-23T12:22:20","modified_gmt":"2024-12-23T12:22:20","slug":"circulacion-y-prestamo","status":"publish","type":"page","link":"https:\/\/www.ufasta.edu.ar\/biblioteca\/circulacion-y-prestamo\/","title":{"rendered":"Circulaci\u00f3n y pr\u00e9stamo"},"content":{"rendered":"\t\t<div data-elementor-type=\"wp-page\" data-elementor-id=\"1520\" class=\"elementor elementor-1520\" data-elementor-settings=\"[]\">\n\t\t\t\t\t\t<div class=\"elementor-inner\">\n\t\t\t\t\t\t\t<div class=\"elementor-section-wrap\">\n\t\t\t\t\t\t\t<section class=\"has_ma_el_bg_slider elementor-section elementor-top-section elementor-element elementor-element-204f54d6 elementor-section-stretched elementor-section-boxed elementor-section-height-default elementor-section-height-default\" data-id=\"204f54d6\" data-element_type=\"section\" data-settings=\"{&quot;stretch_section&quot;:&quot;section-stretched&quot;}\">\n\t\t\t\t\t\t<div class=\"elementor-container elementor-column-gap-default\">\n\t\t\t\t\t\t\t<div class=\"elementor-row\">\n\t\t\t\t\t<div class=\"has_ma_el_bg_slider elementor-column elementor-col-100 elementor-top-column elementor-element elementor-element-539a2d4f\" data-id=\"539a2d4f\" data-element_type=\"column\">\n\t\t\t<div class=\"elementor-column-wrap elementor-element-populated\">\n\t\t\t\t\t\t\t<div class=\"elementor-widget-wrap\">\n\t\t\t\t\t\t<div class=\"elementor-element elementor-element-cd0112f elementor-widget elementor-widget-html\" data-id=\"cd0112f\" data-element_type=\"widget\" data-widget_type=\"html.default\">\n\t\t\t\t<div class=\"elementor-widget-container\">\n\t\t\t<!DOCTYPE html>\r\n<html lang=\"en\">\r\n\r\n<head>\r\n    <meta charset=\"UTF-8\">\r\n    <meta name=\"viewport\" content=\"width=device-width, initial-scale=1.0\">\r\n    <link rel=\"stylesheet\" href=\"style.css\">\r\n    <title>Document<\/title>\r\n<\/head>\r\n\r\n<body class=\"body-circulacion\">\r\n    <section class=\"library-services\">\r\n        <h1 class=\"h1-section\">Pr\u00e9stamo y Devoluci\u00f3n<\/h1>\r\n        <p class=\"intro\">La Biblioteca ofrece servicio de pr\u00e9stamo con diferente modalidad de acuerdo al tipo de usuario\r\n            y material bibliogr\u00e1fico.<\/p>\r\n\r\n        <div class=\"section\">\r\n            <h2 class=\"h2-section\">Tipos de Usuario<\/h2>\r\n            <div class=\"user\">\r\n                <img src=\"https:\/\/www.ufasta.edu.ar\/biblioteca\/files\/2024\/12\/1.png\" alt=\"Estudiantes\">\r\n                <p><strong>Estudiantes:<\/strong> Los estudiantes activos podr\u00e1n acceder a todos los servicios ofrecidos\r\n                    por la biblioteca.<\/p>\r\n            <\/div>\r\n            <div class=\"user\">\r\n                <img src=\"https:\/\/www.ufasta.edu.ar\/biblioteca\/files\/2024\/12\/2.png\" alt=\"Graduados\">\r\n                <p><strong>Graduados:<\/strong> Solo podr\u00e1n consultar material en sala.<\/p>\r\n            <\/div>\r\n            <div class=\"user\">\r\n                <img src=\"https:\/\/www.ufasta.edu.ar\/biblioteca\/files\/2024\/12\/3.png\" alt=\"Docentes\">\r\n                <p><strong>Docentes:<\/strong> Tienen acceso a todos los servicios y productos de la Biblioteca.<\/p>\r\n            <\/div>\r\n            <div class=\"user\">\r\n                <img src=\"https:\/\/www.ufasta.edu.ar\/biblioteca\/files\/2024\/12\/4.png\" alt=\"Personal\">\r\n                <p><strong>Personal:<\/strong> Derechos y obligaciones iguales a estudiantes y docentes.<\/p>\r\n            <\/div>\r\n            <div class=\"user\">\r\n                <img src=\"https:\/\/www.ufasta.edu.ar\/biblioteca\/files\/2024\/12\/5.png\" alt=\"Alumnos intercambio\">\r\n                <p><strong>Alumnos de intercambio:<\/strong> Acceso a todos los servicios, limitado al per\u00edodo de\r\n                    intercambio.<\/p>\r\n            <\/div>\r\n        <\/div>\r\n\r\n\r\n\r\n        <div class=\"section\">\r\n            <h2 class=\"h2-section\">Tipo de Material Bibliogr\u00e1fico<\/h2>\r\n            <div class=\"material\">\r\n            <h3 class=\"h3-material\">Fondo General<\/h3>\r\n                <p>Pr\u00e9stamo por 15 d\u00edas, m\u00e1ximo de 5 ejemplares. Requiere DNI f\u00edsico o digital.<\/p>\r\n            <\/div>\r\n            <div class=\"material\">\r\n                <h3 class=\"h3-material\">Ejemplares de Consulta<\/h3>\r\n                <p>Material reservado para sala, prestable de forma excepcional durante el d\u00eda.<\/p>\r\n            <\/div>\r\n            <div class=\"material\">\r\n                <h3 class=\"h3-material\">Materiales Especiales<\/h3>\r\n                <ul class=\"lista-material\">\r\n                    <li><strong>Trabajos finales:<\/strong> Consultar en <a class=\"link\"\r\n                            href=\"http:\/\/redi.ufasta.edu.ar:8082\/jspui\/\" target=\"_blank\"  rel=\"nofollow\" >REDI<\/a>.<\/li>\r\n                    <li><strong>Publicaciones peri\u00f3dicas:<\/strong> Consulta en sala o pr\u00e9stamo excepcional.<\/li>\r\n                    <li><strong>Tests:<\/strong> Alquiler arancelado con renovaci\u00f3n \u00fanica.<\/li>\r\n                <\/ul>\r\n            <\/div>\r\n        <\/div>\r\n\r\n        <div class=\"section\">\r\n            <h2 class=\"h2-section\">Renovaci\u00f3n<\/h2>\r\n            <p>Pr\u00e9stamos renovables hasta 10 veces por 15 d\u00edas cada una. Despu\u00e9s, el material debe retornar a la\r\n                biblioteca. Las renovaciones pueden realizarse por:<\/p>\r\n            <ul class=\"contact-options\">\r\n                <li>Personalmente: Gasc\u00f3n 3145 \u2013 Planta Baja<\/li>\r\n                <li>Tel\u00e9fono: (0223) 499-5200<\/li>\r\n                <li>Correo electr\u00f3nico: <a class=\"link\" href=\"mailto:biblioteca@ufasta.edu.ar\" target=\"_blank\"  rel=\"nofollow\" >biblioteca@ufasta.edu.ar<\/a><\/li>\r\n                <li>WhatsApp: <a class=\"link\" href=\"https:\/\/wa.me\/5492236799909\" target=\"_blank\"  rel=\"nofollow\" >+5492236799909<\/a><\/li>\r\n            <\/ul>\r\n        <\/div>\r\n\r\n        <div class=\"section\">\r\n            <h2 class=\"h2-section\">Reservas<\/h2>\r\n            <p>Reserva materiales en pr\u00e9stamo con el servicio de \"lista de espera\". Notificaci\u00f3n al estar disponible,\r\n                con plazo de 24 hs para retirarlo. Reserva por:<\/p>\r\n            <ul class=\"contact-options\">\r\n                <li>Personalmente: Gasc\u00f3n 3145 \u2013 Planta Baja<\/li>\r\n                <li>Tel\u00e9fono: (0223) 499-5200<\/li>\r\n                <li>Correo electr\u00f3nico: <a class=\"link\" href=\"mailto:biblioteca@ufasta.edu.ar\" target=\"_blank\"  rel=\"nofollow\" >biblioteca@ufasta.edu.ar<\/a><\/li>\r\n                <li>WhatsApp: <a class=\"link\" href=\"https:\/\/wa.me\/5492236799909\" target=\"_blank\"  rel=\"nofollow\" >+5492236799909<\/a><\/li>\r\n            <\/ul>\r\n        <\/div>\r\n    <\/section>\r\n\r\n<\/body>\r\n\r\n<\/html>\r\n        \r\n    <style>\r\n\r\n\r\n.body-circulacion {\r\n    font-family: 'Sarala';\r\n    line-height: 1.6;\r\n    color: #2b3061;\r\n    margin: 0;\r\n    padding: 0;\r\n}\r\n\r\n.library-services {\r\n    max-width: 800px;\r\n    margin: 0 auto;\r\n    padding: 0px;\r\n}\r\n\r\n.h1-section {\r\n    text-align: center;\r\n    color: #2b3061;\r\n    margin-bottom: 20px;\r\n}\r\n\r\n.h2-section {\r\n    color: #2b3061;\r\n    margin-top: 20px;\r\n    border-bottom: 2px solid #2b3061;\r\n    padding-bottom: 5px;\r\n    margin-bottom: 20px;\r\n}\r\n\r\n.h3-material {\r\n    color: #2b3061;\r\n}\r\n\r\n.intro {\r\n    text-align: center;\r\n    margin-bottom: 20px;\r\n}\r\n\r\n.section {\r\n    margin-bottom: 30px;\r\n}\r\n\r\n.lista-material {\r\n    list-style-type: none;\r\n    padding: 0;\r\n}\r\n\r\n.lista-material li {\r\n    margin: 10px 0;\r\n    padding-left: 20px;\r\n    position: relative;\r\n}\r\n\r\n.lista-material li::before {\r\n    content: \"\u2714\";\r\n    color: #2b3061;\r\n    position: absolute;\r\n    left: 0;\r\n}\r\n\r\n.material {\r\n    background: #f5f5f5;\r\n    border-left: 4px solid #2b3061;\r\n    padding: 10px 15px;\r\n    margin-bottom: 10px;\r\n}\r\n\r\n.contact-options a {\r\n    color: #034c94;\r\n    text-decoration: none;\r\n}\r\n\r\n.contact-options a:hover {\r\n    text-decoration: underline;\r\n}\r\n\r\n.link {\r\n    color: #034c94;\r\n    text-decoration: none;\r\n}\r\n\r\n.link:hover {\r\n    text-decoration: underline;\r\n}\r\n\r\n.user {\r\n    display: flex;\r\n    align-items: center;\r\n    margin-bottom: 15px;\r\n}\r\n\r\n.user img {\r\n    width: 50px;\r\n    height: 50px;\r\n    border-radius: 50%;\r\n    margin-right: 15px;\r\n    object-fit: cover;\r\n}\r\n    <\/style>\t\t<\/div>\n\t\t\t\t<\/div>\n\t\t\t\t\t\t<\/div>\n\t\t\t\t\t<\/div>\n\t\t<\/div>\n\t\t\t\t\t\t\t\t<\/div>\n\t\t\t\t\t<\/div>\n\t\t<\/section>\n\t\t\t\t\t\t<\/div>\n\t\t\t\t\t\t<\/div>\n\t\t\t\t\t<\/div>\n\t\t","protected":false},"excerpt":{"rendered":"<p>    Document<\/p>\n<p>Pr\u00e9stamo y Devoluci\u00f3n<br \/>\nLa Biblioteca ofrece servicio de pr\u00e9stamo con diferente modalidad de acuerdo <\/p>\n","protected":false},"author":114,"featured_media":0,"parent":0,"menu_order":0,"comment_status":"closed","ping_status":"closed","template":"","meta":[],"rttpg_featured_image_url":null,"rttpg_author":{"display_name":"","author_link":"https:\/\/www.ufasta.edu.ar\/biblioteca\/author\/"},"rttpg_comment":0,"rttpg_category":null,"rttpg_excerpt":"Document Pr\u00e9stamo y Devoluci\u00f3n La Biblioteca ofrece servicio de pr\u00e9stamo con diferente modalidad de acuerdo","_links":{"self":[{"href":"https:\/\/www.ufasta.edu.ar\/biblioteca\/wp-json\/wp\/v2\/pages\/1520"}],"collection":[{"href":"https:\/\/www.ufasta.edu.ar\/biblioteca\/wp-json\/wp\/v2\/pages"}],"about":[{"href":"https:\/\/www.ufasta.edu.ar\/biblioteca\/wp-json\/wp\/v2\/types\/page"}],"author":[{"embeddable":true,"href":"https:\/\/www.ufasta.edu.ar\/biblioteca\/wp-json\/wp\/v2\/users\/114"}],"replies":[{"embeddable":true,"href":"https:\/\/www.ufasta.edu.ar\/biblioteca\/wp-json\/wp\/v2\/comments?post=1520"}],"version-history":[{"count":51,"href":"https:\/\/www.ufasta.edu.ar\/biblioteca\/wp-json\/wp\/v2\/pages\/1520\/revisions"}],"predecessor-version":[{"id":4062,"href":"https:\/\/www.ufasta.edu.ar\/biblioteca\/wp-json\/wp\/v2\/pages\/1520\/revisions\/4062"}],"wp:attachment":[{"href":"https:\/\/www.ufasta.edu.ar\/biblioteca\/wp-json\/wp\/v2\/media?parent=1520"}],"curies":[{"name":"wp","href":"https:\/\/api.w.org\/{rel}","templated":true}]}}