{"id":1518,"date":"2019-02-19T16:39:40","date_gmt":"2019-02-19T16:39:40","guid":{"rendered":"https:\/\/www.ufasta.edu.ar\/biblioteca32\/?page_id=1518"},"modified":"2024-11-13T14:17:41","modified_gmt":"2024-11-13T14:17:41","slug":"catalago-ufasta","status":"publish","type":"page","link":"https:\/\/www.ufasta.edu.ar\/biblioteca\/catalago-ufasta\/","title":{"rendered":"Catalogo UFASTA"},"content":{"rendered":"\t\t<div data-elementor-type=\"wp-page\" data-elementor-id=\"1518\" class=\"elementor elementor-1518\" data-elementor-settings=\"[]\">\n\t\t\t\t\t\t<div class=\"elementor-inner\">\n\t\t\t\t\t\t\t<div class=\"elementor-section-wrap\">\n\t\t\t\t\t\t\t<section class=\"has_ma_el_bg_slider elementor-section elementor-top-section elementor-element elementor-element-fb8eb41 elementor-section-stretched elementor-section-boxed elementor-section-height-default elementor-section-height-default\" data-id=\"fb8eb41\" data-element_type=\"section\" data-settings=\"{&quot;stretch_section&quot;:&quot;section-stretched&quot;}\">\n\t\t\t\t\t\t<div class=\"elementor-container elementor-column-gap-default\">\n\t\t\t\t\t\t\t<div class=\"elementor-row\">\n\t\t\t\t\t<div class=\"has_ma_el_bg_slider elementor-column elementor-col-100 elementor-top-column elementor-element elementor-element-ae2c058\" data-id=\"ae2c058\" data-element_type=\"column\" data-settings=\"{&quot;background_background&quot;:&quot;classic&quot;}\">\n\t\t\t<div class=\"elementor-column-wrap elementor-element-populated\">\n\t\t\t\t\t\t\t<div class=\"elementor-widget-wrap\">\n\t\t\t\t\t\t<div class=\"elementor-element elementor-element-d50adf9 elementor-widget elementor-widget-text-editor\" data-id=\"d50adf9\" data-element_type=\"widget\" data-widget_type=\"text-editor.default\">\n\t\t\t\t<div class=\"elementor-widget-container\">\n\t\t\t\t\t\t\t\t<div class=\"elementor-text-editor elementor-clearfix\">\n\t\t\t\t<p>La Biblioteca de la Universidad cuenta con un cat\u00e1logo online Koha donde se puede consultar todos los libros f\u00edsicos disponibles. El sistema permite realizar b\u00fasquedas por autor, t\u00edtulo o tem\u00e1tica. Adem\u00e1s, la Biblioteca difunde diferentes listas p\u00fablicas que agrupan colecciones para que todos los usuarios puedan consultarlas.<\/p>\n\n<p>Siendo usuario de la Biblioteca, pod\u00e9s reservar desde la p\u00e1gina el libro que necesites o crear tus propias listas.\u00a0<\/p>\n\n<p>Para acceder al cat\u00e1logo, pod\u00e9s hacer click en el siguiente: <a href=\"https:\/\/catalogo2.ufasta.edu.ar\/\" target=\"_blank\"  rel=\"nofollow\" > enlace.<\/a><\/p>\t\t\t\t\t<\/div>\n\t\t\t\t\t\t<\/div>\n\t\t\t\t<\/div>\n\t\t\t\t\t\t<\/div>\n\t\t\t\t\t<\/div>\n\t\t<\/div>\n\t\t\t\t\t\t\t\t<\/div>\n\t\t\t\t\t<\/div>\n\t\t<\/section>\n\t\t\t\t\t\t<\/div>\n\t\t\t\t\t\t<\/div>\n\t\t\t\t\t<\/div>\n\t\t","protected":false},"excerpt":{"rendered":"<p>La Biblioteca de la Universidad cuenta con un cat\u00e1logo online Koha donde se puede consultar todos los libros f\u00edsicos disponibles. El sistema permite realizar b\u00fasquedas por autor, t\u00edtulo o tem\u00e1tica. Adem\u00e1s, la Biblioteca difunde diferentes listas p\u00fablicas que agrupan colecciones <\/p>\n","protected":false},"author":114,"featured_media":0,"parent":0,"menu_order":0,"comment_status":"closed","ping_status":"closed","template":"","meta":[],"rttpg_featured_image_url":null,"rttpg_author":{"display_name":"","author_link":"https:\/\/www.ufasta.edu.ar\/biblioteca\/author\/"},"rttpg_comment":0,"rttpg_category":null,"rttpg_excerpt":"La Biblioteca de la Universidad cuenta con un cat\u00e1logo online Koha donde se puede consultar todos los libros f\u00edsicos disponibles. El sistema permite realizar b\u00fasquedas por autor, t\u00edtulo o tem\u00e1tica. Adem\u00e1s, la Biblioteca difunde diferentes listas p\u00fablicas que agrupan colecciones","_links":{"self":[{"href":"https:\/\/www.ufasta.edu.ar\/biblioteca\/wp-json\/wp\/v2\/pages\/1518"}],"collection":[{"href":"https:\/\/www.ufasta.edu.ar\/biblioteca\/wp-json\/wp\/v2\/pages"}],"about":[{"href":"https:\/\/www.ufasta.edu.ar\/biblioteca\/wp-json\/wp\/v2\/types\/page"}],"author":[{"embeddable":true,"href":"https:\/\/www.ufasta.edu.ar\/biblioteca\/wp-json\/wp\/v2\/users\/114"}],"replies":[{"embeddable":true,"href":"https:\/\/www.ufasta.edu.ar\/biblioteca\/wp-json\/wp\/v2\/comments?post=1518"}],"version-history":[{"count":46,"href":"https:\/\/www.ufasta.edu.ar\/biblioteca\/wp-json\/wp\/v2\/pages\/1518\/revisions"}],"predecessor-version":[{"id":3554,"href":"https:\/\/www.ufasta.edu.ar\/biblioteca\/wp-json\/wp\/v2\/pages\/1518\/revisions\/3554"}],"wp:attachment":[{"href":"https:\/\/www.ufasta.edu.ar\/biblioteca\/wp-json\/wp\/v2\/media?parent=1518"}],"curies":[{"name":"wp","href":"https:\/\/api.w.org\/{rel}","templated":true}]}}