{"id":1499,"date":"2019-02-19T16:31:53","date_gmt":"2019-02-19T16:31:53","guid":{"rendered":"https:\/\/www.ufasta.edu.ar\/biblioteca32\/?page_id=1499"},"modified":"2024-12-19T13:23:48","modified_gmt":"2024-12-19T13:23:48","slug":"staff","status":"publish","type":"page","link":"https:\/\/www.ufasta.edu.ar\/biblioteca\/staff\/","title":{"rendered":"Staff"},"content":{"rendered":"\t\t<div data-elementor-type=\"wp-page\" data-elementor-id=\"1499\" class=\"elementor elementor-1499\" data-elementor-settings=\"[]\">\n\t\t\t\t\t\t<div class=\"elementor-inner\">\n\t\t\t\t\t\t\t<div class=\"elementor-section-wrap\">\n\t\t\t\t\t\t\t<section class=\"has_ma_el_bg_slider elementor-section elementor-top-section elementor-element elementor-element-ba2de26 elementor-section-stretched elementor-section-boxed elementor-section-height-default elementor-section-height-default\" data-id=\"ba2de26\" data-element_type=\"section\" data-settings=\"{&quot;stretch_section&quot;:&quot;section-stretched&quot;}\">\n\t\t\t\t\t\t<div class=\"elementor-container elementor-column-gap-default\">\n\t\t\t\t\t\t\t<div class=\"elementor-row\">\n\t\t\t\t\t<div class=\"has_ma_el_bg_slider elementor-column elementor-col-50 elementor-top-column elementor-element elementor-element-e232d4f bdt-backdrop-filter-yes\" data-id=\"e232d4f\" data-element_type=\"column\" data-settings=\"{&quot;background_background&quot;:&quot;classic&quot;}\">\n\t\t\t<div class=\"elementor-column-wrap elementor-element-populated\">\n\t\t\t\t\t\t\t<div class=\"elementor-widget-wrap\">\n\t\t\t\t\t\t<div class=\"elementor-element elementor-element-87de788 elementor-invisible elementor-widget elementor-widget-image\" data-id=\"87de788\" data-element_type=\"widget\" data-settings=\"{&quot;_animation&quot;:&quot;zoomIn&quot;}\" data-widget_type=\"image.default\">\n\t\t\t\t<div class=\"elementor-widget-container\">\n\t\t\t\t\t\t\t\t<div class=\"elementor-image\">\n\t\t\t\t\t\t\t\t\t\t\t\t<img width=\"640\" height=\"428\" src=\"https:\/\/www.ufasta.edu.ar\/biblioteca\/files\/2024\/11\/DSC_9080.jpg\" class=\"attachment-large size-large\" alt=\"\" loading=\"lazy\" \/>\t\t\t\t\t\t\t\t\t\t\t\t\t\t<\/div>\n\t\t\t\t\t\t<\/div>\n\t\t\t\t<\/div>\n\t\t\t\t\t\t<\/div>\n\t\t\t\t\t<\/div>\n\t\t<\/div>\n\t\t\t\t<div class=\"has_ma_el_bg_slider elementor-column elementor-col-50 elementor-top-column elementor-element elementor-element-1756eae bdt-backdrop-filter-yes\" data-id=\"1756eae\" data-element_type=\"column\" data-settings=\"{&quot;background_background&quot;:&quot;classic&quot;}\">\n\t\t\t<div class=\"elementor-column-wrap elementor-element-populated\">\n\t\t\t\t\t\t\t<div class=\"elementor-widget-wrap\">\n\t\t\t\t\t\t<div class=\"elementor-element elementor-element-5367745 elementor-invisible elementor-widget elementor-widget-heading\" data-id=\"5367745\" data-element_type=\"widget\" data-settings=\"{&quot;_animation&quot;:&quot;fadeInDown&quot;}\" data-widget_type=\"heading.default\">\n\t\t\t\t<div class=\"elementor-widget-container\">\n\t\t\t<h2 class=\"elementor-heading-title elementor-size-default\">Biblioteca de la Universidad<\/h2>\t\t<\/div>\n\t\t\t\t<\/div>\n\t\t\t\t<div class=\"elementor-element elementor-element-2bace01 elementor-widget elementor-widget-text-editor\" data-id=\"2bace01\" data-element_type=\"widget\" data-widget_type=\"text-editor.default\">\n\t\t\t\t<div class=\"elementor-widget-container\">\n\t\t\t\t\t\t\t\t<div class=\"elementor-text-editor elementor-clearfix\">\n\t\t\t\t<ul><li style=\"font-weight: 400;\" aria-level=\"1\"><span style=\"font-weight: 400;\">Coordinadora de Biblioteca: Bib. Doc. Yanina Maldonado &#8211; <\/span><a href=\"mailto:yaninamaldonado@ufasta.edu.ar\" target=\"_blank\"  rel=\"nofollow\" ><span style=\"font-weight: 400;\">yaninamaldonado@ufasta.edu.ar<\/span><\/a><span style=\"font-weight: 400;\">\u00a0<\/span><\/li><li style=\"font-weight: 400;\" aria-level=\"1\"><span style=\"font-weight: 400;\">Auxiliar de Biblioteca: Bib. Esc. Mar\u00eda Emilia Reynaldo &#8211; <\/span><a href=\"mailto:emiliareynaldo@ufasta.edu.ar\" target=\"_blank\"  rel=\"nofollow\" ><span style=\"font-weight: 400;\">emiliareynaldo@ufasta.edu.ar<\/span><\/a><span style=\"font-weight: 400;\">\u00a0<\/span><\/li><li style=\"font-weight: 400;\" aria-level=\"1\"><span style=\"font-weight: 400;\">Estudiantes becarios: Giuliana Luc\u00eda M\u00e1xima Monachesi, Sebasti\u00e1n Oriental, Roc\u00edo Candelaria Cicciotti y Milagros Yael Berlato<\/span><\/li><\/ul>\t\t\t\t\t<\/div>\n\t\t\t\t\t\t<\/div>\n\t\t\t\t<\/div>\n\t\t\t\t<div class=\"elementor-element elementor-element-c243fa7 elementor-invisible elementor-widget elementor-widget-heading\" data-id=\"c243fa7\" data-element_type=\"widget\" data-settings=\"{&quot;_animation&quot;:&quot;fadeInDown&quot;}\" data-widget_type=\"heading.default\">\n\t\t\t\t<div class=\"elementor-widget-container\">\n\t\t\t<h2 class=\"elementor-heading-title elementor-size-default\">Biblioteca del Colegio<\/h2>\t\t<\/div>\n\t\t\t\t<\/div>\n\t\t\t\t<div class=\"elementor-element elementor-element-34e5d44 elementor-widget elementor-widget-text-editor\" data-id=\"34e5d44\" data-element_type=\"widget\" data-widget_type=\"text-editor.default\">\n\t\t\t\t<div class=\"elementor-widget-container\">\n\t\t\t\t\t\t\t\t<div class=\"elementor-text-editor elementor-clearfix\">\n\t\t\t\t<ul><li style=\"font-weight: 400;\" aria-level=\"1\"><span style=\"font-weight: 400;\">Bib. Doc. Florencia Italiano &#8211; <\/span><a href=\"mailto:f.italiano@svpmdp.redfasta.edu.ar\" target=\"_blank\"  rel=\"nofollow\" ><span style=\"font-weight: 400;\">f.italiano@svpmdp.redfasta.edu.ar<\/span><\/a><\/li><li style=\"font-weight: 400;\" aria-level=\"1\"><span style=\"font-weight: 400;\">Prof. y Bib. Patricia Machado &#8211; <\/span><a href=\"mailto:p.machado@svpmdp.redfasta.edu.ar\" target=\"_blank\"  rel=\"nofollow\" ><span style=\"font-weight: 400;\">p.machado@svpmdp.redfasta.edu.ar<\/span><\/a><\/li><\/ul>\t\t\t\t\t<\/div>\n\t\t\t\t\t\t<\/div>\n\t\t\t\t<\/div>\n\t\t\t\t\t\t<\/div>\n\t\t\t\t\t<\/div>\n\t\t<\/div>\n\t\t\t\t\t\t\t\t<\/div>\n\t\t\t\t\t<\/div>\n\t\t<\/section>\n\t\t\t\t\t\t<\/div>\n\t\t\t\t\t\t<\/div>\n\t\t\t\t\t<\/div>\n\t\t","protected":false},"excerpt":{"rendered":"<p>\nBiblioteca de la Universidad<\/p>\n<p>Coordinadora de Biblioteca: Bib. Doc. Yanina Maldonado &#8211; yaninamaldonado@ufasta.edu.ar\u00a0<br \/>\nAuxiliar de Biblioteca: Bib. Esc. Mar\u00eda Emilia Reynaldo &#8211; emiliareynaldo@ufasta.edu.ar\u00a0<br \/>\nEstudiantes becarios: Giuliana Luc\u00eda M\u00e1xima Monachesi, Sebasti\u00e1n Oriental, Roc\u00edo Candelaria Cicciotti y Milagros Yael Berlato<br \n<\/p>\n","protected":false},"author":114,"featured_media":0,"parent":0,"menu_order":0,"comment_status":"closed","ping_status":"closed","template":"","meta":[],"rttpg_featured_image_url":null,"rttpg_author":{"display_name":"","author_link":"https:\/\/www.ufasta.edu.ar\/biblioteca\/author\/"},"rttpg_comment":0,"rttpg_category":null,"rttpg_excerpt":"Biblioteca de la Universidad Coordinadora de Biblioteca: Bib. Doc. Yanina Maldonado &#8211; yaninamaldonado@ufasta.edu.ar\u00a0 Auxiliar de Biblioteca: Bib. Esc. Mar\u00eda Emilia Reynaldo &#8211; emiliareynaldo@ufasta.edu.ar\u00a0 Estudiantes becarios: Giuliana Luc\u00eda M\u00e1xima Monachesi, Sebasti\u00e1n Oriental, Roc\u00edo Candelaria Cicciotti y Milagros Yael Berlato","_links":{"self":[{"href":"https:\/\/www.ufasta.edu.ar\/biblioteca\/wp-json\/wp\/v2\/pages\/1499"}],"collection":[{"href":"https:\/\/www.ufasta.edu.ar\/biblioteca\/wp-json\/wp\/v2\/pages"}],"about":[{"href":"https:\/\/www.ufasta.edu.ar\/biblioteca\/wp-json\/wp\/v2\/types\/page"}],"author":[{"embeddable":true,"href":"https:\/\/www.ufasta.edu.ar\/biblioteca\/wp-json\/wp\/v2\/users\/114"}],"replies":[{"embeddable":true,"href":"https:\/\/www.ufasta.edu.ar\/biblioteca\/wp-json\/wp\/v2\/comments?post=1499"}],"version-history":[{"count":79,"href":"https:\/\/www.ufasta.edu.ar\/biblioteca\/wp-json\/wp\/v2\/pages\/1499\/revisions"}],"predecessor-version":[{"id":4024,"href":"https:\/\/www.ufasta.edu.ar\/biblioteca\/wp-json\/wp\/v2\/pages\/1499\/revisions\/4024"}],"wp:attachment":[{"href":"https:\/\/www.ufasta.edu.ar\/biblioteca\/wp-json\/wp\/v2\/media?parent=1499"}],"curies":[{"name":"wp","href":"https:\/\/api.w.org\/{rel}","templated":true}]}}