{"id":1496,"date":"2019-02-19T16:30:57","date_gmt":"2019-02-19T16:30:57","guid":{"rendered":"https:\/\/www.ufasta.edu.ar\/biblioteca32\/?page_id=1496"},"modified":"2024-12-09T12:52:29","modified_gmt":"2024-12-09T12:52:29","slug":"redes-participativas","status":"publish","type":"page","link":"https:\/\/www.ufasta.edu.ar\/biblioteca\/redes-participativas\/","title":{"rendered":"Redes participativas"},"content":{"rendered":"\t\t<div data-elementor-type=\"wp-page\" data-elementor-id=\"1496\" class=\"elementor elementor-1496\" data-elementor-settings=\"[]\">\n\t\t\t\t\t\t<div class=\"elementor-inner\">\n\t\t\t\t\t\t\t<div class=\"elementor-section-wrap\">\n\t\t\t\t\t\t\t<section class=\"has_ma_el_bg_slider elementor-section elementor-top-section elementor-element elementor-element-55677ac6 elementor-section-stretched elementor-section-boxed elementor-section-height-default elementor-section-height-default\" data-id=\"55677ac6\" data-element_type=\"section\" data-settings=\"{&quot;stretch_section&quot;:&quot;section-stretched&quot;}\">\n\t\t\t\t\t\t<div class=\"elementor-container elementor-column-gap-default\">\n\t\t\t\t\t\t\t<div class=\"elementor-row\">\n\t\t\t\t\t<div class=\"has_ma_el_bg_slider elementor-column elementor-col-100 elementor-top-column elementor-element elementor-element-5e6ba252\" data-id=\"5e6ba252\" data-element_type=\"column\">\n\t\t\t<div class=\"elementor-column-wrap elementor-element-populated\">\n\t\t\t\t\t\t\t<div class=\"elementor-widget-wrap\">\n\t\t\t\t\t\t<div class=\"elementor-element elementor-element-0e35e18 elementor-invisible elementor-widget elementor-widget-text-editor\" data-id=\"0e35e18\" data-element_type=\"widget\" data-settings=\"{&quot;_animation&quot;:&quot;fadeInDown&quot;}\" data-widget_type=\"text-editor.default\">\n\t\t\t\t<div class=\"elementor-widget-container\">\n\t\t\t\t\t\t\t\t<div class=\"elementor-text-editor elementor-clearfix\">\n\t\t\t\t<p>\u00a0 La <strong>Biblioteca \u201cHugo Wast\u201d<\/strong> participa, como centro cooperante, de las siguientes redes:<\/p>\t\t\t\t\t<\/div>\n\t\t\t\t\t\t<\/div>\n\t\t\t\t<\/div>\n\t\t\t\t<div class=\"elementor-element elementor-element-b793c51 elementor-invisible elementor-widget elementor-widget-text-editor\" data-id=\"b793c51\" data-element_type=\"widget\" data-settings=\"{&quot;_animation&quot;:&quot;fadeInDown&quot;}\" data-widget_type=\"text-editor.default\">\n\t\t\t\t<div class=\"elementor-widget-container\">\n\t\t\t\t\t\t\t\t<div class=\"elementor-text-editor elementor-clearfix\">\n\t\t\t\t<b>Amicus &#8211; Red de Bibliotecas de Universidades Privadas\u00a0<\/b>\t\t\t\t\t<\/div>\n\t\t\t\t\t\t<\/div>\n\t\t\t\t<\/div>\n\t\t\t\t<div class=\"elementor-element elementor-element-2b8f74a elementor-widget elementor-widget-text-editor\" data-id=\"2b8f74a\" data-element_type=\"widget\" data-widget_type=\"text-editor.default\">\n\t\t\t\t<div class=\"elementor-widget-container\">\n\t\t\t\t\t\t\t\t<div class=\"elementor-text-editor elementor-clearfix\">\n\t\t\t\t<p><span style=\"font-weight: 400;\">Amicus re\u00fane a las bibliotecas de las universidades privadas argentinas y es coordinada por la Subcomisi\u00f3n de Bibliotecas del CRUP (<\/span><a href=\"http:\/\/www.crup.org.ar\/\" target=\"_blank\"  rel=\"nofollow\" ><span style=\"font-weight: 400;\">Consejo de Rectores de las Universidades Privadas<\/span><\/a><span style=\"font-weight: 400;\">) .<\/span><\/p><p><span style=\"font-weight: 400;\">La Red de Bibliotecas de Universidades Privadas fue creada en 1997 con la misi\u00f3n de establecer y mantener relaciones cooperativas entre las bibliotecas participantes para incrementar y optimizar el acceso f\u00edsico y bibliogr\u00e1fico a sus colecciones, as\u00ed como tambi\u00e9n contribuir en la eficacia y eficiencia de las bibliotecas integrantes. Gracias a ella, los usuarios de la Biblioteca acceden a la colecci\u00f3n electr\u00f3nica de la Biblioteca del MINCYT.\u00a0<\/span><\/p>\t\t\t\t\t<\/div>\n\t\t\t\t\t\t<\/div>\n\t\t\t\t<\/div>\n\t\t\t\t<div class=\"elementor-element elementor-element-cf3a303 elementor-invisible elementor-widget elementor-widget-text-editor\" data-id=\"cf3a303\" data-element_type=\"widget\" data-settings=\"{&quot;_animation&quot;:&quot;fadeInDown&quot;}\" data-widget_type=\"text-editor.default\">\n\t\t\t\t<div class=\"elementor-widget-container\">\n\t\t\t\t\t\t\t\t<div class=\"elementor-text-editor elementor-clearfix\">\n\t\t\t\t<p><b>Red BUCOC &#8211; Red de Bibliotecas de Universidades Cat\u00f3licas y de Orientaci\u00f3n Cat\u00f3lica de Argentina<\/b><\/p>\t\t\t\t\t<\/div>\n\t\t\t\t\t\t<\/div>\n\t\t\t\t<\/div>\n\t\t\t\t<div class=\"elementor-element elementor-element-39c8446 elementor-widget elementor-widget-text-editor\" data-id=\"39c8446\" data-element_type=\"widget\" data-widget_type=\"text-editor.default\">\n\t\t\t\t<div class=\"elementor-widget-container\">\n\t\t\t\t\t\t\t\t<div class=\"elementor-text-editor elementor-clearfix\">\n\t\t\t\t<p><span style=\"font-weight: 400;\">La Red de BUCOC se cre\u00f3 en respuesta al mandato de los rectores que conforman la Red UC\/OC y busca responder principalmente a los objetivos de fomentar el intercambio de informaci\u00f3n cient\u00edfica y acad\u00e9mica, favoreciendo el acceso a la informaci\u00f3n mediante el dise\u00f1o de proyectos conjuntos y la elaboraci\u00f3n de planes de trabajo que favorezcan el trabajo en red. A trav\u00e9s de esta red, nuestra Biblioteca suscribe a m\u00faltiples plataformas de material bibliogr\u00e1fico electr\u00f3nico. <a href=\"https:\/\/reducoc.org\/index.php\/red-de-bibliotecas\/\" target=\"_blank\"  rel=\"nofollow\" >Pod\u00e9s ingresar haciendo click aca.<\/a><\/span><\/p>\t\t\t\t\t<\/div>\n\t\t\t\t\t\t<\/div>\n\t\t\t\t<\/div>\n\t\t\t\t\t\t<\/div>\n\t\t\t\t\t<\/div>\n\t\t<\/div>\n\t\t\t\t\t\t\t\t<\/div>\n\t\t\t\t\t<\/div>\n\t\t<\/section>\n\t\t\t\t\t\t<\/div>\n\t\t\t\t\t\t<\/div>\n\t\t\t\t\t<\/div>\n\t\t","protected":false},"excerpt":{"rendered":"<p>\u00a0 La Biblioteca \u201cHugo Wast\u201d participa, como centro cooperante, de las siguientes redes:<br \/>\nAmicus &#8211; Red de Bibliotecas de Universidades Privadas\u00a0<br \/>\nAmicus re\u00fane a las bibliotecas de las universidades privadas argentinas y es coordinada por la Subcomisi\u00f3n de Bibliotecas del <\/p>\n","protected":false},"author":114,"featured_media":0,"parent":0,"menu_order":0,"comment_status":"closed","ping_status":"closed","template":"","meta":[],"rttpg_featured_image_url":null,"rttpg_author":{"display_name":"","author_link":"https:\/\/www.ufasta.edu.ar\/biblioteca\/author\/"},"rttpg_comment":0,"rttpg_category":null,"rttpg_excerpt":"\u00a0 La Biblioteca \u201cHugo Wast\u201d participa, como centro cooperante, de las siguientes redes: Amicus &#8211; Red de Bibliotecas de Universidades Privadas\u00a0 Amicus re\u00fane a las bibliotecas de las universidades privadas argentinas y es coordinada por la Subcomisi\u00f3n de Bibliotecas del","_links":{"self":[{"href":"https:\/\/www.ufasta.edu.ar\/biblioteca\/wp-json\/wp\/v2\/pages\/1496"}],"collection":[{"href":"https:\/\/www.ufasta.edu.ar\/biblioteca\/wp-json\/wp\/v2\/pages"}],"about":[{"href":"https:\/\/www.ufasta.edu.ar\/biblioteca\/wp-json\/wp\/v2\/types\/page"}],"author":[{"embeddable":true,"href":"https:\/\/www.ufasta.edu.ar\/biblioteca\/wp-json\/wp\/v2\/users\/114"}],"replies":[{"embeddable":true,"href":"https:\/\/www.ufasta.edu.ar\/biblioteca\/wp-json\/wp\/v2\/comments?post=1496"}],"version-history":[{"count":84,"href":"https:\/\/www.ufasta.edu.ar\/biblioteca\/wp-json\/wp\/v2\/pages\/1496\/revisions"}],"predecessor-version":[{"id":3778,"href":"https:\/\/www.ufasta.edu.ar\/biblioteca\/wp-json\/wp\/v2\/pages\/1496\/revisions\/3778"}],"wp:attachment":[{"href":"https:\/\/www.ufasta.edu.ar\/biblioteca\/wp-json\/wp\/v2\/media?parent=1496"}],"curies":[{"name":"wp","href":"https:\/\/api.w.org\/{rel}","templated":true}]}}